{"id":10867,"date":"2023-10-24T06:19:20","date_gmt":"2023-10-24T06:19:20","guid":{"rendered":"https:\/\/madigroup.com\/professionista-del-salone\/"},"modified":"2024-09-13T03:23:40","modified_gmt":"2024-09-13T03:23:40","slug":"professionista-del-salone","status":"publish","type":"page","link":"https:\/\/madigroup.com\/it\/distribuzione\/madi-internazionale\/professionista-del-salone\/","title":{"rendered":"Professionista del salone"},"content":{"rendered":"\t\t<div data-elementor-type=\"wp-page\" data-elementor-id=\"10867\" class=\"elementor elementor-10867 elementor-3864\">\n\t\t\t\t<div class=\"elementor-element elementor-element-79fbc20 e-con-full e-flex e-con e-parent\" data-id=\"79fbc20\" data-element_type=\"container\" data-e-type=\"container\" data-settings=\"{&quot;background_background&quot;:&quot;classic&quot;}\">\n\t\t<div class=\"elementor-element elementor-element-a7131a5 e-con-full e-flex e-con e-child\" data-id=\"a7131a5\" data-element_type=\"container\" data-e-type=\"container\">\n\t\t\t\t<\/div>\n\t\t\t\t<\/div>\n\t\t<div class=\"elementor-element elementor-element-2524400 e-flex e-con-boxed e-con e-parent\" data-id=\"2524400\" data-element_type=\"container\" data-e-type=\"container\" data-settings=\"{&quot;background_background&quot;:&quot;classic&quot;}\">\n\t\t\t\t\t<div class=\"e-con-inner\">\n\t\t\t\t<div class=\"elementor-element elementor-element-b1afd34 elementor-widget elementor-widget-heading\" data-id=\"b1afd34\" data-element_type=\"widget\" data-e-type=\"widget\" data-widget_type=\"heading.default\">\n\t\t\t\t<div class=\"elementor-widget-container\">\n\t\t\t\t\t<h2 class=\"elementor-heading-title elementor-size-default\">Divisione professionale del salone<\/h2>\t\t\t\t<\/div>\n\t\t\t\t<\/div>\n\t\t\t\t<div class=\"elementor-element elementor-element-da221e4 elementor-widget elementor-widget-text-editor\" data-id=\"da221e4\" data-element_type=\"widget\" data-e-type=\"widget\" data-widget_type=\"text-editor.default\">\n\t\t\t\t<div class=\"elementor-widget-container\">\n\t\t\t\t\t\t\t\t\t<p><span style=\"font-family: var(--text-font); font-size: unset; font-weight: unset; letter-spacing: unset; color: var(--dark-color);\">La divisione Salon Professional di Madi International \u00e8 una risorsa completa sia per gli imprenditori in erba che per le aziende affermate che mirano a lanciare o migliorare un salone. Siamo orgogliosi di essere un punto di riferimento unico, che fornisce tutto dalla A alla Z necessario per aprire e gestire un salone di successo sotto lo stesso tetto.<\/span><\/p><p>\u00a0<\/p><p><b>Segmento Beauty Space:<\/b> il viaggio inizia con il nostro segmento Beauty Space, dove i clienti possono allestire l&#8217;intero salone. Ci\u00f2 include un&#8217;ampia gamma di mobili e attrezzature eleganti e funzionali, studiati su misura per creare un&#8217;atmosfera invitante e professionale. Dalle eleganti poltrone da parrucchiere alle postazioni di lavoro resistenti, ogni pezzo \u00e8 selezionato per la sua qualit\u00e0 e il suo fascino estetico, assicurando che ogni salone rifletta la raffinatezza e la professionalit\u00e0 dei marchi che rappresentiamo.<\/p><p>\u00a0<\/p><p><b>Offerte di prodotti:<\/b> oltre all&#8217;arredamento, Madi International offre una vasta gamma di prodotti che soddisfano tutte le esigenze dei saloni. Ci\u00f2 include linee professionali e al dettaglio di prodotti per la cura dei capelli, della pelle, delle unghie e degli occhi, tra gli altri. Siamo il distributore regionale esclusivo di diversi marchi globali, il che ci consente di fornire prodotti unici che non sono disponibili tramite altri canali. Questa esclusivit\u00e0 non solo aumenta l&#8217;attrattiva del mercato del salone, ma garantisce anche che possano offrire servizi e trattamenti distintivi che li distinguono dalla concorrenza.<\/p><p>\u00a0<\/p><p><b>Approccio PMI: vendite, marketing e formazione:<\/b> il nostro impegno si estende oltre la fornitura di prodotti e attrezzature. La pietra angolare della nostra attivit\u00e0 \u00e8 l&#8217;approccio PMI, che comprende vendite, marketing e formazione. Questa strategia integrata garantisce che ogni salone con cui collaboriamo riceva un supporto completo che va ben oltre le basi:<\/p><p>\u00a0<\/p><ul style=\"margin-top: 0cm;\" type=\"disc\"><li><b>Vendite:<\/b> forniamo offerte commerciali personalizzate che danno priorit\u00e0 agli interessi del salone, aiutandoli a massimizzare la redditivit\u00e0 mantenendo i pi\u00f9 alti standard di qualit\u00e0 e soddisfazione del cliente.<\/li><li><b>Marketing:<\/b> il nostro supporto di marketing \u00e8 progettato per amplificare la presenza del salone sul mercato, attraendo una base di clienti pi\u00f9 ampia e migliorando la reputazione del salone. Ci\u00f2 include materiali promozionali, campagne di marketing digitale ed eventi che evidenziano l&#8217;esperienza e le offerte del salone.<\/li><li><b>Istruzione:<\/b> al centro della nostra divisione c&#8217;\u00e8 un profondo impegno per l&#8217;istruzione. Crediamo che uno staff di salone ben preparato sia fondamentale per il successo di qualsiasi attivit\u00e0 di bellezza. A tal fine, forniamo formazione continua e certificazione nell&#8217;uso dei nostri prodotti e marchi. I nostri programmi educativi sono progettati per garantire che i professionisti dei saloni non siano solo competenti nelle ultime tecniche di bellezza, ma anche esperti nel servizio clienti e nella conoscenza dei prodotti. Ci\u00f2 consente loro di offrire servizi eccezionali che superano le aspettative dei clienti.<\/li><\/ul><p>\u00a0<\/p><p>Attraverso questi servizi completi, la divisione Salon Professional di Madi International aiuta i saloni a crescere e prosperare in un mercato competitivo, assicurando che siano ben attrezzati per soddisfare le esigenze dei loro clienti e distinguersi come leader nel settore della bellezza.<\/p>\t\t\t\t\t\t\t\t<\/div>\n\t\t\t\t<\/div>\n\t\t\t\t\t<\/div>\n\t\t\t\t<\/div>\n\t\t\t\t<\/div>\n\t\t","protected":false},"excerpt":{"rendered":"<p>Divisione professionale del salone La divisione Salon Professional di Madi International \u00e8 una risorsa completa sia per gli imprenditori in erba che per le aziende affermate che mirano a lanciare o migliorare un salone. Siamo orgogliosi di essere un punto di riferimento unico, che fornisce tutto dalla A alla Z necessario per aprire e gestire [&hellip;]<\/p>\n","protected":false},"author":1,"featured_media":0,"parent":10915,"menu_order":0,"comment_status":"closed","ping_status":"closed","template":"","meta":{"_acf_changed":false,"footnotes":""},"class_list":["post-10867","page","type-page","status-publish","hentry"],"acf":[],"yoast_head":"<!-- This site is optimized with the Yoast SEO plugin v27.4 - https:\/\/yoast.com\/product\/yoast-seo-wordpress\/ -->\n<title>Madi Group - Empowering Beauty, Innovation and Growth<\/title>\n<meta name=\"description\" content=\"Discover Madi Group\u2019s legacy of innovation in beauty. Explore our dynamic ventures in distribution, retail, education, and manufacturing across the Middle East since 1991.\" \/>\n<meta name=\"robots\" content=\"index, follow, max-snippet:-1, max-image-preview:large, max-video-preview:-1\" \/>\n<link rel=\"canonical\" href=\"https:\/\/madigroup.com\/it\/distribuzione\/madi-internazionale\/professionista-del-salone\/\" \/>\n<meta property=\"og:locale\" content=\"it_IT\" \/>\n<meta property=\"og:type\" content=\"article\" \/>\n<meta property=\"og:title\" content=\"Madi Group - Empowering Beauty, Innovation and Growth\" \/>\n<meta property=\"og:description\" content=\"Discover Madi Group\u2019s legacy of innovation in beauty. Explore our dynamic ventures in distribution, retail, education, and manufacturing across the Middle East since 1991.\" \/>\n<meta property=\"og:url\" content=\"https:\/\/madigroup.com\/it\/distribuzione\/madi-internazionale\/professionista-del-salone\/\" \/>\n<meta property=\"og:site_name\" content=\"Gruppo MADI\" \/>\n<meta property=\"article:publisher\" content=\"https:\/\/www.facebook.com\/Madi.International\/\" \/>\n<meta property=\"article:modified_time\" content=\"2024-09-13T03:23:40+00:00\" \/>\n<meta property=\"og:image\" content=\"https:\/\/madigroup.com\/wp-content\/uploads\/2021\/05\/cropped-favicon-dark.png\" \/>\n\t<meta property=\"og:image:width\" content=\"512\" \/>\n\t<meta property=\"og:image:height\" content=\"512\" \/>\n\t<meta property=\"og:image:type\" content=\"image\/png\" \/>\n<meta name=\"twitter:card\" content=\"summary_large_image\" \/>\n<meta name=\"twitter:label1\" content=\"Tempo di lettura stimato\" \/>\n\t<meta name=\"twitter:data1\" content=\"2 minuti\" \/>\n<script type=\"application\/ld+json\" class=\"yoast-schema-graph\">{\"@context\":\"https:\\\/\\\/schema.org\",\"@graph\":[{\"@type\":\"Article\",\"@id\":\"https:\\\/\\\/madigroup.com\\\/it\\\/distribuzione\\\/madi-internazionale\\\/professionista-del-salone\\\/#article\",\"isPartOf\":{\"@id\":\"https:\\\/\\\/madigroup.com\\\/it\\\/distribuzione\\\/madi-internazionale\\\/professionista-del-salone\\\/\"},\"author\":{\"name\":\"madi_admin\",\"@id\":\"https:\\\/\\\/madigroup.com\\\/#\\\/schema\\\/person\\\/11a3753e1909bdec36482681711ee73f\"},\"headline\":\"Professionista del salone\",\"datePublished\":\"2023-10-24T06:19:20+00:00\",\"dateModified\":\"2024-09-13T03:23:40+00:00\",\"mainEntityOfPage\":{\"@id\":\"https:\\\/\\\/madigroup.com\\\/it\\\/distribuzione\\\/madi-internazionale\\\/professionista-del-salone\\\/\"},\"wordCount\":500,\"publisher\":{\"@id\":\"https:\\\/\\\/madigroup.com\\\/#organization\"},\"inLanguage\":\"it-IT\"},{\"@type\":\"WebPage\",\"@id\":\"https:\\\/\\\/madigroup.com\\\/it\\\/distribuzione\\\/madi-internazionale\\\/professionista-del-salone\\\/\",\"url\":\"https:\\\/\\\/madigroup.com\\\/it\\\/distribuzione\\\/madi-internazionale\\\/professionista-del-salone\\\/\",\"name\":\"Madi Group - Empowering Beauty, Innovation and Growth\",\"isPartOf\":{\"@id\":\"https:\\\/\\\/madigroup.com\\\/#website\"},\"datePublished\":\"2023-10-24T06:19:20+00:00\",\"dateModified\":\"2024-09-13T03:23:40+00:00\",\"description\":\"Discover Madi Group\u2019s legacy of innovation in beauty. Explore our dynamic ventures in distribution, retail, education, and manufacturing across the Middle East since 1991.\",\"breadcrumb\":{\"@id\":\"https:\\\/\\\/madigroup.com\\\/it\\\/distribuzione\\\/madi-internazionale\\\/professionista-del-salone\\\/#breadcrumb\"},\"inLanguage\":\"it-IT\",\"potentialAction\":[{\"@type\":\"ReadAction\",\"target\":[\"https:\\\/\\\/madigroup.com\\\/it\\\/distribuzione\\\/madi-internazionale\\\/professionista-del-salone\\\/\"]}]},{\"@type\":\"BreadcrumbList\",\"@id\":\"https:\\\/\\\/madigroup.com\\\/it\\\/distribuzione\\\/madi-internazionale\\\/professionista-del-salone\\\/#breadcrumb\",\"itemListElement\":[{\"@type\":\"ListItem\",\"position\":1,\"name\":\"Home\",\"item\":\"https:\\\/\\\/madigroup.com\\\/it\\\/casa\\\/\"},{\"@type\":\"ListItem\",\"position\":2,\"name\":\"Distribuzione\",\"item\":\"https:\\\/\\\/madigroup.com\\\/it\\\/distribuzione\\\/\"},{\"@type\":\"ListItem\",\"position\":3,\"name\":\"MADI Internazionale\",\"item\":\"https:\\\/\\\/madigroup.com\\\/it\\\/distribuzione\\\/madi-internazionale\\\/\"},{\"@type\":\"ListItem\",\"position\":4,\"name\":\"Professionista del salone\"}]},{\"@type\":\"WebSite\",\"@id\":\"https:\\\/\\\/madigroup.com\\\/#website\",\"url\":\"https:\\\/\\\/madigroup.com\\\/\",\"name\":\"https:\\\/\\\/madigroup.com\\\/\",\"description\":\"Global Distributor of Professional Salon Products | Hair, Skin, and Nail Care Supplies\",\"publisher\":{\"@id\":\"https:\\\/\\\/madigroup.com\\\/#organization\"},\"alternateName\":\"Madi Group\",\"potentialAction\":[{\"@type\":\"SearchAction\",\"target\":{\"@type\":\"EntryPoint\",\"urlTemplate\":\"https:\\\/\\\/madigroup.com\\\/?s={search_term_string}\"},\"query-input\":{\"@type\":\"PropertyValueSpecification\",\"valueRequired\":true,\"valueName\":\"search_term_string\"}}],\"inLanguage\":\"it-IT\"},{\"@type\":\"Organization\",\"@id\":\"https:\\\/\\\/madigroup.com\\\/#organization\",\"name\":\"Madi Group\",\"url\":\"https:\\\/\\\/madigroup.com\\\/\",\"logo\":{\"@type\":\"ImageObject\",\"inLanguage\":\"it-IT\",\"@id\":\"https:\\\/\\\/madigroup.com\\\/#\\\/schema\\\/logo\\\/image\\\/\",\"url\":\"https:\\\/\\\/madigroup.com\\\/wp-content\\\/uploads\\\/2021\\\/05\\\/favicon-dark.png\",\"contentUrl\":\"https:\\\/\\\/madigroup.com\\\/wp-content\\\/uploads\\\/2021\\\/05\\\/favicon-dark.png\",\"width\":512,\"height\":512,\"caption\":\"Madi Group\"},\"image\":{\"@id\":\"https:\\\/\\\/madigroup.com\\\/#\\\/schema\\\/logo\\\/image\\\/\"},\"sameAs\":[\"https:\\\/\\\/www.facebook.com\\\/Madi.International\\\/\",\"https:\\\/\\\/www.instagram.com\\\/madi_intl\\\/\",\"https:\\\/\\\/www.linkedin.com\\\/company\\\/madi-international\\\/\"]},{\"@type\":\"Person\",\"@id\":\"https:\\\/\\\/madigroup.com\\\/#\\\/schema\\\/person\\\/11a3753e1909bdec36482681711ee73f\",\"name\":\"madi_admin\",\"image\":{\"@type\":\"ImageObject\",\"inLanguage\":\"it-IT\",\"@id\":\"https:\\\/\\\/secure.gravatar.com\\\/avatar\\\/7367d1085462226c651b4faf7cb5d187a43c34bb78e0f7c7fb1a3f1e32cf8b46?s=96&d=mm&r=g\",\"url\":\"https:\\\/\\\/secure.gravatar.com\\\/avatar\\\/7367d1085462226c651b4faf7cb5d187a43c34bb78e0f7c7fb1a3f1e32cf8b46?s=96&d=mm&r=g\",\"contentUrl\":\"https:\\\/\\\/secure.gravatar.com\\\/avatar\\\/7367d1085462226c651b4faf7cb5d187a43c34bb78e0f7c7fb1a3f1e32cf8b46?s=96&d=mm&r=g\",\"caption\":\"madi_admin\"},\"sameAs\":[\"https:\\\/\\\/madigroup.com\"],\"url\":\"https:\\\/\\\/madigroup.com\\\/it\\\/author\\\/madi_admin\\\/\"}]}<\/script>\n<!-- \/ Yoast SEO plugin. -->","yoast_head_json":{"title":"Madi Group - Empowering Beauty, Innovation and Growth","description":"Discover Madi Group\u2019s legacy of innovation in beauty. Explore our dynamic ventures in distribution, retail, education, and manufacturing across the Middle East since 1991.","robots":{"index":"index","follow":"follow","max-snippet":"max-snippet:-1","max-image-preview":"max-image-preview:large","max-video-preview":"max-video-preview:-1"},"canonical":"https:\/\/madigroup.com\/it\/distribuzione\/madi-internazionale\/professionista-del-salone\/","og_locale":"it_IT","og_type":"article","og_title":"Madi Group - Empowering Beauty, Innovation and Growth","og_description":"Discover Madi Group\u2019s legacy of innovation in beauty. Explore our dynamic ventures in distribution, retail, education, and manufacturing across the Middle East since 1991.","og_url":"https:\/\/madigroup.com\/it\/distribuzione\/madi-internazionale\/professionista-del-salone\/","og_site_name":"Gruppo MADI","article_publisher":"https:\/\/www.facebook.com\/Madi.International\/","article_modified_time":"2024-09-13T03:23:40+00:00","og_image":[{"width":512,"height":512,"url":"https:\/\/madigroup.com\/wp-content\/uploads\/2021\/05\/cropped-favicon-dark.png","type":"image\/png"}],"twitter_card":"summary_large_image","twitter_misc":{"Tempo di lettura stimato":"2 minuti"},"schema":{"@context":"https:\/\/schema.org","@graph":[{"@type":"Article","@id":"https:\/\/madigroup.com\/it\/distribuzione\/madi-internazionale\/professionista-del-salone\/#article","isPartOf":{"@id":"https:\/\/madigroup.com\/it\/distribuzione\/madi-internazionale\/professionista-del-salone\/"},"author":{"name":"madi_admin","@id":"https:\/\/madigroup.com\/#\/schema\/person\/11a3753e1909bdec36482681711ee73f"},"headline":"Professionista del salone","datePublished":"2023-10-24T06:19:20+00:00","dateModified":"2024-09-13T03:23:40+00:00","mainEntityOfPage":{"@id":"https:\/\/madigroup.com\/it\/distribuzione\/madi-internazionale\/professionista-del-salone\/"},"wordCount":500,"publisher":{"@id":"https:\/\/madigroup.com\/#organization"},"inLanguage":"it-IT"},{"@type":"WebPage","@id":"https:\/\/madigroup.com\/it\/distribuzione\/madi-internazionale\/professionista-del-salone\/","url":"https:\/\/madigroup.com\/it\/distribuzione\/madi-internazionale\/professionista-del-salone\/","name":"Madi Group - Empowering Beauty, Innovation and Growth","isPartOf":{"@id":"https:\/\/madigroup.com\/#website"},"datePublished":"2023-10-24T06:19:20+00:00","dateModified":"2024-09-13T03:23:40+00:00","description":"Discover Madi Group\u2019s legacy of innovation in beauty. Explore our dynamic ventures in distribution, retail, education, and manufacturing across the Middle East since 1991.","breadcrumb":{"@id":"https:\/\/madigroup.com\/it\/distribuzione\/madi-internazionale\/professionista-del-salone\/#breadcrumb"},"inLanguage":"it-IT","potentialAction":[{"@type":"ReadAction","target":["https:\/\/madigroup.com\/it\/distribuzione\/madi-internazionale\/professionista-del-salone\/"]}]},{"@type":"BreadcrumbList","@id":"https:\/\/madigroup.com\/it\/distribuzione\/madi-internazionale\/professionista-del-salone\/#breadcrumb","itemListElement":[{"@type":"ListItem","position":1,"name":"Home","item":"https:\/\/madigroup.com\/it\/casa\/"},{"@type":"ListItem","position":2,"name":"Distribuzione","item":"https:\/\/madigroup.com\/it\/distribuzione\/"},{"@type":"ListItem","position":3,"name":"MADI Internazionale","item":"https:\/\/madigroup.com\/it\/distribuzione\/madi-internazionale\/"},{"@type":"ListItem","position":4,"name":"Professionista del salone"}]},{"@type":"WebSite","@id":"https:\/\/madigroup.com\/#website","url":"https:\/\/madigroup.com\/","name":"https:\/\/madigroup.com\/","description":"Global Distributor of Professional Salon Products | Hair, Skin, and Nail Care Supplies","publisher":{"@id":"https:\/\/madigroup.com\/#organization"},"alternateName":"Madi Group","potentialAction":[{"@type":"SearchAction","target":{"@type":"EntryPoint","urlTemplate":"https:\/\/madigroup.com\/?s={search_term_string}"},"query-input":{"@type":"PropertyValueSpecification","valueRequired":true,"valueName":"search_term_string"}}],"inLanguage":"it-IT"},{"@type":"Organization","@id":"https:\/\/madigroup.com\/#organization","name":"Madi Group","url":"https:\/\/madigroup.com\/","logo":{"@type":"ImageObject","inLanguage":"it-IT","@id":"https:\/\/madigroup.com\/#\/schema\/logo\/image\/","url":"https:\/\/madigroup.com\/wp-content\/uploads\/2021\/05\/favicon-dark.png","contentUrl":"https:\/\/madigroup.com\/wp-content\/uploads\/2021\/05\/favicon-dark.png","width":512,"height":512,"caption":"Madi Group"},"image":{"@id":"https:\/\/madigroup.com\/#\/schema\/logo\/image\/"},"sameAs":["https:\/\/www.facebook.com\/Madi.International\/","https:\/\/www.instagram.com\/madi_intl\/","https:\/\/www.linkedin.com\/company\/madi-international\/"]},{"@type":"Person","@id":"https:\/\/madigroup.com\/#\/schema\/person\/11a3753e1909bdec36482681711ee73f","name":"madi_admin","image":{"@type":"ImageObject","inLanguage":"it-IT","@id":"https:\/\/secure.gravatar.com\/avatar\/7367d1085462226c651b4faf7cb5d187a43c34bb78e0f7c7fb1a3f1e32cf8b46?s=96&d=mm&r=g","url":"https:\/\/secure.gravatar.com\/avatar\/7367d1085462226c651b4faf7cb5d187a43c34bb78e0f7c7fb1a3f1e32cf8b46?s=96&d=mm&r=g","contentUrl":"https:\/\/secure.gravatar.com\/avatar\/7367d1085462226c651b4faf7cb5d187a43c34bb78e0f7c7fb1a3f1e32cf8b46?s=96&d=mm&r=g","caption":"madi_admin"},"sameAs":["https:\/\/madigroup.com"],"url":"https:\/\/madigroup.com\/it\/author\/madi_admin\/"}]}},"_links":{"self":[{"href":"https:\/\/madigroup.com\/it\/wp-json\/wp\/v2\/pages\/10867","targetHints":{"allow":["GET"]}}],"collection":[{"href":"https:\/\/madigroup.com\/it\/wp-json\/wp\/v2\/pages"}],"about":[{"href":"https:\/\/madigroup.com\/it\/wp-json\/wp\/v2\/types\/page"}],"author":[{"embeddable":true,"href":"https:\/\/madigroup.com\/it\/wp-json\/wp\/v2\/users\/1"}],"replies":[{"embeddable":true,"href":"https:\/\/madigroup.com\/it\/wp-json\/wp\/v2\/comments?post=10867"}],"version-history":[{"count":0,"href":"https:\/\/madigroup.com\/it\/wp-json\/wp\/v2\/pages\/10867\/revisions"}],"up":[{"embeddable":true,"href":"https:\/\/madigroup.com\/it\/wp-json\/wp\/v2\/pages\/10915"}],"wp:attachment":[{"href":"https:\/\/madigroup.com\/it\/wp-json\/wp\/v2\/media?parent=10867"}],"curies":[{"name":"wp","href":"https:\/\/api.w.org\/{rel}","templated":true}]}}