{"id":10747,"date":"2023-11-21T05:30:48","date_gmt":"2023-11-21T05:30:48","guid":{"rendered":"https:\/\/madigroup.com\/capelli-e-capelli\/"},"modified":"2024-09-13T07:29:42","modified_gmt":"2024-09-13T07:29:42","slug":"capelli-e-capelli","status":"publish","type":"page","link":"https:\/\/madigroup.com\/it\/incubatore-di-marchi\/capelli-e-capelli\/","title":{"rendered":"Capelli e capelli"},"content":{"rendered":"\t\t<div data-elementor-type=\"wp-page\" data-elementor-id=\"10747\" class=\"elementor elementor-10747 elementor-4815\">\n\t\t\t\t<div class=\"elementor-element elementor-element-9ee7280 e-con-full e-flex e-con e-parent\" data-id=\"9ee7280\" data-element_type=\"container\" data-e-type=\"container\" data-settings=\"{&quot;background_background&quot;:&quot;classic&quot;}\">\n\t\t<div class=\"elementor-element elementor-element-e17e180 e-con-full e-flex e-con e-child\" data-id=\"e17e180\" data-element_type=\"container\" data-e-type=\"container\">\n\t\t\t\t<\/div>\n\t\t\t\t<\/div>\n\t\t<div class=\"elementor-element elementor-element-52e1b64 e-flex e-con-boxed e-con e-parent\" data-id=\"52e1b64\" data-element_type=\"container\" data-e-type=\"container\" data-settings=\"{&quot;background_background&quot;:&quot;classic&quot;}\">\n\t\t\t\t\t<div class=\"e-con-inner\">\n\t\t<div class=\"elementor-element elementor-element-ffdb7fc e-con-full e-grid e-con e-child\" data-id=\"ffdb7fc\" data-element_type=\"container\" data-e-type=\"container\">\n\t\t<div class=\"elementor-element elementor-element-877c5e8 e-con-full e-flex e-con e-child\" data-id=\"877c5e8\" data-element_type=\"container\" data-e-type=\"container\">\n\t\t\t\t<div class=\"elementor-element elementor-element-73656d2 elementor-widget elementor-widget-heading\" data-id=\"73656d2\" data-element_type=\"widget\" data-e-type=\"widget\" data-widget_type=\"heading.default\">\n\t\t\t\t<div class=\"elementor-widget-container\">\n\t\t\t\t\t<h2 class=\"elementor-heading-title elementor-size-default\">Hairmiles<\/h2>\t\t\t\t<\/div>\n\t\t\t\t<\/div>\n\t\t\t\t<div class=\"elementor-element elementor-element-abdda70 elementor-widget elementor-widget-text-editor\" data-id=\"abdda70\" data-element_type=\"widget\" data-e-type=\"widget\" data-widget_type=\"text-editor.default\">\n\t\t\t\t<div class=\"elementor-widget-container\">\n\t\t\t\t\t\t\t\t\t<p>Hairmiles \u00e8 stata fondata nel 2015 ed \u00e8 rinomata in tutto il mondo per i suoi prodotti di alta qualit\u00e0 realizzati con capelli umani Remy naturali al 100%.<br \/>\nIl processo di produzione \u00e8 guidato dal rispetto dell&#8217;igiene e della qualit\u00e0 per produrre sistemi professionali di allungamento e ispessimento dei capelli, adattandosi rapidamente ai cambiamenti e alle innovazioni nel settore delle extension per capelli.<br \/>\nHairmiles ha una comprovata esperienza nella fornitura di extension per capelli di alta qualit\u00e0 prodotte in modo etico.  <\/p>\n\t\t\t\t\t\t\t\t<\/div>\n\t\t\t\t<\/div>\n\t\t\t\t<div class=\"elementor-element elementor-element-a786e5d elementor-widget elementor-widget-fs-button\" data-id=\"a786e5d\" data-element_type=\"widget\" data-e-type=\"widget\" data-widget_type=\"fs-button.default\">\n\t\t\t\t<div class=\"elementor-widget-container\">\n\t\t\t\t\t\r\n            <div class=\"button-wrapper\">\r\n\r\n                <a href=\"https:\/\/hair-miles.com\/\"\r\n                   class=\"fs-button dark-border-style\"\r\n                   target=\"_blank\">\r\n\r\n                    Il nostro sito web\r\n                <\/a>\r\n\r\n            <\/div>\r\n\r\n        \t\t\t\t<\/div>\n\t\t\t\t<\/div>\n\t\t\t\t<\/div>\n\t\t\t\t<div class=\"elementor-element elementor-element-85d8597 elementor-widget elementor-widget-image\" data-id=\"85d8597\" data-element_type=\"widget\" data-e-type=\"widget\" data-widget_type=\"image.default\">\n\t\t\t\t<div class=\"elementor-widget-container\">\n\t\t\t\t\t\t\t\t\t\t\t\t\t\t\t<img fetchpriority=\"high\" decoding=\"async\" width=\"475\" height=\"575\" src=\"https:\/\/madigroup.com\/wp-content\/uploads\/2024\/01\/Hairmiles-475x575-1.jpg\" class=\"attachment-medium_large size-medium_large wp-image-7643\" alt=\"\" srcset=\"https:\/\/madigroup.com\/wp-content\/uploads\/2024\/01\/Hairmiles-475x575-1.jpg 475w, https:\/\/madigroup.com\/wp-content\/uploads\/2024\/01\/Hairmiles-475x575-1-248x300.jpg 248w\" sizes=\"(max-width: 475px) 100vw, 475px\" \/>\t\t\t\t\t\t\t\t\t\t\t\t\t\t\t<\/div>\n\t\t\t\t<\/div>\n\t\t\t\t<\/div>\n\t\t\t\t\t<\/div>\n\t\t\t\t<\/div>\n\t\t\t\t<\/div>\n\t\t","protected":false},"excerpt":{"rendered":"<p>Hairmiles Hairmiles \u00e8 stata fondata nel 2015 ed \u00e8 rinomata in tutto il mondo per i suoi prodotti di alta qualit\u00e0 realizzati con capelli umani Remy naturali al 100%. Il processo di produzione \u00e8 guidato dal rispetto dell&#8217;igiene e della qualit\u00e0 per produrre sistemi professionali di allungamento e ispessimento dei capelli, adattandosi rapidamente ai cambiamenti [&hellip;]<\/p>\n","protected":false},"author":1,"featured_media":0,"parent":10768,"menu_order":0,"comment_status":"closed","ping_status":"closed","template":"","meta":{"_acf_changed":false,"footnotes":""},"class_list":["post-10747","page","type-page","status-publish","hentry"],"acf":[],"yoast_head":"<!-- This site is optimized with the Yoast SEO plugin v27.4 - https:\/\/yoast.com\/product\/yoast-seo-wordpress\/ -->\n<title>Madi Group - Empowering Beauty, Innovation and Growth<\/title>\n<meta name=\"description\" content=\"Discover Madi Group\u2019s legacy of innovation in beauty. Explore our dynamic ventures in distribution, retail, education, and manufacturing across the Middle East since 1991.\" \/>\n<meta name=\"robots\" content=\"index, follow, max-snippet:-1, max-image-preview:large, max-video-preview:-1\" \/>\n<link rel=\"canonical\" href=\"https:\/\/madigroup.com\/it\/incubatore-di-marchi\/capelli-e-capelli\/\" \/>\n<meta property=\"og:locale\" content=\"it_IT\" \/>\n<meta property=\"og:type\" content=\"article\" \/>\n<meta property=\"og:title\" content=\"Madi Group - Empowering Beauty, Innovation and Growth\" \/>\n<meta property=\"og:description\" content=\"Discover Madi Group\u2019s legacy of innovation in beauty. Explore our dynamic ventures in distribution, retail, education, and manufacturing across the Middle East since 1991.\" \/>\n<meta property=\"og:url\" content=\"https:\/\/madigroup.com\/it\/incubatore-di-marchi\/capelli-e-capelli\/\" \/>\n<meta property=\"og:site_name\" content=\"Gruppo MADI\" \/>\n<meta property=\"article:publisher\" content=\"https:\/\/www.facebook.com\/Madi.International\/\" \/>\n<meta property=\"article:modified_time\" content=\"2024-09-13T07:29:42+00:00\" \/>\n<meta property=\"og:image\" content=\"https:\/\/madigroup.com\/wp-content\/uploads\/2024\/01\/Hairmiles-475x575-1.jpg\" \/>\n<meta name=\"twitter:card\" content=\"summary_large_image\" \/>\n<script type=\"application\/ld+json\" class=\"yoast-schema-graph\">{\"@context\":\"https:\\\/\\\/schema.org\",\"@graph\":[{\"@type\":\"Article\",\"@id\":\"https:\\\/\\\/madigroup.com\\\/it\\\/incubatore-di-marchi\\\/capelli-e-capelli\\\/#article\",\"isPartOf\":{\"@id\":\"https:\\\/\\\/madigroup.com\\\/it\\\/incubatore-di-marchi\\\/capelli-e-capelli\\\/\"},\"author\":{\"name\":\"madi_admin\",\"@id\":\"https:\\\/\\\/madigroup.com\\\/#\\\/schema\\\/person\\\/11a3753e1909bdec36482681711ee73f\"},\"headline\":\"Capelli e capelli\",\"datePublished\":\"2023-11-21T05:30:48+00:00\",\"dateModified\":\"2024-09-13T07:29:42+00:00\",\"mainEntityOfPage\":{\"@id\":\"https:\\\/\\\/madigroup.com\\\/it\\\/incubatore-di-marchi\\\/capelli-e-capelli\\\/\"},\"wordCount\":85,\"publisher\":{\"@id\":\"https:\\\/\\\/madigroup.com\\\/#organization\"},\"image\":{\"@id\":\"https:\\\/\\\/madigroup.com\\\/it\\\/incubatore-di-marchi\\\/capelli-e-capelli\\\/#primaryimage\"},\"thumbnailUrl\":\"https:\\\/\\\/madigroup.com\\\/wp-content\\\/uploads\\\/2024\\\/01\\\/Hairmiles-475x575-1.jpg\",\"inLanguage\":\"it-IT\"},{\"@type\":\"WebPage\",\"@id\":\"https:\\\/\\\/madigroup.com\\\/it\\\/incubatore-di-marchi\\\/capelli-e-capelli\\\/\",\"url\":\"https:\\\/\\\/madigroup.com\\\/it\\\/incubatore-di-marchi\\\/capelli-e-capelli\\\/\",\"name\":\"Madi Group - Empowering Beauty, Innovation and Growth\",\"isPartOf\":{\"@id\":\"https:\\\/\\\/madigroup.com\\\/#website\"},\"primaryImageOfPage\":{\"@id\":\"https:\\\/\\\/madigroup.com\\\/it\\\/incubatore-di-marchi\\\/capelli-e-capelli\\\/#primaryimage\"},\"image\":{\"@id\":\"https:\\\/\\\/madigroup.com\\\/it\\\/incubatore-di-marchi\\\/capelli-e-capelli\\\/#primaryimage\"},\"thumbnailUrl\":\"https:\\\/\\\/madigroup.com\\\/wp-content\\\/uploads\\\/2024\\\/01\\\/Hairmiles-475x575-1.jpg\",\"datePublished\":\"2023-11-21T05:30:48+00:00\",\"dateModified\":\"2024-09-13T07:29:42+00:00\",\"description\":\"Discover Madi Group\u2019s legacy of innovation in beauty. Explore our dynamic ventures in distribution, retail, education, and manufacturing across the Middle East since 1991.\",\"breadcrumb\":{\"@id\":\"https:\\\/\\\/madigroup.com\\\/it\\\/incubatore-di-marchi\\\/capelli-e-capelli\\\/#breadcrumb\"},\"inLanguage\":\"it-IT\",\"potentialAction\":[{\"@type\":\"ReadAction\",\"target\":[\"https:\\\/\\\/madigroup.com\\\/it\\\/incubatore-di-marchi\\\/capelli-e-capelli\\\/\"]}]},{\"@type\":\"ImageObject\",\"inLanguage\":\"it-IT\",\"@id\":\"https:\\\/\\\/madigroup.com\\\/it\\\/incubatore-di-marchi\\\/capelli-e-capelli\\\/#primaryimage\",\"url\":\"https:\\\/\\\/madigroup.com\\\/wp-content\\\/uploads\\\/2024\\\/01\\\/Hairmiles-475x575-1.jpg\",\"contentUrl\":\"https:\\\/\\\/madigroup.com\\\/wp-content\\\/uploads\\\/2024\\\/01\\\/Hairmiles-475x575-1.jpg\"},{\"@type\":\"BreadcrumbList\",\"@id\":\"https:\\\/\\\/madigroup.com\\\/it\\\/incubatore-di-marchi\\\/capelli-e-capelli\\\/#breadcrumb\",\"itemListElement\":[{\"@type\":\"ListItem\",\"position\":1,\"name\":\"Home\",\"item\":\"https:\\\/\\\/madigroup.com\\\/it\\\/casa\\\/\"},{\"@type\":\"ListItem\",\"position\":2,\"name\":\"Incubatore di marchi\",\"item\":\"https:\\\/\\\/madigroup.com\\\/it\\\/incubatore-di-marchi\\\/\"},{\"@type\":\"ListItem\",\"position\":3,\"name\":\"Capelli e capelli\"}]},{\"@type\":\"WebSite\",\"@id\":\"https:\\\/\\\/madigroup.com\\\/#website\",\"url\":\"https:\\\/\\\/madigroup.com\\\/\",\"name\":\"https:\\\/\\\/madigroup.com\\\/\",\"description\":\"Global Distributor of Professional Salon Products | Hair, Skin, and Nail Care Supplies\",\"publisher\":{\"@id\":\"https:\\\/\\\/madigroup.com\\\/#organization\"},\"alternateName\":\"Madi Group\",\"potentialAction\":[{\"@type\":\"SearchAction\",\"target\":{\"@type\":\"EntryPoint\",\"urlTemplate\":\"https:\\\/\\\/madigroup.com\\\/?s={search_term_string}\"},\"query-input\":{\"@type\":\"PropertyValueSpecification\",\"valueRequired\":true,\"valueName\":\"search_term_string\"}}],\"inLanguage\":\"it-IT\"},{\"@type\":\"Organization\",\"@id\":\"https:\\\/\\\/madigroup.com\\\/#organization\",\"name\":\"Madi Group\",\"url\":\"https:\\\/\\\/madigroup.com\\\/\",\"logo\":{\"@type\":\"ImageObject\",\"inLanguage\":\"it-IT\",\"@id\":\"https:\\\/\\\/madigroup.com\\\/#\\\/schema\\\/logo\\\/image\\\/\",\"url\":\"https:\\\/\\\/madigroup.com\\\/wp-content\\\/uploads\\\/2021\\\/05\\\/favicon-dark.png\",\"contentUrl\":\"https:\\\/\\\/madigroup.com\\\/wp-content\\\/uploads\\\/2021\\\/05\\\/favicon-dark.png\",\"width\":512,\"height\":512,\"caption\":\"Madi Group\"},\"image\":{\"@id\":\"https:\\\/\\\/madigroup.com\\\/#\\\/schema\\\/logo\\\/image\\\/\"},\"sameAs\":[\"https:\\\/\\\/www.facebook.com\\\/Madi.International\\\/\",\"https:\\\/\\\/www.instagram.com\\\/madi_intl\\\/\",\"https:\\\/\\\/www.linkedin.com\\\/company\\\/madi-international\\\/\"]},{\"@type\":\"Person\",\"@id\":\"https:\\\/\\\/madigroup.com\\\/#\\\/schema\\\/person\\\/11a3753e1909bdec36482681711ee73f\",\"name\":\"madi_admin\",\"image\":{\"@type\":\"ImageObject\",\"inLanguage\":\"it-IT\",\"@id\":\"https:\\\/\\\/secure.gravatar.com\\\/avatar\\\/7367d1085462226c651b4faf7cb5d187a43c34bb78e0f7c7fb1a3f1e32cf8b46?s=96&d=mm&r=g\",\"url\":\"https:\\\/\\\/secure.gravatar.com\\\/avatar\\\/7367d1085462226c651b4faf7cb5d187a43c34bb78e0f7c7fb1a3f1e32cf8b46?s=96&d=mm&r=g\",\"contentUrl\":\"https:\\\/\\\/secure.gravatar.com\\\/avatar\\\/7367d1085462226c651b4faf7cb5d187a43c34bb78e0f7c7fb1a3f1e32cf8b46?s=96&d=mm&r=g\",\"caption\":\"madi_admin\"},\"sameAs\":[\"https:\\\/\\\/madigroup.com\"],\"url\":\"https:\\\/\\\/madigroup.com\\\/it\\\/author\\\/madi_admin\\\/\"}]}<\/script>\n<!-- \/ Yoast SEO plugin. -->","yoast_head_json":{"title":"Madi Group - Empowering Beauty, Innovation and Growth","description":"Discover Madi Group\u2019s legacy of innovation in beauty. Explore our dynamic ventures in distribution, retail, education, and manufacturing across the Middle East since 1991.","robots":{"index":"index","follow":"follow","max-snippet":"max-snippet:-1","max-image-preview":"max-image-preview:large","max-video-preview":"max-video-preview:-1"},"canonical":"https:\/\/madigroup.com\/it\/incubatore-di-marchi\/capelli-e-capelli\/","og_locale":"it_IT","og_type":"article","og_title":"Madi Group - Empowering Beauty, Innovation and Growth","og_description":"Discover Madi Group\u2019s legacy of innovation in beauty. Explore our dynamic ventures in distribution, retail, education, and manufacturing across the Middle East since 1991.","og_url":"https:\/\/madigroup.com\/it\/incubatore-di-marchi\/capelli-e-capelli\/","og_site_name":"Gruppo MADI","article_publisher":"https:\/\/www.facebook.com\/Madi.International\/","article_modified_time":"2024-09-13T07:29:42+00:00","og_image":[{"url":"https:\/\/madigroup.com\/wp-content\/uploads\/2024\/01\/Hairmiles-475x575-1.jpg","type":"","width":"","height":""}],"twitter_card":"summary_large_image","schema":{"@context":"https:\/\/schema.org","@graph":[{"@type":"Article","@id":"https:\/\/madigroup.com\/it\/incubatore-di-marchi\/capelli-e-capelli\/#article","isPartOf":{"@id":"https:\/\/madigroup.com\/it\/incubatore-di-marchi\/capelli-e-capelli\/"},"author":{"name":"madi_admin","@id":"https:\/\/madigroup.com\/#\/schema\/person\/11a3753e1909bdec36482681711ee73f"},"headline":"Capelli e capelli","datePublished":"2023-11-21T05:30:48+00:00","dateModified":"2024-09-13T07:29:42+00:00","mainEntityOfPage":{"@id":"https:\/\/madigroup.com\/it\/incubatore-di-marchi\/capelli-e-capelli\/"},"wordCount":85,"publisher":{"@id":"https:\/\/madigroup.com\/#organization"},"image":{"@id":"https:\/\/madigroup.com\/it\/incubatore-di-marchi\/capelli-e-capelli\/#primaryimage"},"thumbnailUrl":"https:\/\/madigroup.com\/wp-content\/uploads\/2024\/01\/Hairmiles-475x575-1.jpg","inLanguage":"it-IT"},{"@type":"WebPage","@id":"https:\/\/madigroup.com\/it\/incubatore-di-marchi\/capelli-e-capelli\/","url":"https:\/\/madigroup.com\/it\/incubatore-di-marchi\/capelli-e-capelli\/","name":"Madi Group - Empowering Beauty, Innovation and Growth","isPartOf":{"@id":"https:\/\/madigroup.com\/#website"},"primaryImageOfPage":{"@id":"https:\/\/madigroup.com\/it\/incubatore-di-marchi\/capelli-e-capelli\/#primaryimage"},"image":{"@id":"https:\/\/madigroup.com\/it\/incubatore-di-marchi\/capelli-e-capelli\/#primaryimage"},"thumbnailUrl":"https:\/\/madigroup.com\/wp-content\/uploads\/2024\/01\/Hairmiles-475x575-1.jpg","datePublished":"2023-11-21T05:30:48+00:00","dateModified":"2024-09-13T07:29:42+00:00","description":"Discover Madi Group\u2019s legacy of innovation in beauty. Explore our dynamic ventures in distribution, retail, education, and manufacturing across the Middle East since 1991.","breadcrumb":{"@id":"https:\/\/madigroup.com\/it\/incubatore-di-marchi\/capelli-e-capelli\/#breadcrumb"},"inLanguage":"it-IT","potentialAction":[{"@type":"ReadAction","target":["https:\/\/madigroup.com\/it\/incubatore-di-marchi\/capelli-e-capelli\/"]}]},{"@type":"ImageObject","inLanguage":"it-IT","@id":"https:\/\/madigroup.com\/it\/incubatore-di-marchi\/capelli-e-capelli\/#primaryimage","url":"https:\/\/madigroup.com\/wp-content\/uploads\/2024\/01\/Hairmiles-475x575-1.jpg","contentUrl":"https:\/\/madigroup.com\/wp-content\/uploads\/2024\/01\/Hairmiles-475x575-1.jpg"},{"@type":"BreadcrumbList","@id":"https:\/\/madigroup.com\/it\/incubatore-di-marchi\/capelli-e-capelli\/#breadcrumb","itemListElement":[{"@type":"ListItem","position":1,"name":"Home","item":"https:\/\/madigroup.com\/it\/casa\/"},{"@type":"ListItem","position":2,"name":"Incubatore di marchi","item":"https:\/\/madigroup.com\/it\/incubatore-di-marchi\/"},{"@type":"ListItem","position":3,"name":"Capelli e capelli"}]},{"@type":"WebSite","@id":"https:\/\/madigroup.com\/#website","url":"https:\/\/madigroup.com\/","name":"https:\/\/madigroup.com\/","description":"Global Distributor of Professional Salon Products | Hair, Skin, and Nail Care Supplies","publisher":{"@id":"https:\/\/madigroup.com\/#organization"},"alternateName":"Madi Group","potentialAction":[{"@type":"SearchAction","target":{"@type":"EntryPoint","urlTemplate":"https:\/\/madigroup.com\/?s={search_term_string}"},"query-input":{"@type":"PropertyValueSpecification","valueRequired":true,"valueName":"search_term_string"}}],"inLanguage":"it-IT"},{"@type":"Organization","@id":"https:\/\/madigroup.com\/#organization","name":"Madi Group","url":"https:\/\/madigroup.com\/","logo":{"@type":"ImageObject","inLanguage":"it-IT","@id":"https:\/\/madigroup.com\/#\/schema\/logo\/image\/","url":"https:\/\/madigroup.com\/wp-content\/uploads\/2021\/05\/favicon-dark.png","contentUrl":"https:\/\/madigroup.com\/wp-content\/uploads\/2021\/05\/favicon-dark.png","width":512,"height":512,"caption":"Madi Group"},"image":{"@id":"https:\/\/madigroup.com\/#\/schema\/logo\/image\/"},"sameAs":["https:\/\/www.facebook.com\/Madi.International\/","https:\/\/www.instagram.com\/madi_intl\/","https:\/\/www.linkedin.com\/company\/madi-international\/"]},{"@type":"Person","@id":"https:\/\/madigroup.com\/#\/schema\/person\/11a3753e1909bdec36482681711ee73f","name":"madi_admin","image":{"@type":"ImageObject","inLanguage":"it-IT","@id":"https:\/\/secure.gravatar.com\/avatar\/7367d1085462226c651b4faf7cb5d187a43c34bb78e0f7c7fb1a3f1e32cf8b46?s=96&d=mm&r=g","url":"https:\/\/secure.gravatar.com\/avatar\/7367d1085462226c651b4faf7cb5d187a43c34bb78e0f7c7fb1a3f1e32cf8b46?s=96&d=mm&r=g","contentUrl":"https:\/\/secure.gravatar.com\/avatar\/7367d1085462226c651b4faf7cb5d187a43c34bb78e0f7c7fb1a3f1e32cf8b46?s=96&d=mm&r=g","caption":"madi_admin"},"sameAs":["https:\/\/madigroup.com"],"url":"https:\/\/madigroup.com\/it\/author\/madi_admin\/"}]}},"_links":{"self":[{"href":"https:\/\/madigroup.com\/it\/wp-json\/wp\/v2\/pages\/10747","targetHints":{"allow":["GET"]}}],"collection":[{"href":"https:\/\/madigroup.com\/it\/wp-json\/wp\/v2\/pages"}],"about":[{"href":"https:\/\/madigroup.com\/it\/wp-json\/wp\/v2\/types\/page"}],"author":[{"embeddable":true,"href":"https:\/\/madigroup.com\/it\/wp-json\/wp\/v2\/users\/1"}],"replies":[{"embeddable":true,"href":"https:\/\/madigroup.com\/it\/wp-json\/wp\/v2\/comments?post=10747"}],"version-history":[{"count":0,"href":"https:\/\/madigroup.com\/it\/wp-json\/wp\/v2\/pages\/10747\/revisions"}],"up":[{"embeddable":true,"href":"https:\/\/madigroup.com\/it\/wp-json\/wp\/v2\/pages\/10768"}],"wp:attachment":[{"href":"https:\/\/madigroup.com\/it\/wp-json\/wp\/v2\/media?parent=10747"}],"curies":[{"name":"wp","href":"https:\/\/api.w.org\/{rel}","templated":true}]}}