{"id":11381,"date":"2023-10-23T06:49:35","date_gmt":"2023-10-23T06:49:35","guid":{"rendered":"https:\/\/madigroup.com\/distribution\/madi-medical\/"},"modified":"2024-09-13T03:52:09","modified_gmt":"2024-09-13T03:52:09","slug":"madi-medical","status":"publish","type":"page","link":"https:\/\/madigroup.com\/fr\/distribution\/madi-medical\/","title":{"rendered":"MADI M\u00e9dical"},"content":{"rendered":"\t\t<div data-elementor-type=\"wp-page\" data-elementor-id=\"11381\" class=\"elementor elementor-11381 elementor-3672\">\n\t\t\t\t<div class=\"elementor-element elementor-element-8e17f3e e-con-full e-flex e-con e-parent\" data-id=\"8e17f3e\" data-element_type=\"container\" data-e-type=\"container\" data-settings=\"{&quot;background_background&quot;:&quot;classic&quot;}\">\n\t\t<div class=\"elementor-element elementor-element-80396d9 e-con-full e-flex e-con e-child\" data-id=\"80396d9\" data-element_type=\"container\" data-e-type=\"container\">\n\t\t\t\t<\/div>\n\t\t\t\t<\/div>\n\t\t<div class=\"elementor-element elementor-element-0fc451c e-flex e-con-boxed e-con e-parent\" data-id=\"0fc451c\" data-element_type=\"container\" data-e-type=\"container\" data-settings=\"{&quot;background_background&quot;:&quot;classic&quot;}\">\n\t\t\t\t\t<div class=\"e-con-inner\">\n\t\t\t\t<div class=\"elementor-element elementor-element-fd7b181 elementor-widget elementor-widget-heading\" data-id=\"fd7b181\" data-element_type=\"widget\" data-e-type=\"widget\" data-widget_type=\"heading.default\">\n\t\t\t\t<div class=\"elementor-widget-container\">\n\t\t\t\t\t<h2 class=\"elementor-heading-title elementor-size-default\">MADI M\u00e9dical<\/h2>\t\t\t\t<\/div>\n\t\t\t\t<\/div>\n\t\t\t\t<div class=\"elementor-element elementor-element-8a84b0f elementor-widget elementor-widget-text-editor\" data-id=\"8a84b0f\" data-element_type=\"widget\" data-e-type=\"widget\" data-widget_type=\"text-editor.default\">\n\t\t\t\t<div class=\"elementor-widget-container\">\n\t\t\t\t\t\t\t\t\t<p class=\"MsoNormal\">MADI Medical se consacre \u00e0 faire progresser l&rsquo;intersection entre la beaut\u00e9 et les soins de sant\u00e9 gr\u00e2ce \u00e0 des solutions d&rsquo;esth\u00e9tique m\u00e9dicale de pointe. Cette division s&rsquo;adresse principalement aux cliniques de beaut\u00e9, aux cliniques m\u00e9dicales, aux h\u00f4pitaux et autres \u00e9tablissements de sant\u00e9, en leur fournissant des produits et des \u00e9quipements de haute qualit\u00e9 qui sont \u00e0 la pointe de la technologie de la beaut\u00e9 m\u00e9dicale. Nous nous engageons \u00e0 faire progresser la synergie entre la beaut\u00e9 et la sant\u00e9, en offrant un pont aux professionnels de la beaut\u00e9 pour qu&rsquo;ils entrent dans le domaine m\u00e9dical en toute confiance et aux professionnels de la sant\u00e9 pour am\u00e9liorer leurs offres esth\u00e9tiques.<\/p><p>\u00a0<\/p><p class=\"MsoNormal\"><b>Objectifs de notre division d&rsquo;esth\u00e9tique m\u00e9dicale\u00a0:<\/b><\/p><ol style=\"margin-top: 0cm;\" start=\"1\" type=\"1\"><li class=\"MsoNormal\"><b>Offres de produits\u00a0:<\/b> Notre portefeuille comprend une vari\u00e9t\u00e9 de produits haut de gamme tels que des traitements de soins de la peau avanc\u00e9s, des produits injectables comme le Botox et les produits de comblement, et d&rsquo;autres am\u00e9liorations esth\u00e9tiques non chirurgicales. Ces produits sont s\u00e9lectionn\u00e9s pour leur efficacit\u00e9, leur s\u00e9curit\u00e9 et leur innovation, garantissant \u00e0 nos partenaires l&rsquo;acc\u00e8s aux meilleures solutions du march\u00e9.<\/li><li class=\"MsoNormal\"><b>\u00c9quipement et mobilier\u00a0:<\/b> nous fournissons \u00e9galement des \u00e9quipements m\u00e9dicaux et esth\u00e9tiques de pointe, ainsi que du mobilier \u00e9l\u00e9gant et fonctionnel con\u00e7u pour les environnements m\u00e9dicaux. Cela aide les cliniques \u00e0 cr\u00e9er une atmosph\u00e8re accueillante et professionnelle, tout en garantissant qu&rsquo;elles sont \u00e9quip\u00e9es des derni\u00e8res technologies pour effectuer des traitements efficacement.<\/li><li class=\"MsoNormal\"><b>Support complet\u00a0:<\/b> comprenant les besoins sp\u00e9cifiques des praticiens de l&rsquo;esth\u00e9tique m\u00e9dicale, nous offrons un soutien complet qui va au-del\u00e0 de la fourniture de produits. Cela comprend des programmes de formation pour les praticiens sur la fa\u00e7on d&rsquo;utiliser les produits et l&rsquo;\u00e9quipement de mani\u00e8re s\u00fbre et efficace, en veillant \u00e0 ce qu&rsquo;ils soient bien \u00e9quip\u00e9s pour r\u00e9pondre aux besoins de leurs patients.<\/li><\/ol><p>\u00a0<\/p><p class=\"MsoNormal\"><b>Pourquoi s&rsquo;associer \u00e0 notre division d&rsquo;esth\u00e9tique m\u00e9dicale\u00a0:<\/b><\/p><ol style=\"margin-top: 0cm;\" start=\"1\" type=\"1\"><li class=\"MsoNormal\"><b>Expertise en esth\u00e9tique :<\/b> Tirant parti de notre vaste exp\u00e9rience dans le secteur de la beaut\u00e9 au sens large, nous apportons des informations pr\u00e9cieuses sur les attentes des consommateurs et les tendances esth\u00e9tiques. Ces connaissances sont vitales pour les cliniques m\u00e9dicales qui souhaitent aligner leurs offres sur les derni\u00e8res tendances en mati\u00e8re de beaut\u00e9 et de bien-\u00eatre.<\/li><li class=\"MsoNormal\"><b>Normes \u00e9lev\u00e9es de qualit\u00e9 et de conformit\u00e9 :<\/b> Tous les produits et \u00e9quipements de notre portefeuille r\u00e9pondent \u00e0 des normes de s\u00e9curit\u00e9 rigoureuses et sont conformes aux r\u00e9glementations sanitaires. Notre engagement envers la qualit\u00e9 garantit que les cliniques non seulement respectent les directives locales et internationales, mais gagnent \u00e9galement la confiance de leurs clients gr\u00e2ce \u00e0 des traitements fiables, s\u00fbrs et efficaces.<\/li><\/ol><p>\u00a0<\/p><p><strong>\u00c9tablir des partenariats \u00e0 long terme :<\/strong> Notre objectif n&rsquo;est pas seulement d&rsquo;\u00eatre un fournisseur, mais d&rsquo;\u00eatre un partenaire \u00e0 long terme pour nos clients dans le domaine de l&rsquo;esth\u00e9tique m\u00e9dicale. En offrant un soutien continu, une formation continue et des mises \u00e0 jour r\u00e9guli\u00e8res sur les innovations du secteur, nous garantissons que nos partenaires sont toujours \u00e0 la pointe des traitements m\u00e9dico-esth\u00e9tiques. Cette approche les aide \u00e0 d\u00e9velopper leur activit\u00e9, \u00e0 am\u00e9liorer leur r\u00e9putation et \u00e0 am\u00e9liorer la satisfaction des clients.<\/p>\t\t\t\t\t\t\t\t<\/div>\n\t\t\t\t<\/div>\n\t\t\t\t\t<\/div>\n\t\t\t\t<\/div>\n\t\t\t\t<\/div>\n\t\t","protected":false},"excerpt":{"rendered":"<p>MADI M\u00e9dical MADI Medical se consacre \u00e0 faire progresser l&rsquo;intersection entre la beaut\u00e9 et les soins de sant\u00e9 gr\u00e2ce \u00e0 des solutions d&rsquo;esth\u00e9tique m\u00e9dicale de pointe. Cette division s&rsquo;adresse principalement aux cliniques de beaut\u00e9, aux cliniques m\u00e9dicales, aux h\u00f4pitaux et autres \u00e9tablissements de sant\u00e9, en leur fournissant des produits et des \u00e9quipements de haute qualit\u00e9 [&hellip;]<\/p>\n","protected":false},"author":1,"featured_media":0,"parent":10739,"menu_order":0,"comment_status":"closed","ping_status":"closed","template":"","meta":{"_acf_changed":false,"footnotes":""},"class_list":["post-11381","page","type-page","status-publish","hentry"],"acf":[],"yoast_head":"<!-- This site is optimized with the Yoast SEO plugin v27.4 - https:\/\/yoast.com\/product\/yoast-seo-wordpress\/ -->\n<title>Madi Group - Empowering Beauty, Innovation and Growth<\/title>\n<meta name=\"description\" content=\"Discover Madi Group\u2019s legacy of innovation in beauty. Explore our dynamic ventures in distribution, retail, education, and manufacturing across the Middle East since 1991.\" \/>\n<meta name=\"robots\" content=\"index, follow, max-snippet:-1, max-image-preview:large, max-video-preview:-1\" \/>\n<link rel=\"canonical\" href=\"https:\/\/madigroup.com\/fr\/distribution\/madi-medical\/\" \/>\n<meta property=\"og:locale\" content=\"fr_FR\" \/>\n<meta property=\"og:type\" content=\"article\" \/>\n<meta property=\"og:title\" content=\"Madi Group - Empowering Beauty, Innovation and Growth\" \/>\n<meta property=\"og:description\" content=\"Discover Madi Group\u2019s legacy of innovation in beauty. Explore our dynamic ventures in distribution, retail, education, and manufacturing across the Middle East since 1991.\" \/>\n<meta property=\"og:url\" content=\"https:\/\/madigroup.com\/fr\/distribution\/madi-medical\/\" \/>\n<meta property=\"og:site_name\" content=\"Groupe MADI\" \/>\n<meta property=\"article:publisher\" content=\"https:\/\/www.facebook.com\/Madi.International\/\" \/>\n<meta property=\"article:modified_time\" content=\"2024-09-13T03:52:09+00:00\" \/>\n<meta property=\"og:image\" content=\"https:\/\/madigroup.com\/wp-content\/uploads\/2021\/05\/cropped-favicon-dark.png\" \/>\n\t<meta property=\"og:image:width\" content=\"512\" \/>\n\t<meta property=\"og:image:height\" content=\"512\" \/>\n\t<meta property=\"og:image:type\" content=\"image\/png\" \/>\n<meta name=\"twitter:card\" content=\"summary_large_image\" \/>\n<meta name=\"twitter:label1\" content=\"Dur\u00e9e de lecture estim\u00e9e\" \/>\n\t<meta name=\"twitter:data1\" content=\"3 minutes\" \/>\n<script type=\"application\/ld+json\" class=\"yoast-schema-graph\">{\"@context\":\"https:\\\/\\\/schema.org\",\"@graph\":[{\"@type\":\"Article\",\"@id\":\"https:\\\/\\\/madigroup.com\\\/fr\\\/distribution\\\/madi-medical\\\/#article\",\"isPartOf\":{\"@id\":\"https:\\\/\\\/madigroup.com\\\/fr\\\/distribution\\\/madi-medical\\\/\"},\"author\":{\"name\":\"madi_admin\",\"@id\":\"https:\\\/\\\/madigroup.com\\\/#\\\/schema\\\/person\\\/11a3753e1909bdec36482681711ee73f\"},\"headline\":\"MADI M\u00e9dical\",\"datePublished\":\"2023-10-23T06:49:35+00:00\",\"dateModified\":\"2024-09-13T03:52:09+00:00\",\"mainEntityOfPage\":{\"@id\":\"https:\\\/\\\/madigroup.com\\\/fr\\\/distribution\\\/madi-medical\\\/\"},\"wordCount\":562,\"publisher\":{\"@id\":\"https:\\\/\\\/madigroup.com\\\/#organization\"},\"inLanguage\":\"fr-FR\"},{\"@type\":\"WebPage\",\"@id\":\"https:\\\/\\\/madigroup.com\\\/fr\\\/distribution\\\/madi-medical\\\/\",\"url\":\"https:\\\/\\\/madigroup.com\\\/fr\\\/distribution\\\/madi-medical\\\/\",\"name\":\"Madi Group - Empowering Beauty, Innovation and Growth\",\"isPartOf\":{\"@id\":\"https:\\\/\\\/madigroup.com\\\/#website\"},\"datePublished\":\"2023-10-23T06:49:35+00:00\",\"dateModified\":\"2024-09-13T03:52:09+00:00\",\"description\":\"Discover Madi Group\u2019s legacy of innovation in beauty. Explore our dynamic ventures in distribution, retail, education, and manufacturing across the Middle East since 1991.\",\"breadcrumb\":{\"@id\":\"https:\\\/\\\/madigroup.com\\\/fr\\\/distribution\\\/madi-medical\\\/#breadcrumb\"},\"inLanguage\":\"fr-FR\",\"potentialAction\":[{\"@type\":\"ReadAction\",\"target\":[\"https:\\\/\\\/madigroup.com\\\/fr\\\/distribution\\\/madi-medical\\\/\"]}]},{\"@type\":\"BreadcrumbList\",\"@id\":\"https:\\\/\\\/madigroup.com\\\/fr\\\/distribution\\\/madi-medical\\\/#breadcrumb\",\"itemListElement\":[{\"@type\":\"ListItem\",\"position\":1,\"name\":\"Home\",\"item\":\"https:\\\/\\\/madigroup.com\\\/fr\\\/domicile\\\/\"},{\"@type\":\"ListItem\",\"position\":2,\"name\":\"Distribution\",\"item\":\"https:\\\/\\\/madigroup.com\\\/fr\\\/distribution\\\/\"},{\"@type\":\"ListItem\",\"position\":3,\"name\":\"MADI M\u00e9dical\"}]},{\"@type\":\"WebSite\",\"@id\":\"https:\\\/\\\/madigroup.com\\\/#website\",\"url\":\"https:\\\/\\\/madigroup.com\\\/\",\"name\":\"https:\\\/\\\/madigroup.com\\\/\",\"description\":\"Global Distributor of Professional Salon Products | Hair, Skin, and Nail Care Supplies\",\"publisher\":{\"@id\":\"https:\\\/\\\/madigroup.com\\\/#organization\"},\"alternateName\":\"Madi Group\",\"potentialAction\":[{\"@type\":\"SearchAction\",\"target\":{\"@type\":\"EntryPoint\",\"urlTemplate\":\"https:\\\/\\\/madigroup.com\\\/?s={search_term_string}\"},\"query-input\":{\"@type\":\"PropertyValueSpecification\",\"valueRequired\":true,\"valueName\":\"search_term_string\"}}],\"inLanguage\":\"fr-FR\"},{\"@type\":\"Organization\",\"@id\":\"https:\\\/\\\/madigroup.com\\\/#organization\",\"name\":\"Madi Group\",\"url\":\"https:\\\/\\\/madigroup.com\\\/\",\"logo\":{\"@type\":\"ImageObject\",\"inLanguage\":\"fr-FR\",\"@id\":\"https:\\\/\\\/madigroup.com\\\/#\\\/schema\\\/logo\\\/image\\\/\",\"url\":\"https:\\\/\\\/madigroup.com\\\/wp-content\\\/uploads\\\/2021\\\/05\\\/favicon-dark.png\",\"contentUrl\":\"https:\\\/\\\/madigroup.com\\\/wp-content\\\/uploads\\\/2021\\\/05\\\/favicon-dark.png\",\"width\":512,\"height\":512,\"caption\":\"Madi Group\"},\"image\":{\"@id\":\"https:\\\/\\\/madigroup.com\\\/#\\\/schema\\\/logo\\\/image\\\/\"},\"sameAs\":[\"https:\\\/\\\/www.facebook.com\\\/Madi.International\\\/\",\"https:\\\/\\\/www.instagram.com\\\/madi_intl\\\/\",\"https:\\\/\\\/www.linkedin.com\\\/company\\\/madi-international\\\/\"]},{\"@type\":\"Person\",\"@id\":\"https:\\\/\\\/madigroup.com\\\/#\\\/schema\\\/person\\\/11a3753e1909bdec36482681711ee73f\",\"name\":\"madi_admin\",\"image\":{\"@type\":\"ImageObject\",\"inLanguage\":\"fr-FR\",\"@id\":\"https:\\\/\\\/secure.gravatar.com\\\/avatar\\\/7367d1085462226c651b4faf7cb5d187a43c34bb78e0f7c7fb1a3f1e32cf8b46?s=96&d=mm&r=g\",\"url\":\"https:\\\/\\\/secure.gravatar.com\\\/avatar\\\/7367d1085462226c651b4faf7cb5d187a43c34bb78e0f7c7fb1a3f1e32cf8b46?s=96&d=mm&r=g\",\"contentUrl\":\"https:\\\/\\\/secure.gravatar.com\\\/avatar\\\/7367d1085462226c651b4faf7cb5d187a43c34bb78e0f7c7fb1a3f1e32cf8b46?s=96&d=mm&r=g\",\"caption\":\"madi_admin\"},\"sameAs\":[\"https:\\\/\\\/madigroup.com\"],\"url\":\"https:\\\/\\\/madigroup.com\\\/fr\\\/author\\\/madi_admin\\\/\"}]}<\/script>\n<!-- \/ Yoast SEO plugin. -->","yoast_head_json":{"title":"Madi Group - Empowering Beauty, Innovation and Growth","description":"Discover Madi Group\u2019s legacy of innovation in beauty. Explore our dynamic ventures in distribution, retail, education, and manufacturing across the Middle East since 1991.","robots":{"index":"index","follow":"follow","max-snippet":"max-snippet:-1","max-image-preview":"max-image-preview:large","max-video-preview":"max-video-preview:-1"},"canonical":"https:\/\/madigroup.com\/fr\/distribution\/madi-medical\/","og_locale":"fr_FR","og_type":"article","og_title":"Madi Group - Empowering Beauty, Innovation and Growth","og_description":"Discover Madi Group\u2019s legacy of innovation in beauty. Explore our dynamic ventures in distribution, retail, education, and manufacturing across the Middle East since 1991.","og_url":"https:\/\/madigroup.com\/fr\/distribution\/madi-medical\/","og_site_name":"Groupe MADI","article_publisher":"https:\/\/www.facebook.com\/Madi.International\/","article_modified_time":"2024-09-13T03:52:09+00:00","og_image":[{"width":512,"height":512,"url":"https:\/\/madigroup.com\/wp-content\/uploads\/2021\/05\/cropped-favicon-dark.png","type":"image\/png"}],"twitter_card":"summary_large_image","twitter_misc":{"Dur\u00e9e de lecture estim\u00e9e":"3 minutes"},"schema":{"@context":"https:\/\/schema.org","@graph":[{"@type":"Article","@id":"https:\/\/madigroup.com\/fr\/distribution\/madi-medical\/#article","isPartOf":{"@id":"https:\/\/madigroup.com\/fr\/distribution\/madi-medical\/"},"author":{"name":"madi_admin","@id":"https:\/\/madigroup.com\/#\/schema\/person\/11a3753e1909bdec36482681711ee73f"},"headline":"MADI M\u00e9dical","datePublished":"2023-10-23T06:49:35+00:00","dateModified":"2024-09-13T03:52:09+00:00","mainEntityOfPage":{"@id":"https:\/\/madigroup.com\/fr\/distribution\/madi-medical\/"},"wordCount":562,"publisher":{"@id":"https:\/\/madigroup.com\/#organization"},"inLanguage":"fr-FR"},{"@type":"WebPage","@id":"https:\/\/madigroup.com\/fr\/distribution\/madi-medical\/","url":"https:\/\/madigroup.com\/fr\/distribution\/madi-medical\/","name":"Madi Group - Empowering Beauty, Innovation and Growth","isPartOf":{"@id":"https:\/\/madigroup.com\/#website"},"datePublished":"2023-10-23T06:49:35+00:00","dateModified":"2024-09-13T03:52:09+00:00","description":"Discover Madi Group\u2019s legacy of innovation in beauty. Explore our dynamic ventures in distribution, retail, education, and manufacturing across the Middle East since 1991.","breadcrumb":{"@id":"https:\/\/madigroup.com\/fr\/distribution\/madi-medical\/#breadcrumb"},"inLanguage":"fr-FR","potentialAction":[{"@type":"ReadAction","target":["https:\/\/madigroup.com\/fr\/distribution\/madi-medical\/"]}]},{"@type":"BreadcrumbList","@id":"https:\/\/madigroup.com\/fr\/distribution\/madi-medical\/#breadcrumb","itemListElement":[{"@type":"ListItem","position":1,"name":"Home","item":"https:\/\/madigroup.com\/fr\/domicile\/"},{"@type":"ListItem","position":2,"name":"Distribution","item":"https:\/\/madigroup.com\/fr\/distribution\/"},{"@type":"ListItem","position":3,"name":"MADI M\u00e9dical"}]},{"@type":"WebSite","@id":"https:\/\/madigroup.com\/#website","url":"https:\/\/madigroup.com\/","name":"https:\/\/madigroup.com\/","description":"Global Distributor of Professional Salon Products | Hair, Skin, and Nail Care Supplies","publisher":{"@id":"https:\/\/madigroup.com\/#organization"},"alternateName":"Madi Group","potentialAction":[{"@type":"SearchAction","target":{"@type":"EntryPoint","urlTemplate":"https:\/\/madigroup.com\/?s={search_term_string}"},"query-input":{"@type":"PropertyValueSpecification","valueRequired":true,"valueName":"search_term_string"}}],"inLanguage":"fr-FR"},{"@type":"Organization","@id":"https:\/\/madigroup.com\/#organization","name":"Madi Group","url":"https:\/\/madigroup.com\/","logo":{"@type":"ImageObject","inLanguage":"fr-FR","@id":"https:\/\/madigroup.com\/#\/schema\/logo\/image\/","url":"https:\/\/madigroup.com\/wp-content\/uploads\/2021\/05\/favicon-dark.png","contentUrl":"https:\/\/madigroup.com\/wp-content\/uploads\/2021\/05\/favicon-dark.png","width":512,"height":512,"caption":"Madi Group"},"image":{"@id":"https:\/\/madigroup.com\/#\/schema\/logo\/image\/"},"sameAs":["https:\/\/www.facebook.com\/Madi.International\/","https:\/\/www.instagram.com\/madi_intl\/","https:\/\/www.linkedin.com\/company\/madi-international\/"]},{"@type":"Person","@id":"https:\/\/madigroup.com\/#\/schema\/person\/11a3753e1909bdec36482681711ee73f","name":"madi_admin","image":{"@type":"ImageObject","inLanguage":"fr-FR","@id":"https:\/\/secure.gravatar.com\/avatar\/7367d1085462226c651b4faf7cb5d187a43c34bb78e0f7c7fb1a3f1e32cf8b46?s=96&d=mm&r=g","url":"https:\/\/secure.gravatar.com\/avatar\/7367d1085462226c651b4faf7cb5d187a43c34bb78e0f7c7fb1a3f1e32cf8b46?s=96&d=mm&r=g","contentUrl":"https:\/\/secure.gravatar.com\/avatar\/7367d1085462226c651b4faf7cb5d187a43c34bb78e0f7c7fb1a3f1e32cf8b46?s=96&d=mm&r=g","caption":"madi_admin"},"sameAs":["https:\/\/madigroup.com"],"url":"https:\/\/madigroup.com\/fr\/author\/madi_admin\/"}]}},"_links":{"self":[{"href":"https:\/\/madigroup.com\/fr\/wp-json\/wp\/v2\/pages\/11381","targetHints":{"allow":["GET"]}}],"collection":[{"href":"https:\/\/madigroup.com\/fr\/wp-json\/wp\/v2\/pages"}],"about":[{"href":"https:\/\/madigroup.com\/fr\/wp-json\/wp\/v2\/types\/page"}],"author":[{"embeddable":true,"href":"https:\/\/madigroup.com\/fr\/wp-json\/wp\/v2\/users\/1"}],"replies":[{"embeddable":true,"href":"https:\/\/madigroup.com\/fr\/wp-json\/wp\/v2\/comments?post=11381"}],"version-history":[{"count":0,"href":"https:\/\/madigroup.com\/fr\/wp-json\/wp\/v2\/pages\/11381\/revisions"}],"up":[{"embeddable":true,"href":"https:\/\/madigroup.com\/fr\/wp-json\/wp\/v2\/pages\/10739"}],"wp:attachment":[{"href":"https:\/\/madigroup.com\/fr\/wp-json\/wp\/v2\/media?parent=11381"}],"curies":[{"name":"wp","href":"https:\/\/api.w.org\/{rel}","templated":true}]}}