{"id":10941,"date":"2023-10-24T06:19:47","date_gmt":"2023-10-24T06:19:47","guid":{"rendered":"https:\/\/madigroup.com\/distribution\/madi-international\/commerce-de-gros-et-exportation\/"},"modified":"2024-09-13T01:20:52","modified_gmt":"2024-09-13T01:20:52","slug":"commerce-de-gros-et-exportation","status":"publish","type":"page","link":"https:\/\/madigroup.com\/fr\/distribution\/madi-international\/commerce-de-gros-et-exportation\/","title":{"rendered":"Commerce de gros et exportation"},"content":{"rendered":"\t\t<div data-elementor-type=\"wp-page\" data-elementor-id=\"10941\" class=\"elementor elementor-10941 elementor-3866\">\n\t\t\t\t\t\t<section class=\"elementor-section elementor-top-section elementor-element elementor-element-3d570f0 elementor-section-height-min-height elementor-section-full_width elementor-section-height-default elementor-section-items-middle\" data-id=\"3d570f0\" data-element_type=\"section\" data-e-type=\"section\" data-settings=\"{&quot;background_background&quot;:&quot;classic&quot;}\">\n\t\t\t\t\t\t<div class=\"elementor-container elementor-column-gap-no\">\n\t\t\t\t\t<div class=\"elementor-column elementor-col-100 elementor-top-column elementor-element elementor-element-49d6767\" data-id=\"49d6767\" data-element_type=\"column\" data-e-type=\"column\">\n\t\t\t<div class=\"elementor-widget-wrap\">\n\t\t\t\t\t\t\t<\/div>\n\t\t<\/div>\n\t\t\t\t\t<\/div>\n\t\t<\/section>\n\t\t        \t\t<section class=\"elementor-section elementor-top-section elementor-element elementor-element-1235bf7 elementor-section-content-middle elementor-section-boxed elementor-section-height-default elementor-section-height-default\" data-id=\"1235bf7\" data-element_type=\"section\" data-e-type=\"section\" data-settings=\"{&quot;background_background&quot;:&quot;classic&quot;}\">\n\t\t\t\t\t\t<div class=\"elementor-container elementor-column-gap-extended\">\n\t\t\t\t\t<div class=\"elementor-column elementor-col-100 elementor-top-column elementor-element elementor-element-f93482e\" data-id=\"f93482e\" data-element_type=\"column\" data-e-type=\"column\">\n\t\t\t<div class=\"elementor-widget-wrap elementor-element-populated\">\n\t\t\t\t\t\t<div class=\"elementor-element elementor-element-f6a1fe9 elementor-widget elementor-widget-heading\" data-id=\"f6a1fe9\" data-element_type=\"widget\" data-e-type=\"widget\" data-widget_type=\"heading.default\">\n\t\t\t\t<div class=\"elementor-widget-container\">\n\t\t\t\t\t<h2 class=\"elementor-heading-title elementor-size-default\">Division du commerce de gros et de l'exportation<\/h2>\t\t\t\t<\/div>\n\t\t\t\t<\/div>\n\t\t\t\t<div class=\"elementor-element elementor-element-0a48738 elementor-widget elementor-widget-text-editor\" data-id=\"0a48738\" data-element_type=\"widget\" data-e-type=\"widget\" data-widget_type=\"text-editor.default\">\n\t\t\t\t<div class=\"elementor-widget-container\">\n\t\t\t\t\t\t\t\t\t<p class=\"MsoNormal\">La division du commerce de gros et de l&rsquo;exportation de Madi International joue un r\u00f4le crucial dans notre strat\u00e9gie de distribution \u00e9tendue, en veillant \u00e0 ce que nos produits et services atteignent un large \u00e9ventail de march\u00e9s, tant \u00e0 l&rsquo;int\u00e9rieur qu&rsquo;\u00e0 l&rsquo;ext\u00e9rieur de notre pr\u00e9sence g\u00e9ographique imm\u00e9diate.\nCette division est essentielle pour acc\u00e9der \u00e0 des segments de march\u00e9 plus restreints et pour \u00e9tendre notre port\u00e9e \u00e0 de nouveaux territoires. <\/p><p class=\"MsoNormal\"><br><\/p>\n<p class=\"MsoNormal\">Nos op\u00e9rations d&rsquo;exportation sont con\u00e7ues pour \u00e9tendre notre port\u00e9e au-del\u00e0 de nos march\u00e9s \u00e9tablis dans les \u00c9mirats arabes unis, en Arabie saoudite, au Qatar, \u00e0 Oman et \u00e0 Bahre\u00efn.\nNous identifions et collaborons avec des sous-distributeurs dans les pays du Moyen-Orient o\u00f9 nous ne sommes pas directement pr\u00e9sents.\nCette approche nous permet d&rsquo;\u00e9tendre efficacement nos activit\u00e9s et d&rsquo;accro\u00eetre la disponibilit\u00e9 de nos produits dans ces r\u00e9gions.  <\/p><p class=\"MsoNormal\"><br><\/p>\n<p class=\"MsoNormal\">Gr\u00e2ce \u00e0 la division du commerce de gros et de l&rsquo;exportation, Madi International \u00e9largit non seulement ses capacit\u00e9s de distribution, mais renforce \u00e9galement son r\u00f4le en tant qu&rsquo;acteur cl\u00e9 du march\u00e9 mondial de la beaut\u00e9, en offrant \u00e0 ses partenaires des possibilit\u00e9s exceptionnelles de croissance et d&rsquo;expansion dans divers environnements de march\u00e9.<\/p>\t\t\t\t\t\t\t\t<\/div>\n\t\t\t\t<\/div>\n\t\t\t\t\t<\/div>\n\t\t<\/div>\n\t\t\t\t\t<\/div>\n\t\t<\/section>\n\t\t        \t\t<\/div>\n\t\t","protected":false},"excerpt":{"rendered":"<p>Division du commerce de gros et de l&rsquo;exportation La division du commerce de gros et de l&rsquo;exportation de Madi International joue un r\u00f4le crucial dans notre strat\u00e9gie de distribution \u00e9tendue, en veillant \u00e0 ce que nos produits et services atteignent un large \u00e9ventail de march\u00e9s, tant \u00e0 l&rsquo;int\u00e9rieur qu&rsquo;\u00e0 l&rsquo;ext\u00e9rieur de notre pr\u00e9sence g\u00e9ographique imm\u00e9diate. [&hellip;]<\/p>\n","protected":false},"author":1,"featured_media":0,"parent":10882,"menu_order":0,"comment_status":"closed","ping_status":"closed","template":"","meta":{"_acf_changed":false,"footnotes":""},"class_list":["post-10941","page","type-page","status-publish","hentry"],"acf":[],"yoast_head":"<!-- This site is optimized with the Yoast SEO plugin v27.4 - https:\/\/yoast.com\/product\/yoast-seo-wordpress\/ -->\n<title>Madi Group - Empowering Beauty, Innovation and Growth<\/title>\n<meta name=\"description\" content=\"Discover Madi Group\u2019s legacy of innovation in beauty. Explore our dynamic ventures in distribution, retail, education, and manufacturing across the Middle East since 1991.\" \/>\n<meta name=\"robots\" content=\"index, follow, max-snippet:-1, max-image-preview:large, max-video-preview:-1\" \/>\n<link rel=\"canonical\" href=\"https:\/\/madigroup.com\/fr\/distribution\/madi-international\/commerce-de-gros-et-exportation\/\" \/>\n<meta property=\"og:locale\" content=\"fr_FR\" \/>\n<meta property=\"og:type\" content=\"article\" \/>\n<meta property=\"og:title\" content=\"Madi Group - Empowering Beauty, Innovation and Growth\" \/>\n<meta property=\"og:description\" content=\"Discover Madi Group\u2019s legacy of innovation in beauty. Explore our dynamic ventures in distribution, retail, education, and manufacturing across the Middle East since 1991.\" \/>\n<meta property=\"og:url\" content=\"https:\/\/madigroup.com\/fr\/distribution\/madi-international\/commerce-de-gros-et-exportation\/\" \/>\n<meta property=\"og:site_name\" content=\"Groupe MADI\" \/>\n<meta property=\"article:publisher\" content=\"https:\/\/www.facebook.com\/Madi.International\/\" \/>\n<meta property=\"article:modified_time\" content=\"2024-09-13T01:20:52+00:00\" \/>\n<meta property=\"og:image\" content=\"https:\/\/madigroup.com\/wp-content\/uploads\/2021\/05\/cropped-favicon-dark.png\" \/>\n\t<meta property=\"og:image:width\" content=\"512\" \/>\n\t<meta property=\"og:image:height\" content=\"512\" \/>\n\t<meta property=\"og:image:type\" content=\"image\/png\" \/>\n<meta name=\"twitter:card\" content=\"summary_large_image\" \/>\n<meta name=\"twitter:label1\" content=\"Dur\u00e9e de lecture estim\u00e9e\" \/>\n\t<meta name=\"twitter:data1\" content=\"1 minute\" \/>\n<script type=\"application\/ld+json\" class=\"yoast-schema-graph\">{\"@context\":\"https:\\\/\\\/schema.org\",\"@graph\":[{\"@type\":\"Article\",\"@id\":\"https:\\\/\\\/madigroup.com\\\/fr\\\/distribution\\\/madi-international\\\/commerce-de-gros-et-exportation\\\/#article\",\"isPartOf\":{\"@id\":\"https:\\\/\\\/madigroup.com\\\/fr\\\/distribution\\\/madi-international\\\/commerce-de-gros-et-exportation\\\/\"},\"author\":{\"name\":\"madi_admin\",\"@id\":\"https:\\\/\\\/madigroup.com\\\/#\\\/schema\\\/person\\\/11a3753e1909bdec36482681711ee73f\"},\"headline\":\"Commerce de gros et exportation\",\"datePublished\":\"2023-10-24T06:19:47+00:00\",\"dateModified\":\"2024-09-13T01:20:52+00:00\",\"mainEntityOfPage\":{\"@id\":\"https:\\\/\\\/madigroup.com\\\/fr\\\/distribution\\\/madi-international\\\/commerce-de-gros-et-exportation\\\/\"},\"wordCount\":225,\"publisher\":{\"@id\":\"https:\\\/\\\/madigroup.com\\\/#organization\"},\"inLanguage\":\"fr-FR\"},{\"@type\":\"WebPage\",\"@id\":\"https:\\\/\\\/madigroup.com\\\/fr\\\/distribution\\\/madi-international\\\/commerce-de-gros-et-exportation\\\/\",\"url\":\"https:\\\/\\\/madigroup.com\\\/fr\\\/distribution\\\/madi-international\\\/commerce-de-gros-et-exportation\\\/\",\"name\":\"Madi Group - Empowering Beauty, Innovation and Growth\",\"isPartOf\":{\"@id\":\"https:\\\/\\\/madigroup.com\\\/#website\"},\"datePublished\":\"2023-10-24T06:19:47+00:00\",\"dateModified\":\"2024-09-13T01:20:52+00:00\",\"description\":\"Discover Madi Group\u2019s legacy of innovation in beauty. Explore our dynamic ventures in distribution, retail, education, and manufacturing across the Middle East since 1991.\",\"breadcrumb\":{\"@id\":\"https:\\\/\\\/madigroup.com\\\/fr\\\/distribution\\\/madi-international\\\/commerce-de-gros-et-exportation\\\/#breadcrumb\"},\"inLanguage\":\"fr-FR\",\"potentialAction\":[{\"@type\":\"ReadAction\",\"target\":[\"https:\\\/\\\/madigroup.com\\\/fr\\\/distribution\\\/madi-international\\\/commerce-de-gros-et-exportation\\\/\"]}]},{\"@type\":\"BreadcrumbList\",\"@id\":\"https:\\\/\\\/madigroup.com\\\/fr\\\/distribution\\\/madi-international\\\/commerce-de-gros-et-exportation\\\/#breadcrumb\",\"itemListElement\":[{\"@type\":\"ListItem\",\"position\":1,\"name\":\"Home\",\"item\":\"https:\\\/\\\/madigroup.com\\\/fr\\\/domicile\\\/\"},{\"@type\":\"ListItem\",\"position\":2,\"name\":\"Distribution\",\"item\":\"https:\\\/\\\/madigroup.com\\\/fr\\\/distribution\\\/\"},{\"@type\":\"ListItem\",\"position\":3,\"name\":\"MADI International\",\"item\":\"https:\\\/\\\/madigroup.com\\\/fr\\\/distribution\\\/madi-international\\\/\"},{\"@type\":\"ListItem\",\"position\":4,\"name\":\"Commerce de gros et exportation\"}]},{\"@type\":\"WebSite\",\"@id\":\"https:\\\/\\\/madigroup.com\\\/#website\",\"url\":\"https:\\\/\\\/madigroup.com\\\/\",\"name\":\"https:\\\/\\\/madigroup.com\\\/\",\"description\":\"Global Distributor of Professional Salon Products | Hair, Skin, and Nail Care Supplies\",\"publisher\":{\"@id\":\"https:\\\/\\\/madigroup.com\\\/#organization\"},\"alternateName\":\"Madi Group\",\"potentialAction\":[{\"@type\":\"SearchAction\",\"target\":{\"@type\":\"EntryPoint\",\"urlTemplate\":\"https:\\\/\\\/madigroup.com\\\/?s={search_term_string}\"},\"query-input\":{\"@type\":\"PropertyValueSpecification\",\"valueRequired\":true,\"valueName\":\"search_term_string\"}}],\"inLanguage\":\"fr-FR\"},{\"@type\":\"Organization\",\"@id\":\"https:\\\/\\\/madigroup.com\\\/#organization\",\"name\":\"Madi Group\",\"url\":\"https:\\\/\\\/madigroup.com\\\/\",\"logo\":{\"@type\":\"ImageObject\",\"inLanguage\":\"fr-FR\",\"@id\":\"https:\\\/\\\/madigroup.com\\\/#\\\/schema\\\/logo\\\/image\\\/\",\"url\":\"https:\\\/\\\/madigroup.com\\\/wp-content\\\/uploads\\\/2021\\\/05\\\/favicon-dark.png\",\"contentUrl\":\"https:\\\/\\\/madigroup.com\\\/wp-content\\\/uploads\\\/2021\\\/05\\\/favicon-dark.png\",\"width\":512,\"height\":512,\"caption\":\"Madi Group\"},\"image\":{\"@id\":\"https:\\\/\\\/madigroup.com\\\/#\\\/schema\\\/logo\\\/image\\\/\"},\"sameAs\":[\"https:\\\/\\\/www.facebook.com\\\/Madi.International\\\/\",\"https:\\\/\\\/www.instagram.com\\\/madi_intl\\\/\",\"https:\\\/\\\/www.linkedin.com\\\/company\\\/madi-international\\\/\"]},{\"@type\":\"Person\",\"@id\":\"https:\\\/\\\/madigroup.com\\\/#\\\/schema\\\/person\\\/11a3753e1909bdec36482681711ee73f\",\"name\":\"madi_admin\",\"image\":{\"@type\":\"ImageObject\",\"inLanguage\":\"fr-FR\",\"@id\":\"https:\\\/\\\/secure.gravatar.com\\\/avatar\\\/7367d1085462226c651b4faf7cb5d187a43c34bb78e0f7c7fb1a3f1e32cf8b46?s=96&d=mm&r=g\",\"url\":\"https:\\\/\\\/secure.gravatar.com\\\/avatar\\\/7367d1085462226c651b4faf7cb5d187a43c34bb78e0f7c7fb1a3f1e32cf8b46?s=96&d=mm&r=g\",\"contentUrl\":\"https:\\\/\\\/secure.gravatar.com\\\/avatar\\\/7367d1085462226c651b4faf7cb5d187a43c34bb78e0f7c7fb1a3f1e32cf8b46?s=96&d=mm&r=g\",\"caption\":\"madi_admin\"},\"sameAs\":[\"https:\\\/\\\/madigroup.com\"],\"url\":\"https:\\\/\\\/madigroup.com\\\/fr\\\/author\\\/madi_admin\\\/\"}]}<\/script>\n<!-- \/ Yoast SEO plugin. -->","yoast_head_json":{"title":"Madi Group - Empowering Beauty, Innovation and Growth","description":"Discover Madi Group\u2019s legacy of innovation in beauty. Explore our dynamic ventures in distribution, retail, education, and manufacturing across the Middle East since 1991.","robots":{"index":"index","follow":"follow","max-snippet":"max-snippet:-1","max-image-preview":"max-image-preview:large","max-video-preview":"max-video-preview:-1"},"canonical":"https:\/\/madigroup.com\/fr\/distribution\/madi-international\/commerce-de-gros-et-exportation\/","og_locale":"fr_FR","og_type":"article","og_title":"Madi Group - Empowering Beauty, Innovation and Growth","og_description":"Discover Madi Group\u2019s legacy of innovation in beauty. Explore our dynamic ventures in distribution, retail, education, and manufacturing across the Middle East since 1991.","og_url":"https:\/\/madigroup.com\/fr\/distribution\/madi-international\/commerce-de-gros-et-exportation\/","og_site_name":"Groupe MADI","article_publisher":"https:\/\/www.facebook.com\/Madi.International\/","article_modified_time":"2024-09-13T01:20:52+00:00","og_image":[{"width":512,"height":512,"url":"https:\/\/madigroup.com\/wp-content\/uploads\/2021\/05\/cropped-favicon-dark.png","type":"image\/png"}],"twitter_card":"summary_large_image","twitter_misc":{"Dur\u00e9e de lecture estim\u00e9e":"1 minute"},"schema":{"@context":"https:\/\/schema.org","@graph":[{"@type":"Article","@id":"https:\/\/madigroup.com\/fr\/distribution\/madi-international\/commerce-de-gros-et-exportation\/#article","isPartOf":{"@id":"https:\/\/madigroup.com\/fr\/distribution\/madi-international\/commerce-de-gros-et-exportation\/"},"author":{"name":"madi_admin","@id":"https:\/\/madigroup.com\/#\/schema\/person\/11a3753e1909bdec36482681711ee73f"},"headline":"Commerce de gros et exportation","datePublished":"2023-10-24T06:19:47+00:00","dateModified":"2024-09-13T01:20:52+00:00","mainEntityOfPage":{"@id":"https:\/\/madigroup.com\/fr\/distribution\/madi-international\/commerce-de-gros-et-exportation\/"},"wordCount":225,"publisher":{"@id":"https:\/\/madigroup.com\/#organization"},"inLanguage":"fr-FR"},{"@type":"WebPage","@id":"https:\/\/madigroup.com\/fr\/distribution\/madi-international\/commerce-de-gros-et-exportation\/","url":"https:\/\/madigroup.com\/fr\/distribution\/madi-international\/commerce-de-gros-et-exportation\/","name":"Madi Group - Empowering Beauty, Innovation and Growth","isPartOf":{"@id":"https:\/\/madigroup.com\/#website"},"datePublished":"2023-10-24T06:19:47+00:00","dateModified":"2024-09-13T01:20:52+00:00","description":"Discover Madi Group\u2019s legacy of innovation in beauty. Explore our dynamic ventures in distribution, retail, education, and manufacturing across the Middle East since 1991.","breadcrumb":{"@id":"https:\/\/madigroup.com\/fr\/distribution\/madi-international\/commerce-de-gros-et-exportation\/#breadcrumb"},"inLanguage":"fr-FR","potentialAction":[{"@type":"ReadAction","target":["https:\/\/madigroup.com\/fr\/distribution\/madi-international\/commerce-de-gros-et-exportation\/"]}]},{"@type":"BreadcrumbList","@id":"https:\/\/madigroup.com\/fr\/distribution\/madi-international\/commerce-de-gros-et-exportation\/#breadcrumb","itemListElement":[{"@type":"ListItem","position":1,"name":"Home","item":"https:\/\/madigroup.com\/fr\/domicile\/"},{"@type":"ListItem","position":2,"name":"Distribution","item":"https:\/\/madigroup.com\/fr\/distribution\/"},{"@type":"ListItem","position":3,"name":"MADI International","item":"https:\/\/madigroup.com\/fr\/distribution\/madi-international\/"},{"@type":"ListItem","position":4,"name":"Commerce de gros et exportation"}]},{"@type":"WebSite","@id":"https:\/\/madigroup.com\/#website","url":"https:\/\/madigroup.com\/","name":"https:\/\/madigroup.com\/","description":"Global Distributor of Professional Salon Products | Hair, Skin, and Nail Care Supplies","publisher":{"@id":"https:\/\/madigroup.com\/#organization"},"alternateName":"Madi Group","potentialAction":[{"@type":"SearchAction","target":{"@type":"EntryPoint","urlTemplate":"https:\/\/madigroup.com\/?s={search_term_string}"},"query-input":{"@type":"PropertyValueSpecification","valueRequired":true,"valueName":"search_term_string"}}],"inLanguage":"fr-FR"},{"@type":"Organization","@id":"https:\/\/madigroup.com\/#organization","name":"Madi Group","url":"https:\/\/madigroup.com\/","logo":{"@type":"ImageObject","inLanguage":"fr-FR","@id":"https:\/\/madigroup.com\/#\/schema\/logo\/image\/","url":"https:\/\/madigroup.com\/wp-content\/uploads\/2021\/05\/favicon-dark.png","contentUrl":"https:\/\/madigroup.com\/wp-content\/uploads\/2021\/05\/favicon-dark.png","width":512,"height":512,"caption":"Madi Group"},"image":{"@id":"https:\/\/madigroup.com\/#\/schema\/logo\/image\/"},"sameAs":["https:\/\/www.facebook.com\/Madi.International\/","https:\/\/www.instagram.com\/madi_intl\/","https:\/\/www.linkedin.com\/company\/madi-international\/"]},{"@type":"Person","@id":"https:\/\/madigroup.com\/#\/schema\/person\/11a3753e1909bdec36482681711ee73f","name":"madi_admin","image":{"@type":"ImageObject","inLanguage":"fr-FR","@id":"https:\/\/secure.gravatar.com\/avatar\/7367d1085462226c651b4faf7cb5d187a43c34bb78e0f7c7fb1a3f1e32cf8b46?s=96&d=mm&r=g","url":"https:\/\/secure.gravatar.com\/avatar\/7367d1085462226c651b4faf7cb5d187a43c34bb78e0f7c7fb1a3f1e32cf8b46?s=96&d=mm&r=g","contentUrl":"https:\/\/secure.gravatar.com\/avatar\/7367d1085462226c651b4faf7cb5d187a43c34bb78e0f7c7fb1a3f1e32cf8b46?s=96&d=mm&r=g","caption":"madi_admin"},"sameAs":["https:\/\/madigroup.com"],"url":"https:\/\/madigroup.com\/fr\/author\/madi_admin\/"}]}},"_links":{"self":[{"href":"https:\/\/madigroup.com\/fr\/wp-json\/wp\/v2\/pages\/10941","targetHints":{"allow":["GET"]}}],"collection":[{"href":"https:\/\/madigroup.com\/fr\/wp-json\/wp\/v2\/pages"}],"about":[{"href":"https:\/\/madigroup.com\/fr\/wp-json\/wp\/v2\/types\/page"}],"author":[{"embeddable":true,"href":"https:\/\/madigroup.com\/fr\/wp-json\/wp\/v2\/users\/1"}],"replies":[{"embeddable":true,"href":"https:\/\/madigroup.com\/fr\/wp-json\/wp\/v2\/comments?post=10941"}],"version-history":[{"count":0,"href":"https:\/\/madigroup.com\/fr\/wp-json\/wp\/v2\/pages\/10941\/revisions"}],"up":[{"embeddable":true,"href":"https:\/\/madigroup.com\/fr\/wp-json\/wp\/v2\/pages\/10882"}],"wp:attachment":[{"href":"https:\/\/madigroup.com\/fr\/wp-json\/wp\/v2\/media?parent=10941"}],"curies":[{"name":"wp","href":"https:\/\/api.w.org\/{rel}","templated":true}]}}