{"id":10885,"date":"2023-10-23T07:29:10","date_gmt":"2023-10-23T07:29:10","guid":{"rendered":"https:\/\/madigroup.com\/distribution\/madi-international\/division-du-commerce-electronique-b2b\/"},"modified":"2024-09-11T07:50:24","modified_gmt":"2024-09-11T07:50:24","slug":"division-du-commerce-electronique-b2b","status":"publish","type":"page","link":"https:\/\/madigroup.com\/fr\/distribution\/madi-international\/division-du-commerce-electronique-b2b\/","title":{"rendered":"Division du commerce \u00e9lectronique B2B"},"content":{"rendered":"\t\t<div data-elementor-type=\"wp-page\" data-elementor-id=\"10885\" class=\"elementor elementor-10885 elementor-3753\">\n\t\t\t\t<div class=\"elementor-element elementor-element-f27d8cc e-con-full e-flex e-con e-parent\" data-id=\"f27d8cc\" data-element_type=\"container\" data-e-type=\"container\" data-settings=\"{&quot;background_background&quot;:&quot;classic&quot;}\">\n\t\t<div class=\"elementor-element elementor-element-fcf24cd e-con-full e-flex e-con e-child\" data-id=\"fcf24cd\" data-element_type=\"container\" data-e-type=\"container\">\n\t\t\t\t<\/div>\n\t\t\t\t<\/div>\n\t\t<div class=\"elementor-element elementor-element-137d814 e-flex e-con-boxed e-con e-parent\" data-id=\"137d814\" data-element_type=\"container\" data-e-type=\"container\" data-settings=\"{&quot;background_background&quot;:&quot;classic&quot;}\">\n\t\t\t\t\t<div class=\"e-con-inner\">\n\t\t<div class=\"elementor-element elementor-element-1b041db e-con-full e-flex e-con e-child\" data-id=\"1b041db\" data-element_type=\"container\" data-e-type=\"container\">\n\t\t\t\t<div class=\"elementor-element elementor-element-581eb7c elementor-widget elementor-widget-heading\" data-id=\"581eb7c\" data-element_type=\"widget\" data-e-type=\"widget\" data-widget_type=\"heading.default\">\n\t\t\t\t<div class=\"elementor-widget-container\">\n\t\t\t\t\t<h2 class=\"elementor-heading-title elementor-size-default\">Division du commerce \u00e9lectronique<\/h2>\t\t\t\t<\/div>\n\t\t\t\t<\/div>\n\t\t\t\t<div class=\"elementor-element elementor-element-278d067 elementor-widget elementor-widget-text-editor\" data-id=\"278d067\" data-element_type=\"widget\" data-e-type=\"widget\" data-widget_type=\"text-editor.default\">\n\t\t\t\t<div class=\"elementor-widget-container\">\n\t\t\t\t\t\t\t\t\t<p>La division E-commerce de Madi International est un \u00e9l\u00e9ment essentiel de notre approche globale du march\u00e9 de la beaut\u00e9, strat\u00e9giquement positionn\u00e9e pour capitaliser sur la transformation num\u00e9rique qui remod\u00e8le les habitudes d\u2019achat des consommateurs. Cette division nous permet d\u2019\u00e9tendre notre port\u00e9e, notre efficacit\u00e9 et notre innovation dans le domaine num\u00e9rique, en offrant aux consommateurs une exp\u00e9rience d\u2019achat en ligne transparente qui compl\u00e8te notre pr\u00e9sence physique dans le commerce de d\u00e9tail.<\/p><p><br><\/p>\n<p>Nos op\u00e9rations de commerce \u00e9lectronique sont int\u00e9gr\u00e9es sur les principales plateformes en ligne telles qu\u2019Amazon, Noon, Ounass, Namshi, Boutiqaat et autres, ainsi que sur nos sites Web de marques d\u00e9di\u00e9s. Cette strat\u00e9gie multiplateforme garantit que nos produits sont accessibles \u00e0 un large public, en r\u00e9pondant aux diff\u00e9rentes pr\u00e9f\u00e9rences des consommateurs en mati\u00e8re d\u2019achats en ligne.<\/p><p><br><\/p>\n<p>Gr\u00e2ce \u00e0 ces initiatives strat\u00e9giques, la division E-commerce de Madi International \u00e9tend non seulement notre pr\u00e9sence sur le march\u00e9, mais renforce \u00e9galement le lien de notre marque avec les consommateurs, en leur offrant une exp\u00e9rience d\u2019achat en ligne pratique, fiable et agr\u00e9able. Cette division t\u00e9moigne de notre engagement \u00e0 nous adapter et \u00e0 prosp\u00e9rer \u00e0 l\u2019\u00e8re num\u00e9rique, en veillant \u00e0 r\u00e9pondre et \u00e0 d\u00e9passer les attentes des consommateurs en ligne avertis d\u2019aujourd\u2019hui.<\/p>\t\t\t\t\t\t\t\t<\/div>\n\t\t\t\t<\/div>\n\t\t\t\t<\/div>\n\t\t\t\t\t<\/div>\n\t\t\t\t<\/div>\n\t\t\t\t<\/div>\n\t\t","protected":false},"excerpt":{"rendered":"<p>Division du commerce \u00e9lectronique La division E-commerce de Madi International est un \u00e9l\u00e9ment essentiel de notre approche globale du march\u00e9 de la beaut\u00e9, strat\u00e9giquement positionn\u00e9e pour capitaliser sur la transformation num\u00e9rique qui remod\u00e8le les habitudes d\u2019achat des consommateurs. Cette division nous permet d\u2019\u00e9tendre notre port\u00e9e, notre efficacit\u00e9 et notre innovation dans le domaine num\u00e9rique, en [&hellip;]<\/p>\n","protected":false},"author":1,"featured_media":0,"parent":10882,"menu_order":0,"comment_status":"closed","ping_status":"closed","template":"","meta":{"_acf_changed":false,"footnotes":""},"class_list":["post-10885","page","type-page","status-publish","hentry"],"acf":[],"yoast_head":"<!-- This site is optimized with the Yoast SEO plugin v27.4 - https:\/\/yoast.com\/product\/yoast-seo-wordpress\/ -->\n<title>Madi Group - Empowering Beauty, Innovation and Growth<\/title>\n<meta name=\"description\" content=\"Discover Madi Group\u2019s legacy of innovation in beauty. Explore our dynamic ventures in distribution, retail, education, and manufacturing across the Middle East since 1991.\" \/>\n<meta name=\"robots\" content=\"index, follow, max-snippet:-1, max-image-preview:large, max-video-preview:-1\" \/>\n<link rel=\"canonical\" href=\"https:\/\/madigroup.com\/fr\/distribution\/madi-international\/division-du-commerce-electronique-b2b\/\" \/>\n<meta property=\"og:locale\" content=\"fr_FR\" \/>\n<meta property=\"og:type\" content=\"article\" \/>\n<meta property=\"og:title\" content=\"Madi Group - Empowering Beauty, Innovation and Growth\" \/>\n<meta property=\"og:description\" content=\"Discover Madi Group\u2019s legacy of innovation in beauty. Explore our dynamic ventures in distribution, retail, education, and manufacturing across the Middle East since 1991.\" \/>\n<meta property=\"og:url\" content=\"https:\/\/madigroup.com\/fr\/distribution\/madi-international\/division-du-commerce-electronique-b2b\/\" \/>\n<meta property=\"og:site_name\" content=\"Groupe MADI\" \/>\n<meta property=\"article:publisher\" content=\"https:\/\/www.facebook.com\/Madi.International\/\" \/>\n<meta property=\"article:modified_time\" content=\"2024-09-11T07:50:24+00:00\" \/>\n<meta property=\"og:image\" content=\"https:\/\/madigroup.com\/wp-content\/uploads\/2021\/05\/cropped-favicon-dark.png\" \/>\n\t<meta property=\"og:image:width\" content=\"512\" \/>\n\t<meta property=\"og:image:height\" content=\"512\" \/>\n\t<meta property=\"og:image:type\" content=\"image\/png\" \/>\n<meta name=\"twitter:card\" content=\"summary_large_image\" \/>\n<meta name=\"twitter:label1\" content=\"Dur\u00e9e de lecture estim\u00e9e\" \/>\n\t<meta name=\"twitter:data1\" content=\"1 minute\" \/>\n<script type=\"application\/ld+json\" class=\"yoast-schema-graph\">{\"@context\":\"https:\\\/\\\/schema.org\",\"@graph\":[{\"@type\":\"Article\",\"@id\":\"https:\\\/\\\/madigroup.com\\\/fr\\\/distribution\\\/madi-international\\\/division-du-commerce-electronique-b2b\\\/#article\",\"isPartOf\":{\"@id\":\"https:\\\/\\\/madigroup.com\\\/fr\\\/distribution\\\/madi-international\\\/division-du-commerce-electronique-b2b\\\/\"},\"author\":{\"name\":\"madi_admin\",\"@id\":\"https:\\\/\\\/madigroup.com\\\/#\\\/schema\\\/person\\\/11a3753e1909bdec36482681711ee73f\"},\"headline\":\"Division du commerce \u00e9lectronique B2B\",\"datePublished\":\"2023-10-23T07:29:10+00:00\",\"dateModified\":\"2024-09-11T07:50:24+00:00\",\"mainEntityOfPage\":{\"@id\":\"https:\\\/\\\/madigroup.com\\\/fr\\\/distribution\\\/madi-international\\\/division-du-commerce-electronique-b2b\\\/\"},\"wordCount\":241,\"publisher\":{\"@id\":\"https:\\\/\\\/madigroup.com\\\/#organization\"},\"inLanguage\":\"fr-FR\"},{\"@type\":\"WebPage\",\"@id\":\"https:\\\/\\\/madigroup.com\\\/fr\\\/distribution\\\/madi-international\\\/division-du-commerce-electronique-b2b\\\/\",\"url\":\"https:\\\/\\\/madigroup.com\\\/fr\\\/distribution\\\/madi-international\\\/division-du-commerce-electronique-b2b\\\/\",\"name\":\"Madi Group - Empowering Beauty, Innovation and Growth\",\"isPartOf\":{\"@id\":\"https:\\\/\\\/madigroup.com\\\/#website\"},\"datePublished\":\"2023-10-23T07:29:10+00:00\",\"dateModified\":\"2024-09-11T07:50:24+00:00\",\"description\":\"Discover Madi Group\u2019s legacy of innovation in beauty. Explore our dynamic ventures in distribution, retail, education, and manufacturing across the Middle East since 1991.\",\"breadcrumb\":{\"@id\":\"https:\\\/\\\/madigroup.com\\\/fr\\\/distribution\\\/madi-international\\\/division-du-commerce-electronique-b2b\\\/#breadcrumb\"},\"inLanguage\":\"fr-FR\",\"potentialAction\":[{\"@type\":\"ReadAction\",\"target\":[\"https:\\\/\\\/madigroup.com\\\/fr\\\/distribution\\\/madi-international\\\/division-du-commerce-electronique-b2b\\\/\"]}]},{\"@type\":\"BreadcrumbList\",\"@id\":\"https:\\\/\\\/madigroup.com\\\/fr\\\/distribution\\\/madi-international\\\/division-du-commerce-electronique-b2b\\\/#breadcrumb\",\"itemListElement\":[{\"@type\":\"ListItem\",\"position\":1,\"name\":\"Home\",\"item\":\"https:\\\/\\\/madigroup.com\\\/fr\\\/domicile\\\/\"},{\"@type\":\"ListItem\",\"position\":2,\"name\":\"Distribution\",\"item\":\"https:\\\/\\\/madigroup.com\\\/fr\\\/distribution\\\/\"},{\"@type\":\"ListItem\",\"position\":3,\"name\":\"MADI International\",\"item\":\"https:\\\/\\\/madigroup.com\\\/fr\\\/distribution\\\/madi-international\\\/\"},{\"@type\":\"ListItem\",\"position\":4,\"name\":\"Division du commerce \u00e9lectronique B2B\"}]},{\"@type\":\"WebSite\",\"@id\":\"https:\\\/\\\/madigroup.com\\\/#website\",\"url\":\"https:\\\/\\\/madigroup.com\\\/\",\"name\":\"https:\\\/\\\/madigroup.com\\\/\",\"description\":\"Global Distributor of Professional Salon Products | Hair, Skin, and Nail Care Supplies\",\"publisher\":{\"@id\":\"https:\\\/\\\/madigroup.com\\\/#organization\"},\"alternateName\":\"Madi Group\",\"potentialAction\":[{\"@type\":\"SearchAction\",\"target\":{\"@type\":\"EntryPoint\",\"urlTemplate\":\"https:\\\/\\\/madigroup.com\\\/?s={search_term_string}\"},\"query-input\":{\"@type\":\"PropertyValueSpecification\",\"valueRequired\":true,\"valueName\":\"search_term_string\"}}],\"inLanguage\":\"fr-FR\"},{\"@type\":\"Organization\",\"@id\":\"https:\\\/\\\/madigroup.com\\\/#organization\",\"name\":\"Madi Group\",\"url\":\"https:\\\/\\\/madigroup.com\\\/\",\"logo\":{\"@type\":\"ImageObject\",\"inLanguage\":\"fr-FR\",\"@id\":\"https:\\\/\\\/madigroup.com\\\/#\\\/schema\\\/logo\\\/image\\\/\",\"url\":\"https:\\\/\\\/madigroup.com\\\/wp-content\\\/uploads\\\/2021\\\/05\\\/favicon-dark.png\",\"contentUrl\":\"https:\\\/\\\/madigroup.com\\\/wp-content\\\/uploads\\\/2021\\\/05\\\/favicon-dark.png\",\"width\":512,\"height\":512,\"caption\":\"Madi Group\"},\"image\":{\"@id\":\"https:\\\/\\\/madigroup.com\\\/#\\\/schema\\\/logo\\\/image\\\/\"},\"sameAs\":[\"https:\\\/\\\/www.facebook.com\\\/Madi.International\\\/\",\"https:\\\/\\\/www.instagram.com\\\/madi_intl\\\/\",\"https:\\\/\\\/www.linkedin.com\\\/company\\\/madi-international\\\/\"]},{\"@type\":\"Person\",\"@id\":\"https:\\\/\\\/madigroup.com\\\/#\\\/schema\\\/person\\\/11a3753e1909bdec36482681711ee73f\",\"name\":\"madi_admin\",\"image\":{\"@type\":\"ImageObject\",\"inLanguage\":\"fr-FR\",\"@id\":\"https:\\\/\\\/secure.gravatar.com\\\/avatar\\\/7367d1085462226c651b4faf7cb5d187a43c34bb78e0f7c7fb1a3f1e32cf8b46?s=96&d=mm&r=g\",\"url\":\"https:\\\/\\\/secure.gravatar.com\\\/avatar\\\/7367d1085462226c651b4faf7cb5d187a43c34bb78e0f7c7fb1a3f1e32cf8b46?s=96&d=mm&r=g\",\"contentUrl\":\"https:\\\/\\\/secure.gravatar.com\\\/avatar\\\/7367d1085462226c651b4faf7cb5d187a43c34bb78e0f7c7fb1a3f1e32cf8b46?s=96&d=mm&r=g\",\"caption\":\"madi_admin\"},\"sameAs\":[\"https:\\\/\\\/madigroup.com\"],\"url\":\"https:\\\/\\\/madigroup.com\\\/fr\\\/author\\\/madi_admin\\\/\"}]}<\/script>\n<!-- \/ Yoast SEO plugin. -->","yoast_head_json":{"title":"Madi Group - Empowering Beauty, Innovation and Growth","description":"Discover Madi Group\u2019s legacy of innovation in beauty. Explore our dynamic ventures in distribution, retail, education, and manufacturing across the Middle East since 1991.","robots":{"index":"index","follow":"follow","max-snippet":"max-snippet:-1","max-image-preview":"max-image-preview:large","max-video-preview":"max-video-preview:-1"},"canonical":"https:\/\/madigroup.com\/fr\/distribution\/madi-international\/division-du-commerce-electronique-b2b\/","og_locale":"fr_FR","og_type":"article","og_title":"Madi Group - Empowering Beauty, Innovation and Growth","og_description":"Discover Madi Group\u2019s legacy of innovation in beauty. Explore our dynamic ventures in distribution, retail, education, and manufacturing across the Middle East since 1991.","og_url":"https:\/\/madigroup.com\/fr\/distribution\/madi-international\/division-du-commerce-electronique-b2b\/","og_site_name":"Groupe MADI","article_publisher":"https:\/\/www.facebook.com\/Madi.International\/","article_modified_time":"2024-09-11T07:50:24+00:00","og_image":[{"width":512,"height":512,"url":"https:\/\/madigroup.com\/wp-content\/uploads\/2021\/05\/cropped-favicon-dark.png","type":"image\/png"}],"twitter_card":"summary_large_image","twitter_misc":{"Dur\u00e9e de lecture estim\u00e9e":"1 minute"},"schema":{"@context":"https:\/\/schema.org","@graph":[{"@type":"Article","@id":"https:\/\/madigroup.com\/fr\/distribution\/madi-international\/division-du-commerce-electronique-b2b\/#article","isPartOf":{"@id":"https:\/\/madigroup.com\/fr\/distribution\/madi-international\/division-du-commerce-electronique-b2b\/"},"author":{"name":"madi_admin","@id":"https:\/\/madigroup.com\/#\/schema\/person\/11a3753e1909bdec36482681711ee73f"},"headline":"Division du commerce \u00e9lectronique B2B","datePublished":"2023-10-23T07:29:10+00:00","dateModified":"2024-09-11T07:50:24+00:00","mainEntityOfPage":{"@id":"https:\/\/madigroup.com\/fr\/distribution\/madi-international\/division-du-commerce-electronique-b2b\/"},"wordCount":241,"publisher":{"@id":"https:\/\/madigroup.com\/#organization"},"inLanguage":"fr-FR"},{"@type":"WebPage","@id":"https:\/\/madigroup.com\/fr\/distribution\/madi-international\/division-du-commerce-electronique-b2b\/","url":"https:\/\/madigroup.com\/fr\/distribution\/madi-international\/division-du-commerce-electronique-b2b\/","name":"Madi Group - Empowering Beauty, Innovation and Growth","isPartOf":{"@id":"https:\/\/madigroup.com\/#website"},"datePublished":"2023-10-23T07:29:10+00:00","dateModified":"2024-09-11T07:50:24+00:00","description":"Discover Madi Group\u2019s legacy of innovation in beauty. Explore our dynamic ventures in distribution, retail, education, and manufacturing across the Middle East since 1991.","breadcrumb":{"@id":"https:\/\/madigroup.com\/fr\/distribution\/madi-international\/division-du-commerce-electronique-b2b\/#breadcrumb"},"inLanguage":"fr-FR","potentialAction":[{"@type":"ReadAction","target":["https:\/\/madigroup.com\/fr\/distribution\/madi-international\/division-du-commerce-electronique-b2b\/"]}]},{"@type":"BreadcrumbList","@id":"https:\/\/madigroup.com\/fr\/distribution\/madi-international\/division-du-commerce-electronique-b2b\/#breadcrumb","itemListElement":[{"@type":"ListItem","position":1,"name":"Home","item":"https:\/\/madigroup.com\/fr\/domicile\/"},{"@type":"ListItem","position":2,"name":"Distribution","item":"https:\/\/madigroup.com\/fr\/distribution\/"},{"@type":"ListItem","position":3,"name":"MADI International","item":"https:\/\/madigroup.com\/fr\/distribution\/madi-international\/"},{"@type":"ListItem","position":4,"name":"Division du commerce \u00e9lectronique B2B"}]},{"@type":"WebSite","@id":"https:\/\/madigroup.com\/#website","url":"https:\/\/madigroup.com\/","name":"https:\/\/madigroup.com\/","description":"Global Distributor of Professional Salon Products | Hair, Skin, and Nail Care Supplies","publisher":{"@id":"https:\/\/madigroup.com\/#organization"},"alternateName":"Madi Group","potentialAction":[{"@type":"SearchAction","target":{"@type":"EntryPoint","urlTemplate":"https:\/\/madigroup.com\/?s={search_term_string}"},"query-input":{"@type":"PropertyValueSpecification","valueRequired":true,"valueName":"search_term_string"}}],"inLanguage":"fr-FR"},{"@type":"Organization","@id":"https:\/\/madigroup.com\/#organization","name":"Madi Group","url":"https:\/\/madigroup.com\/","logo":{"@type":"ImageObject","inLanguage":"fr-FR","@id":"https:\/\/madigroup.com\/#\/schema\/logo\/image\/","url":"https:\/\/madigroup.com\/wp-content\/uploads\/2021\/05\/favicon-dark.png","contentUrl":"https:\/\/madigroup.com\/wp-content\/uploads\/2021\/05\/favicon-dark.png","width":512,"height":512,"caption":"Madi Group"},"image":{"@id":"https:\/\/madigroup.com\/#\/schema\/logo\/image\/"},"sameAs":["https:\/\/www.facebook.com\/Madi.International\/","https:\/\/www.instagram.com\/madi_intl\/","https:\/\/www.linkedin.com\/company\/madi-international\/"]},{"@type":"Person","@id":"https:\/\/madigroup.com\/#\/schema\/person\/11a3753e1909bdec36482681711ee73f","name":"madi_admin","image":{"@type":"ImageObject","inLanguage":"fr-FR","@id":"https:\/\/secure.gravatar.com\/avatar\/7367d1085462226c651b4faf7cb5d187a43c34bb78e0f7c7fb1a3f1e32cf8b46?s=96&d=mm&r=g","url":"https:\/\/secure.gravatar.com\/avatar\/7367d1085462226c651b4faf7cb5d187a43c34bb78e0f7c7fb1a3f1e32cf8b46?s=96&d=mm&r=g","contentUrl":"https:\/\/secure.gravatar.com\/avatar\/7367d1085462226c651b4faf7cb5d187a43c34bb78e0f7c7fb1a3f1e32cf8b46?s=96&d=mm&r=g","caption":"madi_admin"},"sameAs":["https:\/\/madigroup.com"],"url":"https:\/\/madigroup.com\/fr\/author\/madi_admin\/"}]}},"_links":{"self":[{"href":"https:\/\/madigroup.com\/fr\/wp-json\/wp\/v2\/pages\/10885","targetHints":{"allow":["GET"]}}],"collection":[{"href":"https:\/\/madigroup.com\/fr\/wp-json\/wp\/v2\/pages"}],"about":[{"href":"https:\/\/madigroup.com\/fr\/wp-json\/wp\/v2\/types\/page"}],"author":[{"embeddable":true,"href":"https:\/\/madigroup.com\/fr\/wp-json\/wp\/v2\/users\/1"}],"replies":[{"embeddable":true,"href":"https:\/\/madigroup.com\/fr\/wp-json\/wp\/v2\/comments?post=10885"}],"version-history":[{"count":0,"href":"https:\/\/madigroup.com\/fr\/wp-json\/wp\/v2\/pages\/10885\/revisions"}],"up":[{"embeddable":true,"href":"https:\/\/madigroup.com\/fr\/wp-json\/wp\/v2\/pages\/10882"}],"wp:attachment":[{"href":"https:\/\/madigroup.com\/fr\/wp-json\/wp\/v2\/media?parent=10885"}],"curies":[{"name":"wp","href":"https:\/\/api.w.org\/{rel}","templated":true}]}}