{"id":10873,"date":"2023-10-24T06:20:37","date_gmt":"2023-10-24T06:20:37","guid":{"rendered":"https:\/\/madigroup.com\/produits-de-consommation\/"},"modified":"2024-09-13T03:02:45","modified_gmt":"2024-09-13T03:02:45","slug":"produits-de-consommation","status":"publish","type":"page","link":"https:\/\/madigroup.com\/fr\/distribution\/madi-international\/produits-de-consommation\/","title":{"rendered":"Produits de consommation"},"content":{"rendered":"\t\t<div data-elementor-type=\"wp-page\" data-elementor-id=\"10873\" class=\"elementor elementor-10873 elementor-3868\">\n\t\t\t\t\t\t<section class=\"elementor-section elementor-top-section elementor-element elementor-element-88c2206 elementor-section-height-min-height elementor-section-full_width elementor-section-items-top elementor-section-height-default\" data-id=\"88c2206\" data-element_type=\"section\" data-e-type=\"section\" data-settings=\"{&quot;background_background&quot;:&quot;classic&quot;}\">\n\t\t\t\t\t\t<div class=\"elementor-container elementor-column-gap-extended\">\n\t\t\t\t\t<div class=\"elementor-column elementor-col-100 elementor-top-column elementor-element elementor-element-e9db7aa\" data-id=\"e9db7aa\" data-element_type=\"column\" data-e-type=\"column\">\n\t\t\t<div class=\"elementor-widget-wrap\">\n\t\t\t\t\t\t\t<\/div>\n\t\t<\/div>\n\t\t\t\t\t<\/div>\n\t\t<\/section>\n\t\t        <div class=\"elementor-element elementor-element-b5cc506 e-flex e-con-boxed e-con e-parent\" data-id=\"b5cc506\" data-element_type=\"container\" data-e-type=\"container\" data-settings=\"{&quot;background_background&quot;:&quot;classic&quot;}\">\n\t\t\t\t\t<div class=\"e-con-inner\">\n\t\t\t\t<div class=\"elementor-element elementor-element-5df46e0 elementor-widget elementor-widget-heading\" data-id=\"5df46e0\" data-element_type=\"widget\" data-e-type=\"widget\" data-widget_type=\"heading.default\">\n\t\t\t\t<div class=\"elementor-widget-container\">\n\t\t\t\t\t<h2 class=\"elementor-heading-title elementor-size-default\">Division des produits de consommation<\/h2>\t\t\t\t<\/div>\n\t\t\t\t<\/div>\n\t\t\t\t<div class=\"elementor-element elementor-element-b32eb7b elementor-widget elementor-widget-text-editor\" data-id=\"b32eb7b\" data-element_type=\"widget\" data-e-type=\"widget\" data-widget_type=\"text-editor.default\">\n\t\t\t\t<div class=\"elementor-widget-container\">\n\t\t\t\t\t\t\t\t\t<p class=\"MsoNormal\">La division des produits de consommation de Madi International (CPD) \u00e9tend savamment notre port\u00e9e au-del\u00e0 des canaux de salons professionnels, en ciblant les consommateurs finaux gr\u00e2ce \u00e0 une strat\u00e9gie de vente au d\u00e9tail \u00e0 multiples facettes. Nous travaillons en partenariat avec un large \u00e9ventail de canaux de vente au d\u00e9tail, notamment des pharmacies, des magasins de beaut\u00e9, des magasins de d\u00e9tail, des grands magasins, des magasins d&rsquo;\u00e9lectronique, des supermarch\u00e9s, des hypermarch\u00e9s et des boutiques sp\u00e9cialis\u00e9es. Ce vaste r\u00e9seau nous permet de r\u00e9pondre aux besoins d&rsquo;une large base de consommateurs, garantissant que nos produits de beaut\u00e9 sont accessibles partout o\u00f9 les consommateurs font leurs achats.<\/p> <p class=\"MsoNormal\"><br><\/p> <p class=\"MsoNormal\"><b>Pourquoi les canaux de vente au d\u00e9tail devraient s&rsquo;associer \u00e0 nous\u00a0:<\/b> Les canaux de vente au d\u00e9tail b\u00e9n\u00e9ficient consid\u00e9rablement d&rsquo;un partenariat avec Madi International en raison de notre soutien complet et de notre r\u00e9putation \u00e9tablie dans le secteur de la beaut\u00e9. Notre exp\u00e9rience dans les salons nous donne un aper\u00e7u unique des pr\u00e9f\u00e9rences des consommateurs et de l&rsquo;efficacit\u00e9 des produits, ce qui nous permet d&rsquo;offrir \u00e0 nos partenaires de vente au d\u00e9tail des produits qui sont non seulement tr\u00e8s demand\u00e9s, mais qui ont fait leurs preuves dans les milieux professionnels. Cette approbation test\u00e9e en salon contribue \u00e0 renforcer la confiance des consommateurs dans les produits, am\u00e9liorant ainsi leur attrait.<\/p> <p class=\"MsoNormal\"><br><\/p> <p class=\"MsoNormal\"><b>Ce que nous offrons aux partenaires de vente au d\u00e9tail\u00a0:<\/b><\/p> <ol style=\"margin-top: 0cm;\" start=\"1\" type=\"1\"> <li class=\"MsoNormal\"><b>Marketing en magasin\u00a0:<\/b> Nous fournissons un support marketing en magasin robuste qui comprend des pr\u00e9sentoirs accrocheurs, du mat\u00e9riel p\u00e9dagogique et des \u00e9v\u00e9nements promotionnels con\u00e7us pour engager les clients et augmenter la visibilit\u00e9 des produits. Nos strat\u00e9gies marketing sont adapt\u00e9es \u00e0 chaque environnement de vente au d\u00e9tail, garantissant que le placement du produit et les tactiques promotionnelles sont optimis\u00e9s pour chaque canal sp\u00e9cifique.<\/li> <li class=\"MsoNormal\"><b>Marketing num\u00e9rique\u00a0:<\/b> \u00c0 l&rsquo;\u00e8re du num\u00e9rique, la pr\u00e9sence en ligne est essentielle. Madi International soutient ses partenaires de vente au d\u00e9tail avec des strat\u00e9gies de marketing num\u00e9rique compl\u00e8tes, notamment du contenu optimis\u00e9 pour le r\u00e9f\u00e9rencement, des campagnes sur les r\u00e9seaux sociaux, des partenariats avec des influenceurs et des publicit\u00e9s en ligne cibl\u00e9es. Ces efforts sont con\u00e7us pour g\u00e9n\u00e9rer du trafic en ligne et en magasin, augmentant ainsi la notori\u00e9t\u00e9 de la marque et les ventes.<\/li> <li class=\"MsoNormal\"><b>Formation des promoteurs et du personnel\u00a0:<\/b> nous \u00e9tendons notre expertise p\u00e9dagogique du salon \u00e0 la vente au d\u00e9tail en fournissant des promoteurs form\u00e9s qui connaissent bien nos produits. Ces promoteurs sont \u00e9quip\u00e9s pour \u00e9duquer les consommateurs sur les avantages et l&rsquo;utilisation des produits, contribuant ainsi \u00e0 stimuler les ventes et \u00e0 am\u00e9liorer la satisfaction des clients. De plus, nous proposons des formations au personnel de vente au d\u00e9tail pour nous assurer qu&rsquo;il conna\u00eet nos marques, ce qui am\u00e9liore sa capacit\u00e9 \u00e0 vendre efficacement.<\/li> <li class=\"MsoNormal\"><b>Initiatives marketing personnalis\u00e9es\u00a0:<\/b> en fonction des besoins de chaque partenaire de vente au d\u00e9tail, nous d\u00e9veloppons des initiatives marketing personnalis\u00e9es qui peuvent inclure des lancements exclusifs, des promotions sp\u00e9ciales, des programmes de fid\u00e9lit\u00e9 et des activit\u00e9s en co-marque. Ces initiatives sont con\u00e7ues pour cr\u00e9er de l&rsquo;enthousiasme et de l&rsquo;engagement autour de nos marques, favorisant un lien plus fort entre le consommateur et le produit.<\/li> <\/ol><div><br><\/div> <p class=\"MsoNormal\"><b>L&rsquo;avantage de l&rsquo;exp\u00e9rience en salon\u00a0:<\/b> Nos racines profondes dans le secteur des salons nous offrent un avantage concurrentiel dans le secteur de la vente au d\u00e9tail. Cette exp\u00e9rience nous permet non seulement de proposer des produits de qualit\u00e9 professionnelle sur le march\u00e9 de la vente au d\u00e9tail, mais nous donne \u00e9galement une compr\u00e9hension approfondie des tendances des consommateurs et des besoins en mati\u00e8re de beaut\u00e9. Notre exp\u00e9rience dans la gestion d&rsquo;une client\u00e8le professionnelle nous permet d&rsquo;anticiper plus pr\u00e9cis\u00e9ment les tendances du march\u00e9 et les comportements des consommateurs, ce qui nous permet de conseiller les partenaires de vente au d\u00e9tail sur des strat\u00e9gies efficaces de s\u00e9lection des stocks, de marketing et de vente.<\/p> <p class=\"MsoNormal\"><br><\/p> <p class=\"MsoNormal\">Gr\u00e2ce \u00e0 des partenariats strat\u00e9giques avec divers canaux de vente au d\u00e9tail, la division des produits de consommation de Madi International tire parti de son expertise du secteur pour assurer un placement et une promotion optimaux de nos marques, ce qui se traduit par des ventes r\u00e9ussies et des consommateurs finaux satisfaits.<\/p>\t\t\t\t\t\t\t\t<\/div>\n\t\t\t\t<\/div>\n\t\t\t\t\t<\/div>\n\t\t\t\t<\/div>\n\t\t\t\t<\/div>\n\t\t","protected":false},"excerpt":{"rendered":"<p>Division des produits de consommation La division des produits de consommation de Madi International (CPD) \u00e9tend savamment notre port\u00e9e au-del\u00e0 des canaux de salons professionnels, en ciblant les consommateurs finaux gr\u00e2ce \u00e0 une strat\u00e9gie de vente au d\u00e9tail \u00e0 multiples facettes. Nous travaillons en partenariat avec un large \u00e9ventail de canaux de vente au d\u00e9tail, [&hellip;]<\/p>\n","protected":false},"author":1,"featured_media":0,"parent":10882,"menu_order":0,"comment_status":"closed","ping_status":"closed","template":"","meta":{"_acf_changed":false,"footnotes":""},"class_list":["post-10873","page","type-page","status-publish","hentry"],"acf":[],"yoast_head":"<!-- This site is optimized with the Yoast SEO plugin v27.4 - https:\/\/yoast.com\/product\/yoast-seo-wordpress\/ -->\n<title>Madi Group - Empowering Beauty, Innovation and Growth<\/title>\n<meta name=\"description\" content=\"Discover Madi Group\u2019s legacy of innovation in beauty. Explore our dynamic ventures in distribution, retail, education, and manufacturing across the Middle East since 1991.\" \/>\n<meta name=\"robots\" content=\"index, follow, max-snippet:-1, max-image-preview:large, max-video-preview:-1\" \/>\n<link rel=\"canonical\" href=\"https:\/\/madigroup.com\/fr\/distribution\/madi-international\/produits-de-consommation\/\" \/>\n<meta property=\"og:locale\" content=\"fr_FR\" \/>\n<meta property=\"og:type\" content=\"article\" \/>\n<meta property=\"og:title\" content=\"Madi Group - Empowering Beauty, Innovation and Growth\" \/>\n<meta property=\"og:description\" content=\"Discover Madi Group\u2019s legacy of innovation in beauty. Explore our dynamic ventures in distribution, retail, education, and manufacturing across the Middle East since 1991.\" \/>\n<meta property=\"og:url\" content=\"https:\/\/madigroup.com\/fr\/distribution\/madi-international\/produits-de-consommation\/\" \/>\n<meta property=\"og:site_name\" content=\"Groupe MADI\" \/>\n<meta property=\"article:publisher\" content=\"https:\/\/www.facebook.com\/Madi.International\/\" \/>\n<meta property=\"article:modified_time\" content=\"2024-09-13T03:02:45+00:00\" \/>\n<meta property=\"og:image\" content=\"https:\/\/madigroup.com\/wp-content\/uploads\/2021\/05\/cropped-favicon-dark.png\" \/>\n\t<meta property=\"og:image:width\" content=\"512\" \/>\n\t<meta property=\"og:image:height\" content=\"512\" \/>\n\t<meta property=\"og:image:type\" content=\"image\/png\" \/>\n<meta name=\"twitter:card\" content=\"summary_large_image\" \/>\n<meta name=\"twitter:label1\" content=\"Dur\u00e9e de lecture estim\u00e9e\" \/>\n\t<meta name=\"twitter:data1\" content=\"4 minutes\" \/>\n<script type=\"application\/ld+json\" class=\"yoast-schema-graph\">{\"@context\":\"https:\\\/\\\/schema.org\",\"@graph\":[{\"@type\":\"Article\",\"@id\":\"https:\\\/\\\/madigroup.com\\\/fr\\\/distribution\\\/madi-international\\\/produits-de-consommation\\\/#article\",\"isPartOf\":{\"@id\":\"https:\\\/\\\/madigroup.com\\\/fr\\\/distribution\\\/madi-international\\\/produits-de-consommation\\\/\"},\"author\":{\"name\":\"madi_admin\",\"@id\":\"https:\\\/\\\/madigroup.com\\\/#\\\/schema\\\/person\\\/11a3753e1909bdec36482681711ee73f\"},\"headline\":\"Produits de consommation\",\"datePublished\":\"2023-10-24T06:20:37+00:00\",\"dateModified\":\"2024-09-13T03:02:45+00:00\",\"mainEntityOfPage\":{\"@id\":\"https:\\\/\\\/madigroup.com\\\/fr\\\/distribution\\\/madi-international\\\/produits-de-consommation\\\/\"},\"wordCount\":770,\"publisher\":{\"@id\":\"https:\\\/\\\/madigroup.com\\\/#organization\"},\"inLanguage\":\"fr-FR\"},{\"@type\":\"WebPage\",\"@id\":\"https:\\\/\\\/madigroup.com\\\/fr\\\/distribution\\\/madi-international\\\/produits-de-consommation\\\/\",\"url\":\"https:\\\/\\\/madigroup.com\\\/fr\\\/distribution\\\/madi-international\\\/produits-de-consommation\\\/\",\"name\":\"Madi Group - Empowering Beauty, Innovation and Growth\",\"isPartOf\":{\"@id\":\"https:\\\/\\\/madigroup.com\\\/#website\"},\"datePublished\":\"2023-10-24T06:20:37+00:00\",\"dateModified\":\"2024-09-13T03:02:45+00:00\",\"description\":\"Discover Madi Group\u2019s legacy of innovation in beauty. Explore our dynamic ventures in distribution, retail, education, and manufacturing across the Middle East since 1991.\",\"breadcrumb\":{\"@id\":\"https:\\\/\\\/madigroup.com\\\/fr\\\/distribution\\\/madi-international\\\/produits-de-consommation\\\/#breadcrumb\"},\"inLanguage\":\"fr-FR\",\"potentialAction\":[{\"@type\":\"ReadAction\",\"target\":[\"https:\\\/\\\/madigroup.com\\\/fr\\\/distribution\\\/madi-international\\\/produits-de-consommation\\\/\"]}]},{\"@type\":\"BreadcrumbList\",\"@id\":\"https:\\\/\\\/madigroup.com\\\/fr\\\/distribution\\\/madi-international\\\/produits-de-consommation\\\/#breadcrumb\",\"itemListElement\":[{\"@type\":\"ListItem\",\"position\":1,\"name\":\"Home\",\"item\":\"https:\\\/\\\/madigroup.com\\\/fr\\\/domicile\\\/\"},{\"@type\":\"ListItem\",\"position\":2,\"name\":\"Distribution\",\"item\":\"https:\\\/\\\/madigroup.com\\\/fr\\\/distribution\\\/\"},{\"@type\":\"ListItem\",\"position\":3,\"name\":\"MADI International\",\"item\":\"https:\\\/\\\/madigroup.com\\\/fr\\\/distribution\\\/madi-international\\\/\"},{\"@type\":\"ListItem\",\"position\":4,\"name\":\"Produits de consommation\"}]},{\"@type\":\"WebSite\",\"@id\":\"https:\\\/\\\/madigroup.com\\\/#website\",\"url\":\"https:\\\/\\\/madigroup.com\\\/\",\"name\":\"https:\\\/\\\/madigroup.com\\\/\",\"description\":\"Global Distributor of Professional Salon Products | Hair, Skin, and Nail Care Supplies\",\"publisher\":{\"@id\":\"https:\\\/\\\/madigroup.com\\\/#organization\"},\"alternateName\":\"Madi Group\",\"potentialAction\":[{\"@type\":\"SearchAction\",\"target\":{\"@type\":\"EntryPoint\",\"urlTemplate\":\"https:\\\/\\\/madigroup.com\\\/?s={search_term_string}\"},\"query-input\":{\"@type\":\"PropertyValueSpecification\",\"valueRequired\":true,\"valueName\":\"search_term_string\"}}],\"inLanguage\":\"fr-FR\"},{\"@type\":\"Organization\",\"@id\":\"https:\\\/\\\/madigroup.com\\\/#organization\",\"name\":\"Madi Group\",\"url\":\"https:\\\/\\\/madigroup.com\\\/\",\"logo\":{\"@type\":\"ImageObject\",\"inLanguage\":\"fr-FR\",\"@id\":\"https:\\\/\\\/madigroup.com\\\/#\\\/schema\\\/logo\\\/image\\\/\",\"url\":\"https:\\\/\\\/madigroup.com\\\/wp-content\\\/uploads\\\/2021\\\/05\\\/favicon-dark.png\",\"contentUrl\":\"https:\\\/\\\/madigroup.com\\\/wp-content\\\/uploads\\\/2021\\\/05\\\/favicon-dark.png\",\"width\":512,\"height\":512,\"caption\":\"Madi Group\"},\"image\":{\"@id\":\"https:\\\/\\\/madigroup.com\\\/#\\\/schema\\\/logo\\\/image\\\/\"},\"sameAs\":[\"https:\\\/\\\/www.facebook.com\\\/Madi.International\\\/\",\"https:\\\/\\\/www.instagram.com\\\/madi_intl\\\/\",\"https:\\\/\\\/www.linkedin.com\\\/company\\\/madi-international\\\/\"]},{\"@type\":\"Person\",\"@id\":\"https:\\\/\\\/madigroup.com\\\/#\\\/schema\\\/person\\\/11a3753e1909bdec36482681711ee73f\",\"name\":\"madi_admin\",\"image\":{\"@type\":\"ImageObject\",\"inLanguage\":\"fr-FR\",\"@id\":\"https:\\\/\\\/secure.gravatar.com\\\/avatar\\\/7367d1085462226c651b4faf7cb5d187a43c34bb78e0f7c7fb1a3f1e32cf8b46?s=96&d=mm&r=g\",\"url\":\"https:\\\/\\\/secure.gravatar.com\\\/avatar\\\/7367d1085462226c651b4faf7cb5d187a43c34bb78e0f7c7fb1a3f1e32cf8b46?s=96&d=mm&r=g\",\"contentUrl\":\"https:\\\/\\\/secure.gravatar.com\\\/avatar\\\/7367d1085462226c651b4faf7cb5d187a43c34bb78e0f7c7fb1a3f1e32cf8b46?s=96&d=mm&r=g\",\"caption\":\"madi_admin\"},\"sameAs\":[\"https:\\\/\\\/madigroup.com\"],\"url\":\"https:\\\/\\\/madigroup.com\\\/fr\\\/author\\\/madi_admin\\\/\"}]}<\/script>\n<!-- \/ Yoast SEO plugin. -->","yoast_head_json":{"title":"Madi Group - Empowering Beauty, Innovation and Growth","description":"Discover Madi Group\u2019s legacy of innovation in beauty. Explore our dynamic ventures in distribution, retail, education, and manufacturing across the Middle East since 1991.","robots":{"index":"index","follow":"follow","max-snippet":"max-snippet:-1","max-image-preview":"max-image-preview:large","max-video-preview":"max-video-preview:-1"},"canonical":"https:\/\/madigroup.com\/fr\/distribution\/madi-international\/produits-de-consommation\/","og_locale":"fr_FR","og_type":"article","og_title":"Madi Group - Empowering Beauty, Innovation and Growth","og_description":"Discover Madi Group\u2019s legacy of innovation in beauty. Explore our dynamic ventures in distribution, retail, education, and manufacturing across the Middle East since 1991.","og_url":"https:\/\/madigroup.com\/fr\/distribution\/madi-international\/produits-de-consommation\/","og_site_name":"Groupe MADI","article_publisher":"https:\/\/www.facebook.com\/Madi.International\/","article_modified_time":"2024-09-13T03:02:45+00:00","og_image":[{"width":512,"height":512,"url":"https:\/\/madigroup.com\/wp-content\/uploads\/2021\/05\/cropped-favicon-dark.png","type":"image\/png"}],"twitter_card":"summary_large_image","twitter_misc":{"Dur\u00e9e de lecture estim\u00e9e":"4 minutes"},"schema":{"@context":"https:\/\/schema.org","@graph":[{"@type":"Article","@id":"https:\/\/madigroup.com\/fr\/distribution\/madi-international\/produits-de-consommation\/#article","isPartOf":{"@id":"https:\/\/madigroup.com\/fr\/distribution\/madi-international\/produits-de-consommation\/"},"author":{"name":"madi_admin","@id":"https:\/\/madigroup.com\/#\/schema\/person\/11a3753e1909bdec36482681711ee73f"},"headline":"Produits de consommation","datePublished":"2023-10-24T06:20:37+00:00","dateModified":"2024-09-13T03:02:45+00:00","mainEntityOfPage":{"@id":"https:\/\/madigroup.com\/fr\/distribution\/madi-international\/produits-de-consommation\/"},"wordCount":770,"publisher":{"@id":"https:\/\/madigroup.com\/#organization"},"inLanguage":"fr-FR"},{"@type":"WebPage","@id":"https:\/\/madigroup.com\/fr\/distribution\/madi-international\/produits-de-consommation\/","url":"https:\/\/madigroup.com\/fr\/distribution\/madi-international\/produits-de-consommation\/","name":"Madi Group - Empowering Beauty, Innovation and Growth","isPartOf":{"@id":"https:\/\/madigroup.com\/#website"},"datePublished":"2023-10-24T06:20:37+00:00","dateModified":"2024-09-13T03:02:45+00:00","description":"Discover Madi Group\u2019s legacy of innovation in beauty. Explore our dynamic ventures in distribution, retail, education, and manufacturing across the Middle East since 1991.","breadcrumb":{"@id":"https:\/\/madigroup.com\/fr\/distribution\/madi-international\/produits-de-consommation\/#breadcrumb"},"inLanguage":"fr-FR","potentialAction":[{"@type":"ReadAction","target":["https:\/\/madigroup.com\/fr\/distribution\/madi-international\/produits-de-consommation\/"]}]},{"@type":"BreadcrumbList","@id":"https:\/\/madigroup.com\/fr\/distribution\/madi-international\/produits-de-consommation\/#breadcrumb","itemListElement":[{"@type":"ListItem","position":1,"name":"Home","item":"https:\/\/madigroup.com\/fr\/domicile\/"},{"@type":"ListItem","position":2,"name":"Distribution","item":"https:\/\/madigroup.com\/fr\/distribution\/"},{"@type":"ListItem","position":3,"name":"MADI International","item":"https:\/\/madigroup.com\/fr\/distribution\/madi-international\/"},{"@type":"ListItem","position":4,"name":"Produits de consommation"}]},{"@type":"WebSite","@id":"https:\/\/madigroup.com\/#website","url":"https:\/\/madigroup.com\/","name":"https:\/\/madigroup.com\/","description":"Global Distributor of Professional Salon Products | Hair, Skin, and Nail Care Supplies","publisher":{"@id":"https:\/\/madigroup.com\/#organization"},"alternateName":"Madi Group","potentialAction":[{"@type":"SearchAction","target":{"@type":"EntryPoint","urlTemplate":"https:\/\/madigroup.com\/?s={search_term_string}"},"query-input":{"@type":"PropertyValueSpecification","valueRequired":true,"valueName":"search_term_string"}}],"inLanguage":"fr-FR"},{"@type":"Organization","@id":"https:\/\/madigroup.com\/#organization","name":"Madi Group","url":"https:\/\/madigroup.com\/","logo":{"@type":"ImageObject","inLanguage":"fr-FR","@id":"https:\/\/madigroup.com\/#\/schema\/logo\/image\/","url":"https:\/\/madigroup.com\/wp-content\/uploads\/2021\/05\/favicon-dark.png","contentUrl":"https:\/\/madigroup.com\/wp-content\/uploads\/2021\/05\/favicon-dark.png","width":512,"height":512,"caption":"Madi Group"},"image":{"@id":"https:\/\/madigroup.com\/#\/schema\/logo\/image\/"},"sameAs":["https:\/\/www.facebook.com\/Madi.International\/","https:\/\/www.instagram.com\/madi_intl\/","https:\/\/www.linkedin.com\/company\/madi-international\/"]},{"@type":"Person","@id":"https:\/\/madigroup.com\/#\/schema\/person\/11a3753e1909bdec36482681711ee73f","name":"madi_admin","image":{"@type":"ImageObject","inLanguage":"fr-FR","@id":"https:\/\/secure.gravatar.com\/avatar\/7367d1085462226c651b4faf7cb5d187a43c34bb78e0f7c7fb1a3f1e32cf8b46?s=96&d=mm&r=g","url":"https:\/\/secure.gravatar.com\/avatar\/7367d1085462226c651b4faf7cb5d187a43c34bb78e0f7c7fb1a3f1e32cf8b46?s=96&d=mm&r=g","contentUrl":"https:\/\/secure.gravatar.com\/avatar\/7367d1085462226c651b4faf7cb5d187a43c34bb78e0f7c7fb1a3f1e32cf8b46?s=96&d=mm&r=g","caption":"madi_admin"},"sameAs":["https:\/\/madigroup.com"],"url":"https:\/\/madigroup.com\/fr\/author\/madi_admin\/"}]}},"_links":{"self":[{"href":"https:\/\/madigroup.com\/fr\/wp-json\/wp\/v2\/pages\/10873","targetHints":{"allow":["GET"]}}],"collection":[{"href":"https:\/\/madigroup.com\/fr\/wp-json\/wp\/v2\/pages"}],"about":[{"href":"https:\/\/madigroup.com\/fr\/wp-json\/wp\/v2\/types\/page"}],"author":[{"embeddable":true,"href":"https:\/\/madigroup.com\/fr\/wp-json\/wp\/v2\/users\/1"}],"replies":[{"embeddable":true,"href":"https:\/\/madigroup.com\/fr\/wp-json\/wp\/v2\/comments?post=10873"}],"version-history":[{"count":0,"href":"https:\/\/madigroup.com\/fr\/wp-json\/wp\/v2\/pages\/10873\/revisions"}],"up":[{"embeddable":true,"href":"https:\/\/madigroup.com\/fr\/wp-json\/wp\/v2\/pages\/10882"}],"wp:attachment":[{"href":"https:\/\/madigroup.com\/fr\/wp-json\/wp\/v2\/media?parent=10873"}],"curies":[{"name":"wp","href":"https:\/\/api.w.org\/{rel}","templated":true}]}}