{"id":10819,"date":"2023-10-24T06:19:20","date_gmt":"2023-10-24T06:19:20","guid":{"rendered":"https:\/\/madigroup.com\/salon-professionnel\/"},"modified":"2024-09-13T03:36:51","modified_gmt":"2024-09-13T03:36:51","slug":"salon-professionnel","status":"publish","type":"page","link":"https:\/\/madigroup.com\/fr\/distribution\/madi-international\/salon-professionnel\/","title":{"rendered":"Salon professionnel"},"content":{"rendered":"\t\t<div data-elementor-type=\"wp-page\" data-elementor-id=\"10819\" class=\"elementor elementor-10819 elementor-3864\">\n\t\t\t\t<div class=\"elementor-element elementor-element-79fbc20 e-con-full e-flex e-con e-parent\" data-id=\"79fbc20\" data-element_type=\"container\" data-e-type=\"container\" data-settings=\"{&quot;background_background&quot;:&quot;classic&quot;}\">\n\t\t<div class=\"elementor-element elementor-element-a7131a5 e-con-full e-flex e-con e-child\" data-id=\"a7131a5\" data-element_type=\"container\" data-e-type=\"container\">\n\t\t\t\t<\/div>\n\t\t\t\t<\/div>\n\t\t<div class=\"elementor-element elementor-element-2524400 e-flex e-con-boxed e-con e-parent\" data-id=\"2524400\" data-element_type=\"container\" data-e-type=\"container\" data-settings=\"{&quot;background_background&quot;:&quot;classic&quot;}\">\n\t\t\t\t\t<div class=\"e-con-inner\">\n\t\t\t\t<div class=\"elementor-element elementor-element-b1afd34 elementor-widget elementor-widget-heading\" data-id=\"b1afd34\" data-element_type=\"widget\" data-e-type=\"widget\" data-widget_type=\"heading.default\">\n\t\t\t\t<div class=\"elementor-widget-container\">\n\t\t\t\t\t<h2 class=\"elementor-heading-title elementor-size-default\">Division professionnelle du salon<\/h2>\t\t\t\t<\/div>\n\t\t\t\t<\/div>\n\t\t\t\t<div class=\"elementor-element elementor-element-da221e4 elementor-widget elementor-widget-text-editor\" data-id=\"da221e4\" data-element_type=\"widget\" data-e-type=\"widget\" data-widget_type=\"text-editor.default\">\n\t\t\t\t<div class=\"elementor-widget-container\">\n\t\t\t\t\t\t\t\t\t<p><span style=\"font-family: var(--text-font); font-size: unset; font-weight: unset; letter-spacing: unset; color: var(--dark-color);\">La division professionnelle des salons de Madi International est une ressource compl\u00e8te pour les entrepreneurs en herbe et les entreprises \u00e9tablies qui souhaitent lancer ou am\u00e9liorer un salon. Nous sommes fiers d&rsquo;\u00eatre un guichet unique, fournissant tout ce qui est n\u00e9cessaire de A \u00e0 Z pour ouvrir et exploiter un salon prosp\u00e8re sous un m\u00eame toit.<\/span><\/p><p>\u00a0<\/p><p><b>Segment Beauty Space\u00a0:<\/b> Le voyage commence par notre segment Beauty Space, o\u00f9 les clients peuvent \u00e9quiper l&rsquo;int\u00e9gralit\u00e9 de leur salon. Cela comprend une large gamme de meubles et d&rsquo;\u00e9quipements \u00e9l\u00e9gants et fonctionnels con\u00e7us pour cr\u00e9er une atmosph\u00e8re accueillante et professionnelle. Des fauteuils de coiffure \u00e9l\u00e9gants aux postes de travail durables, chaque pi\u00e8ce est s\u00e9lectionn\u00e9e pour sa qualit\u00e9 et son attrait esth\u00e9tique, garantissant que chaque salon refl\u00e8te la sophistication et le professionnalisme des marques que nous repr\u00e9sentons.<\/p><p>\u00a0<\/p><p><b>Offres de produits\u00a0:<\/b> Au-del\u00e0 de l&rsquo;ameublement, Madi International propose une vaste gamme de produits couvrant tous les besoins des salons. Cela comprend des lignes professionnelles et de d\u00e9tail de produits de soins capillaires, de soins de la peau, de soins des ongles et de soins des yeux, entre autres. Nous sommes le distributeur r\u00e9gional exclusif de plusieurs marques mondiales, ce qui nous permet de fournir des produits uniques qui ne sont pas disponibles via d&rsquo;autres canaux. Cette exclusivit\u00e9 renforce non seulement l&rsquo;attrait commercial du salon, mais garantit \u00e9galement qu&rsquo;il peut offrir des services et des traitements distincts qui le distinguent de la concurrence.<\/p><p>\u00a0<\/p><p><b>Approche PME &#8211; Ventes, marketing et formation\u00a0:<\/b> Notre engagement s&rsquo;\u00e9tend au-del\u00e0 de la fourniture de produits et d&rsquo;\u00e9quipements. La pierre angulaire de notre fonctionnement est l&rsquo;approche PME, qui englobe les ventes, le marketing et la formation. Cette strat\u00e9gie int\u00e9gr\u00e9e garantit que chaque salon avec lequel nous collaborons re\u00e7oit un soutien complet qui va bien au-del\u00e0 des bases\u00a0:<\/p><p>\u00a0<\/p><ul style=\"margin-top: 0cm;\" type=\"disc\"><li><b>Ventes\u00a0:<\/b> Nous proposons des offres commerciales sur mesure qui donnent la priorit\u00e9 aux int\u00e9r\u00eats du salon, les aidant \u00e0 maximiser la rentabilit\u00e9 tout en maintenant les normes de qualit\u00e9 et de satisfaction client les plus \u00e9lev\u00e9es.<\/li><li><b>Marketing\u00a0:<\/b> Notre soutien marketing est con\u00e7u pour amplifier la pr\u00e9sence du salon sur le march\u00e9, attirer une client\u00e8le plus large et am\u00e9liorer la r\u00e9putation du salon. Cela comprend du mat\u00e9riel promotionnel, des campagnes de marketing num\u00e9rique et des \u00e9v\u00e9nements qui mettent en valeur l&rsquo;expertise et les offres du salon.<\/li><li><b>\u00c9ducation\u00a0:<\/b> Au c\u0153ur de notre division se trouve un profond engagement envers l&rsquo;\u00e9ducation. Nous pensons qu&rsquo;un personnel de salon bien form\u00e9 est essentiel au succ\u00e8s de toute entreprise de beaut\u00e9. \u00c0 cette fin, nous proposons une formation continue et une certification dans l&rsquo;utilisation de nos produits et de nos marques. Nos programmes \u00e9ducatifs sont con\u00e7us pour garantir que les professionnels des salons ma\u00eetrisent non seulement les derni\u00e8res techniques de beaut\u00e9, mais sont \u00e9galement des experts en service client et en connaissance des produits. Cela leur permet de fournir des services exceptionnels qui d\u00e9passent les attentes des clients.<\/li><\/ul><p>\u00a0<\/p><p>Gr\u00e2ce \u00e0 ces services complets, la division Salon Professional de Madi International aide les salons \u00e0 se d\u00e9velopper et \u00e0 prosp\u00e9rer sur un march\u00e9 concurrentiel, en s&rsquo;assurant qu&rsquo;ils sont bien \u00e9quip\u00e9s pour r\u00e9pondre aux besoins de leurs clients et se d\u00e9marquer en tant que leaders de l&rsquo;industrie de la beaut\u00e9.<\/p>\t\t\t\t\t\t\t\t<\/div>\n\t\t\t\t<\/div>\n\t\t\t\t\t<\/div>\n\t\t\t\t<\/div>\n\t\t\t\t<\/div>\n\t\t","protected":false},"excerpt":{"rendered":"<p>Division professionnelle du salon La division professionnelle des salons de Madi International est une ressource compl\u00e8te pour les entrepreneurs en herbe et les entreprises \u00e9tablies qui souhaitent lancer ou am\u00e9liorer un salon. Nous sommes fiers d&rsquo;\u00eatre un guichet unique, fournissant tout ce qui est n\u00e9cessaire de A \u00e0 Z pour ouvrir et exploiter un salon [&hellip;]<\/p>\n","protected":false},"author":1,"featured_media":0,"parent":10882,"menu_order":0,"comment_status":"closed","ping_status":"closed","template":"","meta":{"_acf_changed":false,"footnotes":""},"class_list":["post-10819","page","type-page","status-publish","hentry"],"acf":[],"yoast_head":"<!-- This site is optimized with the Yoast SEO plugin v27.4 - https:\/\/yoast.com\/product\/yoast-seo-wordpress\/ -->\n<title>Madi Group - Empowering Beauty, Innovation and Growth<\/title>\n<meta name=\"description\" content=\"Discover Madi Group\u2019s legacy of innovation in beauty. Explore our dynamic ventures in distribution, retail, education, and manufacturing across the Middle East since 1991.\" \/>\n<meta name=\"robots\" content=\"index, follow, max-snippet:-1, max-image-preview:large, max-video-preview:-1\" \/>\n<link rel=\"canonical\" href=\"https:\/\/madigroup.com\/fr\/distribution\/madi-international\/salon-professionnel\/\" \/>\n<meta property=\"og:locale\" content=\"fr_FR\" \/>\n<meta property=\"og:type\" content=\"article\" \/>\n<meta property=\"og:title\" content=\"Madi Group - Empowering Beauty, Innovation and Growth\" \/>\n<meta property=\"og:description\" content=\"Discover Madi Group\u2019s legacy of innovation in beauty. Explore our dynamic ventures in distribution, retail, education, and manufacturing across the Middle East since 1991.\" \/>\n<meta property=\"og:url\" content=\"https:\/\/madigroup.com\/fr\/distribution\/madi-international\/salon-professionnel\/\" \/>\n<meta property=\"og:site_name\" content=\"Groupe MADI\" \/>\n<meta property=\"article:publisher\" content=\"https:\/\/www.facebook.com\/Madi.International\/\" \/>\n<meta property=\"article:modified_time\" content=\"2024-09-13T03:36:51+00:00\" \/>\n<meta property=\"og:image\" content=\"https:\/\/madigroup.com\/wp-content\/uploads\/2021\/05\/cropped-favicon-dark.png\" \/>\n\t<meta property=\"og:image:width\" content=\"512\" \/>\n\t<meta property=\"og:image:height\" content=\"512\" \/>\n\t<meta property=\"og:image:type\" content=\"image\/png\" \/>\n<meta name=\"twitter:card\" content=\"summary_large_image\" \/>\n<meta name=\"twitter:label1\" content=\"Dur\u00e9e de lecture estim\u00e9e\" \/>\n\t<meta name=\"twitter:data1\" content=\"3 minutes\" \/>\n<script type=\"application\/ld+json\" class=\"yoast-schema-graph\">{\"@context\":\"https:\\\/\\\/schema.org\",\"@graph\":[{\"@type\":\"Article\",\"@id\":\"https:\\\/\\\/madigroup.com\\\/fr\\\/distribution\\\/madi-international\\\/salon-professionnel\\\/#article\",\"isPartOf\":{\"@id\":\"https:\\\/\\\/madigroup.com\\\/fr\\\/distribution\\\/madi-international\\\/salon-professionnel\\\/\"},\"author\":{\"name\":\"madi_admin\",\"@id\":\"https:\\\/\\\/madigroup.com\\\/#\\\/schema\\\/person\\\/11a3753e1909bdec36482681711ee73f\"},\"headline\":\"Salon professionnel\",\"datePublished\":\"2023-10-24T06:19:20+00:00\",\"dateModified\":\"2024-09-13T03:36:51+00:00\",\"mainEntityOfPage\":{\"@id\":\"https:\\\/\\\/madigroup.com\\\/fr\\\/distribution\\\/madi-international\\\/salon-professionnel\\\/\"},\"wordCount\":587,\"publisher\":{\"@id\":\"https:\\\/\\\/madigroup.com\\\/#organization\"},\"inLanguage\":\"fr-FR\"},{\"@type\":\"WebPage\",\"@id\":\"https:\\\/\\\/madigroup.com\\\/fr\\\/distribution\\\/madi-international\\\/salon-professionnel\\\/\",\"url\":\"https:\\\/\\\/madigroup.com\\\/fr\\\/distribution\\\/madi-international\\\/salon-professionnel\\\/\",\"name\":\"Madi Group - Empowering Beauty, Innovation and Growth\",\"isPartOf\":{\"@id\":\"https:\\\/\\\/madigroup.com\\\/#website\"},\"datePublished\":\"2023-10-24T06:19:20+00:00\",\"dateModified\":\"2024-09-13T03:36:51+00:00\",\"description\":\"Discover Madi Group\u2019s legacy of innovation in beauty. Explore our dynamic ventures in distribution, retail, education, and manufacturing across the Middle East since 1991.\",\"breadcrumb\":{\"@id\":\"https:\\\/\\\/madigroup.com\\\/fr\\\/distribution\\\/madi-international\\\/salon-professionnel\\\/#breadcrumb\"},\"inLanguage\":\"fr-FR\",\"potentialAction\":[{\"@type\":\"ReadAction\",\"target\":[\"https:\\\/\\\/madigroup.com\\\/fr\\\/distribution\\\/madi-international\\\/salon-professionnel\\\/\"]}]},{\"@type\":\"BreadcrumbList\",\"@id\":\"https:\\\/\\\/madigroup.com\\\/fr\\\/distribution\\\/madi-international\\\/salon-professionnel\\\/#breadcrumb\",\"itemListElement\":[{\"@type\":\"ListItem\",\"position\":1,\"name\":\"Home\",\"item\":\"https:\\\/\\\/madigroup.com\\\/fr\\\/domicile\\\/\"},{\"@type\":\"ListItem\",\"position\":2,\"name\":\"Distribution\",\"item\":\"https:\\\/\\\/madigroup.com\\\/fr\\\/distribution\\\/\"},{\"@type\":\"ListItem\",\"position\":3,\"name\":\"MADI International\",\"item\":\"https:\\\/\\\/madigroup.com\\\/fr\\\/distribution\\\/madi-international\\\/\"},{\"@type\":\"ListItem\",\"position\":4,\"name\":\"Salon professionnel\"}]},{\"@type\":\"WebSite\",\"@id\":\"https:\\\/\\\/madigroup.com\\\/#website\",\"url\":\"https:\\\/\\\/madigroup.com\\\/\",\"name\":\"https:\\\/\\\/madigroup.com\\\/\",\"description\":\"Global Distributor of Professional Salon Products | Hair, Skin, and Nail Care Supplies\",\"publisher\":{\"@id\":\"https:\\\/\\\/madigroup.com\\\/#organization\"},\"alternateName\":\"Madi Group\",\"potentialAction\":[{\"@type\":\"SearchAction\",\"target\":{\"@type\":\"EntryPoint\",\"urlTemplate\":\"https:\\\/\\\/madigroup.com\\\/?s={search_term_string}\"},\"query-input\":{\"@type\":\"PropertyValueSpecification\",\"valueRequired\":true,\"valueName\":\"search_term_string\"}}],\"inLanguage\":\"fr-FR\"},{\"@type\":\"Organization\",\"@id\":\"https:\\\/\\\/madigroup.com\\\/#organization\",\"name\":\"Madi Group\",\"url\":\"https:\\\/\\\/madigroup.com\\\/\",\"logo\":{\"@type\":\"ImageObject\",\"inLanguage\":\"fr-FR\",\"@id\":\"https:\\\/\\\/madigroup.com\\\/#\\\/schema\\\/logo\\\/image\\\/\",\"url\":\"https:\\\/\\\/madigroup.com\\\/wp-content\\\/uploads\\\/2021\\\/05\\\/favicon-dark.png\",\"contentUrl\":\"https:\\\/\\\/madigroup.com\\\/wp-content\\\/uploads\\\/2021\\\/05\\\/favicon-dark.png\",\"width\":512,\"height\":512,\"caption\":\"Madi Group\"},\"image\":{\"@id\":\"https:\\\/\\\/madigroup.com\\\/#\\\/schema\\\/logo\\\/image\\\/\"},\"sameAs\":[\"https:\\\/\\\/www.facebook.com\\\/Madi.International\\\/\",\"https:\\\/\\\/www.instagram.com\\\/madi_intl\\\/\",\"https:\\\/\\\/www.linkedin.com\\\/company\\\/madi-international\\\/\"]},{\"@type\":\"Person\",\"@id\":\"https:\\\/\\\/madigroup.com\\\/#\\\/schema\\\/person\\\/11a3753e1909bdec36482681711ee73f\",\"name\":\"madi_admin\",\"image\":{\"@type\":\"ImageObject\",\"inLanguage\":\"fr-FR\",\"@id\":\"https:\\\/\\\/secure.gravatar.com\\\/avatar\\\/7367d1085462226c651b4faf7cb5d187a43c34bb78e0f7c7fb1a3f1e32cf8b46?s=96&d=mm&r=g\",\"url\":\"https:\\\/\\\/secure.gravatar.com\\\/avatar\\\/7367d1085462226c651b4faf7cb5d187a43c34bb78e0f7c7fb1a3f1e32cf8b46?s=96&d=mm&r=g\",\"contentUrl\":\"https:\\\/\\\/secure.gravatar.com\\\/avatar\\\/7367d1085462226c651b4faf7cb5d187a43c34bb78e0f7c7fb1a3f1e32cf8b46?s=96&d=mm&r=g\",\"caption\":\"madi_admin\"},\"sameAs\":[\"https:\\\/\\\/madigroup.com\"],\"url\":\"https:\\\/\\\/madigroup.com\\\/fr\\\/author\\\/madi_admin\\\/\"}]}<\/script>\n<!-- \/ Yoast SEO plugin. -->","yoast_head_json":{"title":"Madi Group - Empowering Beauty, Innovation and Growth","description":"Discover Madi Group\u2019s legacy of innovation in beauty. Explore our dynamic ventures in distribution, retail, education, and manufacturing across the Middle East since 1991.","robots":{"index":"index","follow":"follow","max-snippet":"max-snippet:-1","max-image-preview":"max-image-preview:large","max-video-preview":"max-video-preview:-1"},"canonical":"https:\/\/madigroup.com\/fr\/distribution\/madi-international\/salon-professionnel\/","og_locale":"fr_FR","og_type":"article","og_title":"Madi Group - Empowering Beauty, Innovation and Growth","og_description":"Discover Madi Group\u2019s legacy of innovation in beauty. Explore our dynamic ventures in distribution, retail, education, and manufacturing across the Middle East since 1991.","og_url":"https:\/\/madigroup.com\/fr\/distribution\/madi-international\/salon-professionnel\/","og_site_name":"Groupe MADI","article_publisher":"https:\/\/www.facebook.com\/Madi.International\/","article_modified_time":"2024-09-13T03:36:51+00:00","og_image":[{"width":512,"height":512,"url":"https:\/\/madigroup.com\/wp-content\/uploads\/2021\/05\/cropped-favicon-dark.png","type":"image\/png"}],"twitter_card":"summary_large_image","twitter_misc":{"Dur\u00e9e de lecture estim\u00e9e":"3 minutes"},"schema":{"@context":"https:\/\/schema.org","@graph":[{"@type":"Article","@id":"https:\/\/madigroup.com\/fr\/distribution\/madi-international\/salon-professionnel\/#article","isPartOf":{"@id":"https:\/\/madigroup.com\/fr\/distribution\/madi-international\/salon-professionnel\/"},"author":{"name":"madi_admin","@id":"https:\/\/madigroup.com\/#\/schema\/person\/11a3753e1909bdec36482681711ee73f"},"headline":"Salon professionnel","datePublished":"2023-10-24T06:19:20+00:00","dateModified":"2024-09-13T03:36:51+00:00","mainEntityOfPage":{"@id":"https:\/\/madigroup.com\/fr\/distribution\/madi-international\/salon-professionnel\/"},"wordCount":587,"publisher":{"@id":"https:\/\/madigroup.com\/#organization"},"inLanguage":"fr-FR"},{"@type":"WebPage","@id":"https:\/\/madigroup.com\/fr\/distribution\/madi-international\/salon-professionnel\/","url":"https:\/\/madigroup.com\/fr\/distribution\/madi-international\/salon-professionnel\/","name":"Madi Group - Empowering Beauty, Innovation and Growth","isPartOf":{"@id":"https:\/\/madigroup.com\/#website"},"datePublished":"2023-10-24T06:19:20+00:00","dateModified":"2024-09-13T03:36:51+00:00","description":"Discover Madi Group\u2019s legacy of innovation in beauty. Explore our dynamic ventures in distribution, retail, education, and manufacturing across the Middle East since 1991.","breadcrumb":{"@id":"https:\/\/madigroup.com\/fr\/distribution\/madi-international\/salon-professionnel\/#breadcrumb"},"inLanguage":"fr-FR","potentialAction":[{"@type":"ReadAction","target":["https:\/\/madigroup.com\/fr\/distribution\/madi-international\/salon-professionnel\/"]}]},{"@type":"BreadcrumbList","@id":"https:\/\/madigroup.com\/fr\/distribution\/madi-international\/salon-professionnel\/#breadcrumb","itemListElement":[{"@type":"ListItem","position":1,"name":"Home","item":"https:\/\/madigroup.com\/fr\/domicile\/"},{"@type":"ListItem","position":2,"name":"Distribution","item":"https:\/\/madigroup.com\/fr\/distribution\/"},{"@type":"ListItem","position":3,"name":"MADI International","item":"https:\/\/madigroup.com\/fr\/distribution\/madi-international\/"},{"@type":"ListItem","position":4,"name":"Salon professionnel"}]},{"@type":"WebSite","@id":"https:\/\/madigroup.com\/#website","url":"https:\/\/madigroup.com\/","name":"https:\/\/madigroup.com\/","description":"Global Distributor of Professional Salon Products | Hair, Skin, and Nail Care Supplies","publisher":{"@id":"https:\/\/madigroup.com\/#organization"},"alternateName":"Madi Group","potentialAction":[{"@type":"SearchAction","target":{"@type":"EntryPoint","urlTemplate":"https:\/\/madigroup.com\/?s={search_term_string}"},"query-input":{"@type":"PropertyValueSpecification","valueRequired":true,"valueName":"search_term_string"}}],"inLanguage":"fr-FR"},{"@type":"Organization","@id":"https:\/\/madigroup.com\/#organization","name":"Madi Group","url":"https:\/\/madigroup.com\/","logo":{"@type":"ImageObject","inLanguage":"fr-FR","@id":"https:\/\/madigroup.com\/#\/schema\/logo\/image\/","url":"https:\/\/madigroup.com\/wp-content\/uploads\/2021\/05\/favicon-dark.png","contentUrl":"https:\/\/madigroup.com\/wp-content\/uploads\/2021\/05\/favicon-dark.png","width":512,"height":512,"caption":"Madi Group"},"image":{"@id":"https:\/\/madigroup.com\/#\/schema\/logo\/image\/"},"sameAs":["https:\/\/www.facebook.com\/Madi.International\/","https:\/\/www.instagram.com\/madi_intl\/","https:\/\/www.linkedin.com\/company\/madi-international\/"]},{"@type":"Person","@id":"https:\/\/madigroup.com\/#\/schema\/person\/11a3753e1909bdec36482681711ee73f","name":"madi_admin","image":{"@type":"ImageObject","inLanguage":"fr-FR","@id":"https:\/\/secure.gravatar.com\/avatar\/7367d1085462226c651b4faf7cb5d187a43c34bb78e0f7c7fb1a3f1e32cf8b46?s=96&d=mm&r=g","url":"https:\/\/secure.gravatar.com\/avatar\/7367d1085462226c651b4faf7cb5d187a43c34bb78e0f7c7fb1a3f1e32cf8b46?s=96&d=mm&r=g","contentUrl":"https:\/\/secure.gravatar.com\/avatar\/7367d1085462226c651b4faf7cb5d187a43c34bb78e0f7c7fb1a3f1e32cf8b46?s=96&d=mm&r=g","caption":"madi_admin"},"sameAs":["https:\/\/madigroup.com"],"url":"https:\/\/madigroup.com\/fr\/author\/madi_admin\/"}]}},"_links":{"self":[{"href":"https:\/\/madigroup.com\/fr\/wp-json\/wp\/v2\/pages\/10819","targetHints":{"allow":["GET"]}}],"collection":[{"href":"https:\/\/madigroup.com\/fr\/wp-json\/wp\/v2\/pages"}],"about":[{"href":"https:\/\/madigroup.com\/fr\/wp-json\/wp\/v2\/types\/page"}],"author":[{"embeddable":true,"href":"https:\/\/madigroup.com\/fr\/wp-json\/wp\/v2\/users\/1"}],"replies":[{"embeddable":true,"href":"https:\/\/madigroup.com\/fr\/wp-json\/wp\/v2\/comments?post=10819"}],"version-history":[{"count":0,"href":"https:\/\/madigroup.com\/fr\/wp-json\/wp\/v2\/pages\/10819\/revisions"}],"up":[{"embeddable":true,"href":"https:\/\/madigroup.com\/fr\/wp-json\/wp\/v2\/pages\/10882"}],"wp:attachment":[{"href":"https:\/\/madigroup.com\/fr\/wp-json\/wp\/v2\/media?parent=10819"}],"curies":[{"name":"wp","href":"https:\/\/api.w.org\/{rel}","templated":true}]}}