{"id":10650,"date":"2023-10-23T07:47:03","date_gmt":"2023-10-23T07:47:03","guid":{"rendered":"https:\/\/madigroup.com\/qui-sommes-nous\/"},"modified":"2024-09-06T03:36:16","modified_gmt":"2024-09-06T03:36:16","slug":"qui-sommes-nous","status":"publish","type":"page","link":"https:\/\/madigroup.com\/fr\/qui-sommes-nous\/","title":{"rendered":"Qui sommes-nous ?"},"content":{"rendered":"\t\t<div data-elementor-type=\"wp-page\" data-elementor-id=\"10650\" class=\"elementor elementor-10650 elementor-3784\">\n\t\t\t\t\t\t<section class=\"elementor-section elementor-top-section elementor-element elementor-element-82972c5 elementor-section-height-min-height elementor-section-full_width elementor-section-height-default elementor-section-items-middle\" data-id=\"82972c5\" data-element_type=\"section\" data-e-type=\"section\" data-settings=\"{&quot;background_background&quot;:&quot;classic&quot;}\">\n\t\t\t\t\t\t<div class=\"elementor-container elementor-column-gap-extended\">\n\t\t\t\t\t<div class=\"elementor-column elementor-col-100 elementor-top-column elementor-element elementor-element-cd294c3\" data-id=\"cd294c3\" data-element_type=\"column\" data-e-type=\"column\">\n\t\t\t<div class=\"elementor-widget-wrap\">\n\t\t\t\t\t\t\t<\/div>\n\t\t<\/div>\n\t\t\t\t\t<\/div>\n\t\t<\/section>\n\t\t        <div class=\"elementor-element elementor-element-3c8c28e e-flex e-con-boxed e-con e-parent\" data-id=\"3c8c28e\" data-element_type=\"container\" data-e-type=\"container\" data-settings=\"{&quot;background_background&quot;:&quot;classic&quot;}\">\n\t\t\t\t\t<div class=\"e-con-inner\">\n\t\t<div class=\"elementor-element elementor-element-8475871 e-flex e-con-boxed e-con e-child\" data-id=\"8475871\" data-element_type=\"container\" data-e-type=\"container\">\n\t\t\t\t\t<div class=\"e-con-inner\">\n\t\t\t\t<div class=\"elementor-element elementor-element-3dc194d elementor-widget__width-initial elementor-widget elementor-widget-heading\" data-id=\"3dc194d\" data-element_type=\"widget\" data-e-type=\"widget\" data-widget_type=\"heading.default\">\n\t\t\t\t<div class=\"elementor-widget-container\">\n\t\t\t\t\t<h2 class=\"elementor-heading-title elementor-size-default\">QUI SOMMES-NOUS ?<\/h2>\t\t\t\t<\/div>\n\t\t\t\t<\/div>\n\t\t\t\t<div class=\"elementor-element elementor-element-a9351db elementor-widget elementor-widget-text-editor\" data-id=\"a9351db\" data-element_type=\"widget\" data-e-type=\"widget\" data-widget_type=\"text-editor.default\">\n\t\t\t\t<div class=\"elementor-widget-container\">\n\t\t\t\t\t\t\t\t\t<p class=\"MsoNormal\"><span lang=\"EN-US\">Le groupe Madi incarne une collection d&rsquo;entreprises dynamiques unies par une \u00e9thique commune dans des secteurs vari\u00e9s tels que la distribution, le commerce de d\u00e9tail, l&rsquo;\u00e9ducation, les services, l&rsquo;incubation de marques et la fabrication.<br \/>\nNotre approche synergique s&rsquo;\u00e9tend \u00e0 toutes les facettes de nos op\u00e9rations, garantissant que notre mission et nos valeurs fondamentales r\u00e9sonnent dans tous les secteurs.<br \/>\nFond\u00e9 en 1991, le groupe Madi a \u00e9tendu sa port\u00e9e et diversifi\u00e9 ses offres au fil des ans, en lan\u00e7ant diff\u00e9rentes activit\u00e9s qui r\u00e9pondent aux besoins changeants de l&rsquo;industrie de la beaut\u00e9.<br \/>\nPr\u00e9sente aux \u00c9mirats arabes unis, en Arabie saoudite, au Qatar, \u00e0 Oman et \u00e0 Bahre\u00efn, chaque division du groupe soutient les autres, cr\u00e9ant ainsi un \u00e9cosyst\u00e8me solide, r\u00e9actif aux changements du march\u00e9 et profond\u00e9ment align\u00e9 sur les besoins et les attentes des consommateurs.<br \/>\nEnsemble, ces segments illustrent l&rsquo;ampleur et la profondeur de l&rsquo;engagement du groupe Madi dans l&rsquo;industrie de la beaut\u00e9.<br \/>\nEn tant qu&rsquo;entreprise familiale, le groupe Madi ne se contente pas de cr\u00e9er des entreprises, mais nourrit un h\u00e9ritage de beaut\u00e9, d&rsquo;innovation et d&rsquo;excellence qui \u00e9tablit de nouvelles normes dans l&rsquo;industrie.     <\/span><\/p>\n\t\t\t\t\t\t\t\t<\/div>\n\t\t\t\t<\/div>\n\t\t\t\t\t<\/div>\n\t\t\t\t<\/div>\n\t\t\t\t\t<\/div>\n\t\t\t\t<\/div>\n\t\t<div class=\"elementor-element elementor-element-f20b4ba e-flex e-con-boxed e-con e-parent\" data-id=\"f20b4ba\" data-element_type=\"container\" data-e-type=\"container\" data-settings=\"{&quot;background_background&quot;:&quot;classic&quot;}\">\n\t\t\t\t\t<div class=\"e-con-inner\">\n\t\t<div class=\"elementor-element elementor-element-aef1341 e-con-full e-flex e-con e-child\" data-id=\"aef1341\" data-element_type=\"container\" data-e-type=\"container\">\n\t\t\t\t<div class=\"elementor-element elementor-element-d42d724 elementor-widget elementor-widget-heading\" data-id=\"d42d724\" data-element_type=\"widget\" data-e-type=\"widget\" data-widget_type=\"heading.default\">\n\t\t\t\t<div class=\"elementor-widget-container\">\n\t\t\t\t\t<h1 class=\"elementor-heading-title elementor-size-default\">Un h\u00e9ritage d'innovation : Un message de la famille Madi<\/h1>\t\t\t\t<\/div>\n\t\t\t\t<\/div>\n\t\t\t\t<div class=\"elementor-element elementor-element-787b819 elementor-widget__width-inherit elementor-widget elementor-widget-image\" data-id=\"787b819\" data-element_type=\"widget\" data-e-type=\"widget\" data-widget_type=\"image.default\">\n\t\t\t\t<div class=\"elementor-widget-container\">\n\t\t\t\t\t\t\t\t\t\t\t\t\t\t\t<img fetchpriority=\"high\" decoding=\"async\" width=\"1920\" height=\"768\" src=\"https:\/\/madigroup.com\/wp-content\/uploads\/2024\/07\/Madi-Group-website-copy.jpg\" class=\"attachment-fs-wide-size-ultra-full size-fs-wide-size-ultra-full wp-image-10393\" alt=\"\" srcset=\"https:\/\/madigroup.com\/wp-content\/uploads\/2024\/07\/Madi-Group-website-copy.jpg 1920w, https:\/\/madigroup.com\/wp-content\/uploads\/2024\/07\/Madi-Group-website-copy-300x120.jpg 300w, https:\/\/madigroup.com\/wp-content\/uploads\/2024\/07\/Madi-Group-website-copy-1024x410.jpg 1024w, https:\/\/madigroup.com\/wp-content\/uploads\/2024\/07\/Madi-Group-website-copy-768x307.jpg 768w, https:\/\/madigroup.com\/wp-content\/uploads\/2024\/07\/Madi-Group-website-copy-1536x614.jpg 1536w, https:\/\/madigroup.com\/wp-content\/uploads\/2024\/07\/Madi-Group-website-copy-600x240.jpg 600w\" sizes=\"(max-width: 1920px) 100vw, 1920px\" \/>\t\t\t\t\t\t\t\t\t\t\t\t\t\t\t<\/div>\n\t\t\t\t<\/div>\n\t\t\t\t<div class=\"elementor-element elementor-element-367ea06 elementor-widget elementor-widget-text-editor\" data-id=\"367ea06\" data-element_type=\"widget\" data-e-type=\"widget\" data-widget_type=\"text-editor.default\">\n\t\t\t\t<div class=\"elementor-widget-container\">\n\t\t\t\t\t\t\t\t\t<p><em>En tant que famille Madi, nous avons le grand privil\u00e8ge de diriger collectivement le groupe Madi, en nous appuyant sur des fondations pos\u00e9es il y a plus de trois d\u00e9cennies.<br \/>\nNotre parcours, ancr\u00e9 dans l&rsquo;esprit pionnier de notre pr\u00e9sident de groupe, Mohamad Madi, continue de s&rsquo;\u00e9panouir sous la direction unie de ses enfants, Rabih et Yara Madi, \u00e0 ses c\u00f4t\u00e9s.<br \/>\nCe m\u00e9lange harmonieux d&rsquo;exp\u00e9rience et de perspectives nouvelles garantit la perp\u00e9tuation de notre mission principale : innover sans rel\u00e2che tout en \u00e9largissant notre port\u00e9e et notre influence dans l&rsquo;ensemble de l&rsquo;industrie de la beaut\u00e9.  <\/em><\/p>\n<p><em>Nous sommes fiers de notre trajectoire de croissance, aliment\u00e9e par notre ambition de p\u00e9n\u00e9trer de nouveaux march\u00e9s, de saisir des opportunit\u00e9s de premier plan et de d\u00e9velopper des produits indispensables.<br \/>\nAlors que nous naviguons dans l&rsquo;\u00e8re num\u00e9rique et les voies dynamiques des march\u00e9s \u00e9mergents, notre objectif reste in\u00e9branlable : le client final est, et sera toujours, au c\u0153ur de nos efforts. <\/em><\/p>\n<p><em>Le groupe Madi se distingue par son excellence en mati\u00e8re de cr\u00e9ativit\u00e9 et d&rsquo;inspiration des consommateurs.<br \/>\nNos talents cr\u00e9atifs se nourrissent de l&rsquo;inspiration de nos clients et veillent \u00e0 ce que chaque produit refl\u00e8te le summum de l&rsquo;innovation et de la qualit\u00e9.<br \/>\nEn outre, notre engagement en faveur d&rsquo;un service de qualit\u00e9 transcende les fronti\u00e8res traditionnelles, en s&rsquo;adaptant aux divers canaux de distribution et \u00e0 la d\u00e9mographie des consommateurs, afin de favoriser un engagement sans \u00e9gal.  <\/em><\/p>\n<p><em>En tant qu&rsquo;entreprise familiale, nous sommes plus qu&rsquo;une simple entreprise ; nous sommes un h\u00e9ritage en mouvement, engag\u00e9 dans l&rsquo;excellence et l&rsquo;innovation dans toutes les facettes de nos activit\u00e9s.<\/em><\/p>\n<p><em>Nous vous remercions sinc\u00e8rement de votre soutien et de l&rsquo;int\u00e9r\u00eat que vous portez au groupe Madi, \u00e0 nos marques et \u00e0 nos produits.<br \/>\nEnsemble, nous \u00e9tablissons de nouvelles normes, relevons des d\u00e9fis et c\u00e9l\u00e9brons la beaut\u00e9 de l&rsquo;innovation. <\/em><\/p>\n\t\t\t\t\t\t\t\t<\/div>\n\t\t\t\t<\/div>\n\t\t<div class=\"elementor-element elementor-element-621c825 e-flex e-con-boxed e-con e-child\" data-id=\"621c825\" data-element_type=\"container\" data-e-type=\"container\">\n\t\t\t\t\t<div class=\"e-con-inner\">\n\t\t\t\t\t<\/div>\n\t\t\t\t<\/div>\n\t\t\t\t<\/div>\n\t\t\t\t\t<\/div>\n\t\t\t\t<\/div>\n\t\t\t\t<\/div>\n\t\t","protected":false},"excerpt":{"rendered":"<p>QUI SOMMES-NOUS ? Le groupe Madi incarne une collection d&rsquo;entreprises dynamiques unies par une \u00e9thique commune dans des secteurs vari\u00e9s tels que la distribution, le commerce de d\u00e9tail, l&rsquo;\u00e9ducation, les services, l&rsquo;incubation de marques et la fabrication. Notre approche synergique s&rsquo;\u00e9tend \u00e0 toutes les facettes de nos op\u00e9rations, garantissant que notre mission et nos valeurs [&hellip;]<\/p>\n","protected":false},"author":1,"featured_media":0,"parent":0,"menu_order":0,"comment_status":"closed","ping_status":"closed","template":"","meta":{"_acf_changed":false,"footnotes":""},"class_list":["post-10650","page","type-page","status-publish","hentry"],"acf":[],"yoast_head":"<!-- This site is optimized with the Yoast SEO plugin v27.4 - https:\/\/yoast.com\/product\/yoast-seo-wordpress\/ -->\n<title>Madi Group - Empowering Beauty, Innovation and Growth<\/title>\n<meta name=\"description\" content=\"Discover Madi Group\u2019s legacy of innovation in beauty. Explore our dynamic ventures in distribution, retail, education, and manufacturing across the Middle East since 1991.\" \/>\n<meta name=\"robots\" content=\"index, follow, max-snippet:-1, max-image-preview:large, max-video-preview:-1\" \/>\n<link rel=\"canonical\" href=\"https:\/\/madigroup.com\/fr\/qui-sommes-nous\/\" \/>\n<meta property=\"og:locale\" content=\"fr_FR\" \/>\n<meta property=\"og:type\" content=\"article\" \/>\n<meta property=\"og:title\" content=\"Madi Group - Empowering Beauty, Innovation and Growth\" \/>\n<meta property=\"og:description\" content=\"Discover Madi Group\u2019s legacy of innovation in beauty. Explore our dynamic ventures in distribution, retail, education, and manufacturing across the Middle East since 1991.\" \/>\n<meta property=\"og:url\" content=\"https:\/\/madigroup.com\/fr\/qui-sommes-nous\/\" \/>\n<meta property=\"og:site_name\" content=\"Groupe MADI\" \/>\n<meta property=\"article:publisher\" content=\"https:\/\/www.facebook.com\/Madi.International\/\" \/>\n<meta property=\"article:modified_time\" content=\"2024-09-06T03:36:16+00:00\" \/>\n<meta property=\"og:image\" content=\"https:\/\/madigroup.com\/wp-content\/uploads\/2024\/07\/Madi-Group-website-copy.jpg\" \/>\n<meta name=\"twitter:card\" content=\"summary_large_image\" \/>\n<meta name=\"twitter:label1\" content=\"Dur\u00e9e de lecture estim\u00e9e\" \/>\n\t<meta name=\"twitter:data1\" content=\"3 minutes\" \/>\n<script type=\"application\/ld+json\" class=\"yoast-schema-graph\">{\"@context\":\"https:\\\/\\\/schema.org\",\"@graph\":[{\"@type\":\"Article\",\"@id\":\"https:\\\/\\\/madigroup.com\\\/fr\\\/qui-sommes-nous\\\/#article\",\"isPartOf\":{\"@id\":\"https:\\\/\\\/madigroup.com\\\/fr\\\/qui-sommes-nous\\\/\"},\"author\":{\"name\":\"madi_admin\",\"@id\":\"https:\\\/\\\/madigroup.com\\\/#\\\/schema\\\/person\\\/11a3753e1909bdec36482681711ee73f\"},\"headline\":\"Qui sommes-nous ?\",\"datePublished\":\"2023-10-23T07:47:03+00:00\",\"dateModified\":\"2024-09-06T03:36:16+00:00\",\"mainEntityOfPage\":{\"@id\":\"https:\\\/\\\/madigroup.com\\\/fr\\\/qui-sommes-nous\\\/\"},\"wordCount\":564,\"publisher\":{\"@id\":\"https:\\\/\\\/madigroup.com\\\/#organization\"},\"image\":{\"@id\":\"https:\\\/\\\/madigroup.com\\\/fr\\\/qui-sommes-nous\\\/#primaryimage\"},\"thumbnailUrl\":\"https:\\\/\\\/madigroup.com\\\/wp-content\\\/uploads\\\/2024\\\/07\\\/Madi-Group-website-copy.jpg\",\"inLanguage\":\"fr-FR\"},{\"@type\":\"WebPage\",\"@id\":\"https:\\\/\\\/madigroup.com\\\/fr\\\/qui-sommes-nous\\\/\",\"url\":\"https:\\\/\\\/madigroup.com\\\/fr\\\/qui-sommes-nous\\\/\",\"name\":\"Madi Group - Empowering Beauty, Innovation and Growth\",\"isPartOf\":{\"@id\":\"https:\\\/\\\/madigroup.com\\\/#website\"},\"primaryImageOfPage\":{\"@id\":\"https:\\\/\\\/madigroup.com\\\/fr\\\/qui-sommes-nous\\\/#primaryimage\"},\"image\":{\"@id\":\"https:\\\/\\\/madigroup.com\\\/fr\\\/qui-sommes-nous\\\/#primaryimage\"},\"thumbnailUrl\":\"https:\\\/\\\/madigroup.com\\\/wp-content\\\/uploads\\\/2024\\\/07\\\/Madi-Group-website-copy.jpg\",\"datePublished\":\"2023-10-23T07:47:03+00:00\",\"dateModified\":\"2024-09-06T03:36:16+00:00\",\"description\":\"Discover Madi Group\u2019s legacy of innovation in beauty. Explore our dynamic ventures in distribution, retail, education, and manufacturing across the Middle East since 1991.\",\"breadcrumb\":{\"@id\":\"https:\\\/\\\/madigroup.com\\\/fr\\\/qui-sommes-nous\\\/#breadcrumb\"},\"inLanguage\":\"fr-FR\",\"potentialAction\":[{\"@type\":\"ReadAction\",\"target\":[\"https:\\\/\\\/madigroup.com\\\/fr\\\/qui-sommes-nous\\\/\"]}]},{\"@type\":\"ImageObject\",\"inLanguage\":\"fr-FR\",\"@id\":\"https:\\\/\\\/madigroup.com\\\/fr\\\/qui-sommes-nous\\\/#primaryimage\",\"url\":\"https:\\\/\\\/madigroup.com\\\/wp-content\\\/uploads\\\/2024\\\/07\\\/Madi-Group-website-copy.jpg\",\"contentUrl\":\"https:\\\/\\\/madigroup.com\\\/wp-content\\\/uploads\\\/2024\\\/07\\\/Madi-Group-website-copy.jpg\"},{\"@type\":\"BreadcrumbList\",\"@id\":\"https:\\\/\\\/madigroup.com\\\/fr\\\/qui-sommes-nous\\\/#breadcrumb\",\"itemListElement\":[{\"@type\":\"ListItem\",\"position\":1,\"name\":\"Home\",\"item\":\"https:\\\/\\\/madigroup.com\\\/fr\\\/domicile\\\/\"},{\"@type\":\"ListItem\",\"position\":2,\"name\":\"Qui sommes-nous ?\"}]},{\"@type\":\"WebSite\",\"@id\":\"https:\\\/\\\/madigroup.com\\\/#website\",\"url\":\"https:\\\/\\\/madigroup.com\\\/\",\"name\":\"https:\\\/\\\/madigroup.com\\\/\",\"description\":\"Global Distributor of Professional Salon Products | Hair, Skin, and Nail Care Supplies\",\"publisher\":{\"@id\":\"https:\\\/\\\/madigroup.com\\\/#organization\"},\"alternateName\":\"Madi Group\",\"potentialAction\":[{\"@type\":\"SearchAction\",\"target\":{\"@type\":\"EntryPoint\",\"urlTemplate\":\"https:\\\/\\\/madigroup.com\\\/?s={search_term_string}\"},\"query-input\":{\"@type\":\"PropertyValueSpecification\",\"valueRequired\":true,\"valueName\":\"search_term_string\"}}],\"inLanguage\":\"fr-FR\"},{\"@type\":\"Organization\",\"@id\":\"https:\\\/\\\/madigroup.com\\\/#organization\",\"name\":\"Madi Group\",\"url\":\"https:\\\/\\\/madigroup.com\\\/\",\"logo\":{\"@type\":\"ImageObject\",\"inLanguage\":\"fr-FR\",\"@id\":\"https:\\\/\\\/madigroup.com\\\/#\\\/schema\\\/logo\\\/image\\\/\",\"url\":\"https:\\\/\\\/madigroup.com\\\/wp-content\\\/uploads\\\/2021\\\/05\\\/favicon-dark.png\",\"contentUrl\":\"https:\\\/\\\/madigroup.com\\\/wp-content\\\/uploads\\\/2021\\\/05\\\/favicon-dark.png\",\"width\":512,\"height\":512,\"caption\":\"Madi Group\"},\"image\":{\"@id\":\"https:\\\/\\\/madigroup.com\\\/#\\\/schema\\\/logo\\\/image\\\/\"},\"sameAs\":[\"https:\\\/\\\/www.facebook.com\\\/Madi.International\\\/\",\"https:\\\/\\\/www.instagram.com\\\/madi_intl\\\/\",\"https:\\\/\\\/www.linkedin.com\\\/company\\\/madi-international\\\/\"]},{\"@type\":\"Person\",\"@id\":\"https:\\\/\\\/madigroup.com\\\/#\\\/schema\\\/person\\\/11a3753e1909bdec36482681711ee73f\",\"name\":\"madi_admin\",\"image\":{\"@type\":\"ImageObject\",\"inLanguage\":\"fr-FR\",\"@id\":\"https:\\\/\\\/secure.gravatar.com\\\/avatar\\\/7367d1085462226c651b4faf7cb5d187a43c34bb78e0f7c7fb1a3f1e32cf8b46?s=96&d=mm&r=g\",\"url\":\"https:\\\/\\\/secure.gravatar.com\\\/avatar\\\/7367d1085462226c651b4faf7cb5d187a43c34bb78e0f7c7fb1a3f1e32cf8b46?s=96&d=mm&r=g\",\"contentUrl\":\"https:\\\/\\\/secure.gravatar.com\\\/avatar\\\/7367d1085462226c651b4faf7cb5d187a43c34bb78e0f7c7fb1a3f1e32cf8b46?s=96&d=mm&r=g\",\"caption\":\"madi_admin\"},\"sameAs\":[\"https:\\\/\\\/madigroup.com\"],\"url\":\"https:\\\/\\\/madigroup.com\\\/fr\\\/author\\\/madi_admin\\\/\"}]}<\/script>\n<!-- \/ Yoast SEO plugin. -->","yoast_head_json":{"title":"Madi Group - Empowering Beauty, Innovation and Growth","description":"Discover Madi Group\u2019s legacy of innovation in beauty. Explore our dynamic ventures in distribution, retail, education, and manufacturing across the Middle East since 1991.","robots":{"index":"index","follow":"follow","max-snippet":"max-snippet:-1","max-image-preview":"max-image-preview:large","max-video-preview":"max-video-preview:-1"},"canonical":"https:\/\/madigroup.com\/fr\/qui-sommes-nous\/","og_locale":"fr_FR","og_type":"article","og_title":"Madi Group - Empowering Beauty, Innovation and Growth","og_description":"Discover Madi Group\u2019s legacy of innovation in beauty. Explore our dynamic ventures in distribution, retail, education, and manufacturing across the Middle East since 1991.","og_url":"https:\/\/madigroup.com\/fr\/qui-sommes-nous\/","og_site_name":"Groupe MADI","article_publisher":"https:\/\/www.facebook.com\/Madi.International\/","article_modified_time":"2024-09-06T03:36:16+00:00","og_image":[{"url":"https:\/\/madigroup.com\/wp-content\/uploads\/2024\/07\/Madi-Group-website-copy.jpg","type":"","width":"","height":""}],"twitter_card":"summary_large_image","twitter_misc":{"Dur\u00e9e de lecture estim\u00e9e":"3 minutes"},"schema":{"@context":"https:\/\/schema.org","@graph":[{"@type":"Article","@id":"https:\/\/madigroup.com\/fr\/qui-sommes-nous\/#article","isPartOf":{"@id":"https:\/\/madigroup.com\/fr\/qui-sommes-nous\/"},"author":{"name":"madi_admin","@id":"https:\/\/madigroup.com\/#\/schema\/person\/11a3753e1909bdec36482681711ee73f"},"headline":"Qui sommes-nous ?","datePublished":"2023-10-23T07:47:03+00:00","dateModified":"2024-09-06T03:36:16+00:00","mainEntityOfPage":{"@id":"https:\/\/madigroup.com\/fr\/qui-sommes-nous\/"},"wordCount":564,"publisher":{"@id":"https:\/\/madigroup.com\/#organization"},"image":{"@id":"https:\/\/madigroup.com\/fr\/qui-sommes-nous\/#primaryimage"},"thumbnailUrl":"https:\/\/madigroup.com\/wp-content\/uploads\/2024\/07\/Madi-Group-website-copy.jpg","inLanguage":"fr-FR"},{"@type":"WebPage","@id":"https:\/\/madigroup.com\/fr\/qui-sommes-nous\/","url":"https:\/\/madigroup.com\/fr\/qui-sommes-nous\/","name":"Madi Group - Empowering Beauty, Innovation and Growth","isPartOf":{"@id":"https:\/\/madigroup.com\/#website"},"primaryImageOfPage":{"@id":"https:\/\/madigroup.com\/fr\/qui-sommes-nous\/#primaryimage"},"image":{"@id":"https:\/\/madigroup.com\/fr\/qui-sommes-nous\/#primaryimage"},"thumbnailUrl":"https:\/\/madigroup.com\/wp-content\/uploads\/2024\/07\/Madi-Group-website-copy.jpg","datePublished":"2023-10-23T07:47:03+00:00","dateModified":"2024-09-06T03:36:16+00:00","description":"Discover Madi Group\u2019s legacy of innovation in beauty. Explore our dynamic ventures in distribution, retail, education, and manufacturing across the Middle East since 1991.","breadcrumb":{"@id":"https:\/\/madigroup.com\/fr\/qui-sommes-nous\/#breadcrumb"},"inLanguage":"fr-FR","potentialAction":[{"@type":"ReadAction","target":["https:\/\/madigroup.com\/fr\/qui-sommes-nous\/"]}]},{"@type":"ImageObject","inLanguage":"fr-FR","@id":"https:\/\/madigroup.com\/fr\/qui-sommes-nous\/#primaryimage","url":"https:\/\/madigroup.com\/wp-content\/uploads\/2024\/07\/Madi-Group-website-copy.jpg","contentUrl":"https:\/\/madigroup.com\/wp-content\/uploads\/2024\/07\/Madi-Group-website-copy.jpg"},{"@type":"BreadcrumbList","@id":"https:\/\/madigroup.com\/fr\/qui-sommes-nous\/#breadcrumb","itemListElement":[{"@type":"ListItem","position":1,"name":"Home","item":"https:\/\/madigroup.com\/fr\/domicile\/"},{"@type":"ListItem","position":2,"name":"Qui sommes-nous ?"}]},{"@type":"WebSite","@id":"https:\/\/madigroup.com\/#website","url":"https:\/\/madigroup.com\/","name":"https:\/\/madigroup.com\/","description":"Global Distributor of Professional Salon Products | Hair, Skin, and Nail Care Supplies","publisher":{"@id":"https:\/\/madigroup.com\/#organization"},"alternateName":"Madi Group","potentialAction":[{"@type":"SearchAction","target":{"@type":"EntryPoint","urlTemplate":"https:\/\/madigroup.com\/?s={search_term_string}"},"query-input":{"@type":"PropertyValueSpecification","valueRequired":true,"valueName":"search_term_string"}}],"inLanguage":"fr-FR"},{"@type":"Organization","@id":"https:\/\/madigroup.com\/#organization","name":"Madi Group","url":"https:\/\/madigroup.com\/","logo":{"@type":"ImageObject","inLanguage":"fr-FR","@id":"https:\/\/madigroup.com\/#\/schema\/logo\/image\/","url":"https:\/\/madigroup.com\/wp-content\/uploads\/2021\/05\/favicon-dark.png","contentUrl":"https:\/\/madigroup.com\/wp-content\/uploads\/2021\/05\/favicon-dark.png","width":512,"height":512,"caption":"Madi Group"},"image":{"@id":"https:\/\/madigroup.com\/#\/schema\/logo\/image\/"},"sameAs":["https:\/\/www.facebook.com\/Madi.International\/","https:\/\/www.instagram.com\/madi_intl\/","https:\/\/www.linkedin.com\/company\/madi-international\/"]},{"@type":"Person","@id":"https:\/\/madigroup.com\/#\/schema\/person\/11a3753e1909bdec36482681711ee73f","name":"madi_admin","image":{"@type":"ImageObject","inLanguage":"fr-FR","@id":"https:\/\/secure.gravatar.com\/avatar\/7367d1085462226c651b4faf7cb5d187a43c34bb78e0f7c7fb1a3f1e32cf8b46?s=96&d=mm&r=g","url":"https:\/\/secure.gravatar.com\/avatar\/7367d1085462226c651b4faf7cb5d187a43c34bb78e0f7c7fb1a3f1e32cf8b46?s=96&d=mm&r=g","contentUrl":"https:\/\/secure.gravatar.com\/avatar\/7367d1085462226c651b4faf7cb5d187a43c34bb78e0f7c7fb1a3f1e32cf8b46?s=96&d=mm&r=g","caption":"madi_admin"},"sameAs":["https:\/\/madigroup.com"],"url":"https:\/\/madigroup.com\/fr\/author\/madi_admin\/"}]}},"_links":{"self":[{"href":"https:\/\/madigroup.com\/fr\/wp-json\/wp\/v2\/pages\/10650","targetHints":{"allow":["GET"]}}],"collection":[{"href":"https:\/\/madigroup.com\/fr\/wp-json\/wp\/v2\/pages"}],"about":[{"href":"https:\/\/madigroup.com\/fr\/wp-json\/wp\/v2\/types\/page"}],"author":[{"embeddable":true,"href":"https:\/\/madigroup.com\/fr\/wp-json\/wp\/v2\/users\/1"}],"replies":[{"embeddable":true,"href":"https:\/\/madigroup.com\/fr\/wp-json\/wp\/v2\/comments?post=10650"}],"version-history":[{"count":0,"href":"https:\/\/madigroup.com\/fr\/wp-json\/wp\/v2\/pages\/10650\/revisions"}],"wp:attachment":[{"href":"https:\/\/madigroup.com\/fr\/wp-json\/wp\/v2\/media?parent=10650"}],"curies":[{"name":"wp","href":"https:\/\/api.w.org\/{rel}","templated":true}]}}