{"id":11425,"date":"2023-10-23T07:07:02","date_gmt":"2023-10-23T07:07:02","guid":{"rendered":"https:\/\/madigroup.com\/venta-al-por-menor\/"},"modified":"2024-09-11T06:56:22","modified_gmt":"2024-09-11T06:56:22","slug":"venta-al-por-menor","status":"publish","type":"page","link":"https:\/\/madigroup.com\/es\/venta-al-por-menor\/","title":{"rendered":"Venta al por menor"},"content":{"rendered":"\t\t<div data-elementor-type=\"wp-page\" data-elementor-id=\"11425\" class=\"elementor elementor-11425 elementor-3720\">\n\t\t\t\t<div class=\"elementor-element elementor-element-edee4f9 video-banner e-flex e-con-boxed e-con e-parent\" data-id=\"edee4f9\" data-element_type=\"container\" data-e-type=\"container\" data-settings=\"{&quot;background_background&quot;:&quot;video&quot;,&quot;background_video_link&quot;:&quot;https:\\\/\\\/madigroup.com\\\/wp-content\\\/uploads\\\/2024\\\/02\\\/Retail.mp4&quot;,&quot;background_play_on_mobile&quot;:&quot;yes&quot;}\">\n\t\t\t\t\t<div class=\"e-con-inner\">\n\t\t<div class=\"elementor-background-video-container\">\n\t\t\t\t\t\t\t<video class=\"elementor-background-video-hosted\" role=\"presentation\" autoplay muted playsinline loop><\/video>\n\t\t\t\t\t<\/div>\t\t\t<\/div>\n\t\t\t\t<\/div>\n\t\t<div class=\"elementor-element elementor-element-90367bb e-flex e-con-boxed e-con e-parent\" data-id=\"90367bb\" data-element_type=\"container\" data-e-type=\"container\" data-settings=\"{&quot;background_background&quot;:&quot;classic&quot;}\">\n\t\t\t\t\t<div class=\"e-con-inner\">\n\t\t<div class=\"elementor-element elementor-element-ed410a4 e-con-full e-grid e-con e-child\" data-id=\"ed410a4\" data-element_type=\"container\" data-e-type=\"container\">\n\t\t<div class=\"elementor-element elementor-element-7fa7691 e-con-full e-flex e-con e-child\" data-id=\"7fa7691\" data-element_type=\"container\" data-e-type=\"container\">\n\t\t\t\t<div class=\"elementor-element elementor-element-6abbdd3 elementor-widget elementor-widget-heading\" data-id=\"6abbdd3\" data-element_type=\"widget\" data-e-type=\"widget\" data-widget_type=\"heading.default\">\n\t\t\t\t<div class=\"elementor-widget-container\">\n\t\t\t\t\t<h2 class=\"elementor-heading-title elementor-size-default\">Cozmada<\/h2>\t\t\t\t<\/div>\n\t\t\t\t<\/div>\n\t\t\t\t<div class=\"elementor-element elementor-element-581629b elementor-widget__width-initial elementor-widget elementor-widget-text-editor\" data-id=\"581629b\" data-element_type=\"widget\" data-e-type=\"widget\" data-widget_type=\"text-editor.default\">\n\t\t\t\t<div class=\"elementor-widget-container\">\n\t\t\t\t\t\t\t\t\t<p class=\"MsoNormal\">Cozmada es un concepto minorista \u00fanico que se lanz\u00f3 en 2020, dedicado a llevar el lujo asequible al mercado de la belleza en el CCG.<br \/>\nOfrece una amplia selecci\u00f3n de marcas cre\u00edbles y exclusivas, con productos aut\u00e9nticos y de alta calidad para el cabello, la piel, el cuidado de las u\u00f1as, herramientas, accesorios, electrodom\u00e9sticos y otras necesidades de belleza.<br \/>\nCozmada se destaca por su compromiso de brindar soluciones para todas las necesidades de belleza, respaldada por el asesoramiento experto de nuestros educadores capacitados en MADI.  <\/p>\n\t\t\t\t\t\t\t\t<\/div>\n\t\t\t\t<\/div>\n\t\t\t\t<div class=\"elementor-element elementor-element-861f93d elementor-widget elementor-widget-fs-button\" data-id=\"861f93d\" data-element_type=\"widget\" data-e-type=\"widget\" data-widget_type=\"fs-button.default\">\n\t\t\t\t<div class=\"elementor-widget-container\">\n\t\t\t\t\t\r\n            <div class=\"button-wrapper\">\r\n\r\n                <a href=\"https:\/\/madigroup.com\/es\/venta-al-por-menor\/cozmada\/\"\r\n                   class=\"fs-button dark-border-style\"\r\n                   target=\"_self\">\r\n\r\n                    Leer m\u00e1s\r\n                <\/a>\r\n\r\n            <\/div>\r\n\r\n        \t\t\t\t<\/div>\n\t\t\t\t<\/div>\n\t\t\t\t<\/div>\n\t\t\t\t<div class=\"elementor-element elementor-element-692b5ce elementor-widget elementor-widget-image\" data-id=\"692b5ce\" data-element_type=\"widget\" data-e-type=\"widget\" data-widget_type=\"image.default\">\n\t\t\t\t<div class=\"elementor-widget-container\">\n\t\t\t\t\t\t\t\t\t\t\t\t\t\t\t<img fetchpriority=\"high\" decoding=\"async\" width=\"1024\" height=\"1024\" src=\"https:\/\/madigroup.com\/wp-content\/uploads\/2024\/05\/cozmada-logo-copy-1.webp\" class=\"attachment-large size-large wp-image-9460\" alt=\"\" srcset=\"https:\/\/madigroup.com\/wp-content\/uploads\/2024\/05\/cozmada-logo-copy-1.webp 1024w, https:\/\/madigroup.com\/wp-content\/uploads\/2024\/05\/cozmada-logo-copy-1-300x300.webp 300w, https:\/\/madigroup.com\/wp-content\/uploads\/2024\/05\/cozmada-logo-copy-1-150x150.webp 150w, https:\/\/madigroup.com\/wp-content\/uploads\/2024\/05\/cozmada-logo-copy-1-768x768.webp 768w, https:\/\/madigroup.com\/wp-content\/uploads\/2024\/05\/cozmada-logo-copy-1-540x540.webp 540w\" sizes=\"(max-width: 1024px) 100vw, 1024px\" \/>\t\t\t\t\t\t\t\t\t\t\t\t\t\t\t<\/div>\n\t\t\t\t<\/div>\n\t\t\t\t<\/div>\n\t\t\t\t\t<\/div>\n\t\t\t\t<\/div>\n\t\t<div class=\"elementor-element elementor-element-0a55199 e-flex e-con-boxed e-con e-parent\" data-id=\"0a55199\" data-element_type=\"container\" data-e-type=\"container\" data-settings=\"{&quot;background_background&quot;:&quot;classic&quot;}\">\n\t\t\t\t\t<div class=\"e-con-inner\">\n\t\t<div class=\"elementor-element elementor-element-79bacf4 e-con-full e-grid e-con e-child\" data-id=\"79bacf4\" data-element_type=\"container\" data-e-type=\"container\">\n\t\t\t\t<div class=\"elementor-element elementor-element-9d8a2a1 elementor-widget-mobile__width-inherit elementor-widget elementor-widget-image\" data-id=\"9d8a2a1\" data-element_type=\"widget\" data-e-type=\"widget\" data-widget_type=\"image.default\">\n\t\t\t\t<div class=\"elementor-widget-container\">\n\t\t\t\t\t\t\t\t\t\t\t\t\t\t\t<img decoding=\"async\" width=\"1024\" height=\"1024\" src=\"https:\/\/madigroup.com\/wp-content\/uploads\/2024\/05\/Madi-COSMETICS-LOGO-copy.webp\" class=\"attachment-large size-large wp-image-9465\" alt=\"\" srcset=\"https:\/\/madigroup.com\/wp-content\/uploads\/2024\/05\/Madi-COSMETICS-LOGO-copy.webp 1024w, https:\/\/madigroup.com\/wp-content\/uploads\/2024\/05\/Madi-COSMETICS-LOGO-copy-300x300.webp 300w, https:\/\/madigroup.com\/wp-content\/uploads\/2024\/05\/Madi-COSMETICS-LOGO-copy-150x150.webp 150w, https:\/\/madigroup.com\/wp-content\/uploads\/2024\/05\/Madi-COSMETICS-LOGO-copy-768x768.webp 768w, https:\/\/madigroup.com\/wp-content\/uploads\/2024\/05\/Madi-COSMETICS-LOGO-copy-540x540.webp 540w\" sizes=\"(max-width: 1024px) 100vw, 1024px\" \/>\t\t\t\t\t\t\t\t\t\t\t\t\t\t\t<\/div>\n\t\t\t\t<\/div>\n\t\t<div class=\"elementor-element elementor-element-b3f6b05 e-con-full e-flex e-con e-child\" data-id=\"b3f6b05\" data-element_type=\"container\" data-e-type=\"container\">\n\t\t\t\t<div class=\"elementor-element elementor-element-24a028f elementor-widget elementor-widget-heading\" data-id=\"24a028f\" data-element_type=\"widget\" data-e-type=\"widget\" data-widget_type=\"heading.default\">\n\t\t\t\t<div class=\"elementor-widget-container\">\n\t\t\t\t\t<h2 class=\"elementor-heading-title elementor-size-default\">MADI Cosm\u00e9ticos<\/h2>\t\t\t\t<\/div>\n\t\t\t\t<\/div>\n\t\t\t\t<div class=\"elementor-element elementor-element-1852880 elementor-widget elementor-widget-text-editor\" data-id=\"1852880\" data-element_type=\"widget\" data-e-type=\"widget\" data-widget_type=\"text-editor.default\">\n\t\t\t\t<div class=\"elementor-widget-container\">\n\t\t\t\t\t\t\t\t\t<p class=\"MsoNormal\">MADI Cosmetics es un componente fundamental de Madi Group, que ofrece una dimensi\u00f3n minorista y experiencial al negocio.\nTiene un doble prop\u00f3sito, funcionando como una sala de exposici\u00f3n para que los clientes B2B exploren y eval\u00faen muebles, equipos y la amplia gama de marcas de belleza que representa Madi International, as\u00ed como un punto de venta al por menor para los consumidores finales. <o:p><\/o:p><\/p>\t\t\t\t\t\t\t\t<\/div>\n\t\t\t\t<\/div>\n\t\t\t\t<div class=\"elementor-element elementor-element-fcd5d21 elementor-widget elementor-widget-fs-button\" data-id=\"fcd5d21\" data-element_type=\"widget\" data-e-type=\"widget\" data-widget_type=\"fs-button.default\">\n\t\t\t\t<div class=\"elementor-widget-container\">\n\t\t\t\t\t\r\n            <div class=\"button-wrapper\">\r\n\r\n                <a href=\"https:\/\/madigroup.com\/es\/venta-al-por-menor\/madi-cosmeticos\/\"\r\n                   class=\"fs-button dark-border-style\"\r\n                   target=\"_self\">\r\n\r\n                    Leer m\u00e1s\r\n                <\/a>\r\n\r\n            <\/div>\r\n\r\n        \t\t\t\t<\/div>\n\t\t\t\t<\/div>\n\t\t\t\t<\/div>\n\t\t\t\t<\/div>\n\t\t\t\t\t<\/div>\n\t\t\t\t<\/div>\n\t\t\t\t<\/div>\n\t\t","protected":false},"excerpt":{"rendered":"<p>Cozmada Cozmada es un concepto minorista \u00fanico que se lanz\u00f3 en 2020, dedicado a llevar el lujo asequible al mercado de la belleza en el CCG. Ofrece una amplia selecci\u00f3n de marcas cre\u00edbles y exclusivas, con productos aut\u00e9nticos y de alta calidad para el cabello, la piel, el cuidado de las u\u00f1as, herramientas, accesorios, electrodom\u00e9sticos [&hellip;]<\/p>\n","protected":false},"author":1,"featured_media":0,"parent":0,"menu_order":0,"comment_status":"closed","ping_status":"closed","template":"","meta":{"_acf_changed":false,"footnotes":""},"class_list":["post-11425","page","type-page","status-publish","hentry"],"acf":[],"yoast_head":"<!-- This site is optimized with the Yoast SEO plugin v27.4 - https:\/\/yoast.com\/product\/yoast-seo-wordpress\/ -->\n<title>Madi Group - Empowering Beauty, Innovation and Growth<\/title>\n<meta name=\"description\" content=\"Discover Madi Group\u2019s legacy of innovation in beauty. Explore our dynamic ventures in distribution, retail, education, and manufacturing across the Middle East since 1991.\" \/>\n<meta name=\"robots\" content=\"index, follow, max-snippet:-1, max-image-preview:large, max-video-preview:-1\" \/>\n<link rel=\"canonical\" href=\"https:\/\/madigroup.com\/es\/venta-al-por-menor\/\" \/>\n<meta property=\"og:locale\" content=\"es_ES\" \/>\n<meta property=\"og:type\" content=\"article\" \/>\n<meta property=\"og:title\" content=\"Madi Group - Empowering Beauty, Innovation and Growth\" \/>\n<meta property=\"og:description\" content=\"Discover Madi Group\u2019s legacy of innovation in beauty. Explore our dynamic ventures in distribution, retail, education, and manufacturing across the Middle East since 1991.\" \/>\n<meta property=\"og:url\" content=\"https:\/\/madigroup.com\/es\/venta-al-por-menor\/\" \/>\n<meta property=\"og:site_name\" content=\"Grupo MADI\" \/>\n<meta property=\"article:publisher\" content=\"https:\/\/www.facebook.com\/Madi.International\/\" \/>\n<meta property=\"article:modified_time\" content=\"2024-09-11T06:56:22+00:00\" \/>\n<meta property=\"og:image\" content=\"https:\/\/madigroup.com\/wp-content\/uploads\/2024\/05\/cozmada-logo-copy-1.webp\" \/>\n<meta name=\"twitter:card\" content=\"summary_large_image\" \/>\n<meta name=\"twitter:label1\" content=\"Tiempo de lectura\" \/>\n\t<meta name=\"twitter:data1\" content=\"1 minuto\" \/>\n<script type=\"application\/ld+json\" class=\"yoast-schema-graph\">{\"@context\":\"https:\\\/\\\/schema.org\",\"@graph\":[{\"@type\":\"Article\",\"@id\":\"https:\\\/\\\/madigroup.com\\\/es\\\/venta-al-por-menor\\\/#article\",\"isPartOf\":{\"@id\":\"https:\\\/\\\/madigroup.com\\\/es\\\/venta-al-por-menor\\\/\"},\"author\":{\"name\":\"madi_admin\",\"@id\":\"https:\\\/\\\/madigroup.com\\\/#\\\/schema\\\/person\\\/11a3753e1909bdec36482681711ee73f\"},\"headline\":\"Venta al por menor\",\"datePublished\":\"2023-10-23T07:07:02+00:00\",\"dateModified\":\"2024-09-11T06:56:22+00:00\",\"mainEntityOfPage\":{\"@id\":\"https:\\\/\\\/madigroup.com\\\/es\\\/venta-al-por-menor\\\/\"},\"wordCount\":171,\"publisher\":{\"@id\":\"https:\\\/\\\/madigroup.com\\\/#organization\"},\"image\":{\"@id\":\"https:\\\/\\\/madigroup.com\\\/es\\\/venta-al-por-menor\\\/#primaryimage\"},\"thumbnailUrl\":\"https:\\\/\\\/madigroup.com\\\/wp-content\\\/uploads\\\/2024\\\/05\\\/cozmada-logo-copy-1.webp\",\"inLanguage\":\"es\"},{\"@type\":\"WebPage\",\"@id\":\"https:\\\/\\\/madigroup.com\\\/es\\\/venta-al-por-menor\\\/\",\"url\":\"https:\\\/\\\/madigroup.com\\\/es\\\/venta-al-por-menor\\\/\",\"name\":\"Madi Group - Empowering Beauty, Innovation and Growth\",\"isPartOf\":{\"@id\":\"https:\\\/\\\/madigroup.com\\\/#website\"},\"primaryImageOfPage\":{\"@id\":\"https:\\\/\\\/madigroup.com\\\/es\\\/venta-al-por-menor\\\/#primaryimage\"},\"image\":{\"@id\":\"https:\\\/\\\/madigroup.com\\\/es\\\/venta-al-por-menor\\\/#primaryimage\"},\"thumbnailUrl\":\"https:\\\/\\\/madigroup.com\\\/wp-content\\\/uploads\\\/2024\\\/05\\\/cozmada-logo-copy-1.webp\",\"datePublished\":\"2023-10-23T07:07:02+00:00\",\"dateModified\":\"2024-09-11T06:56:22+00:00\",\"description\":\"Discover Madi Group\u2019s legacy of innovation in beauty. Explore our dynamic ventures in distribution, retail, education, and manufacturing across the Middle East since 1991.\",\"breadcrumb\":{\"@id\":\"https:\\\/\\\/madigroup.com\\\/es\\\/venta-al-por-menor\\\/#breadcrumb\"},\"inLanguage\":\"es\",\"potentialAction\":[{\"@type\":\"ReadAction\",\"target\":[\"https:\\\/\\\/madigroup.com\\\/es\\\/venta-al-por-menor\\\/\"]}]},{\"@type\":\"ImageObject\",\"inLanguage\":\"es\",\"@id\":\"https:\\\/\\\/madigroup.com\\\/es\\\/venta-al-por-menor\\\/#primaryimage\",\"url\":\"https:\\\/\\\/madigroup.com\\\/wp-content\\\/uploads\\\/2024\\\/05\\\/cozmada-logo-copy-1.webp\",\"contentUrl\":\"https:\\\/\\\/madigroup.com\\\/wp-content\\\/uploads\\\/2024\\\/05\\\/cozmada-logo-copy-1.webp\"},{\"@type\":\"BreadcrumbList\",\"@id\":\"https:\\\/\\\/madigroup.com\\\/es\\\/venta-al-por-menor\\\/#breadcrumb\",\"itemListElement\":[{\"@type\":\"ListItem\",\"position\":1,\"name\":\"Home\",\"item\":\"https:\\\/\\\/madigroup.com\\\/es\\\/hogar\\\/\"},{\"@type\":\"ListItem\",\"position\":2,\"name\":\"Venta al por menor\"}]},{\"@type\":\"WebSite\",\"@id\":\"https:\\\/\\\/madigroup.com\\\/#website\",\"url\":\"https:\\\/\\\/madigroup.com\\\/\",\"name\":\"https:\\\/\\\/madigroup.com\\\/\",\"description\":\"Global Distributor of Professional Salon Products | Hair, Skin, and Nail Care Supplies\",\"publisher\":{\"@id\":\"https:\\\/\\\/madigroup.com\\\/#organization\"},\"alternateName\":\"Madi Group\",\"potentialAction\":[{\"@type\":\"SearchAction\",\"target\":{\"@type\":\"EntryPoint\",\"urlTemplate\":\"https:\\\/\\\/madigroup.com\\\/?s={search_term_string}\"},\"query-input\":{\"@type\":\"PropertyValueSpecification\",\"valueRequired\":true,\"valueName\":\"search_term_string\"}}],\"inLanguage\":\"es\"},{\"@type\":\"Organization\",\"@id\":\"https:\\\/\\\/madigroup.com\\\/#organization\",\"name\":\"Madi Group\",\"url\":\"https:\\\/\\\/madigroup.com\\\/\",\"logo\":{\"@type\":\"ImageObject\",\"inLanguage\":\"es\",\"@id\":\"https:\\\/\\\/madigroup.com\\\/#\\\/schema\\\/logo\\\/image\\\/\",\"url\":\"https:\\\/\\\/madigroup.com\\\/wp-content\\\/uploads\\\/2021\\\/05\\\/favicon-dark.png\",\"contentUrl\":\"https:\\\/\\\/madigroup.com\\\/wp-content\\\/uploads\\\/2021\\\/05\\\/favicon-dark.png\",\"width\":512,\"height\":512,\"caption\":\"Madi Group\"},\"image\":{\"@id\":\"https:\\\/\\\/madigroup.com\\\/#\\\/schema\\\/logo\\\/image\\\/\"},\"sameAs\":[\"https:\\\/\\\/www.facebook.com\\\/Madi.International\\\/\",\"https:\\\/\\\/www.instagram.com\\\/madi_intl\\\/\",\"https:\\\/\\\/www.linkedin.com\\\/company\\\/madi-international\\\/\"]},{\"@type\":\"Person\",\"@id\":\"https:\\\/\\\/madigroup.com\\\/#\\\/schema\\\/person\\\/11a3753e1909bdec36482681711ee73f\",\"name\":\"madi_admin\",\"image\":{\"@type\":\"ImageObject\",\"inLanguage\":\"es\",\"@id\":\"https:\\\/\\\/secure.gravatar.com\\\/avatar\\\/7367d1085462226c651b4faf7cb5d187a43c34bb78e0f7c7fb1a3f1e32cf8b46?s=96&d=mm&r=g\",\"url\":\"https:\\\/\\\/secure.gravatar.com\\\/avatar\\\/7367d1085462226c651b4faf7cb5d187a43c34bb78e0f7c7fb1a3f1e32cf8b46?s=96&d=mm&r=g\",\"contentUrl\":\"https:\\\/\\\/secure.gravatar.com\\\/avatar\\\/7367d1085462226c651b4faf7cb5d187a43c34bb78e0f7c7fb1a3f1e32cf8b46?s=96&d=mm&r=g\",\"caption\":\"madi_admin\"},\"sameAs\":[\"https:\\\/\\\/madigroup.com\"],\"url\":\"https:\\\/\\\/madigroup.com\\\/es\\\/author\\\/madi_admin\\\/\"}]}<\/script>\n<!-- \/ Yoast SEO plugin. -->","yoast_head_json":{"title":"Madi Group - Empowering Beauty, Innovation and Growth","description":"Discover Madi Group\u2019s legacy of innovation in beauty. Explore our dynamic ventures in distribution, retail, education, and manufacturing across the Middle East since 1991.","robots":{"index":"index","follow":"follow","max-snippet":"max-snippet:-1","max-image-preview":"max-image-preview:large","max-video-preview":"max-video-preview:-1"},"canonical":"https:\/\/madigroup.com\/es\/venta-al-por-menor\/","og_locale":"es_ES","og_type":"article","og_title":"Madi Group - Empowering Beauty, Innovation and Growth","og_description":"Discover Madi Group\u2019s legacy of innovation in beauty. Explore our dynamic ventures in distribution, retail, education, and manufacturing across the Middle East since 1991.","og_url":"https:\/\/madigroup.com\/es\/venta-al-por-menor\/","og_site_name":"Grupo MADI","article_publisher":"https:\/\/www.facebook.com\/Madi.International\/","article_modified_time":"2024-09-11T06:56:22+00:00","og_image":[{"url":"https:\/\/madigroup.com\/wp-content\/uploads\/2024\/05\/cozmada-logo-copy-1.webp","type":"","width":"","height":""}],"twitter_card":"summary_large_image","twitter_misc":{"Tiempo de lectura":"1 minuto"},"schema":{"@context":"https:\/\/schema.org","@graph":[{"@type":"Article","@id":"https:\/\/madigroup.com\/es\/venta-al-por-menor\/#article","isPartOf":{"@id":"https:\/\/madigroup.com\/es\/venta-al-por-menor\/"},"author":{"name":"madi_admin","@id":"https:\/\/madigroup.com\/#\/schema\/person\/11a3753e1909bdec36482681711ee73f"},"headline":"Venta al por menor","datePublished":"2023-10-23T07:07:02+00:00","dateModified":"2024-09-11T06:56:22+00:00","mainEntityOfPage":{"@id":"https:\/\/madigroup.com\/es\/venta-al-por-menor\/"},"wordCount":171,"publisher":{"@id":"https:\/\/madigroup.com\/#organization"},"image":{"@id":"https:\/\/madigroup.com\/es\/venta-al-por-menor\/#primaryimage"},"thumbnailUrl":"https:\/\/madigroup.com\/wp-content\/uploads\/2024\/05\/cozmada-logo-copy-1.webp","inLanguage":"es"},{"@type":"WebPage","@id":"https:\/\/madigroup.com\/es\/venta-al-por-menor\/","url":"https:\/\/madigroup.com\/es\/venta-al-por-menor\/","name":"Madi Group - Empowering Beauty, Innovation and Growth","isPartOf":{"@id":"https:\/\/madigroup.com\/#website"},"primaryImageOfPage":{"@id":"https:\/\/madigroup.com\/es\/venta-al-por-menor\/#primaryimage"},"image":{"@id":"https:\/\/madigroup.com\/es\/venta-al-por-menor\/#primaryimage"},"thumbnailUrl":"https:\/\/madigroup.com\/wp-content\/uploads\/2024\/05\/cozmada-logo-copy-1.webp","datePublished":"2023-10-23T07:07:02+00:00","dateModified":"2024-09-11T06:56:22+00:00","description":"Discover Madi Group\u2019s legacy of innovation in beauty. Explore our dynamic ventures in distribution, retail, education, and manufacturing across the Middle East since 1991.","breadcrumb":{"@id":"https:\/\/madigroup.com\/es\/venta-al-por-menor\/#breadcrumb"},"inLanguage":"es","potentialAction":[{"@type":"ReadAction","target":["https:\/\/madigroup.com\/es\/venta-al-por-menor\/"]}]},{"@type":"ImageObject","inLanguage":"es","@id":"https:\/\/madigroup.com\/es\/venta-al-por-menor\/#primaryimage","url":"https:\/\/madigroup.com\/wp-content\/uploads\/2024\/05\/cozmada-logo-copy-1.webp","contentUrl":"https:\/\/madigroup.com\/wp-content\/uploads\/2024\/05\/cozmada-logo-copy-1.webp"},{"@type":"BreadcrumbList","@id":"https:\/\/madigroup.com\/es\/venta-al-por-menor\/#breadcrumb","itemListElement":[{"@type":"ListItem","position":1,"name":"Home","item":"https:\/\/madigroup.com\/es\/hogar\/"},{"@type":"ListItem","position":2,"name":"Venta al por menor"}]},{"@type":"WebSite","@id":"https:\/\/madigroup.com\/#website","url":"https:\/\/madigroup.com\/","name":"https:\/\/madigroup.com\/","description":"Global Distributor of Professional Salon Products | Hair, Skin, and Nail Care Supplies","publisher":{"@id":"https:\/\/madigroup.com\/#organization"},"alternateName":"Madi Group","potentialAction":[{"@type":"SearchAction","target":{"@type":"EntryPoint","urlTemplate":"https:\/\/madigroup.com\/?s={search_term_string}"},"query-input":{"@type":"PropertyValueSpecification","valueRequired":true,"valueName":"search_term_string"}}],"inLanguage":"es"},{"@type":"Organization","@id":"https:\/\/madigroup.com\/#organization","name":"Madi Group","url":"https:\/\/madigroup.com\/","logo":{"@type":"ImageObject","inLanguage":"es","@id":"https:\/\/madigroup.com\/#\/schema\/logo\/image\/","url":"https:\/\/madigroup.com\/wp-content\/uploads\/2021\/05\/favicon-dark.png","contentUrl":"https:\/\/madigroup.com\/wp-content\/uploads\/2021\/05\/favicon-dark.png","width":512,"height":512,"caption":"Madi Group"},"image":{"@id":"https:\/\/madigroup.com\/#\/schema\/logo\/image\/"},"sameAs":["https:\/\/www.facebook.com\/Madi.International\/","https:\/\/www.instagram.com\/madi_intl\/","https:\/\/www.linkedin.com\/company\/madi-international\/"]},{"@type":"Person","@id":"https:\/\/madigroup.com\/#\/schema\/person\/11a3753e1909bdec36482681711ee73f","name":"madi_admin","image":{"@type":"ImageObject","inLanguage":"es","@id":"https:\/\/secure.gravatar.com\/avatar\/7367d1085462226c651b4faf7cb5d187a43c34bb78e0f7c7fb1a3f1e32cf8b46?s=96&d=mm&r=g","url":"https:\/\/secure.gravatar.com\/avatar\/7367d1085462226c651b4faf7cb5d187a43c34bb78e0f7c7fb1a3f1e32cf8b46?s=96&d=mm&r=g","contentUrl":"https:\/\/secure.gravatar.com\/avatar\/7367d1085462226c651b4faf7cb5d187a43c34bb78e0f7c7fb1a3f1e32cf8b46?s=96&d=mm&r=g","caption":"madi_admin"},"sameAs":["https:\/\/madigroup.com"],"url":"https:\/\/madigroup.com\/es\/author\/madi_admin\/"}]}},"_links":{"self":[{"href":"https:\/\/madigroup.com\/es\/wp-json\/wp\/v2\/pages\/11425","targetHints":{"allow":["GET"]}}],"collection":[{"href":"https:\/\/madigroup.com\/es\/wp-json\/wp\/v2\/pages"}],"about":[{"href":"https:\/\/madigroup.com\/es\/wp-json\/wp\/v2\/types\/page"}],"author":[{"embeddable":true,"href":"https:\/\/madigroup.com\/es\/wp-json\/wp\/v2\/users\/1"}],"replies":[{"embeddable":true,"href":"https:\/\/madigroup.com\/es\/wp-json\/wp\/v2\/comments?post=11425"}],"version-history":[{"count":0,"href":"https:\/\/madigroup.com\/es\/wp-json\/wp\/v2\/pages\/11425\/revisions"}],"wp:attachment":[{"href":"https:\/\/madigroup.com\/es\/wp-json\/wp\/v2\/media?parent=11425"}],"curies":[{"name":"wp","href":"https:\/\/api.w.org\/{rel}","templated":true}]}}