{"id":10899,"date":"2023-10-24T06:19:20","date_gmt":"2023-10-24T06:19:20","guid":{"rendered":"https:\/\/madigroup.com\/distribucion\/madi-internacional\/salon-profesional\/"},"modified":"2024-09-13T03:44:24","modified_gmt":"2024-09-13T03:44:24","slug":"salon-profesional","status":"publish","type":"page","link":"https:\/\/madigroup.com\/es\/distribucion\/madi-internacional\/salon-profesional\/","title":{"rendered":"Sal\u00f3n Profesional"},"content":{"rendered":"\t\t<div data-elementor-type=\"wp-page\" data-elementor-id=\"10899\" class=\"elementor elementor-10899 elementor-3864\">\n\t\t\t\t<div class=\"elementor-element elementor-element-79fbc20 e-con-full e-flex e-con e-parent\" data-id=\"79fbc20\" data-element_type=\"container\" data-e-type=\"container\" data-settings=\"{&quot;background_background&quot;:&quot;classic&quot;}\">\n\t\t<div class=\"elementor-element elementor-element-a7131a5 e-con-full e-flex e-con e-child\" data-id=\"a7131a5\" data-element_type=\"container\" data-e-type=\"container\">\n\t\t\t\t<\/div>\n\t\t\t\t<\/div>\n\t\t<div class=\"elementor-element elementor-element-2524400 e-flex e-con-boxed e-con e-parent\" data-id=\"2524400\" data-element_type=\"container\" data-e-type=\"container\" data-settings=\"{&quot;background_background&quot;:&quot;classic&quot;}\">\n\t\t\t\t\t<div class=\"e-con-inner\">\n\t\t\t\t<div class=\"elementor-element elementor-element-b1afd34 elementor-widget elementor-widget-heading\" data-id=\"b1afd34\" data-element_type=\"widget\" data-e-type=\"widget\" data-widget_type=\"heading.default\">\n\t\t\t\t<div class=\"elementor-widget-container\">\n\t\t\t\t\t<h2 class=\"elementor-heading-title elementor-size-default\">Divisi\u00f3n Profesional de Sal\u00f3n<\/h2>\t\t\t\t<\/div>\n\t\t\t\t<\/div>\n\t\t\t\t<div class=\"elementor-element elementor-element-da221e4 elementor-widget elementor-widget-text-editor\" data-id=\"da221e4\" data-element_type=\"widget\" data-e-type=\"widget\" data-widget_type=\"text-editor.default\">\n\t\t\t\t<div class=\"elementor-widget-container\">\n\t\t\t\t\t\t\t\t\t<p><span style=\"font-family: var(--text-font); font-size: unset; font-weight: unset; letter-spacing: unset; color: var(--dark-color);\">La Divisi\u00f3n Profesional de Sal\u00f3n de Madi International es un recurso integral tanto para emprendedores en ciernes como para empresas establecidas que buscan lanzar o mejorar un sal\u00f3n. Nos enorgullecemos de ser una tienda integral que ofrece todo lo necesario, desde la A hasta la Z, para abrir y operar un sal\u00f3n exitoso bajo un mismo techo.<\/span><\/p>\n<p><span style=\"font-family: var(--text-font); font-size: unset; font-weight: unset; letter-spacing: unset; color: var(--dark-color);\"> <\/span><\/p>\n<p><b>Segmento Beauty Space:<\/b> El recorrido comienza con nuestro segmento Beauty Space, donde los clientes pueden equipar todo su sal\u00f3n. Esto incluye una amplia gama de muebles y equipos elegantes y funcionales dise\u00f1ados para crear un ambiente acogedor y profesional. Desde elegantes sillas de peluquer\u00eda hasta estaciones de trabajo duraderas, cada pieza se selecciona por su calidad y atractivo est\u00e9tico, lo que garantiza que cada sal\u00f3n refleje la sofisticaci\u00f3n y el profesionalismo de las marcas que representamos.<\/p>\n<p><b><\/b><\/p>\n<p><b>Ofertas de productos:<\/b> M\u00e1s all\u00e1 del mobiliario, Madi International ofrece una amplia gama de productos que cubren todas las necesidades del sal\u00f3n. Esto incluye l\u00edneas profesionales y minoristas de productos para el cuidado del cabello, el cuidado de la piel, el cuidado de las u\u00f1as y el cuidado de los ojos, entre otros. Somos el distribuidor regional exclusivo de varias marcas globales, lo que nos permite ofrecer productos \u00fanicos que no est\u00e1n disponibles a trav\u00e9s de otros canales. Esta exclusividad no solo mejora el atractivo de mercado del sal\u00f3n, sino que tambi\u00e9n garantiza que puedan ofrecer servicios y tratamientos distintivos que los diferencien de la competencia.<\/p>\n<p><b><\/b><\/p>\n<p><b>Enfoque de PYME: ventas, marketing y educaci\u00f3n:<\/b> Nuestro compromiso se extiende m\u00e1s all\u00e1 del suministro de productos y equipos. La piedra angular de nuestra operaci\u00f3n es el enfoque de PYME, que abarca las ventas, el marketing y la educaci\u00f3n. Esta estrategia integrada garantiza que cada sal\u00f3n con el que nos asociamos reciba un apoyo integral que va mucho m\u00e1s all\u00e1 de lo b\u00e1sico:<\/p>\n<ul style=\"margin-top: 0cm;\" type=\"disc\">\n<li><b>Ventas:<\/b> Ofrecemos ofertas comerciales personalizadas que priorizan los intereses del sal\u00f3n, ayud\u00e1ndolos a maximizar la rentabilidad mientras mantienen los m\u00e1s altos est\u00e1ndares de calidad y satisfacci\u00f3n del cliente.<\/li>\n<li><b>Marketing:<\/b> Nuestro apoyo de marketing est\u00e1 dise\u00f1ado para amplificar la presencia del sal\u00f3n en el mercado, atrayendo una base de clientes m\u00e1s amplia y mejorando la reputaci\u00f3n del sal\u00f3n. Esto incluye materiales promocionales, campa\u00f1as de marketing digital y eventos que resaltan la experiencia y las ofertas del sal\u00f3n.<\/li>\n<li><b>Educaci\u00f3n:<\/b> En el coraz\u00f3n de nuestra divisi\u00f3n hay un profundo compromiso con la educaci\u00f3n. Creemos que un personal de sal\u00f3n bien capacitado es crucial para el \u00e9xito de cualquier negocio de belleza. Con este fin, brindamos capacitaci\u00f3n y certificaci\u00f3n continuas en el uso de nuestros productos y marcas. Nuestros programas educativos est\u00e1n dise\u00f1ados para garantizar que los profesionales de los salones no solo sean competentes en las \u00faltimas t\u00e9cnicas de belleza, sino tambi\u00e9n expertos en atenci\u00f3n al cliente y conocimiento de los productos. Esto les permite brindar servicios excepcionales que superen las expectativas de los clientes.<\/li>\n<\/ul>\n<p>A trav\u00e9s de estos servicios integrales, la Divisi\u00f3n Profesional de Salones de Madi International ayuda a los salones a crecer y prosperar en un mercado competitivo, asegur\u00e1ndose de que est\u00e9n bien equipados para satisfacer las necesidades de sus clientes y destacarse como l\u00edderes en la industria de la belleza.<\/p>\n\t\t\t\t\t\t\t\t<\/div>\n\t\t\t\t<\/div>\n\t\t\t\t\t<\/div>\n\t\t\t\t<\/div>\n\t\t\t\t<\/div>\n\t\t","protected":false},"excerpt":{"rendered":"<p>Divisi\u00f3n Profesional de Sal\u00f3n La Divisi\u00f3n Profesional de Sal\u00f3n de Madi International es un recurso integral tanto para emprendedores en ciernes como para empresas establecidas que buscan lanzar o mejorar un sal\u00f3n. Nos enorgullecemos de ser una tienda integral que ofrece todo lo necesario, desde la A hasta la Z, para abrir y operar un [&hellip;]<\/p>\n","protected":false},"author":1,"featured_media":0,"parent":10838,"menu_order":0,"comment_status":"closed","ping_status":"closed","template":"","meta":{"_acf_changed":false,"footnotes":""},"class_list":["post-10899","page","type-page","status-publish","hentry"],"acf":[],"yoast_head":"<!-- This site is optimized with the Yoast SEO plugin v27.4 - https:\/\/yoast.com\/product\/yoast-seo-wordpress\/ -->\n<title>Madi Group - Empowering Beauty, Innovation and Growth<\/title>\n<meta name=\"description\" content=\"Discover Madi Group\u2019s legacy of innovation in beauty. Explore our dynamic ventures in distribution, retail, education, and manufacturing across the Middle East since 1991.\" \/>\n<meta name=\"robots\" content=\"index, follow, max-snippet:-1, max-image-preview:large, max-video-preview:-1\" \/>\n<link rel=\"canonical\" href=\"https:\/\/madigroup.com\/es\/distribucion\/madi-internacional\/salon-profesional\/\" \/>\n<meta property=\"og:locale\" content=\"es_ES\" \/>\n<meta property=\"og:type\" content=\"article\" \/>\n<meta property=\"og:title\" content=\"Madi Group - Empowering Beauty, Innovation and Growth\" \/>\n<meta property=\"og:description\" content=\"Discover Madi Group\u2019s legacy of innovation in beauty. Explore our dynamic ventures in distribution, retail, education, and manufacturing across the Middle East since 1991.\" \/>\n<meta property=\"og:url\" content=\"https:\/\/madigroup.com\/es\/distribucion\/madi-internacional\/salon-profesional\/\" \/>\n<meta property=\"og:site_name\" content=\"Grupo MADI\" \/>\n<meta property=\"article:publisher\" content=\"https:\/\/www.facebook.com\/Madi.International\/\" \/>\n<meta property=\"article:modified_time\" content=\"2024-09-13T03:44:24+00:00\" \/>\n<meta property=\"og:image\" content=\"https:\/\/madigroup.com\/wp-content\/uploads\/2021\/05\/cropped-favicon-dark.png\" \/>\n\t<meta property=\"og:image:width\" content=\"512\" \/>\n\t<meta property=\"og:image:height\" content=\"512\" \/>\n\t<meta property=\"og:image:type\" content=\"image\/png\" \/>\n<meta name=\"twitter:card\" content=\"summary_large_image\" \/>\n<meta name=\"twitter:label1\" content=\"Tiempo de lectura\" \/>\n\t<meta name=\"twitter:data1\" content=\"3 minutos\" \/>\n<script type=\"application\/ld+json\" class=\"yoast-schema-graph\">{\"@context\":\"https:\\\/\\\/schema.org\",\"@graph\":[{\"@type\":\"Article\",\"@id\":\"https:\\\/\\\/madigroup.com\\\/es\\\/distribucion\\\/madi-internacional\\\/salon-profesional\\\/#article\",\"isPartOf\":{\"@id\":\"https:\\\/\\\/madigroup.com\\\/es\\\/distribucion\\\/madi-internacional\\\/salon-profesional\\\/\"},\"author\":{\"name\":\"madi_admin\",\"@id\":\"https:\\\/\\\/madigroup.com\\\/#\\\/schema\\\/person\\\/11a3753e1909bdec36482681711ee73f\"},\"headline\":\"Sal\u00f3n Profesional\",\"datePublished\":\"2023-10-24T06:19:20+00:00\",\"dateModified\":\"2024-09-13T03:44:24+00:00\",\"mainEntityOfPage\":{\"@id\":\"https:\\\/\\\/madigroup.com\\\/es\\\/distribucion\\\/madi-internacional\\\/salon-profesional\\\/\"},\"wordCount\":586,\"publisher\":{\"@id\":\"https:\\\/\\\/madigroup.com\\\/#organization\"},\"inLanguage\":\"es\"},{\"@type\":\"WebPage\",\"@id\":\"https:\\\/\\\/madigroup.com\\\/es\\\/distribucion\\\/madi-internacional\\\/salon-profesional\\\/\",\"url\":\"https:\\\/\\\/madigroup.com\\\/es\\\/distribucion\\\/madi-internacional\\\/salon-profesional\\\/\",\"name\":\"Madi Group - Empowering Beauty, Innovation and Growth\",\"isPartOf\":{\"@id\":\"https:\\\/\\\/madigroup.com\\\/#website\"},\"datePublished\":\"2023-10-24T06:19:20+00:00\",\"dateModified\":\"2024-09-13T03:44:24+00:00\",\"description\":\"Discover Madi Group\u2019s legacy of innovation in beauty. Explore our dynamic ventures in distribution, retail, education, and manufacturing across the Middle East since 1991.\",\"breadcrumb\":{\"@id\":\"https:\\\/\\\/madigroup.com\\\/es\\\/distribucion\\\/madi-internacional\\\/salon-profesional\\\/#breadcrumb\"},\"inLanguage\":\"es\",\"potentialAction\":[{\"@type\":\"ReadAction\",\"target\":[\"https:\\\/\\\/madigroup.com\\\/es\\\/distribucion\\\/madi-internacional\\\/salon-profesional\\\/\"]}]},{\"@type\":\"BreadcrumbList\",\"@id\":\"https:\\\/\\\/madigroup.com\\\/es\\\/distribucion\\\/madi-internacional\\\/salon-profesional\\\/#breadcrumb\",\"itemListElement\":[{\"@type\":\"ListItem\",\"position\":1,\"name\":\"Home\",\"item\":\"https:\\\/\\\/madigroup.com\\\/es\\\/hogar\\\/\"},{\"@type\":\"ListItem\",\"position\":2,\"name\":\"Distribuci\u00f3n\",\"item\":\"https:\\\/\\\/madigroup.com\\\/es\\\/distribucion\\\/\"},{\"@type\":\"ListItem\",\"position\":3,\"name\":\"MADI Internacional\",\"item\":\"https:\\\/\\\/madigroup.com\\\/es\\\/distribucion\\\/madi-internacional\\\/\"},{\"@type\":\"ListItem\",\"position\":4,\"name\":\"Sal\u00f3n Profesional\"}]},{\"@type\":\"WebSite\",\"@id\":\"https:\\\/\\\/madigroup.com\\\/#website\",\"url\":\"https:\\\/\\\/madigroup.com\\\/\",\"name\":\"https:\\\/\\\/madigroup.com\\\/\",\"description\":\"Global Distributor of Professional Salon Products | Hair, Skin, and Nail Care Supplies\",\"publisher\":{\"@id\":\"https:\\\/\\\/madigroup.com\\\/#organization\"},\"alternateName\":\"Madi Group\",\"potentialAction\":[{\"@type\":\"SearchAction\",\"target\":{\"@type\":\"EntryPoint\",\"urlTemplate\":\"https:\\\/\\\/madigroup.com\\\/?s={search_term_string}\"},\"query-input\":{\"@type\":\"PropertyValueSpecification\",\"valueRequired\":true,\"valueName\":\"search_term_string\"}}],\"inLanguage\":\"es\"},{\"@type\":\"Organization\",\"@id\":\"https:\\\/\\\/madigroup.com\\\/#organization\",\"name\":\"Madi Group\",\"url\":\"https:\\\/\\\/madigroup.com\\\/\",\"logo\":{\"@type\":\"ImageObject\",\"inLanguage\":\"es\",\"@id\":\"https:\\\/\\\/madigroup.com\\\/#\\\/schema\\\/logo\\\/image\\\/\",\"url\":\"https:\\\/\\\/madigroup.com\\\/wp-content\\\/uploads\\\/2021\\\/05\\\/favicon-dark.png\",\"contentUrl\":\"https:\\\/\\\/madigroup.com\\\/wp-content\\\/uploads\\\/2021\\\/05\\\/favicon-dark.png\",\"width\":512,\"height\":512,\"caption\":\"Madi Group\"},\"image\":{\"@id\":\"https:\\\/\\\/madigroup.com\\\/#\\\/schema\\\/logo\\\/image\\\/\"},\"sameAs\":[\"https:\\\/\\\/www.facebook.com\\\/Madi.International\\\/\",\"https:\\\/\\\/www.instagram.com\\\/madi_intl\\\/\",\"https:\\\/\\\/www.linkedin.com\\\/company\\\/madi-international\\\/\"]},{\"@type\":\"Person\",\"@id\":\"https:\\\/\\\/madigroup.com\\\/#\\\/schema\\\/person\\\/11a3753e1909bdec36482681711ee73f\",\"name\":\"madi_admin\",\"image\":{\"@type\":\"ImageObject\",\"inLanguage\":\"es\",\"@id\":\"https:\\\/\\\/secure.gravatar.com\\\/avatar\\\/7367d1085462226c651b4faf7cb5d187a43c34bb78e0f7c7fb1a3f1e32cf8b46?s=96&d=mm&r=g\",\"url\":\"https:\\\/\\\/secure.gravatar.com\\\/avatar\\\/7367d1085462226c651b4faf7cb5d187a43c34bb78e0f7c7fb1a3f1e32cf8b46?s=96&d=mm&r=g\",\"contentUrl\":\"https:\\\/\\\/secure.gravatar.com\\\/avatar\\\/7367d1085462226c651b4faf7cb5d187a43c34bb78e0f7c7fb1a3f1e32cf8b46?s=96&d=mm&r=g\",\"caption\":\"madi_admin\"},\"sameAs\":[\"https:\\\/\\\/madigroup.com\"],\"url\":\"https:\\\/\\\/madigroup.com\\\/es\\\/author\\\/madi_admin\\\/\"}]}<\/script>\n<!-- \/ Yoast SEO plugin. -->","yoast_head_json":{"title":"Madi Group - Empowering Beauty, Innovation and Growth","description":"Discover Madi Group\u2019s legacy of innovation in beauty. Explore our dynamic ventures in distribution, retail, education, and manufacturing across the Middle East since 1991.","robots":{"index":"index","follow":"follow","max-snippet":"max-snippet:-1","max-image-preview":"max-image-preview:large","max-video-preview":"max-video-preview:-1"},"canonical":"https:\/\/madigroup.com\/es\/distribucion\/madi-internacional\/salon-profesional\/","og_locale":"es_ES","og_type":"article","og_title":"Madi Group - Empowering Beauty, Innovation and Growth","og_description":"Discover Madi Group\u2019s legacy of innovation in beauty. Explore our dynamic ventures in distribution, retail, education, and manufacturing across the Middle East since 1991.","og_url":"https:\/\/madigroup.com\/es\/distribucion\/madi-internacional\/salon-profesional\/","og_site_name":"Grupo MADI","article_publisher":"https:\/\/www.facebook.com\/Madi.International\/","article_modified_time":"2024-09-13T03:44:24+00:00","og_image":[{"width":512,"height":512,"url":"https:\/\/madigroup.com\/wp-content\/uploads\/2021\/05\/cropped-favicon-dark.png","type":"image\/png"}],"twitter_card":"summary_large_image","twitter_misc":{"Tiempo de lectura":"3 minutos"},"schema":{"@context":"https:\/\/schema.org","@graph":[{"@type":"Article","@id":"https:\/\/madigroup.com\/es\/distribucion\/madi-internacional\/salon-profesional\/#article","isPartOf":{"@id":"https:\/\/madigroup.com\/es\/distribucion\/madi-internacional\/salon-profesional\/"},"author":{"name":"madi_admin","@id":"https:\/\/madigroup.com\/#\/schema\/person\/11a3753e1909bdec36482681711ee73f"},"headline":"Sal\u00f3n Profesional","datePublished":"2023-10-24T06:19:20+00:00","dateModified":"2024-09-13T03:44:24+00:00","mainEntityOfPage":{"@id":"https:\/\/madigroup.com\/es\/distribucion\/madi-internacional\/salon-profesional\/"},"wordCount":586,"publisher":{"@id":"https:\/\/madigroup.com\/#organization"},"inLanguage":"es"},{"@type":"WebPage","@id":"https:\/\/madigroup.com\/es\/distribucion\/madi-internacional\/salon-profesional\/","url":"https:\/\/madigroup.com\/es\/distribucion\/madi-internacional\/salon-profesional\/","name":"Madi Group - Empowering Beauty, Innovation and Growth","isPartOf":{"@id":"https:\/\/madigroup.com\/#website"},"datePublished":"2023-10-24T06:19:20+00:00","dateModified":"2024-09-13T03:44:24+00:00","description":"Discover Madi Group\u2019s legacy of innovation in beauty. Explore our dynamic ventures in distribution, retail, education, and manufacturing across the Middle East since 1991.","breadcrumb":{"@id":"https:\/\/madigroup.com\/es\/distribucion\/madi-internacional\/salon-profesional\/#breadcrumb"},"inLanguage":"es","potentialAction":[{"@type":"ReadAction","target":["https:\/\/madigroup.com\/es\/distribucion\/madi-internacional\/salon-profesional\/"]}]},{"@type":"BreadcrumbList","@id":"https:\/\/madigroup.com\/es\/distribucion\/madi-internacional\/salon-profesional\/#breadcrumb","itemListElement":[{"@type":"ListItem","position":1,"name":"Home","item":"https:\/\/madigroup.com\/es\/hogar\/"},{"@type":"ListItem","position":2,"name":"Distribuci\u00f3n","item":"https:\/\/madigroup.com\/es\/distribucion\/"},{"@type":"ListItem","position":3,"name":"MADI Internacional","item":"https:\/\/madigroup.com\/es\/distribucion\/madi-internacional\/"},{"@type":"ListItem","position":4,"name":"Sal\u00f3n Profesional"}]},{"@type":"WebSite","@id":"https:\/\/madigroup.com\/#website","url":"https:\/\/madigroup.com\/","name":"https:\/\/madigroup.com\/","description":"Global Distributor of Professional Salon Products | Hair, Skin, and Nail Care Supplies","publisher":{"@id":"https:\/\/madigroup.com\/#organization"},"alternateName":"Madi Group","potentialAction":[{"@type":"SearchAction","target":{"@type":"EntryPoint","urlTemplate":"https:\/\/madigroup.com\/?s={search_term_string}"},"query-input":{"@type":"PropertyValueSpecification","valueRequired":true,"valueName":"search_term_string"}}],"inLanguage":"es"},{"@type":"Organization","@id":"https:\/\/madigroup.com\/#organization","name":"Madi Group","url":"https:\/\/madigroup.com\/","logo":{"@type":"ImageObject","inLanguage":"es","@id":"https:\/\/madigroup.com\/#\/schema\/logo\/image\/","url":"https:\/\/madigroup.com\/wp-content\/uploads\/2021\/05\/favicon-dark.png","contentUrl":"https:\/\/madigroup.com\/wp-content\/uploads\/2021\/05\/favicon-dark.png","width":512,"height":512,"caption":"Madi Group"},"image":{"@id":"https:\/\/madigroup.com\/#\/schema\/logo\/image\/"},"sameAs":["https:\/\/www.facebook.com\/Madi.International\/","https:\/\/www.instagram.com\/madi_intl\/","https:\/\/www.linkedin.com\/company\/madi-international\/"]},{"@type":"Person","@id":"https:\/\/madigroup.com\/#\/schema\/person\/11a3753e1909bdec36482681711ee73f","name":"madi_admin","image":{"@type":"ImageObject","inLanguage":"es","@id":"https:\/\/secure.gravatar.com\/avatar\/7367d1085462226c651b4faf7cb5d187a43c34bb78e0f7c7fb1a3f1e32cf8b46?s=96&d=mm&r=g","url":"https:\/\/secure.gravatar.com\/avatar\/7367d1085462226c651b4faf7cb5d187a43c34bb78e0f7c7fb1a3f1e32cf8b46?s=96&d=mm&r=g","contentUrl":"https:\/\/secure.gravatar.com\/avatar\/7367d1085462226c651b4faf7cb5d187a43c34bb78e0f7c7fb1a3f1e32cf8b46?s=96&d=mm&r=g","caption":"madi_admin"},"sameAs":["https:\/\/madigroup.com"],"url":"https:\/\/madigroup.com\/es\/author\/madi_admin\/"}]}},"_links":{"self":[{"href":"https:\/\/madigroup.com\/es\/wp-json\/wp\/v2\/pages\/10899","targetHints":{"allow":["GET"]}}],"collection":[{"href":"https:\/\/madigroup.com\/es\/wp-json\/wp\/v2\/pages"}],"about":[{"href":"https:\/\/madigroup.com\/es\/wp-json\/wp\/v2\/types\/page"}],"author":[{"embeddable":true,"href":"https:\/\/madigroup.com\/es\/wp-json\/wp\/v2\/users\/1"}],"replies":[{"embeddable":true,"href":"https:\/\/madigroup.com\/es\/wp-json\/wp\/v2\/comments?post=10899"}],"version-history":[{"count":0,"href":"https:\/\/madigroup.com\/es\/wp-json\/wp\/v2\/pages\/10899\/revisions"}],"up":[{"embeddable":true,"href":"https:\/\/madigroup.com\/es\/wp-json\/wp\/v2\/pages\/10838"}],"wp:attachment":[{"href":"https:\/\/madigroup.com\/es\/wp-json\/wp\/v2\/media?parent=10899"}],"curies":[{"name":"wp","href":"https:\/\/api.w.org\/{rel}","templated":true}]}}