{"id":10825,"date":"2023-10-24T06:20:37","date_gmt":"2023-10-24T06:20:37","guid":{"rendered":"https:\/\/madigroup.com\/productos-de-consumo\/"},"modified":"2024-09-13T02:59:35","modified_gmt":"2024-09-13T02:59:35","slug":"productos-de-consumo","status":"publish","type":"page","link":"https:\/\/madigroup.com\/es\/distribucion\/madi-internacional\/productos-de-consumo\/","title":{"rendered":"Productos de consumo"},"content":{"rendered":"\t\t<div data-elementor-type=\"wp-page\" data-elementor-id=\"10825\" class=\"elementor elementor-10825 elementor-3868\">\n\t\t\t\t\t\t<section class=\"elementor-section elementor-top-section elementor-element elementor-element-88c2206 elementor-section-height-min-height elementor-section-full_width elementor-section-items-top elementor-section-height-default\" data-id=\"88c2206\" data-element_type=\"section\" data-e-type=\"section\" data-settings=\"{&quot;background_background&quot;:&quot;classic&quot;}\">\n\t\t\t\t\t\t<div class=\"elementor-container elementor-column-gap-extended\">\n\t\t\t\t\t<div class=\"elementor-column elementor-col-100 elementor-top-column elementor-element elementor-element-e9db7aa\" data-id=\"e9db7aa\" data-element_type=\"column\" data-e-type=\"column\">\n\t\t\t<div class=\"elementor-widget-wrap\">\n\t\t\t\t\t\t\t<\/div>\n\t\t<\/div>\n\t\t\t\t\t<\/div>\n\t\t<\/section>\n\t\t        <div class=\"elementor-element elementor-element-b5cc506 e-flex e-con-boxed e-con e-parent\" data-id=\"b5cc506\" data-element_type=\"container\" data-e-type=\"container\" data-settings=\"{&quot;background_background&quot;:&quot;classic&quot;}\">\n\t\t\t\t\t<div class=\"e-con-inner\">\n\t\t\t\t<div class=\"elementor-element elementor-element-5df46e0 elementor-widget elementor-widget-heading\" data-id=\"5df46e0\" data-element_type=\"widget\" data-e-type=\"widget\" data-widget_type=\"heading.default\">\n\t\t\t\t<div class=\"elementor-widget-container\">\n\t\t\t\t\t<h2 class=\"elementor-heading-title elementor-size-default\">Divisi\u00f3n de Productos de Consumo<\/h2>\t\t\t\t<\/div>\n\t\t\t\t<\/div>\n\t\t\t\t<div class=\"elementor-element elementor-element-b32eb7b elementor-widget elementor-widget-text-editor\" data-id=\"b32eb7b\" data-element_type=\"widget\" data-e-type=\"widget\" data-widget_type=\"text-editor.default\">\n\t\t\t\t<div class=\"elementor-widget-container\">\n\t\t\t\t\t\t\t\t\t<p class=\"MsoNormal\">La Divisi\u00f3n de Productos de Consumo (CPD) de Madi International ampl\u00eda de manera experta nuestro alcance m\u00e1s all\u00e1 de los canales de salones profesionales, apuntando a los consumidores finales a trav\u00e9s de una estrategia minorista multifac\u00e9tica. Nos asociamos con una amplia gama de canales minoristas, incluidas farmacias, salones de belleza, tiendas minoristas, grandes almacenes, tiendas de electr\u00f3nica, supermercados, hipermercados y boutiques especializadas. Esta extensa red nos permite atender a una amplia base de consumidores, lo que garantiza que nuestros productos de belleza sean accesibles dondequiera que los consumidores compren.<\/p> <p class=\"MsoNormal\"><br><\/p> <p class=\"MsoNormal\"><b>Por qu\u00e9 los canales minoristas deber\u00edan asociarse con nosotros:<\/b> Los canales minoristas se benefician significativamente de la asociaci\u00f3n con Madi International debido a nuestro apoyo integral y reputaci\u00f3n establecida en la industria de la belleza. Nuestra experiencia en entornos de sal\u00f3n nos brinda conocimientos \u00fanicos sobre las preferencias de los consumidores y la efectividad de los productos, lo que nos permite ofrecer a los socios minoristas productos que no solo tienen demanda, sino que est\u00e1n probados en entornos profesionales. Esta aprobaci\u00f3n probada en salones de belleza ayuda a aumentar la confianza del consumidor en los productos, mejorando su atractivo.<\/p> <p class=\"MsoNormal\"><br><\/p> <p class=\"MsoNormal\"><b>Lo que ofrecemos a los socios minoristas:<\/b><\/p> <ol style=\"margin-top: 0cm;\" start=\"1\" type=\"1\"> <li class=\"MsoNormal\"><b>Marketing en la tienda:<\/b> Brindamos un s\u00f3lido soporte de marketing en la tienda que incluye exhibiciones llamativas, materiales educativos y eventos promocionales dise\u00f1ados para atraer a los clientes y aumentar la visibilidad del producto. Nuestras estrategias de marketing se adaptan a cada entorno minorista, lo que garantiza que la colocaci\u00f3n del producto y las t\u00e1cticas promocionales est\u00e9n optimizadas para cada canal espec\u00edfico.<\/li> <li class=\"MsoNormal\"><b>Marketing digital:<\/b> En la era digital actual, la presencia en l\u00ednea es fundamental. Madi International respalda a sus socios minoristas con estrategias integrales de marketing digital, que incluyen contenido optimizado para SEO, campa\u00f1as en las redes sociales, asociaciones con personas influyentes y anuncios en l\u00ednea espec\u00edficos. Estos esfuerzos est\u00e1n dise\u00f1ados para impulsar el tr\u00e1fico tanto en l\u00ednea como en la tienda, lo que aumenta el conocimiento de la marca y las ventas.<\/li> <li class=\"MsoNormal\"><b>Capacitaci\u00f3n de promotores y personal:<\/b> Extendemos nuestra experiencia educativa desde el sal\u00f3n hasta el piso minorista al proporcionar promotores capacitados que conocen bien nuestros productos. Estos promotores est\u00e1n equipados para educar a los consumidores sobre los beneficios y el uso de los productos, lo que ayuda a impulsar las ventas y mejorar la satisfacci\u00f3n del cliente. Adem\u00e1s, ofrecemos capacitaci\u00f3n para el personal minorista para garantizar que conozcan nuestras marcas, lo que mejora su capacidad para vender de manera efectiva.<\/li> <li class=\"MsoNormal\"><b>Iniciativas de marketing personalizadas:<\/b> Dependiendo de las necesidades de cada socio minorista, desarrollamos iniciativas de marketing personalizadas que pueden incluir lanzamientos exclusivos, promociones especiales, programas de fidelizaci\u00f3n y actividades de marca compartida. Estas iniciativas est\u00e1n dise\u00f1adas para generar entusiasmo y compromiso en torno a nuestras marcas, fomentando una conexi\u00f3n m\u00e1s fuerte entre el consumidor y el producto.<\/li> <\/ol><div><br><\/div> <p class=\"MsoNormal\"><b>La ventaja de la experiencia en el sal\u00f3n:<\/b> Nuestras profundas ra\u00edces en la industria de los salones de belleza nos brindan una ventaja competitiva en el sector minorista. Esta experiencia no solo garantiza que llevemos productos de alta calidad y nivel profesional al mercado minorista, sino que tambi\u00e9n nos brinda un conocimiento profundo de las tendencias de los consumidores y las necesidades de belleza. Nuestra experiencia en el manejo de una clientela profesional nos permite anticipar las tendencias del mercado y los comportamientos de los consumidores con mayor precisi\u00f3n, lo que nos permite asesorar a los socios minoristas sobre estrategias efectivas para la selecci\u00f3n de existencias, el marketing y las ventas.<\/p> <p class=\"MsoNormal\"><br><\/p> <p class=\"MsoNormal\">A trav\u00e9s de asociaciones estrat\u00e9gicas con varios canales minoristas, la Divisi\u00f3n de Productos de Consumo de Madi International aprovecha su experiencia en la industria para garantizar una colocaci\u00f3n y promoci\u00f3n \u00f3ptimas de nuestras marcas, lo que da como resultado ventas exitosas y consumidores finales satisfechos.<\/p>\t\t\t\t\t\t\t\t<\/div>\n\t\t\t\t<\/div>\n\t\t\t\t\t<\/div>\n\t\t\t\t<\/div>\n\t\t\t\t<\/div>\n\t\t","protected":false},"excerpt":{"rendered":"<p>Divisi\u00f3n de Productos de Consumo La Divisi\u00f3n de Productos de Consumo (CPD) de Madi International ampl\u00eda de manera experta nuestro alcance m\u00e1s all\u00e1 de los canales de salones profesionales, apuntando a los consumidores finales a trav\u00e9s de una estrategia minorista multifac\u00e9tica. Nos asociamos con una amplia gama de canales minoristas, incluidas farmacias, salones de belleza, [&hellip;]<\/p>\n","protected":false},"author":1,"featured_media":0,"parent":10838,"menu_order":0,"comment_status":"closed","ping_status":"closed","template":"","meta":{"_acf_changed":false,"footnotes":""},"class_list":["post-10825","page","type-page","status-publish","hentry"],"acf":[],"yoast_head":"<!-- This site is optimized with the Yoast SEO plugin v27.4 - https:\/\/yoast.com\/product\/yoast-seo-wordpress\/ -->\n<title>Madi Group - Empowering Beauty, Innovation and Growth<\/title>\n<meta name=\"description\" content=\"Discover Madi Group\u2019s legacy of innovation in beauty. Explore our dynamic ventures in distribution, retail, education, and manufacturing across the Middle East since 1991.\" \/>\n<meta name=\"robots\" content=\"index, follow, max-snippet:-1, max-image-preview:large, max-video-preview:-1\" \/>\n<link rel=\"canonical\" href=\"https:\/\/madigroup.com\/es\/distribucion\/madi-internacional\/productos-de-consumo\/\" \/>\n<meta property=\"og:locale\" content=\"es_ES\" \/>\n<meta property=\"og:type\" content=\"article\" \/>\n<meta property=\"og:title\" content=\"Madi Group - Empowering Beauty, Innovation and Growth\" \/>\n<meta property=\"og:description\" content=\"Discover Madi Group\u2019s legacy of innovation in beauty. Explore our dynamic ventures in distribution, retail, education, and manufacturing across the Middle East since 1991.\" \/>\n<meta property=\"og:url\" content=\"https:\/\/madigroup.com\/es\/distribucion\/madi-internacional\/productos-de-consumo\/\" \/>\n<meta property=\"og:site_name\" content=\"Grupo MADI\" \/>\n<meta property=\"article:publisher\" content=\"https:\/\/www.facebook.com\/Madi.International\/\" \/>\n<meta property=\"article:modified_time\" content=\"2024-09-13T02:59:35+00:00\" \/>\n<meta property=\"og:image\" content=\"https:\/\/madigroup.com\/wp-content\/uploads\/2021\/05\/cropped-favicon-dark.png\" \/>\n\t<meta property=\"og:image:width\" content=\"512\" \/>\n\t<meta property=\"og:image:height\" content=\"512\" \/>\n\t<meta property=\"og:image:type\" content=\"image\/png\" \/>\n<meta name=\"twitter:card\" content=\"summary_large_image\" \/>\n<meta name=\"twitter:label1\" content=\"Tiempo de lectura\" \/>\n\t<meta name=\"twitter:data1\" content=\"3 minutos\" \/>\n<script type=\"application\/ld+json\" class=\"yoast-schema-graph\">{\"@context\":\"https:\\\/\\\/schema.org\",\"@graph\":[{\"@type\":\"Article\",\"@id\":\"https:\\\/\\\/madigroup.com\\\/es\\\/distribucion\\\/madi-internacional\\\/productos-de-consumo\\\/#article\",\"isPartOf\":{\"@id\":\"https:\\\/\\\/madigroup.com\\\/es\\\/distribucion\\\/madi-internacional\\\/productos-de-consumo\\\/\"},\"author\":{\"name\":\"madi_admin\",\"@id\":\"https:\\\/\\\/madigroup.com\\\/#\\\/schema\\\/person\\\/11a3753e1909bdec36482681711ee73f\"},\"headline\":\"Productos de consumo\",\"datePublished\":\"2023-10-24T06:20:37+00:00\",\"dateModified\":\"2024-09-13T02:59:35+00:00\",\"mainEntityOfPage\":{\"@id\":\"https:\\\/\\\/madigroup.com\\\/es\\\/distribucion\\\/madi-internacional\\\/productos-de-consumo\\\/\"},\"wordCount\":677,\"publisher\":{\"@id\":\"https:\\\/\\\/madigroup.com\\\/#organization\"},\"inLanguage\":\"es\"},{\"@type\":\"WebPage\",\"@id\":\"https:\\\/\\\/madigroup.com\\\/es\\\/distribucion\\\/madi-internacional\\\/productos-de-consumo\\\/\",\"url\":\"https:\\\/\\\/madigroup.com\\\/es\\\/distribucion\\\/madi-internacional\\\/productos-de-consumo\\\/\",\"name\":\"Madi Group - Empowering Beauty, Innovation and Growth\",\"isPartOf\":{\"@id\":\"https:\\\/\\\/madigroup.com\\\/#website\"},\"datePublished\":\"2023-10-24T06:20:37+00:00\",\"dateModified\":\"2024-09-13T02:59:35+00:00\",\"description\":\"Discover Madi Group\u2019s legacy of innovation in beauty. Explore our dynamic ventures in distribution, retail, education, and manufacturing across the Middle East since 1991.\",\"breadcrumb\":{\"@id\":\"https:\\\/\\\/madigroup.com\\\/es\\\/distribucion\\\/madi-internacional\\\/productos-de-consumo\\\/#breadcrumb\"},\"inLanguage\":\"es\",\"potentialAction\":[{\"@type\":\"ReadAction\",\"target\":[\"https:\\\/\\\/madigroup.com\\\/es\\\/distribucion\\\/madi-internacional\\\/productos-de-consumo\\\/\"]}]},{\"@type\":\"BreadcrumbList\",\"@id\":\"https:\\\/\\\/madigroup.com\\\/es\\\/distribucion\\\/madi-internacional\\\/productos-de-consumo\\\/#breadcrumb\",\"itemListElement\":[{\"@type\":\"ListItem\",\"position\":1,\"name\":\"Home\",\"item\":\"https:\\\/\\\/madigroup.com\\\/es\\\/hogar\\\/\"},{\"@type\":\"ListItem\",\"position\":2,\"name\":\"Distribuci\u00f3n\",\"item\":\"https:\\\/\\\/madigroup.com\\\/es\\\/distribucion\\\/\"},{\"@type\":\"ListItem\",\"position\":3,\"name\":\"MADI Internacional\",\"item\":\"https:\\\/\\\/madigroup.com\\\/es\\\/distribucion\\\/madi-internacional\\\/\"},{\"@type\":\"ListItem\",\"position\":4,\"name\":\"Productos de consumo\"}]},{\"@type\":\"WebSite\",\"@id\":\"https:\\\/\\\/madigroup.com\\\/#website\",\"url\":\"https:\\\/\\\/madigroup.com\\\/\",\"name\":\"https:\\\/\\\/madigroup.com\\\/\",\"description\":\"Global Distributor of Professional Salon Products | Hair, Skin, and Nail Care Supplies\",\"publisher\":{\"@id\":\"https:\\\/\\\/madigroup.com\\\/#organization\"},\"alternateName\":\"Madi Group\",\"potentialAction\":[{\"@type\":\"SearchAction\",\"target\":{\"@type\":\"EntryPoint\",\"urlTemplate\":\"https:\\\/\\\/madigroup.com\\\/?s={search_term_string}\"},\"query-input\":{\"@type\":\"PropertyValueSpecification\",\"valueRequired\":true,\"valueName\":\"search_term_string\"}}],\"inLanguage\":\"es\"},{\"@type\":\"Organization\",\"@id\":\"https:\\\/\\\/madigroup.com\\\/#organization\",\"name\":\"Madi Group\",\"url\":\"https:\\\/\\\/madigroup.com\\\/\",\"logo\":{\"@type\":\"ImageObject\",\"inLanguage\":\"es\",\"@id\":\"https:\\\/\\\/madigroup.com\\\/#\\\/schema\\\/logo\\\/image\\\/\",\"url\":\"https:\\\/\\\/madigroup.com\\\/wp-content\\\/uploads\\\/2021\\\/05\\\/favicon-dark.png\",\"contentUrl\":\"https:\\\/\\\/madigroup.com\\\/wp-content\\\/uploads\\\/2021\\\/05\\\/favicon-dark.png\",\"width\":512,\"height\":512,\"caption\":\"Madi Group\"},\"image\":{\"@id\":\"https:\\\/\\\/madigroup.com\\\/#\\\/schema\\\/logo\\\/image\\\/\"},\"sameAs\":[\"https:\\\/\\\/www.facebook.com\\\/Madi.International\\\/\",\"https:\\\/\\\/www.instagram.com\\\/madi_intl\\\/\",\"https:\\\/\\\/www.linkedin.com\\\/company\\\/madi-international\\\/\"]},{\"@type\":\"Person\",\"@id\":\"https:\\\/\\\/madigroup.com\\\/#\\\/schema\\\/person\\\/11a3753e1909bdec36482681711ee73f\",\"name\":\"madi_admin\",\"image\":{\"@type\":\"ImageObject\",\"inLanguage\":\"es\",\"@id\":\"https:\\\/\\\/secure.gravatar.com\\\/avatar\\\/7367d1085462226c651b4faf7cb5d187a43c34bb78e0f7c7fb1a3f1e32cf8b46?s=96&d=mm&r=g\",\"url\":\"https:\\\/\\\/secure.gravatar.com\\\/avatar\\\/7367d1085462226c651b4faf7cb5d187a43c34bb78e0f7c7fb1a3f1e32cf8b46?s=96&d=mm&r=g\",\"contentUrl\":\"https:\\\/\\\/secure.gravatar.com\\\/avatar\\\/7367d1085462226c651b4faf7cb5d187a43c34bb78e0f7c7fb1a3f1e32cf8b46?s=96&d=mm&r=g\",\"caption\":\"madi_admin\"},\"sameAs\":[\"https:\\\/\\\/madigroup.com\"],\"url\":\"https:\\\/\\\/madigroup.com\\\/es\\\/author\\\/madi_admin\\\/\"}]}<\/script>\n<!-- \/ Yoast SEO plugin. -->","yoast_head_json":{"title":"Madi Group - Empowering Beauty, Innovation and Growth","description":"Discover Madi Group\u2019s legacy of innovation in beauty. Explore our dynamic ventures in distribution, retail, education, and manufacturing across the Middle East since 1991.","robots":{"index":"index","follow":"follow","max-snippet":"max-snippet:-1","max-image-preview":"max-image-preview:large","max-video-preview":"max-video-preview:-1"},"canonical":"https:\/\/madigroup.com\/es\/distribucion\/madi-internacional\/productos-de-consumo\/","og_locale":"es_ES","og_type":"article","og_title":"Madi Group - Empowering Beauty, Innovation and Growth","og_description":"Discover Madi Group\u2019s legacy of innovation in beauty. Explore our dynamic ventures in distribution, retail, education, and manufacturing across the Middle East since 1991.","og_url":"https:\/\/madigroup.com\/es\/distribucion\/madi-internacional\/productos-de-consumo\/","og_site_name":"Grupo MADI","article_publisher":"https:\/\/www.facebook.com\/Madi.International\/","article_modified_time":"2024-09-13T02:59:35+00:00","og_image":[{"width":512,"height":512,"url":"https:\/\/madigroup.com\/wp-content\/uploads\/2021\/05\/cropped-favicon-dark.png","type":"image\/png"}],"twitter_card":"summary_large_image","twitter_misc":{"Tiempo de lectura":"3 minutos"},"schema":{"@context":"https:\/\/schema.org","@graph":[{"@type":"Article","@id":"https:\/\/madigroup.com\/es\/distribucion\/madi-internacional\/productos-de-consumo\/#article","isPartOf":{"@id":"https:\/\/madigroup.com\/es\/distribucion\/madi-internacional\/productos-de-consumo\/"},"author":{"name":"madi_admin","@id":"https:\/\/madigroup.com\/#\/schema\/person\/11a3753e1909bdec36482681711ee73f"},"headline":"Productos de consumo","datePublished":"2023-10-24T06:20:37+00:00","dateModified":"2024-09-13T02:59:35+00:00","mainEntityOfPage":{"@id":"https:\/\/madigroup.com\/es\/distribucion\/madi-internacional\/productos-de-consumo\/"},"wordCount":677,"publisher":{"@id":"https:\/\/madigroup.com\/#organization"},"inLanguage":"es"},{"@type":"WebPage","@id":"https:\/\/madigroup.com\/es\/distribucion\/madi-internacional\/productos-de-consumo\/","url":"https:\/\/madigroup.com\/es\/distribucion\/madi-internacional\/productos-de-consumo\/","name":"Madi Group - Empowering Beauty, Innovation and Growth","isPartOf":{"@id":"https:\/\/madigroup.com\/#website"},"datePublished":"2023-10-24T06:20:37+00:00","dateModified":"2024-09-13T02:59:35+00:00","description":"Discover Madi Group\u2019s legacy of innovation in beauty. Explore our dynamic ventures in distribution, retail, education, and manufacturing across the Middle East since 1991.","breadcrumb":{"@id":"https:\/\/madigroup.com\/es\/distribucion\/madi-internacional\/productos-de-consumo\/#breadcrumb"},"inLanguage":"es","potentialAction":[{"@type":"ReadAction","target":["https:\/\/madigroup.com\/es\/distribucion\/madi-internacional\/productos-de-consumo\/"]}]},{"@type":"BreadcrumbList","@id":"https:\/\/madigroup.com\/es\/distribucion\/madi-internacional\/productos-de-consumo\/#breadcrumb","itemListElement":[{"@type":"ListItem","position":1,"name":"Home","item":"https:\/\/madigroup.com\/es\/hogar\/"},{"@type":"ListItem","position":2,"name":"Distribuci\u00f3n","item":"https:\/\/madigroup.com\/es\/distribucion\/"},{"@type":"ListItem","position":3,"name":"MADI Internacional","item":"https:\/\/madigroup.com\/es\/distribucion\/madi-internacional\/"},{"@type":"ListItem","position":4,"name":"Productos de consumo"}]},{"@type":"WebSite","@id":"https:\/\/madigroup.com\/#website","url":"https:\/\/madigroup.com\/","name":"https:\/\/madigroup.com\/","description":"Global Distributor of Professional Salon Products | Hair, Skin, and Nail Care Supplies","publisher":{"@id":"https:\/\/madigroup.com\/#organization"},"alternateName":"Madi Group","potentialAction":[{"@type":"SearchAction","target":{"@type":"EntryPoint","urlTemplate":"https:\/\/madigroup.com\/?s={search_term_string}"},"query-input":{"@type":"PropertyValueSpecification","valueRequired":true,"valueName":"search_term_string"}}],"inLanguage":"es"},{"@type":"Organization","@id":"https:\/\/madigroup.com\/#organization","name":"Madi Group","url":"https:\/\/madigroup.com\/","logo":{"@type":"ImageObject","inLanguage":"es","@id":"https:\/\/madigroup.com\/#\/schema\/logo\/image\/","url":"https:\/\/madigroup.com\/wp-content\/uploads\/2021\/05\/favicon-dark.png","contentUrl":"https:\/\/madigroup.com\/wp-content\/uploads\/2021\/05\/favicon-dark.png","width":512,"height":512,"caption":"Madi Group"},"image":{"@id":"https:\/\/madigroup.com\/#\/schema\/logo\/image\/"},"sameAs":["https:\/\/www.facebook.com\/Madi.International\/","https:\/\/www.instagram.com\/madi_intl\/","https:\/\/www.linkedin.com\/company\/madi-international\/"]},{"@type":"Person","@id":"https:\/\/madigroup.com\/#\/schema\/person\/11a3753e1909bdec36482681711ee73f","name":"madi_admin","image":{"@type":"ImageObject","inLanguage":"es","@id":"https:\/\/secure.gravatar.com\/avatar\/7367d1085462226c651b4faf7cb5d187a43c34bb78e0f7c7fb1a3f1e32cf8b46?s=96&d=mm&r=g","url":"https:\/\/secure.gravatar.com\/avatar\/7367d1085462226c651b4faf7cb5d187a43c34bb78e0f7c7fb1a3f1e32cf8b46?s=96&d=mm&r=g","contentUrl":"https:\/\/secure.gravatar.com\/avatar\/7367d1085462226c651b4faf7cb5d187a43c34bb78e0f7c7fb1a3f1e32cf8b46?s=96&d=mm&r=g","caption":"madi_admin"},"sameAs":["https:\/\/madigroup.com"],"url":"https:\/\/madigroup.com\/es\/author\/madi_admin\/"}]}},"_links":{"self":[{"href":"https:\/\/madigroup.com\/es\/wp-json\/wp\/v2\/pages\/10825","targetHints":{"allow":["GET"]}}],"collection":[{"href":"https:\/\/madigroup.com\/es\/wp-json\/wp\/v2\/pages"}],"about":[{"href":"https:\/\/madigroup.com\/es\/wp-json\/wp\/v2\/types\/page"}],"author":[{"embeddable":true,"href":"https:\/\/madigroup.com\/es\/wp-json\/wp\/v2\/users\/1"}],"replies":[{"embeddable":true,"href":"https:\/\/madigroup.com\/es\/wp-json\/wp\/v2\/comments?post=10825"}],"version-history":[{"count":0,"href":"https:\/\/madigroup.com\/es\/wp-json\/wp\/v2\/pages\/10825\/revisions"}],"up":[{"embeddable":true,"href":"https:\/\/madigroup.com\/es\/wp-json\/wp\/v2\/pages\/10838"}],"wp:attachment":[{"href":"https:\/\/madigroup.com\/es\/wp-json\/wp\/v2\/media?parent=10825"}],"curies":[{"name":"wp","href":"https:\/\/api.w.org\/{rel}","templated":true}]}}