{"id":11379,"date":"2023-10-23T06:49:35","date_gmt":"2023-10-23T06:49:35","guid":{"rendered":"https:\/\/madigroup.com\/vertrieb\/madi-medizin\/"},"modified":"2024-09-13T03:51:24","modified_gmt":"2024-09-13T03:51:24","slug":"madi-medizin","status":"publish","type":"page","link":"https:\/\/madigroup.com\/de\/vertrieb\/madi-medizin\/","title":{"rendered":"MADI Medizin"},"content":{"rendered":"\t\t<div data-elementor-type=\"wp-page\" data-elementor-id=\"11379\" class=\"elementor elementor-11379 elementor-3672\">\n\t\t\t\t<div class=\"elementor-element elementor-element-8e17f3e e-con-full e-flex e-con e-parent\" data-id=\"8e17f3e\" data-element_type=\"container\" data-e-type=\"container\" data-settings=\"{&quot;background_background&quot;:&quot;classic&quot;}\">\n\t\t<div class=\"elementor-element elementor-element-80396d9 e-con-full e-flex e-con e-child\" data-id=\"80396d9\" data-element_type=\"container\" data-e-type=\"container\">\n\t\t\t\t<\/div>\n\t\t\t\t<\/div>\n\t\t<div class=\"elementor-element elementor-element-0fc451c e-flex e-con-boxed e-con e-parent\" data-id=\"0fc451c\" data-element_type=\"container\" data-e-type=\"container\" data-settings=\"{&quot;background_background&quot;:&quot;classic&quot;}\">\n\t\t\t\t\t<div class=\"e-con-inner\">\n\t\t\t\t<div class=\"elementor-element elementor-element-fd7b181 elementor-widget elementor-widget-heading\" data-id=\"fd7b181\" data-element_type=\"widget\" data-e-type=\"widget\" data-widget_type=\"heading.default\">\n\t\t\t\t<div class=\"elementor-widget-container\">\n\t\t\t\t\t<h2 class=\"elementor-heading-title elementor-size-default\">MADI Medizin<\/h2>\t\t\t\t<\/div>\n\t\t\t\t<\/div>\n\t\t\t\t<div class=\"elementor-element elementor-element-8a84b0f elementor-widget elementor-widget-text-editor\" data-id=\"8a84b0f\" data-element_type=\"widget\" data-e-type=\"widget\" data-widget_type=\"text-editor.default\">\n\t\t\t\t<div class=\"elementor-widget-container\">\n\t\t\t\t\t\t\t\t\t<p class=\"MsoNormal\">MADI Medical hat sich zum Ziel gesetzt, die Schnittstelle zwischen Sch\u00f6nheit und Gesundheit durch innovative medizinisch-\u00e4sthetische L\u00f6sungen voranzubringen. Diese Abteilung bedient in erster Linie Sch\u00f6nheitskliniken, medizinische Kliniken, Krankenh\u00e4user und andere Gesundheitseinrichtungen und versorgt sie mit hochwertigen Produkten und Ger\u00e4ten, die auf dem neuesten Stand der medizinischen Sch\u00f6nheitstechnologie sind. Wir haben uns zum Ziel gesetzt, die Synergie zwischen Sch\u00f6nheit und Gesundheit voranzutreiben, indem wir Sch\u00f6nheitsexperten eine Br\u00fccke bieten, um selbstbewusst in den medizinischen Bereich einzusteigen, und Medizinern, um ihr \u00e4sthetisches Angebot zu erweitern.<\/p><p>\u00a0<\/p><p class=\"MsoNormal\"><b>Schwerpunkt unserer Abteilung f\u00fcr medizinische \u00c4sthetik:<\/b><\/p><ol style=\"margin-top: 0cm;\" start=\"1\" type=\"1\"><li class=\"MsoNormal\"><b>Produktangebot:<\/b> Unser Portfolio umfasst eine Vielzahl von Premiumprodukten wie fortschrittliche Hautpflegebehandlungen, injizierbare Mittel wie Botox und F\u00fcllstoffe sowie andere nicht-chirurgische \u00e4sthetische Verbesserungen. Diese Produkte werden aufgrund ihrer Wirksamkeit, Sicherheit und Innovation ausgew\u00e4hlt, um sicherzustellen, dass unsere Partner Zugang zu den besten L\u00f6sungen auf dem Markt haben.<\/li><li class=\"MsoNormal\"><b>Ausr\u00fcstung und M\u00f6bel:<\/b> Wir liefern auch hochmoderne medizinische und \u00e4sthetische Ausr\u00fcstung sowie stilvolle und funktionale M\u00f6bel, die f\u00fcr medizinische Umgebungen entworfen wurden. Dies hilft Kliniken, eine einladende und professionelle Atmosph\u00e4re zu schaffen, und stellt gleichzeitig sicher, dass sie mit der neuesten Technologie ausgestattet sind, um Behandlungen effektiv durchzuf\u00fchren.<\/li><li class=\"MsoNormal\"><b>Umfassende Unterst\u00fctzung:<\/b> Da wir die speziellen Bed\u00fcrfnisse von Praktikern der medizinischen \u00c4sthetik verstehen, bieten wir umfassende Unterst\u00fctzung, die \u00fcber die Produktversorgung hinausgeht. Dazu geh\u00f6ren Schulungsprogramme f\u00fcr Praktiker zur sicheren und effektiven Verwendung der Produkte und Ausr\u00fcstung, um sicherzustellen, dass sie gut ger\u00fcstet sind, um die Bed\u00fcrfnisse ihrer Patienten zu erf\u00fcllen.<\/li><\/ol><p>\u00a0<\/p><p class=\"MsoNormal\"><b>Warum Sie mit unserer Abteilung f\u00fcr medizinische \u00c4sthetik zusammenarbeiten sollten:<\/b><\/p><ol style=\"margin-top: 0cm;\" start=\"1\" type=\"1\"><li class=\"MsoNormal\"><b>Expertise in \u00c4sthetik:<\/b> Durch unsere umfassende Erfahrung in der gesamten Sch\u00f6nheitsbranche liefern wir wertvolle Einblicke in die Erwartungen der Verbraucher und \u00e4sthetischen Trends. Dieses Wissen ist f\u00fcr medizinische Kliniken von entscheidender Bedeutung, die ihr Angebot an die neuesten Sch\u00f6nheits- und Wellnesstrends anpassen m\u00f6chten.<\/li><li class=\"MsoNormal\"><b>Hohe Qualit\u00e4ts- und Konformit\u00e4tsstandards:<\/b> Alle Produkte und Ger\u00e4te in unserem Portfolio erf\u00fcllen strenge Sicherheitsstandards und entsprechen den Gesundheitsvorschriften. Unser Engagement f\u00fcr Qualit\u00e4t stellt sicher, dass Kliniken nicht nur lokale und internationale Richtlinien einhalten, sondern auch das Vertrauen ihrer Kunden durch zuverl\u00e4ssige, sichere und wirksame Behandlungen gewinnen.<\/li><\/ol><p>\u00a0<\/p><p><strong>Aufbau langfristiger Partnerschaften:<\/strong> Unser Ziel ist es, nicht nur Lieferant, sondern langfristiger Partner unserer Kunden im Bereich der medizinischen \u00c4sthetik zu sein. Indem wir fortlaufende Unterst\u00fctzung, kontinuierliche Schulungen und regelm\u00e4\u00dfige Updates zu Innovationen in der Branche anbieten, stellen wir sicher, dass unsere Partner immer auf dem neuesten Stand der medizinischen \u00e4sthetischen Behandlungen sind. Dieser Ansatz hilft ihnen, ihr Gesch\u00e4ft auszubauen, ihren Ruf zu verbessern und die Kundenzufriedenheit zu steigern.<\/p>\t\t\t\t\t\t\t\t<\/div>\n\t\t\t\t<\/div>\n\t\t\t\t\t<\/div>\n\t\t\t\t<\/div>\n\t\t\t\t<\/div>\n\t\t","protected":false},"excerpt":{"rendered":"<p>MADI Medizin MADI Medical hat sich zum Ziel gesetzt, die Schnittstelle zwischen Sch\u00f6nheit und Gesundheit durch innovative medizinisch-\u00e4sthetische L\u00f6sungen voranzubringen. Diese Abteilung bedient in erster Linie Sch\u00f6nheitskliniken, medizinische Kliniken, Krankenh\u00e4user und andere Gesundheitseinrichtungen und versorgt sie mit hochwertigen Produkten und Ger\u00e4ten, die auf dem neuesten Stand der medizinischen Sch\u00f6nheitstechnologie sind. Wir haben uns zum Ziel [&hellip;]<\/p>\n","protected":false},"author":1,"featured_media":0,"parent":10733,"menu_order":0,"comment_status":"closed","ping_status":"closed","template":"","meta":{"_acf_changed":false,"footnotes":""},"class_list":["post-11379","page","type-page","status-publish","hentry"],"acf":[],"yoast_head":"<!-- This site is optimized with the Yoast SEO plugin v27.4 - https:\/\/yoast.com\/product\/yoast-seo-wordpress\/ -->\n<title>Madi Group - Empowering Beauty, Innovation and Growth<\/title>\n<meta name=\"description\" content=\"Discover Madi Group\u2019s legacy of innovation in beauty. Explore our dynamic ventures in distribution, retail, education, and manufacturing across the Middle East since 1991.\" \/>\n<meta name=\"robots\" content=\"index, follow, max-snippet:-1, max-image-preview:large, max-video-preview:-1\" \/>\n<link rel=\"canonical\" href=\"https:\/\/madigroup.com\/de\/vertrieb\/madi-medizin\/\" \/>\n<meta property=\"og:locale\" content=\"de_DE\" \/>\n<meta property=\"og:type\" content=\"article\" \/>\n<meta property=\"og:title\" content=\"Madi Group - Empowering Beauty, Innovation and Growth\" \/>\n<meta property=\"og:description\" content=\"Discover Madi Group\u2019s legacy of innovation in beauty. Explore our dynamic ventures in distribution, retail, education, and manufacturing across the Middle East since 1991.\" \/>\n<meta property=\"og:url\" content=\"https:\/\/madigroup.com\/de\/vertrieb\/madi-medizin\/\" \/>\n<meta property=\"og:site_name\" content=\"MADI Gruppe\" \/>\n<meta property=\"article:publisher\" content=\"https:\/\/www.facebook.com\/Madi.International\/\" \/>\n<meta property=\"article:modified_time\" content=\"2024-09-13T03:51:24+00:00\" \/>\n<meta property=\"og:image\" content=\"https:\/\/madigroup.com\/wp-content\/uploads\/2021\/05\/cropped-favicon-dark.png\" \/>\n\t<meta property=\"og:image:width\" content=\"512\" \/>\n\t<meta property=\"og:image:height\" content=\"512\" \/>\n\t<meta property=\"og:image:type\" content=\"image\/png\" \/>\n<meta name=\"twitter:card\" content=\"summary_large_image\" \/>\n<meta name=\"twitter:label1\" content=\"Gesch\u00e4tzte Lesezeit\" \/>\n\t<meta name=\"twitter:data1\" content=\"2\u00a0Minuten\" \/>\n<script type=\"application\/ld+json\" class=\"yoast-schema-graph\">{\"@context\":\"https:\\\/\\\/schema.org\",\"@graph\":[{\"@type\":\"Article\",\"@id\":\"https:\\\/\\\/madigroup.com\\\/de\\\/vertrieb\\\/madi-medizin\\\/#article\",\"isPartOf\":{\"@id\":\"https:\\\/\\\/madigroup.com\\\/de\\\/vertrieb\\\/madi-medizin\\\/\"},\"author\":{\"name\":\"madi_admin\",\"@id\":\"https:\\\/\\\/madigroup.com\\\/#\\\/schema\\\/person\\\/11a3753e1909bdec36482681711ee73f\"},\"headline\":\"MADI Medizin\",\"datePublished\":\"2023-10-23T06:49:35+00:00\",\"dateModified\":\"2024-09-13T03:51:24+00:00\",\"mainEntityOfPage\":{\"@id\":\"https:\\\/\\\/madigroup.com\\\/de\\\/vertrieb\\\/madi-medizin\\\/\"},\"wordCount\":449,\"publisher\":{\"@id\":\"https:\\\/\\\/madigroup.com\\\/#organization\"},\"inLanguage\":\"de\"},{\"@type\":\"WebPage\",\"@id\":\"https:\\\/\\\/madigroup.com\\\/de\\\/vertrieb\\\/madi-medizin\\\/\",\"url\":\"https:\\\/\\\/madigroup.com\\\/de\\\/vertrieb\\\/madi-medizin\\\/\",\"name\":\"Madi Group - Empowering Beauty, Innovation and Growth\",\"isPartOf\":{\"@id\":\"https:\\\/\\\/madigroup.com\\\/#website\"},\"datePublished\":\"2023-10-23T06:49:35+00:00\",\"dateModified\":\"2024-09-13T03:51:24+00:00\",\"description\":\"Discover Madi Group\u2019s legacy of innovation in beauty. Explore our dynamic ventures in distribution, retail, education, and manufacturing across the Middle East since 1991.\",\"breadcrumb\":{\"@id\":\"https:\\\/\\\/madigroup.com\\\/de\\\/vertrieb\\\/madi-medizin\\\/#breadcrumb\"},\"inLanguage\":\"de\",\"potentialAction\":[{\"@type\":\"ReadAction\",\"target\":[\"https:\\\/\\\/madigroup.com\\\/de\\\/vertrieb\\\/madi-medizin\\\/\"]}]},{\"@type\":\"BreadcrumbList\",\"@id\":\"https:\\\/\\\/madigroup.com\\\/de\\\/vertrieb\\\/madi-medizin\\\/#breadcrumb\",\"itemListElement\":[{\"@type\":\"ListItem\",\"position\":1,\"name\":\"Home\",\"item\":\"https:\\\/\\\/madigroup.com\\\/de\\\/heim\\\/\"},{\"@type\":\"ListItem\",\"position\":2,\"name\":\"Vertrieb\",\"item\":\"https:\\\/\\\/madigroup.com\\\/de\\\/vertrieb\\\/\"},{\"@type\":\"ListItem\",\"position\":3,\"name\":\"MADI Medizin\"}]},{\"@type\":\"WebSite\",\"@id\":\"https:\\\/\\\/madigroup.com\\\/#website\",\"url\":\"https:\\\/\\\/madigroup.com\\\/\",\"name\":\"https:\\\/\\\/madigroup.com\\\/\",\"description\":\"Global Distributor of Professional Salon Products | Hair, Skin, and Nail Care Supplies\",\"publisher\":{\"@id\":\"https:\\\/\\\/madigroup.com\\\/#organization\"},\"alternateName\":\"Madi Group\",\"potentialAction\":[{\"@type\":\"SearchAction\",\"target\":{\"@type\":\"EntryPoint\",\"urlTemplate\":\"https:\\\/\\\/madigroup.com\\\/?s={search_term_string}\"},\"query-input\":{\"@type\":\"PropertyValueSpecification\",\"valueRequired\":true,\"valueName\":\"search_term_string\"}}],\"inLanguage\":\"de\"},{\"@type\":\"Organization\",\"@id\":\"https:\\\/\\\/madigroup.com\\\/#organization\",\"name\":\"Madi Group\",\"url\":\"https:\\\/\\\/madigroup.com\\\/\",\"logo\":{\"@type\":\"ImageObject\",\"inLanguage\":\"de\",\"@id\":\"https:\\\/\\\/madigroup.com\\\/#\\\/schema\\\/logo\\\/image\\\/\",\"url\":\"https:\\\/\\\/madigroup.com\\\/wp-content\\\/uploads\\\/2021\\\/05\\\/favicon-dark.png\",\"contentUrl\":\"https:\\\/\\\/madigroup.com\\\/wp-content\\\/uploads\\\/2021\\\/05\\\/favicon-dark.png\",\"width\":512,\"height\":512,\"caption\":\"Madi Group\"},\"image\":{\"@id\":\"https:\\\/\\\/madigroup.com\\\/#\\\/schema\\\/logo\\\/image\\\/\"},\"sameAs\":[\"https:\\\/\\\/www.facebook.com\\\/Madi.International\\\/\",\"https:\\\/\\\/www.instagram.com\\\/madi_intl\\\/\",\"https:\\\/\\\/www.linkedin.com\\\/company\\\/madi-international\\\/\"]},{\"@type\":\"Person\",\"@id\":\"https:\\\/\\\/madigroup.com\\\/#\\\/schema\\\/person\\\/11a3753e1909bdec36482681711ee73f\",\"name\":\"madi_admin\",\"image\":{\"@type\":\"ImageObject\",\"inLanguage\":\"de\",\"@id\":\"https:\\\/\\\/secure.gravatar.com\\\/avatar\\\/7367d1085462226c651b4faf7cb5d187a43c34bb78e0f7c7fb1a3f1e32cf8b46?s=96&d=mm&r=g\",\"url\":\"https:\\\/\\\/secure.gravatar.com\\\/avatar\\\/7367d1085462226c651b4faf7cb5d187a43c34bb78e0f7c7fb1a3f1e32cf8b46?s=96&d=mm&r=g\",\"contentUrl\":\"https:\\\/\\\/secure.gravatar.com\\\/avatar\\\/7367d1085462226c651b4faf7cb5d187a43c34bb78e0f7c7fb1a3f1e32cf8b46?s=96&d=mm&r=g\",\"caption\":\"madi_admin\"},\"sameAs\":[\"https:\\\/\\\/madigroup.com\"],\"url\":\"https:\\\/\\\/madigroup.com\\\/de\\\/author\\\/madi_admin\\\/\"}]}<\/script>\n<!-- \/ Yoast SEO plugin. -->","yoast_head_json":{"title":"Madi Group - Empowering Beauty, Innovation and Growth","description":"Discover Madi Group\u2019s legacy of innovation in beauty. Explore our dynamic ventures in distribution, retail, education, and manufacturing across the Middle East since 1991.","robots":{"index":"index","follow":"follow","max-snippet":"max-snippet:-1","max-image-preview":"max-image-preview:large","max-video-preview":"max-video-preview:-1"},"canonical":"https:\/\/madigroup.com\/de\/vertrieb\/madi-medizin\/","og_locale":"de_DE","og_type":"article","og_title":"Madi Group - Empowering Beauty, Innovation and Growth","og_description":"Discover Madi Group\u2019s legacy of innovation in beauty. Explore our dynamic ventures in distribution, retail, education, and manufacturing across the Middle East since 1991.","og_url":"https:\/\/madigroup.com\/de\/vertrieb\/madi-medizin\/","og_site_name":"MADI Gruppe","article_publisher":"https:\/\/www.facebook.com\/Madi.International\/","article_modified_time":"2024-09-13T03:51:24+00:00","og_image":[{"width":512,"height":512,"url":"https:\/\/madigroup.com\/wp-content\/uploads\/2021\/05\/cropped-favicon-dark.png","type":"image\/png"}],"twitter_card":"summary_large_image","twitter_misc":{"Gesch\u00e4tzte Lesezeit":"2\u00a0Minuten"},"schema":{"@context":"https:\/\/schema.org","@graph":[{"@type":"Article","@id":"https:\/\/madigroup.com\/de\/vertrieb\/madi-medizin\/#article","isPartOf":{"@id":"https:\/\/madigroup.com\/de\/vertrieb\/madi-medizin\/"},"author":{"name":"madi_admin","@id":"https:\/\/madigroup.com\/#\/schema\/person\/11a3753e1909bdec36482681711ee73f"},"headline":"MADI Medizin","datePublished":"2023-10-23T06:49:35+00:00","dateModified":"2024-09-13T03:51:24+00:00","mainEntityOfPage":{"@id":"https:\/\/madigroup.com\/de\/vertrieb\/madi-medizin\/"},"wordCount":449,"publisher":{"@id":"https:\/\/madigroup.com\/#organization"},"inLanguage":"de"},{"@type":"WebPage","@id":"https:\/\/madigroup.com\/de\/vertrieb\/madi-medizin\/","url":"https:\/\/madigroup.com\/de\/vertrieb\/madi-medizin\/","name":"Madi Group - Empowering Beauty, Innovation and Growth","isPartOf":{"@id":"https:\/\/madigroup.com\/#website"},"datePublished":"2023-10-23T06:49:35+00:00","dateModified":"2024-09-13T03:51:24+00:00","description":"Discover Madi Group\u2019s legacy of innovation in beauty. Explore our dynamic ventures in distribution, retail, education, and manufacturing across the Middle East since 1991.","breadcrumb":{"@id":"https:\/\/madigroup.com\/de\/vertrieb\/madi-medizin\/#breadcrumb"},"inLanguage":"de","potentialAction":[{"@type":"ReadAction","target":["https:\/\/madigroup.com\/de\/vertrieb\/madi-medizin\/"]}]},{"@type":"BreadcrumbList","@id":"https:\/\/madigroup.com\/de\/vertrieb\/madi-medizin\/#breadcrumb","itemListElement":[{"@type":"ListItem","position":1,"name":"Home","item":"https:\/\/madigroup.com\/de\/heim\/"},{"@type":"ListItem","position":2,"name":"Vertrieb","item":"https:\/\/madigroup.com\/de\/vertrieb\/"},{"@type":"ListItem","position":3,"name":"MADI Medizin"}]},{"@type":"WebSite","@id":"https:\/\/madigroup.com\/#website","url":"https:\/\/madigroup.com\/","name":"https:\/\/madigroup.com\/","description":"Global Distributor of Professional Salon Products | Hair, Skin, and Nail Care Supplies","publisher":{"@id":"https:\/\/madigroup.com\/#organization"},"alternateName":"Madi Group","potentialAction":[{"@type":"SearchAction","target":{"@type":"EntryPoint","urlTemplate":"https:\/\/madigroup.com\/?s={search_term_string}"},"query-input":{"@type":"PropertyValueSpecification","valueRequired":true,"valueName":"search_term_string"}}],"inLanguage":"de"},{"@type":"Organization","@id":"https:\/\/madigroup.com\/#organization","name":"Madi Group","url":"https:\/\/madigroup.com\/","logo":{"@type":"ImageObject","inLanguage":"de","@id":"https:\/\/madigroup.com\/#\/schema\/logo\/image\/","url":"https:\/\/madigroup.com\/wp-content\/uploads\/2021\/05\/favicon-dark.png","contentUrl":"https:\/\/madigroup.com\/wp-content\/uploads\/2021\/05\/favicon-dark.png","width":512,"height":512,"caption":"Madi Group"},"image":{"@id":"https:\/\/madigroup.com\/#\/schema\/logo\/image\/"},"sameAs":["https:\/\/www.facebook.com\/Madi.International\/","https:\/\/www.instagram.com\/madi_intl\/","https:\/\/www.linkedin.com\/company\/madi-international\/"]},{"@type":"Person","@id":"https:\/\/madigroup.com\/#\/schema\/person\/11a3753e1909bdec36482681711ee73f","name":"madi_admin","image":{"@type":"ImageObject","inLanguage":"de","@id":"https:\/\/secure.gravatar.com\/avatar\/7367d1085462226c651b4faf7cb5d187a43c34bb78e0f7c7fb1a3f1e32cf8b46?s=96&d=mm&r=g","url":"https:\/\/secure.gravatar.com\/avatar\/7367d1085462226c651b4faf7cb5d187a43c34bb78e0f7c7fb1a3f1e32cf8b46?s=96&d=mm&r=g","contentUrl":"https:\/\/secure.gravatar.com\/avatar\/7367d1085462226c651b4faf7cb5d187a43c34bb78e0f7c7fb1a3f1e32cf8b46?s=96&d=mm&r=g","caption":"madi_admin"},"sameAs":["https:\/\/madigroup.com"],"url":"https:\/\/madigroup.com\/de\/author\/madi_admin\/"}]}},"_links":{"self":[{"href":"https:\/\/madigroup.com\/de\/wp-json\/wp\/v2\/pages\/11379","targetHints":{"allow":["GET"]}}],"collection":[{"href":"https:\/\/madigroup.com\/de\/wp-json\/wp\/v2\/pages"}],"about":[{"href":"https:\/\/madigroup.com\/de\/wp-json\/wp\/v2\/types\/page"}],"author":[{"embeddable":true,"href":"https:\/\/madigroup.com\/de\/wp-json\/wp\/v2\/users\/1"}],"replies":[{"embeddable":true,"href":"https:\/\/madigroup.com\/de\/wp-json\/wp\/v2\/comments?post=11379"}],"version-history":[{"count":0,"href":"https:\/\/madigroup.com\/de\/wp-json\/wp\/v2\/pages\/11379\/revisions"}],"up":[{"embeddable":true,"href":"https:\/\/madigroup.com\/de\/wp-json\/wp\/v2\/pages\/10733"}],"wp:attachment":[{"href":"https:\/\/madigroup.com\/de\/wp-json\/wp\/v2\/media?parent=11379"}],"curies":[{"name":"wp","href":"https:\/\/api.w.org\/{rel}","templated":true}]}}