{"id":11362,"date":"2023-10-23T07:09:44","date_gmt":"2023-10-23T07:09:44","guid":{"rendered":"https:\/\/madigroup.com\/cozmada\/"},"modified":"2024-09-11T07:43:07","modified_gmt":"2024-09-11T07:43:07","slug":"cozmada","status":"publish","type":"page","link":"https:\/\/madigroup.com\/de\/einzelhandel\/cozmada\/","title":{"rendered":"Cozmada"},"content":{"rendered":"\t\t<div data-elementor-type=\"wp-page\" data-elementor-id=\"11362\" class=\"elementor elementor-11362 elementor-3726\">\n\t\t\t\t<div class=\"elementor-element elementor-element-9225606 e-flex e-con-boxed e-con e-parent\" data-id=\"9225606\" data-element_type=\"container\" data-e-type=\"container\" data-settings=\"{&quot;background_background&quot;:&quot;classic&quot;}\">\n\t\t\t\t\t<div class=\"e-con-inner\">\n\t\t<div class=\"elementor-element elementor-element-29458f0 e-con-full e-flex e-con e-child\" data-id=\"29458f0\" data-element_type=\"container\" data-e-type=\"container\">\n\t\t\t\t<\/div>\n\t\t\t\t\t<\/div>\n\t\t\t\t<\/div>\n\t\t<div class=\"elementor-element elementor-element-fd42845 e-flex e-con-boxed e-con e-parent\" data-id=\"fd42845\" data-element_type=\"container\" data-e-type=\"container\" data-settings=\"{&quot;background_background&quot;:&quot;classic&quot;}\">\n\t\t\t\t\t<div class=\"e-con-inner\">\n\t\t<div class=\"elementor-element elementor-element-b1805d0 e-con-full e-grid e-con e-child\" data-id=\"b1805d0\" data-element_type=\"container\" data-e-type=\"container\">\n\t\t\t\t<div class=\"elementor-element elementor-element-029ac94 elementor-widget elementor-widget-image\" data-id=\"029ac94\" data-element_type=\"widget\" data-e-type=\"widget\" data-widget_type=\"image.default\">\n\t\t\t\t<div class=\"elementor-widget-container\">\n\t\t\t\t\t\t\t\t\t\t\t\t\t\t\t<img fetchpriority=\"high\" decoding=\"async\" width=\"960\" height=\"1277\" src=\"https:\/\/madigroup.com\/wp-content\/uploads\/2024\/05\/e-commerce-copy.webp\" class=\"attachment-fs-vertical-size-extra-large size-fs-vertical-size-extra-large wp-image-13956\" alt=\"\" srcset=\"https:\/\/madigroup.com\/wp-content\/uploads\/2024\/05\/e-commerce-copy.webp 960w, https:\/\/madigroup.com\/wp-content\/uploads\/2024\/05\/e-commerce-copy-226x300.webp 226w, https:\/\/madigroup.com\/wp-content\/uploads\/2024\/05\/e-commerce-copy-770x1024.webp 770w, https:\/\/madigroup.com\/wp-content\/uploads\/2024\/05\/e-commerce-copy-768x1022.webp 768w, https:\/\/madigroup.com\/wp-content\/uploads\/2024\/05\/e-commerce-copy-200x266.webp 200w, https:\/\/madigroup.com\/wp-content\/uploads\/2024\/05\/e-commerce-copy-360x479.webp 360w, https:\/\/madigroup.com\/wp-content\/uploads\/2024\/05\/e-commerce-copy-512x681.webp 512w, https:\/\/madigroup.com\/wp-content\/uploads\/2024\/05\/e-commerce-copy-683x908.webp 683w\" sizes=\"(max-width: 960px) 100vw, 960px\" \/>\t\t\t\t\t\t\t\t\t\t\t\t\t\t\t<\/div>\n\t\t\t\t<\/div>\n\t\t<div class=\"elementor-element elementor-element-9548069 e-con-full e-flex e-con e-child\" data-id=\"9548069\" data-element_type=\"container\" data-e-type=\"container\">\n\t\t\t\t<div class=\"elementor-element elementor-element-58589bb elementor-widget elementor-widget-heading\" data-id=\"58589bb\" data-element_type=\"widget\" data-e-type=\"widget\" data-widget_type=\"heading.default\">\n\t\t\t\t<div class=\"elementor-widget-container\">\n\t\t\t\t\t<h2 class=\"elementor-heading-title elementor-size-default\">Ihr Tor zu Beauty-Entdeckungen<\/h2>\t\t\t\t<\/div>\n\t\t\t\t<\/div>\n\t\t\t\t<div class=\"elementor-element elementor-element-26652d5 elementor-widget elementor-widget-text-editor\" data-id=\"26652d5\" data-element_type=\"widget\" data-e-type=\"widget\" data-widget_type=\"text-editor.default\">\n\t\t\t\t<div class=\"elementor-widget-container\">\n\t\t\t\t\t\t\t\t\t<p class=\"MsoNormal\">Cozmada ist ein einzigartiges Einzelhandelskonzept, das 2020 auf den Markt gebracht wurde und sich zum Ziel gesetzt hat, erschwinglichen Luxus auf den Sch\u00f6nheitsmarkt in den GCC-Staaten zu bringen.<br \/>\nEs bietet eine gro\u00dfe Auswahl an glaubw\u00fcrdigen und exklusiven Marken mit authentischen, hochwertigen Produkten f\u00fcr Haare, Haut, Nagelpflege, Werkzeuge, Zubeh\u00f6r, Elektroger\u00e4te sowie andere Sch\u00f6nheitsbed\u00fcrfnisse.<br \/>\nCozmada zeichnet sich durch sein Engagement aus, L\u00f6sungen f\u00fcr alle Sch\u00f6nheitsbed\u00fcrfnisse anzubieten, unterst\u00fctzt durch die fachkundige Beratung unserer von MADI geschulten P\u00e4dagogen.  <\/p>\n<\/p>\n<p class=\"MsoNormal\">Wir haben eine ph\u00e4nomenale Auswahl der besten und vertrauensw\u00fcrdigsten globalen Sch\u00f6nheitsmarken zusammengestellt, um sicherzustellen, dass jedes Produkt originell und effektiv ist.<br \/>\nBei Cozmada geht es nicht nur darum, Produkte zu verkaufen; Es geht darum, die Verbraucher durch detaillierte Bildungsinhalte \u00fcber die Vorteile und die richtige Verwendung jedes Artikels aufzukl\u00e4ren und ihnen zu helfen, fundierte Entscheidungen zu treffen.<br \/>\nNeben seiner wachsenden Online-Community ist Cozmada ein umfassendes Ziel f\u00fcr alle, die ihren pers\u00f6nlichen Stil und ihre Sch\u00f6nheitsroutine verbessern m\u00f6chten.  <\/p><\/p>\n\t\t\t\t\t\t\t\t<\/div>\n\t\t\t\t<\/div>\n\t\t\t\t<\/div>\n\t\t\t\t<\/div>\n\t\t\t\t\t<\/div>\n\t\t\t\t<\/div>\n\t\t<div class=\"elementor-element elementor-element-77f0daf e-flex e-con-boxed e-con e-parent\" data-id=\"77f0daf\" data-element_type=\"container\" data-e-type=\"container\">\n\t\t\t\t\t<div class=\"e-con-inner\">\n\t\t\t\t<div class=\"elementor-element elementor-element-46fd543 elementor-widget elementor-widget-heading\" data-id=\"46fd543\" data-element_type=\"widget\" data-e-type=\"widget\" data-widget_type=\"heading.default\">\n\t\t\t\t<div class=\"elementor-widget-container\">\n\t\t\t\t\t<h2 class=\"elementor-heading-title elementor-size-default\">Unsere Pr\u00e4senz  <\/h2>\t\t\t\t<\/div>\n\t\t\t\t<\/div>\n\t\t<div class=\"elementor-element elementor-element-221e8b6 e-grid e-con-boxed e-con e-child\" data-id=\"221e8b6\" data-element_type=\"container\" data-e-type=\"container\" data-settings=\"{&quot;background_background&quot;:&quot;classic&quot;}\">\n\t\t\t\t\t<div class=\"e-con-inner\">\n\t\t<a class=\"elementor-element elementor-element-b094ba0 e-con-full e-flex e-con e-child\" data-id=\"b094ba0\" data-element_type=\"container\" data-e-type=\"container\" data-settings=\"{&quot;background_background&quot;:&quot;classic&quot;}\" href=\"https:\/\/maps.app.goo.gl\/ZUn7n2QpquCceGEg9\" target=\"_blank\" rel=\"nofollow\">\n\t\t\t\t<div class=\"elementor-element elementor-element-2127a92 elementor-widget elementor-widget-heading\" data-id=\"2127a92\" data-element_type=\"widget\" data-e-type=\"widget\" data-widget_type=\"heading.default\">\n\t\t\t\t<div class=\"elementor-widget-container\">\n\t\t\t\t\t<h3 class=\"elementor-heading-title elementor-size-default\">Vendome Mall, Katar<\/h3>\t\t\t\t<\/div>\n\t\t\t\t<\/div>\n\t\t\t\t<\/a>\n\t\t<a class=\"elementor-element elementor-element-5aff59b e-con-full e-flex e-con e-child\" data-id=\"5aff59b\" data-element_type=\"container\" data-e-type=\"container\" data-settings=\"{&quot;background_background&quot;:&quot;classic&quot;}\" href=\"https:\/\/www.cozmada.com\/\" target=\"_blank\" rel=\"nofollow\">\n\t\t\t\t<div class=\"elementor-element elementor-element-87f3708 elementor-widget elementor-widget-heading\" data-id=\"87f3708\" data-element_type=\"widget\" data-e-type=\"widget\" data-widget_type=\"heading.default\">\n\t\t\t\t<div class=\"elementor-widget-container\">\n\t\t\t\t\t<h3 class=\"elementor-heading-title elementor-size-default\">E-Commerce<\/h3>\t\t\t\t<\/div>\n\t\t\t\t<\/div>\n\t\t\t\t<\/a>\n\t\t\t\t\t<\/div>\n\t\t\t\t<\/div>\n\t\t\t\t\t<\/div>\n\t\t\t\t<\/div>\n\t\t\t\t<\/div>\n\t\t","protected":false},"excerpt":{"rendered":"<p>Ihr Tor zu Beauty-Entdeckungen Cozmada ist ein einzigartiges Einzelhandelskonzept, das 2020 auf den Markt gebracht wurde und sich zum Ziel gesetzt hat, erschwinglichen Luxus auf den Sch\u00f6nheitsmarkt in den GCC-Staaten zu bringen. Es bietet eine gro\u00dfe Auswahl an glaubw\u00fcrdigen und exklusiven Marken mit authentischen, hochwertigen Produkten f\u00fcr Haare, Haut, Nagelpflege, Werkzeuge, Zubeh\u00f6r, Elektroger\u00e4te sowie andere [&hellip;]<\/p>\n","protected":false},"author":1,"featured_media":0,"parent":11418,"menu_order":0,"comment_status":"closed","ping_status":"closed","template":"","meta":{"_acf_changed":false,"footnotes":""},"class_list":["post-11362","page","type-page","status-publish","hentry"],"acf":[],"yoast_head":"<!-- This site is optimized with the Yoast SEO plugin v27.4 - https:\/\/yoast.com\/product\/yoast-seo-wordpress\/ -->\n<title>Madi Group - Empowering Beauty, Innovation and Growth<\/title>\n<meta name=\"description\" content=\"Discover Madi Group\u2019s legacy of innovation in beauty. Explore our dynamic ventures in distribution, retail, education, and manufacturing across the Middle East since 1991.\" \/>\n<meta name=\"robots\" content=\"index, follow, max-snippet:-1, max-image-preview:large, max-video-preview:-1\" \/>\n<link rel=\"canonical\" href=\"https:\/\/madigroup.com\/de\/einzelhandel\/cozmada\/\" \/>\n<meta property=\"og:locale\" content=\"de_DE\" \/>\n<meta property=\"og:type\" content=\"article\" \/>\n<meta property=\"og:title\" content=\"Madi Group - Empowering Beauty, Innovation and Growth\" \/>\n<meta property=\"og:description\" content=\"Discover Madi Group\u2019s legacy of innovation in beauty. Explore our dynamic ventures in distribution, retail, education, and manufacturing across the Middle East since 1991.\" \/>\n<meta property=\"og:url\" content=\"https:\/\/madigroup.com\/de\/einzelhandel\/cozmada\/\" \/>\n<meta property=\"og:site_name\" content=\"MADI Gruppe\" \/>\n<meta property=\"article:publisher\" content=\"https:\/\/www.facebook.com\/Madi.International\/\" \/>\n<meta property=\"article:modified_time\" content=\"2024-09-11T07:43:07+00:00\" \/>\n<meta property=\"og:image\" content=\"https:\/\/madigroup.com\/wp-content\/uploads\/2024\/05\/e-commerce-copy.webp\" \/>\n<meta name=\"twitter:card\" content=\"summary_large_image\" \/>\n<meta name=\"twitter:label1\" content=\"Gesch\u00e4tzte Lesezeit\" \/>\n\t<meta name=\"twitter:data1\" content=\"1\u00a0Minute\" \/>\n<script type=\"application\/ld+json\" class=\"yoast-schema-graph\">{\"@context\":\"https:\\\/\\\/schema.org\",\"@graph\":[{\"@type\":\"Article\",\"@id\":\"https:\\\/\\\/madigroup.com\\\/de\\\/einzelhandel\\\/cozmada\\\/#article\",\"isPartOf\":{\"@id\":\"https:\\\/\\\/madigroup.com\\\/de\\\/einzelhandel\\\/cozmada\\\/\"},\"author\":{\"name\":\"madi_admin\",\"@id\":\"https:\\\/\\\/madigroup.com\\\/#\\\/schema\\\/person\\\/11a3753e1909bdec36482681711ee73f\"},\"headline\":\"Cozmada\",\"datePublished\":\"2023-10-23T07:09:44+00:00\",\"dateModified\":\"2024-09-11T07:43:07+00:00\",\"mainEntityOfPage\":{\"@id\":\"https:\\\/\\\/madigroup.com\\\/de\\\/einzelhandel\\\/cozmada\\\/\"},\"wordCount\":184,\"publisher\":{\"@id\":\"https:\\\/\\\/madigroup.com\\\/#organization\"},\"image\":{\"@id\":\"https:\\\/\\\/madigroup.com\\\/de\\\/einzelhandel\\\/cozmada\\\/#primaryimage\"},\"thumbnailUrl\":\"https:\\\/\\\/madigroup.com\\\/wp-content\\\/uploads\\\/2024\\\/05\\\/e-commerce-copy.webp\",\"inLanguage\":\"de\"},{\"@type\":\"WebPage\",\"@id\":\"https:\\\/\\\/madigroup.com\\\/de\\\/einzelhandel\\\/cozmada\\\/\",\"url\":\"https:\\\/\\\/madigroup.com\\\/de\\\/einzelhandel\\\/cozmada\\\/\",\"name\":\"Madi Group - Empowering Beauty, Innovation and Growth\",\"isPartOf\":{\"@id\":\"https:\\\/\\\/madigroup.com\\\/#website\"},\"primaryImageOfPage\":{\"@id\":\"https:\\\/\\\/madigroup.com\\\/de\\\/einzelhandel\\\/cozmada\\\/#primaryimage\"},\"image\":{\"@id\":\"https:\\\/\\\/madigroup.com\\\/de\\\/einzelhandel\\\/cozmada\\\/#primaryimage\"},\"thumbnailUrl\":\"https:\\\/\\\/madigroup.com\\\/wp-content\\\/uploads\\\/2024\\\/05\\\/e-commerce-copy.webp\",\"datePublished\":\"2023-10-23T07:09:44+00:00\",\"dateModified\":\"2024-09-11T07:43:07+00:00\",\"description\":\"Discover Madi Group\u2019s legacy of innovation in beauty. Explore our dynamic ventures in distribution, retail, education, and manufacturing across the Middle East since 1991.\",\"breadcrumb\":{\"@id\":\"https:\\\/\\\/madigroup.com\\\/de\\\/einzelhandel\\\/cozmada\\\/#breadcrumb\"},\"inLanguage\":\"de\",\"potentialAction\":[{\"@type\":\"ReadAction\",\"target\":[\"https:\\\/\\\/madigroup.com\\\/de\\\/einzelhandel\\\/cozmada\\\/\"]}]},{\"@type\":\"ImageObject\",\"inLanguage\":\"de\",\"@id\":\"https:\\\/\\\/madigroup.com\\\/de\\\/einzelhandel\\\/cozmada\\\/#primaryimage\",\"url\":\"https:\\\/\\\/madigroup.com\\\/wp-content\\\/uploads\\\/2024\\\/05\\\/e-commerce-copy.webp\",\"contentUrl\":\"https:\\\/\\\/madigroup.com\\\/wp-content\\\/uploads\\\/2024\\\/05\\\/e-commerce-copy.webp\"},{\"@type\":\"BreadcrumbList\",\"@id\":\"https:\\\/\\\/madigroup.com\\\/de\\\/einzelhandel\\\/cozmada\\\/#breadcrumb\",\"itemListElement\":[{\"@type\":\"ListItem\",\"position\":1,\"name\":\"Home\",\"item\":\"https:\\\/\\\/madigroup.com\\\/de\\\/heim\\\/\"},{\"@type\":\"ListItem\",\"position\":2,\"name\":\"Einzelhandel\",\"item\":\"https:\\\/\\\/madigroup.com\\\/de\\\/einzelhandel\\\/\"},{\"@type\":\"ListItem\",\"position\":3,\"name\":\"Cozmada\"}]},{\"@type\":\"WebSite\",\"@id\":\"https:\\\/\\\/madigroup.com\\\/#website\",\"url\":\"https:\\\/\\\/madigroup.com\\\/\",\"name\":\"https:\\\/\\\/madigroup.com\\\/\",\"description\":\"Global Distributor of Professional Salon Products | Hair, Skin, and Nail Care Supplies\",\"publisher\":{\"@id\":\"https:\\\/\\\/madigroup.com\\\/#organization\"},\"alternateName\":\"Madi Group\",\"potentialAction\":[{\"@type\":\"SearchAction\",\"target\":{\"@type\":\"EntryPoint\",\"urlTemplate\":\"https:\\\/\\\/madigroup.com\\\/?s={search_term_string}\"},\"query-input\":{\"@type\":\"PropertyValueSpecification\",\"valueRequired\":true,\"valueName\":\"search_term_string\"}}],\"inLanguage\":\"de\"},{\"@type\":\"Organization\",\"@id\":\"https:\\\/\\\/madigroup.com\\\/#organization\",\"name\":\"Madi Group\",\"url\":\"https:\\\/\\\/madigroup.com\\\/\",\"logo\":{\"@type\":\"ImageObject\",\"inLanguage\":\"de\",\"@id\":\"https:\\\/\\\/madigroup.com\\\/#\\\/schema\\\/logo\\\/image\\\/\",\"url\":\"https:\\\/\\\/madigroup.com\\\/wp-content\\\/uploads\\\/2021\\\/05\\\/favicon-dark.png\",\"contentUrl\":\"https:\\\/\\\/madigroup.com\\\/wp-content\\\/uploads\\\/2021\\\/05\\\/favicon-dark.png\",\"width\":512,\"height\":512,\"caption\":\"Madi Group\"},\"image\":{\"@id\":\"https:\\\/\\\/madigroup.com\\\/#\\\/schema\\\/logo\\\/image\\\/\"},\"sameAs\":[\"https:\\\/\\\/www.facebook.com\\\/Madi.International\\\/\",\"https:\\\/\\\/www.instagram.com\\\/madi_intl\\\/\",\"https:\\\/\\\/www.linkedin.com\\\/company\\\/madi-international\\\/\"]},{\"@type\":\"Person\",\"@id\":\"https:\\\/\\\/madigroup.com\\\/#\\\/schema\\\/person\\\/11a3753e1909bdec36482681711ee73f\",\"name\":\"madi_admin\",\"image\":{\"@type\":\"ImageObject\",\"inLanguage\":\"de\",\"@id\":\"https:\\\/\\\/secure.gravatar.com\\\/avatar\\\/7367d1085462226c651b4faf7cb5d187a43c34bb78e0f7c7fb1a3f1e32cf8b46?s=96&d=mm&r=g\",\"url\":\"https:\\\/\\\/secure.gravatar.com\\\/avatar\\\/7367d1085462226c651b4faf7cb5d187a43c34bb78e0f7c7fb1a3f1e32cf8b46?s=96&d=mm&r=g\",\"contentUrl\":\"https:\\\/\\\/secure.gravatar.com\\\/avatar\\\/7367d1085462226c651b4faf7cb5d187a43c34bb78e0f7c7fb1a3f1e32cf8b46?s=96&d=mm&r=g\",\"caption\":\"madi_admin\"},\"sameAs\":[\"https:\\\/\\\/madigroup.com\"],\"url\":\"https:\\\/\\\/madigroup.com\\\/de\\\/author\\\/madi_admin\\\/\"}]}<\/script>\n<!-- \/ Yoast SEO plugin. -->","yoast_head_json":{"title":"Madi Group - Empowering Beauty, Innovation and Growth","description":"Discover Madi Group\u2019s legacy of innovation in beauty. Explore our dynamic ventures in distribution, retail, education, and manufacturing across the Middle East since 1991.","robots":{"index":"index","follow":"follow","max-snippet":"max-snippet:-1","max-image-preview":"max-image-preview:large","max-video-preview":"max-video-preview:-1"},"canonical":"https:\/\/madigroup.com\/de\/einzelhandel\/cozmada\/","og_locale":"de_DE","og_type":"article","og_title":"Madi Group - Empowering Beauty, Innovation and Growth","og_description":"Discover Madi Group\u2019s legacy of innovation in beauty. Explore our dynamic ventures in distribution, retail, education, and manufacturing across the Middle East since 1991.","og_url":"https:\/\/madigroup.com\/de\/einzelhandel\/cozmada\/","og_site_name":"MADI Gruppe","article_publisher":"https:\/\/www.facebook.com\/Madi.International\/","article_modified_time":"2024-09-11T07:43:07+00:00","og_image":[{"url":"https:\/\/madigroup.com\/wp-content\/uploads\/2024\/05\/e-commerce-copy.webp","type":"","width":"","height":""}],"twitter_card":"summary_large_image","twitter_misc":{"Gesch\u00e4tzte Lesezeit":"1\u00a0Minute"},"schema":{"@context":"https:\/\/schema.org","@graph":[{"@type":"Article","@id":"https:\/\/madigroup.com\/de\/einzelhandel\/cozmada\/#article","isPartOf":{"@id":"https:\/\/madigroup.com\/de\/einzelhandel\/cozmada\/"},"author":{"name":"madi_admin","@id":"https:\/\/madigroup.com\/#\/schema\/person\/11a3753e1909bdec36482681711ee73f"},"headline":"Cozmada","datePublished":"2023-10-23T07:09:44+00:00","dateModified":"2024-09-11T07:43:07+00:00","mainEntityOfPage":{"@id":"https:\/\/madigroup.com\/de\/einzelhandel\/cozmada\/"},"wordCount":184,"publisher":{"@id":"https:\/\/madigroup.com\/#organization"},"image":{"@id":"https:\/\/madigroup.com\/de\/einzelhandel\/cozmada\/#primaryimage"},"thumbnailUrl":"https:\/\/madigroup.com\/wp-content\/uploads\/2024\/05\/e-commerce-copy.webp","inLanguage":"de"},{"@type":"WebPage","@id":"https:\/\/madigroup.com\/de\/einzelhandel\/cozmada\/","url":"https:\/\/madigroup.com\/de\/einzelhandel\/cozmada\/","name":"Madi Group - Empowering Beauty, Innovation and Growth","isPartOf":{"@id":"https:\/\/madigroup.com\/#website"},"primaryImageOfPage":{"@id":"https:\/\/madigroup.com\/de\/einzelhandel\/cozmada\/#primaryimage"},"image":{"@id":"https:\/\/madigroup.com\/de\/einzelhandel\/cozmada\/#primaryimage"},"thumbnailUrl":"https:\/\/madigroup.com\/wp-content\/uploads\/2024\/05\/e-commerce-copy.webp","datePublished":"2023-10-23T07:09:44+00:00","dateModified":"2024-09-11T07:43:07+00:00","description":"Discover Madi Group\u2019s legacy of innovation in beauty. Explore our dynamic ventures in distribution, retail, education, and manufacturing across the Middle East since 1991.","breadcrumb":{"@id":"https:\/\/madigroup.com\/de\/einzelhandel\/cozmada\/#breadcrumb"},"inLanguage":"de","potentialAction":[{"@type":"ReadAction","target":["https:\/\/madigroup.com\/de\/einzelhandel\/cozmada\/"]}]},{"@type":"ImageObject","inLanguage":"de","@id":"https:\/\/madigroup.com\/de\/einzelhandel\/cozmada\/#primaryimage","url":"https:\/\/madigroup.com\/wp-content\/uploads\/2024\/05\/e-commerce-copy.webp","contentUrl":"https:\/\/madigroup.com\/wp-content\/uploads\/2024\/05\/e-commerce-copy.webp"},{"@type":"BreadcrumbList","@id":"https:\/\/madigroup.com\/de\/einzelhandel\/cozmada\/#breadcrumb","itemListElement":[{"@type":"ListItem","position":1,"name":"Home","item":"https:\/\/madigroup.com\/de\/heim\/"},{"@type":"ListItem","position":2,"name":"Einzelhandel","item":"https:\/\/madigroup.com\/de\/einzelhandel\/"},{"@type":"ListItem","position":3,"name":"Cozmada"}]},{"@type":"WebSite","@id":"https:\/\/madigroup.com\/#website","url":"https:\/\/madigroup.com\/","name":"https:\/\/madigroup.com\/","description":"Global Distributor of Professional Salon Products | Hair, Skin, and Nail Care Supplies","publisher":{"@id":"https:\/\/madigroup.com\/#organization"},"alternateName":"Madi Group","potentialAction":[{"@type":"SearchAction","target":{"@type":"EntryPoint","urlTemplate":"https:\/\/madigroup.com\/?s={search_term_string}"},"query-input":{"@type":"PropertyValueSpecification","valueRequired":true,"valueName":"search_term_string"}}],"inLanguage":"de"},{"@type":"Organization","@id":"https:\/\/madigroup.com\/#organization","name":"Madi Group","url":"https:\/\/madigroup.com\/","logo":{"@type":"ImageObject","inLanguage":"de","@id":"https:\/\/madigroup.com\/#\/schema\/logo\/image\/","url":"https:\/\/madigroup.com\/wp-content\/uploads\/2021\/05\/favicon-dark.png","contentUrl":"https:\/\/madigroup.com\/wp-content\/uploads\/2021\/05\/favicon-dark.png","width":512,"height":512,"caption":"Madi Group"},"image":{"@id":"https:\/\/madigroup.com\/#\/schema\/logo\/image\/"},"sameAs":["https:\/\/www.facebook.com\/Madi.International\/","https:\/\/www.instagram.com\/madi_intl\/","https:\/\/www.linkedin.com\/company\/madi-international\/"]},{"@type":"Person","@id":"https:\/\/madigroup.com\/#\/schema\/person\/11a3753e1909bdec36482681711ee73f","name":"madi_admin","image":{"@type":"ImageObject","inLanguage":"de","@id":"https:\/\/secure.gravatar.com\/avatar\/7367d1085462226c651b4faf7cb5d187a43c34bb78e0f7c7fb1a3f1e32cf8b46?s=96&d=mm&r=g","url":"https:\/\/secure.gravatar.com\/avatar\/7367d1085462226c651b4faf7cb5d187a43c34bb78e0f7c7fb1a3f1e32cf8b46?s=96&d=mm&r=g","contentUrl":"https:\/\/secure.gravatar.com\/avatar\/7367d1085462226c651b4faf7cb5d187a43c34bb78e0f7c7fb1a3f1e32cf8b46?s=96&d=mm&r=g","caption":"madi_admin"},"sameAs":["https:\/\/madigroup.com"],"url":"https:\/\/madigroup.com\/de\/author\/madi_admin\/"}]}},"_links":{"self":[{"href":"https:\/\/madigroup.com\/de\/wp-json\/wp\/v2\/pages\/11362","targetHints":{"allow":["GET"]}}],"collection":[{"href":"https:\/\/madigroup.com\/de\/wp-json\/wp\/v2\/pages"}],"about":[{"href":"https:\/\/madigroup.com\/de\/wp-json\/wp\/v2\/types\/page"}],"author":[{"embeddable":true,"href":"https:\/\/madigroup.com\/de\/wp-json\/wp\/v2\/users\/1"}],"replies":[{"embeddable":true,"href":"https:\/\/madigroup.com\/de\/wp-json\/wp\/v2\/comments?post=11362"}],"version-history":[{"count":0,"href":"https:\/\/madigroup.com\/de\/wp-json\/wp\/v2\/pages\/11362\/revisions"}],"up":[{"embeddable":true,"href":"https:\/\/madigroup.com\/de\/wp-json\/wp\/v2\/pages\/11418"}],"wp:attachment":[{"href":"https:\/\/madigroup.com\/de\/wp-json\/wp\/v2\/media?parent=11362"}],"curies":[{"name":"wp","href":"https:\/\/api.w.org\/{rel}","templated":true}]}}