{"id":11259,"date":"2023-10-23T07:47:09","date_gmt":"2023-10-23T07:47:09","guid":{"rendered":"https:\/\/madigroup.com\/menschen-und-karriere\/"},"modified":"2024-09-12T08:43:18","modified_gmt":"2024-09-12T08:43:18","slug":"menschen-und-karriere","status":"publish","type":"page","link":"https:\/\/madigroup.com\/de\/menschen-und-karriere\/","title":{"rendered":"Menschen und Karriere"},"content":{"rendered":"\t\t<div data-elementor-type=\"wp-page\" data-elementor-id=\"11259\" class=\"elementor elementor-11259 elementor-3782\">\n\t\t\t\t<div class=\"elementor-element elementor-element-20a5d57 video-banner e-flex e-con-boxed e-con e-parent\" data-id=\"20a5d57\" data-element_type=\"container\" data-e-type=\"container\" data-settings=\"{&quot;background_background&quot;:&quot;video&quot;,&quot;background_video_link&quot;:&quot;https:\\\/\\\/madigroup.com\\\/wp-content\\\/uploads\\\/2021\\\/05\\\/People-and-Career1349x600v.mp4&quot;,&quot;background_play_on_mobile&quot;:&quot;yes&quot;}\">\n\t\t\t\t\t<div class=\"e-con-inner\">\n\t\t<div class=\"elementor-background-video-container\">\n\t\t\t\t\t\t\t<video class=\"elementor-background-video-hosted\" role=\"presentation\" autoplay muted playsinline loop><\/video>\n\t\t\t\t\t<\/div>\t\t\t<\/div>\n\t\t\t\t<\/div>\n\t\t<div class=\"elementor-element elementor-element-226f482 e-flex e-con-boxed e-con e-parent\" data-id=\"226f482\" data-element_type=\"container\" data-e-type=\"container\" data-settings=\"{&quot;background_background&quot;:&quot;classic&quot;}\">\n\t\t\t\t\t<div class=\"e-con-inner\">\n\t\t<div class=\"elementor-element elementor-element-c56416a e-con-full e-flex e-con e-child\" data-id=\"c56416a\" data-element_type=\"container\" data-e-type=\"container\">\n\t\t\t\t<div class=\"elementor-element elementor-element-f040206 elementor-widget elementor-widget-heading\" data-id=\"f040206\" data-element_type=\"widget\" data-e-type=\"widget\" data-widget_type=\"heading.default\">\n\t\t\t\t<div class=\"elementor-widget-container\">\n\t\t\t\t\t<h2 class=\"elementor-heading-title elementor-size-default\">Unternehmenskultur<\/h2>\t\t\t\t<\/div>\n\t\t\t\t<\/div>\n\t\t\t\t<div class=\"elementor-element elementor-element-c236a40 elementor-widget elementor-widget-text-editor\" data-id=\"c236a40\" data-element_type=\"widget\" data-e-type=\"widget\" data-widget_type=\"text-editor.default\">\n\t\t\t\t<div class=\"elementor-widget-container\">\n\t\t\t\t\t\t\t\t\t<p><span class=\"ui-provider a b c d e f g h i j k l m n o p q r s t u v w x y z ab ac ae af ag ah ai aj ak\" dir=\"ltr\">Wir pflegen ein Arbeitsumfeld, das auf F\u00fcrsorge, Respekt, Zusammenarbeit und Mitgef\u00fchl basiert und von Wettbewerbsgeist gepr\u00e4gt ist.\nUnsere Kultur ist darauf ausgelegt, unser Team zu f\u00f6rdern und herauszufordern und Motivation durch eine Mischung aus Unterst\u00fctzung und rigorosen Wachstumsm\u00f6glichkeiten zu gew\u00e4hrleisten. <\/span><\/p><p><span style=\"font-family: var(--text-font); font-size: unset; font-weight: unset; letter-spacing: unset; background-color: var(--white-color); color: var(--dark-color);\">Wir pflegen eine offene und transparente Haltung und f\u00f6rdern den freien Ideenfluss aller Mitarbeiter.\nIndem wir unser Management st\u00e4rken, Verantwortung und Kreativit\u00e4t f\u00f6rdern und Spitzenleistungen konsequent belohnen, schaffen wir eine dynamische und innovative Atmosph\u00e4re, in der sich jeder entfalten kann. <\/span><\/p>\n<p>Kommen Sie zu uns und werden Sie Teil eines Unternehmens, in dem Ihre Ideen z\u00e4hlen, Ihr Wachstum unterst\u00fctzt und Ihre Erfolge gefeiert werden.<\/p>\t\t\t\t\t\t\t\t<\/div>\n\t\t\t\t<\/div>\n\t\t\t\t<div class=\"elementor-element elementor-element-4538a95 elementor-widget elementor-widget-fs-button\" data-id=\"4538a95\" data-element_type=\"widget\" data-e-type=\"widget\" data-widget_type=\"fs-button.default\">\n\t\t\t\t<div class=\"elementor-widget-container\">\n\t\t\t\t\t\r\n            <div class=\"button-wrapper\">\r\n\r\n                <a href=\"http:\/\/careers.madi-intl.com\/\"\r\n                   class=\"fs-button dark-border-style\"\r\n                   target=\"_self\">\r\n\r\n                    Werk met ons samen\r\n                <\/a>\r\n\r\n            <\/div>\r\n\r\n        \t\t\t\t<\/div>\n\t\t\t\t<\/div>\n\t\t\t\t<\/div>\n\t\t\t\t\t<\/div>\n\t\t\t\t<\/div>\n\t\t<div class=\"elementor-element elementor-element-e804f95 e-con-full e-flex e-con e-parent\" data-id=\"e804f95\" data-element_type=\"container\" data-e-type=\"container\" data-settings=\"{&quot;background_background&quot;:&quot;classic&quot;}\">\n\t\t\t\t<div class=\"elementor-element elementor-element-7aee57e elementor-widget elementor-widget-heading\" data-id=\"7aee57e\" data-element_type=\"widget\" data-e-type=\"widget\" data-widget_type=\"heading.default\">\n\t\t\t\t<div class=\"elementor-widget-container\">\n\t\t\t\t\t<h2 class=\"elementor-heading-title elementor-size-default\">Unsere Mitarbeiter<\/h2>\t\t\t\t<\/div>\n\t\t\t\t<\/div>\n\t\t<div class=\"elementor-element elementor-element-3999f74 e-grid e-con-boxed e-con e-child\" data-id=\"3999f74\" data-element_type=\"container\" data-e-type=\"container\">\n\t\t\t\t\t<div class=\"e-con-inner\">\n\t\t\t\t<div class=\"elementor-element elementor-element-d4506ae elementor-widget elementor-widget-image\" data-id=\"d4506ae\" data-element_type=\"widget\" data-e-type=\"widget\" data-widget_type=\"image.default\">\n\t\t\t\t<div class=\"elementor-widget-container\">\n\t\t\t\t\t\t\t\t\t\t\t\t\t\t\t<img fetchpriority=\"high\" decoding=\"async\" width=\"774\" height=\"1024\" src=\"https:\/\/madigroup.com\/wp-content\/uploads\/2024\/07\/q-2-774x1024.jpg\" class=\"attachment-large size-large wp-image-10335\" alt=\"\" srcset=\"https:\/\/madigroup.com\/wp-content\/uploads\/2024\/07\/q-2-774x1024.jpg 774w, https:\/\/madigroup.com\/wp-content\/uploads\/2024\/07\/q-2-227x300.jpg 227w, https:\/\/madigroup.com\/wp-content\/uploads\/2024\/07\/q-2-768x1016.jpg 768w, https:\/\/madigroup.com\/wp-content\/uploads\/2024\/07\/q-2-200x266.jpg 200w, https:\/\/madigroup.com\/wp-content\/uploads\/2024\/07\/q-2-600x794.jpg 600w, https:\/\/madigroup.com\/wp-content\/uploads\/2024\/07\/q-2.jpg 816w\" sizes=\"(max-width: 774px) 100vw, 774px\" \/>\t\t\t\t\t\t\t\t\t\t\t\t\t\t\t<\/div>\n\t\t\t\t<\/div>\n\t\t\t\t<div class=\"elementor-element elementor-element-3d653e4 elementor-widget elementor-widget-image\" data-id=\"3d653e4\" data-element_type=\"widget\" data-e-type=\"widget\" data-widget_type=\"image.default\">\n\t\t\t\t<div class=\"elementor-widget-container\">\n\t\t\t\t\t\t\t\t\t\t\t\t\t\t\t<img decoding=\"async\" width=\"533\" height=\"719\" src=\"https:\/\/madigroup.com\/wp-content\/uploads\/2024\/07\/s.jpg\" class=\"attachment-large size-large wp-image-10337\" alt=\"\" srcset=\"https:\/\/madigroup.com\/wp-content\/uploads\/2024\/07\/s.jpg 533w, https:\/\/madigroup.com\/wp-content\/uploads\/2024\/07\/s-222x300.jpg 222w\" sizes=\"(max-width: 533px) 100vw, 533px\" \/>\t\t\t\t\t\t\t\t\t\t\t\t\t\t\t<\/div>\n\t\t\t\t<\/div>\n\t\t\t\t<div class=\"elementor-element elementor-element-b43c20f elementor-widget elementor-widget-image\" data-id=\"b43c20f\" data-element_type=\"widget\" data-e-type=\"widget\" data-widget_type=\"image.default\">\n\t\t\t\t<div class=\"elementor-widget-container\">\n\t\t\t\t\t\t\t\t\t\t\t\t\t\t\t<img decoding=\"async\" width=\"1024\" height=\"824\" src=\"https:\/\/madigroup.com\/wp-content\/uploads\/2024\/07\/y-1024x824.jpg\" class=\"attachment-large size-large wp-image-10329\" alt=\"\" srcset=\"https:\/\/madigroup.com\/wp-content\/uploads\/2024\/07\/y-1024x824.jpg 1024w, https:\/\/madigroup.com\/wp-content\/uploads\/2024\/07\/y-300x241.jpg 300w, https:\/\/madigroup.com\/wp-content\/uploads\/2024\/07\/y-768x618.jpg 768w, https:\/\/madigroup.com\/wp-content\/uploads\/2024\/07\/y-600x483.jpg 600w, https:\/\/madigroup.com\/wp-content\/uploads\/2024\/07\/y.jpg 1080w\" sizes=\"(max-width: 1024px) 100vw, 1024px\" \/>\t\t\t\t\t\t\t\t\t\t\t\t\t\t\t<\/div>\n\t\t\t\t<\/div>\n\t\t\t\t<div class=\"elementor-element elementor-element-555fd26 elementor-widget elementor-widget-image\" data-id=\"555fd26\" data-element_type=\"widget\" data-e-type=\"widget\" data-widget_type=\"image.default\">\n\t\t\t\t<div class=\"elementor-widget-container\">\n\t\t\t\t\t\t\t\t\t\t\t\t\t\t\t<img loading=\"lazy\" decoding=\"async\" width=\"281\" height=\"500\" src=\"https:\/\/madigroup.com\/wp-content\/uploads\/2024\/07\/life@madi_Page4_Image4.jpg\" class=\"attachment-large size-large wp-image-10297\" alt=\"\" srcset=\"https:\/\/madigroup.com\/wp-content\/uploads\/2024\/07\/life@madi_Page4_Image4.jpg 281w, https:\/\/madigroup.com\/wp-content\/uploads\/2024\/07\/life@madi_Page4_Image4-169x300.jpg 169w\" sizes=\"(max-width: 281px) 100vw, 281px\" \/>\t\t\t\t\t\t\t\t\t\t\t\t\t\t\t<\/div>\n\t\t\t\t<\/div>\n\t\t\t\t\t<\/div>\n\t\t\t\t<\/div>\n\t\t\t\t<\/div>\n\t\t\t\t<\/div>\n\t\t","protected":false},"excerpt":{"rendered":"<p>Unternehmenskultur Wir pflegen ein Arbeitsumfeld, das auf F\u00fcrsorge, Respekt, Zusammenarbeit und Mitgef\u00fchl basiert und von Wettbewerbsgeist gepr\u00e4gt ist. Unsere Kultur ist darauf ausgelegt, unser Team zu f\u00f6rdern und herauszufordern und Motivation durch eine Mischung aus Unterst\u00fctzung und rigorosen Wachstumsm\u00f6glichkeiten zu gew\u00e4hrleisten. Wir pflegen eine offene und transparente Haltung und f\u00f6rdern den freien Ideenfluss aller Mitarbeiter. [&hellip;]<\/p>\n","protected":false},"author":1,"featured_media":0,"parent":0,"menu_order":0,"comment_status":"closed","ping_status":"closed","template":"","meta":{"_acf_changed":false,"footnotes":""},"class_list":["post-11259","page","type-page","status-publish","hentry"],"acf":[],"yoast_head":"<!-- This site is optimized with the Yoast SEO plugin v27.4 - https:\/\/yoast.com\/product\/yoast-seo-wordpress\/ -->\n<title>Madi Group - Empowering Beauty, Innovation and Growth<\/title>\n<meta name=\"description\" content=\"Discover Madi Group\u2019s legacy of innovation in beauty. Explore our dynamic ventures in distribution, retail, education, and manufacturing across the Middle East since 1991.\" \/>\n<meta name=\"robots\" content=\"index, follow, max-snippet:-1, max-image-preview:large, max-video-preview:-1\" \/>\n<link rel=\"canonical\" href=\"https:\/\/madigroup.com\/de\/menschen-und-karriere\/\" \/>\n<meta property=\"og:locale\" content=\"de_DE\" \/>\n<meta property=\"og:type\" content=\"article\" \/>\n<meta property=\"og:title\" content=\"Madi Group - Empowering Beauty, Innovation and Growth\" \/>\n<meta property=\"og:description\" content=\"Discover Madi Group\u2019s legacy of innovation in beauty. Explore our dynamic ventures in distribution, retail, education, and manufacturing across the Middle East since 1991.\" \/>\n<meta property=\"og:url\" content=\"https:\/\/madigroup.com\/de\/menschen-und-karriere\/\" \/>\n<meta property=\"og:site_name\" content=\"MADI Gruppe\" \/>\n<meta property=\"article:publisher\" content=\"https:\/\/www.facebook.com\/Madi.International\/\" \/>\n<meta property=\"article:modified_time\" content=\"2024-09-12T08:43:18+00:00\" \/>\n<meta property=\"og:image\" content=\"https:\/\/madigroup.com\/wp-content\/uploads\/2024\/07\/q-2-774x1024.jpg\" \/>\n<meta name=\"twitter:card\" content=\"summary_large_image\" \/>\n<meta name=\"twitter:label1\" content=\"Gesch\u00e4tzte Lesezeit\" \/>\n\t<meta name=\"twitter:data1\" content=\"1\u00a0Minute\" \/>\n<script type=\"application\/ld+json\" class=\"yoast-schema-graph\">{\"@context\":\"https:\\\/\\\/schema.org\",\"@graph\":[{\"@type\":\"Article\",\"@id\":\"https:\\\/\\\/madigroup.com\\\/de\\\/menschen-und-karriere\\\/#article\",\"isPartOf\":{\"@id\":\"https:\\\/\\\/madigroup.com\\\/de\\\/menschen-und-karriere\\\/\"},\"author\":{\"name\":\"madi_admin\",\"@id\":\"https:\\\/\\\/madigroup.com\\\/#\\\/schema\\\/person\\\/11a3753e1909bdec36482681711ee73f\"},\"headline\":\"Menschen und Karriere\",\"datePublished\":\"2023-10-23T07:47:09+00:00\",\"dateModified\":\"2024-09-12T08:43:18+00:00\",\"mainEntityOfPage\":{\"@id\":\"https:\\\/\\\/madigroup.com\\\/de\\\/menschen-und-karriere\\\/\"},\"wordCount\":127,\"publisher\":{\"@id\":\"https:\\\/\\\/madigroup.com\\\/#organization\"},\"image\":{\"@id\":\"https:\\\/\\\/madigroup.com\\\/de\\\/menschen-und-karriere\\\/#primaryimage\"},\"thumbnailUrl\":\"https:\\\/\\\/madigroup.com\\\/wp-content\\\/uploads\\\/2024\\\/07\\\/q-2-774x1024.jpg\",\"inLanguage\":\"de\"},{\"@type\":\"WebPage\",\"@id\":\"https:\\\/\\\/madigroup.com\\\/de\\\/menschen-und-karriere\\\/\",\"url\":\"https:\\\/\\\/madigroup.com\\\/de\\\/menschen-und-karriere\\\/\",\"name\":\"Madi Group - Empowering Beauty, Innovation and Growth\",\"isPartOf\":{\"@id\":\"https:\\\/\\\/madigroup.com\\\/#website\"},\"primaryImageOfPage\":{\"@id\":\"https:\\\/\\\/madigroup.com\\\/de\\\/menschen-und-karriere\\\/#primaryimage\"},\"image\":{\"@id\":\"https:\\\/\\\/madigroup.com\\\/de\\\/menschen-und-karriere\\\/#primaryimage\"},\"thumbnailUrl\":\"https:\\\/\\\/madigroup.com\\\/wp-content\\\/uploads\\\/2024\\\/07\\\/q-2-774x1024.jpg\",\"datePublished\":\"2023-10-23T07:47:09+00:00\",\"dateModified\":\"2024-09-12T08:43:18+00:00\",\"description\":\"Discover Madi Group\u2019s legacy of innovation in beauty. Explore our dynamic ventures in distribution, retail, education, and manufacturing across the Middle East since 1991.\",\"breadcrumb\":{\"@id\":\"https:\\\/\\\/madigroup.com\\\/de\\\/menschen-und-karriere\\\/#breadcrumb\"},\"inLanguage\":\"de\",\"potentialAction\":[{\"@type\":\"ReadAction\",\"target\":[\"https:\\\/\\\/madigroup.com\\\/de\\\/menschen-und-karriere\\\/\"]}]},{\"@type\":\"ImageObject\",\"inLanguage\":\"de\",\"@id\":\"https:\\\/\\\/madigroup.com\\\/de\\\/menschen-und-karriere\\\/#primaryimage\",\"url\":\"https:\\\/\\\/madigroup.com\\\/wp-content\\\/uploads\\\/2024\\\/07\\\/q-2-774x1024.jpg\",\"contentUrl\":\"https:\\\/\\\/madigroup.com\\\/wp-content\\\/uploads\\\/2024\\\/07\\\/q-2-774x1024.jpg\"},{\"@type\":\"BreadcrumbList\",\"@id\":\"https:\\\/\\\/madigroup.com\\\/de\\\/menschen-und-karriere\\\/#breadcrumb\",\"itemListElement\":[{\"@type\":\"ListItem\",\"position\":1,\"name\":\"Home\",\"item\":\"https:\\\/\\\/madigroup.com\\\/de\\\/heim\\\/\"},{\"@type\":\"ListItem\",\"position\":2,\"name\":\"Menschen und Karriere\"}]},{\"@type\":\"WebSite\",\"@id\":\"https:\\\/\\\/madigroup.com\\\/#website\",\"url\":\"https:\\\/\\\/madigroup.com\\\/\",\"name\":\"https:\\\/\\\/madigroup.com\\\/\",\"description\":\"Global Distributor of Professional Salon Products | Hair, Skin, and Nail Care Supplies\",\"publisher\":{\"@id\":\"https:\\\/\\\/madigroup.com\\\/#organization\"},\"alternateName\":\"Madi Group\",\"potentialAction\":[{\"@type\":\"SearchAction\",\"target\":{\"@type\":\"EntryPoint\",\"urlTemplate\":\"https:\\\/\\\/madigroup.com\\\/?s={search_term_string}\"},\"query-input\":{\"@type\":\"PropertyValueSpecification\",\"valueRequired\":true,\"valueName\":\"search_term_string\"}}],\"inLanguage\":\"de\"},{\"@type\":\"Organization\",\"@id\":\"https:\\\/\\\/madigroup.com\\\/#organization\",\"name\":\"Madi Group\",\"url\":\"https:\\\/\\\/madigroup.com\\\/\",\"logo\":{\"@type\":\"ImageObject\",\"inLanguage\":\"de\",\"@id\":\"https:\\\/\\\/madigroup.com\\\/#\\\/schema\\\/logo\\\/image\\\/\",\"url\":\"https:\\\/\\\/madigroup.com\\\/wp-content\\\/uploads\\\/2021\\\/05\\\/favicon-dark.png\",\"contentUrl\":\"https:\\\/\\\/madigroup.com\\\/wp-content\\\/uploads\\\/2021\\\/05\\\/favicon-dark.png\",\"width\":512,\"height\":512,\"caption\":\"Madi Group\"},\"image\":{\"@id\":\"https:\\\/\\\/madigroup.com\\\/#\\\/schema\\\/logo\\\/image\\\/\"},\"sameAs\":[\"https:\\\/\\\/www.facebook.com\\\/Madi.International\\\/\",\"https:\\\/\\\/www.instagram.com\\\/madi_intl\\\/\",\"https:\\\/\\\/www.linkedin.com\\\/company\\\/madi-international\\\/\"]},{\"@type\":\"Person\",\"@id\":\"https:\\\/\\\/madigroup.com\\\/#\\\/schema\\\/person\\\/11a3753e1909bdec36482681711ee73f\",\"name\":\"madi_admin\",\"image\":{\"@type\":\"ImageObject\",\"inLanguage\":\"de\",\"@id\":\"https:\\\/\\\/secure.gravatar.com\\\/avatar\\\/7367d1085462226c651b4faf7cb5d187a43c34bb78e0f7c7fb1a3f1e32cf8b46?s=96&d=mm&r=g\",\"url\":\"https:\\\/\\\/secure.gravatar.com\\\/avatar\\\/7367d1085462226c651b4faf7cb5d187a43c34bb78e0f7c7fb1a3f1e32cf8b46?s=96&d=mm&r=g\",\"contentUrl\":\"https:\\\/\\\/secure.gravatar.com\\\/avatar\\\/7367d1085462226c651b4faf7cb5d187a43c34bb78e0f7c7fb1a3f1e32cf8b46?s=96&d=mm&r=g\",\"caption\":\"madi_admin\"},\"sameAs\":[\"https:\\\/\\\/madigroup.com\"],\"url\":\"https:\\\/\\\/madigroup.com\\\/de\\\/author\\\/madi_admin\\\/\"}]}<\/script>\n<!-- \/ Yoast SEO plugin. -->","yoast_head_json":{"title":"Madi Group - Empowering Beauty, Innovation and Growth","description":"Discover Madi Group\u2019s legacy of innovation in beauty. Explore our dynamic ventures in distribution, retail, education, and manufacturing across the Middle East since 1991.","robots":{"index":"index","follow":"follow","max-snippet":"max-snippet:-1","max-image-preview":"max-image-preview:large","max-video-preview":"max-video-preview:-1"},"canonical":"https:\/\/madigroup.com\/de\/menschen-und-karriere\/","og_locale":"de_DE","og_type":"article","og_title":"Madi Group - Empowering Beauty, Innovation and Growth","og_description":"Discover Madi Group\u2019s legacy of innovation in beauty. Explore our dynamic ventures in distribution, retail, education, and manufacturing across the Middle East since 1991.","og_url":"https:\/\/madigroup.com\/de\/menschen-und-karriere\/","og_site_name":"MADI Gruppe","article_publisher":"https:\/\/www.facebook.com\/Madi.International\/","article_modified_time":"2024-09-12T08:43:18+00:00","og_image":[{"url":"https:\/\/madigroup.com\/wp-content\/uploads\/2024\/07\/q-2-774x1024.jpg","type":"","width":"","height":""}],"twitter_card":"summary_large_image","twitter_misc":{"Gesch\u00e4tzte Lesezeit":"1\u00a0Minute"},"schema":{"@context":"https:\/\/schema.org","@graph":[{"@type":"Article","@id":"https:\/\/madigroup.com\/de\/menschen-und-karriere\/#article","isPartOf":{"@id":"https:\/\/madigroup.com\/de\/menschen-und-karriere\/"},"author":{"name":"madi_admin","@id":"https:\/\/madigroup.com\/#\/schema\/person\/11a3753e1909bdec36482681711ee73f"},"headline":"Menschen und Karriere","datePublished":"2023-10-23T07:47:09+00:00","dateModified":"2024-09-12T08:43:18+00:00","mainEntityOfPage":{"@id":"https:\/\/madigroup.com\/de\/menschen-und-karriere\/"},"wordCount":127,"publisher":{"@id":"https:\/\/madigroup.com\/#organization"},"image":{"@id":"https:\/\/madigroup.com\/de\/menschen-und-karriere\/#primaryimage"},"thumbnailUrl":"https:\/\/madigroup.com\/wp-content\/uploads\/2024\/07\/q-2-774x1024.jpg","inLanguage":"de"},{"@type":"WebPage","@id":"https:\/\/madigroup.com\/de\/menschen-und-karriere\/","url":"https:\/\/madigroup.com\/de\/menschen-und-karriere\/","name":"Madi Group - Empowering Beauty, Innovation and Growth","isPartOf":{"@id":"https:\/\/madigroup.com\/#website"},"primaryImageOfPage":{"@id":"https:\/\/madigroup.com\/de\/menschen-und-karriere\/#primaryimage"},"image":{"@id":"https:\/\/madigroup.com\/de\/menschen-und-karriere\/#primaryimage"},"thumbnailUrl":"https:\/\/madigroup.com\/wp-content\/uploads\/2024\/07\/q-2-774x1024.jpg","datePublished":"2023-10-23T07:47:09+00:00","dateModified":"2024-09-12T08:43:18+00:00","description":"Discover Madi Group\u2019s legacy of innovation in beauty. Explore our dynamic ventures in distribution, retail, education, and manufacturing across the Middle East since 1991.","breadcrumb":{"@id":"https:\/\/madigroup.com\/de\/menschen-und-karriere\/#breadcrumb"},"inLanguage":"de","potentialAction":[{"@type":"ReadAction","target":["https:\/\/madigroup.com\/de\/menschen-und-karriere\/"]}]},{"@type":"ImageObject","inLanguage":"de","@id":"https:\/\/madigroup.com\/de\/menschen-und-karriere\/#primaryimage","url":"https:\/\/madigroup.com\/wp-content\/uploads\/2024\/07\/q-2-774x1024.jpg","contentUrl":"https:\/\/madigroup.com\/wp-content\/uploads\/2024\/07\/q-2-774x1024.jpg"},{"@type":"BreadcrumbList","@id":"https:\/\/madigroup.com\/de\/menschen-und-karriere\/#breadcrumb","itemListElement":[{"@type":"ListItem","position":1,"name":"Home","item":"https:\/\/madigroup.com\/de\/heim\/"},{"@type":"ListItem","position":2,"name":"Menschen und Karriere"}]},{"@type":"WebSite","@id":"https:\/\/madigroup.com\/#website","url":"https:\/\/madigroup.com\/","name":"https:\/\/madigroup.com\/","description":"Global Distributor of Professional Salon Products | Hair, Skin, and Nail Care Supplies","publisher":{"@id":"https:\/\/madigroup.com\/#organization"},"alternateName":"Madi Group","potentialAction":[{"@type":"SearchAction","target":{"@type":"EntryPoint","urlTemplate":"https:\/\/madigroup.com\/?s={search_term_string}"},"query-input":{"@type":"PropertyValueSpecification","valueRequired":true,"valueName":"search_term_string"}}],"inLanguage":"de"},{"@type":"Organization","@id":"https:\/\/madigroup.com\/#organization","name":"Madi Group","url":"https:\/\/madigroup.com\/","logo":{"@type":"ImageObject","inLanguage":"de","@id":"https:\/\/madigroup.com\/#\/schema\/logo\/image\/","url":"https:\/\/madigroup.com\/wp-content\/uploads\/2021\/05\/favicon-dark.png","contentUrl":"https:\/\/madigroup.com\/wp-content\/uploads\/2021\/05\/favicon-dark.png","width":512,"height":512,"caption":"Madi Group"},"image":{"@id":"https:\/\/madigroup.com\/#\/schema\/logo\/image\/"},"sameAs":["https:\/\/www.facebook.com\/Madi.International\/","https:\/\/www.instagram.com\/madi_intl\/","https:\/\/www.linkedin.com\/company\/madi-international\/"]},{"@type":"Person","@id":"https:\/\/madigroup.com\/#\/schema\/person\/11a3753e1909bdec36482681711ee73f","name":"madi_admin","image":{"@type":"ImageObject","inLanguage":"de","@id":"https:\/\/secure.gravatar.com\/avatar\/7367d1085462226c651b4faf7cb5d187a43c34bb78e0f7c7fb1a3f1e32cf8b46?s=96&d=mm&r=g","url":"https:\/\/secure.gravatar.com\/avatar\/7367d1085462226c651b4faf7cb5d187a43c34bb78e0f7c7fb1a3f1e32cf8b46?s=96&d=mm&r=g","contentUrl":"https:\/\/secure.gravatar.com\/avatar\/7367d1085462226c651b4faf7cb5d187a43c34bb78e0f7c7fb1a3f1e32cf8b46?s=96&d=mm&r=g","caption":"madi_admin"},"sameAs":["https:\/\/madigroup.com"],"url":"https:\/\/madigroup.com\/de\/author\/madi_admin\/"}]}},"_links":{"self":[{"href":"https:\/\/madigroup.com\/de\/wp-json\/wp\/v2\/pages\/11259","targetHints":{"allow":["GET"]}}],"collection":[{"href":"https:\/\/madigroup.com\/de\/wp-json\/wp\/v2\/pages"}],"about":[{"href":"https:\/\/madigroup.com\/de\/wp-json\/wp\/v2\/types\/page"}],"author":[{"embeddable":true,"href":"https:\/\/madigroup.com\/de\/wp-json\/wp\/v2\/users\/1"}],"replies":[{"embeddable":true,"href":"https:\/\/madigroup.com\/de\/wp-json\/wp\/v2\/comments?post=11259"}],"version-history":[{"count":0,"href":"https:\/\/madigroup.com\/de\/wp-json\/wp\/v2\/pages\/11259\/revisions"}],"wp:attachment":[{"href":"https:\/\/madigroup.com\/de\/wp-json\/wp\/v2\/media?parent=11259"}],"curies":[{"name":"wp","href":"https:\/\/api.w.org\/{rel}","templated":true}]}}