{"id":10947,"date":"2023-10-24T06:19:20","date_gmt":"2023-10-24T06:19:20","guid":{"rendered":"https:\/\/madigroup.com\/vertrieb\/madi-international\/salon-profi\/"},"modified":"2024-09-13T03:36:35","modified_gmt":"2024-09-13T03:36:35","slug":"salon-profi","status":"publish","type":"page","link":"https:\/\/madigroup.com\/de\/vertrieb\/madi-international\/salon-profi\/","title":{"rendered":"Salon Profi"},"content":{"rendered":"\t\t<div data-elementor-type=\"wp-page\" data-elementor-id=\"10947\" class=\"elementor elementor-10947 elementor-3864\">\n\t\t\t\t<div class=\"elementor-element elementor-element-79fbc20 e-con-full e-flex e-con e-parent\" data-id=\"79fbc20\" data-element_type=\"container\" data-e-type=\"container\" data-settings=\"{&quot;background_background&quot;:&quot;classic&quot;}\">\n\t\t<div class=\"elementor-element elementor-element-a7131a5 e-con-full e-flex e-con e-child\" data-id=\"a7131a5\" data-element_type=\"container\" data-e-type=\"container\">\n\t\t\t\t<\/div>\n\t\t\t\t<\/div>\n\t\t<div class=\"elementor-element elementor-element-2524400 e-flex e-con-boxed e-con e-parent\" data-id=\"2524400\" data-element_type=\"container\" data-e-type=\"container\" data-settings=\"{&quot;background_background&quot;:&quot;classic&quot;}\">\n\t\t\t\t\t<div class=\"e-con-inner\">\n\t\t\t\t<div class=\"elementor-element elementor-element-b1afd34 elementor-widget elementor-widget-heading\" data-id=\"b1afd34\" data-element_type=\"widget\" data-e-type=\"widget\" data-widget_type=\"heading.default\">\n\t\t\t\t<div class=\"elementor-widget-container\">\n\t\t\t\t\t<h2 class=\"elementor-heading-title elementor-size-default\">Abteilung f\u00fcr Salonprofis<\/h2>\t\t\t\t<\/div>\n\t\t\t\t<\/div>\n\t\t\t\t<div class=\"elementor-element elementor-element-da221e4 elementor-widget elementor-widget-text-editor\" data-id=\"da221e4\" data-element_type=\"widget\" data-e-type=\"widget\" data-widget_type=\"text-editor.default\">\n\t\t\t\t<div class=\"elementor-widget-container\">\n\t\t\t\t\t\t\t\t\t<p><span style=\"font-family: var(--text-font); font-size: unset; font-weight: unset; letter-spacing: unset; color: var(--dark-color);\">Die Salon Professional Division von Madi International ist eine umfassende Ressource sowohl f\u00fcr angehende Unternehmer als auch f\u00fcr etablierte Unternehmen, die einen Salon er\u00f6ffnen oder erweitern m\u00f6chten. Wir sind stolz darauf, ein One-Stop-Shop zu sein, der alles von A bis Z bietet, was man braucht, um einen erfolgreichen Salon unter einem Dach zu er\u00f6ffnen und zu betreiben.<\/span><\/p><p>\u00a0<\/p><p><b>Beauty Space-Segment:<\/b> Die Reise beginnt mit unserem Beauty Space-Segment, wo Kunden ihren gesamten Salon ausstatten k\u00f6nnen. Dazu geh\u00f6rt eine gro\u00dfe Auswahl an stilvollen und funktionalen M\u00f6beln und Ger\u00e4ten, die darauf ausgelegt sind, eine einladende und professionelle Atmosph\u00e4re zu schaffen. Von eleganten Friseurst\u00fchlen bis zu robusten Arbeitsstationen wird jedes St\u00fcck aufgrund seiner Qualit\u00e4t und \u00c4sthetik ausgew\u00e4hlt, um sicherzustellen, dass jeder Salon die Eleganz und Professionalit\u00e4t der von uns vertretenen Marken widerspiegelt.<\/p><p>\u00a0<\/p><p><b>Produktangebot:<\/b> Neben M\u00f6beln bietet Madi International eine umfassende Produktpalette f\u00fcr alle Salonbed\u00fcrfnisse. Dazu geh\u00f6ren professionelle und Einzelhandelslinien f\u00fcr Haar-, Hautpflege-, Nagel- und Augenpflegeprodukte, um nur einige zu nennen. Wir sind der exklusive regionale Vertriebsh\u00e4ndler f\u00fcr mehrere globale Marken, was es uns erm\u00f6glicht, einzigartige Produkte anzubieten, die \u00fcber andere Kan\u00e4le nicht erh\u00e4ltlich sind. Diese Exklusivit\u00e4t steigert nicht nur die Marktattraktivit\u00e4t des Salons, sondern stellt auch sicher, dass er einzigartige Dienstleistungen und Behandlungen anbieten kann, die ihn von der Konkurrenz abheben.<\/p><p>\u00a0<\/p><p><b>KMU-Ansatz \u2013 Vertrieb, Marketing und Ausbildung:<\/b> Unser Engagement geht \u00fcber die Lieferung von Produkten und Ger\u00e4ten hinaus. Der Eckpfeiler unseres Gesch\u00e4fts ist der KMU-Ansatz, der Vertrieb, Marketing und Ausbildung umfasst. Diese integrierte Strategie stellt sicher, dass jeder Salon, mit dem wir zusammenarbeiten, umfassende Unterst\u00fctzung erh\u00e4lt, die weit \u00fcber das Wesentliche hinausgeht:<\/p><p>\u00a0<\/p><ul style=\"margin-top: 0cm;\" type=\"disc\"><li><b>Verkauf:<\/b> Wir bieten ma\u00dfgeschneiderte kommerzielle Angebote, bei denen die Interessen des Salons im Vordergrund stehen. So k\u00f6nnen wir die Rentabilit\u00e4t maximieren und gleichzeitig h\u00f6chste Standards in Bezug auf Qualit\u00e4t und Kundenzufriedenheit einhalten.<\/li><li><b>Marketing:<\/b> Unsere Marketingunterst\u00fctzung soll die Pr\u00e4senz des Salons auf dem Markt verst\u00e4rken, einen breiteren Kundenstamm anziehen und den Ruf des Salons verbessern. Dazu geh\u00f6ren Werbematerialien, digitale Marketingkampagnen und Veranstaltungen, die die Fachkompetenz und das Angebot des Salons hervorheben.<\/li><li><b>Ausbildung:<\/b> Im Mittelpunkt unserer Abteilung steht ein tiefes Engagement f\u00fcr die Ausbildung. Wir glauben, dass gut ausgebildetes Salonpersonal f\u00fcr den Erfolg jedes Sch\u00f6nheitsunternehmens von entscheidender Bedeutung ist. Zu diesem Zweck bieten wir fortlaufende Schulungen und Zertifizierungen f\u00fcr die Verwendung unserer Produkte und Marken an. Unsere Schulungsprogramme sollen sicherstellen, dass Salonfachkr\u00e4fte nicht nur die neuesten Sch\u00f6nheitstechniken beherrschen, sondern auch Experten in Sachen Kundenservice und Produktwissen sind. Dadurch sind sie in der Lage, au\u00dfergew\u00f6hnliche Dienstleistungen zu erbringen, die die Erwartungen der Kunden \u00fcbertreffen.<\/li><\/ul><p>\u00a0<\/p><p>Mit diesen umfassenden Dienstleistungen hilft die Salon Professional Division von Madi International Salons, in einem wettbewerbsintensiven Markt zu wachsen und erfolgreich zu sein, und stellt sicher, dass sie gut ger\u00fcstet sind, um die Bed\u00fcrfnisse ihrer Kunden zu erf\u00fcllen und sich als Marktf\u00fchrer in der Sch\u00f6nheitsbranche hervorzuheben.<\/p>\t\t\t\t\t\t\t\t<\/div>\n\t\t\t\t<\/div>\n\t\t\t\t\t<\/div>\n\t\t\t\t<\/div>\n\t\t\t\t<\/div>\n\t\t","protected":false},"excerpt":{"rendered":"<p>Abteilung f\u00fcr Salonprofis Die Salon Professional Division von Madi International ist eine umfassende Ressource sowohl f\u00fcr angehende Unternehmer als auch f\u00fcr etablierte Unternehmen, die einen Salon er\u00f6ffnen oder erweitern m\u00f6chten. Wir sind stolz darauf, ein One-Stop-Shop zu sein, der alles von A bis Z bietet, was man braucht, um einen erfolgreichen Salon unter einem Dach [&hellip;]<\/p>\n","protected":false},"author":1,"featured_media":0,"parent":10924,"menu_order":0,"comment_status":"closed","ping_status":"closed","template":"","meta":{"_acf_changed":false,"footnotes":""},"class_list":["post-10947","page","type-page","status-publish","hentry"],"acf":[],"yoast_head":"<!-- This site is optimized with the Yoast SEO plugin v27.4 - https:\/\/yoast.com\/product\/yoast-seo-wordpress\/ -->\n<title>Madi Group - Empowering Beauty, Innovation and Growth<\/title>\n<meta name=\"description\" content=\"Discover Madi Group\u2019s legacy of innovation in beauty. Explore our dynamic ventures in distribution, retail, education, and manufacturing across the Middle East since 1991.\" \/>\n<meta name=\"robots\" content=\"index, follow, max-snippet:-1, max-image-preview:large, max-video-preview:-1\" \/>\n<link rel=\"canonical\" href=\"https:\/\/madigroup.com\/de\/vertrieb\/madi-international\/salon-profi\/\" \/>\n<meta property=\"og:locale\" content=\"de_DE\" \/>\n<meta property=\"og:type\" content=\"article\" \/>\n<meta property=\"og:title\" content=\"Madi Group - Empowering Beauty, Innovation and Growth\" \/>\n<meta property=\"og:description\" content=\"Discover Madi Group\u2019s legacy of innovation in beauty. Explore our dynamic ventures in distribution, retail, education, and manufacturing across the Middle East since 1991.\" \/>\n<meta property=\"og:url\" content=\"https:\/\/madigroup.com\/de\/vertrieb\/madi-international\/salon-profi\/\" \/>\n<meta property=\"og:site_name\" content=\"MADI Gruppe\" \/>\n<meta property=\"article:publisher\" content=\"https:\/\/www.facebook.com\/Madi.International\/\" \/>\n<meta property=\"article:modified_time\" content=\"2024-09-13T03:36:35+00:00\" \/>\n<meta property=\"og:image\" content=\"https:\/\/madigroup.com\/wp-content\/uploads\/2021\/05\/cropped-favicon-dark.png\" \/>\n\t<meta property=\"og:image:width\" content=\"512\" \/>\n\t<meta property=\"og:image:height\" content=\"512\" \/>\n\t<meta property=\"og:image:type\" content=\"image\/png\" \/>\n<meta name=\"twitter:card\" content=\"summary_large_image\" \/>\n<meta name=\"twitter:label1\" content=\"Gesch\u00e4tzte Lesezeit\" \/>\n\t<meta name=\"twitter:data1\" content=\"3\u00a0Minuten\" \/>\n<script type=\"application\/ld+json\" class=\"yoast-schema-graph\">{\"@context\":\"https:\\\/\\\/schema.org\",\"@graph\":[{\"@type\":\"Article\",\"@id\":\"https:\\\/\\\/madigroup.com\\\/de\\\/vertrieb\\\/madi-international\\\/salon-profi\\\/#article\",\"isPartOf\":{\"@id\":\"https:\\\/\\\/madigroup.com\\\/de\\\/vertrieb\\\/madi-international\\\/salon-profi\\\/\"},\"author\":{\"name\":\"madi_admin\",\"@id\":\"https:\\\/\\\/madigroup.com\\\/#\\\/schema\\\/person\\\/11a3753e1909bdec36482681711ee73f\"},\"headline\":\"Salon Profi\",\"datePublished\":\"2023-10-24T06:19:20+00:00\",\"dateModified\":\"2024-09-13T03:36:35+00:00\",\"mainEntityOfPage\":{\"@id\":\"https:\\\/\\\/madigroup.com\\\/de\\\/vertrieb\\\/madi-international\\\/salon-profi\\\/\"},\"wordCount\":513,\"publisher\":{\"@id\":\"https:\\\/\\\/madigroup.com\\\/#organization\"},\"inLanguage\":\"de\"},{\"@type\":\"WebPage\",\"@id\":\"https:\\\/\\\/madigroup.com\\\/de\\\/vertrieb\\\/madi-international\\\/salon-profi\\\/\",\"url\":\"https:\\\/\\\/madigroup.com\\\/de\\\/vertrieb\\\/madi-international\\\/salon-profi\\\/\",\"name\":\"Madi Group - Empowering Beauty, Innovation and Growth\",\"isPartOf\":{\"@id\":\"https:\\\/\\\/madigroup.com\\\/#website\"},\"datePublished\":\"2023-10-24T06:19:20+00:00\",\"dateModified\":\"2024-09-13T03:36:35+00:00\",\"description\":\"Discover Madi Group\u2019s legacy of innovation in beauty. Explore our dynamic ventures in distribution, retail, education, and manufacturing across the Middle East since 1991.\",\"breadcrumb\":{\"@id\":\"https:\\\/\\\/madigroup.com\\\/de\\\/vertrieb\\\/madi-international\\\/salon-profi\\\/#breadcrumb\"},\"inLanguage\":\"de\",\"potentialAction\":[{\"@type\":\"ReadAction\",\"target\":[\"https:\\\/\\\/madigroup.com\\\/de\\\/vertrieb\\\/madi-international\\\/salon-profi\\\/\"]}]},{\"@type\":\"BreadcrumbList\",\"@id\":\"https:\\\/\\\/madigroup.com\\\/de\\\/vertrieb\\\/madi-international\\\/salon-profi\\\/#breadcrumb\",\"itemListElement\":[{\"@type\":\"ListItem\",\"position\":1,\"name\":\"Home\",\"item\":\"https:\\\/\\\/madigroup.com\\\/de\\\/heim\\\/\"},{\"@type\":\"ListItem\",\"position\":2,\"name\":\"Vertrieb\",\"item\":\"https:\\\/\\\/madigroup.com\\\/de\\\/vertrieb\\\/\"},{\"@type\":\"ListItem\",\"position\":3,\"name\":\"MADI International\",\"item\":\"https:\\\/\\\/madigroup.com\\\/de\\\/vertrieb\\\/madi-international\\\/\"},{\"@type\":\"ListItem\",\"position\":4,\"name\":\"Salon Profi\"}]},{\"@type\":\"WebSite\",\"@id\":\"https:\\\/\\\/madigroup.com\\\/#website\",\"url\":\"https:\\\/\\\/madigroup.com\\\/\",\"name\":\"https:\\\/\\\/madigroup.com\\\/\",\"description\":\"Global Distributor of Professional Salon Products | Hair, Skin, and Nail Care Supplies\",\"publisher\":{\"@id\":\"https:\\\/\\\/madigroup.com\\\/#organization\"},\"alternateName\":\"Madi Group\",\"potentialAction\":[{\"@type\":\"SearchAction\",\"target\":{\"@type\":\"EntryPoint\",\"urlTemplate\":\"https:\\\/\\\/madigroup.com\\\/?s={search_term_string}\"},\"query-input\":{\"@type\":\"PropertyValueSpecification\",\"valueRequired\":true,\"valueName\":\"search_term_string\"}}],\"inLanguage\":\"de\"},{\"@type\":\"Organization\",\"@id\":\"https:\\\/\\\/madigroup.com\\\/#organization\",\"name\":\"Madi Group\",\"url\":\"https:\\\/\\\/madigroup.com\\\/\",\"logo\":{\"@type\":\"ImageObject\",\"inLanguage\":\"de\",\"@id\":\"https:\\\/\\\/madigroup.com\\\/#\\\/schema\\\/logo\\\/image\\\/\",\"url\":\"https:\\\/\\\/madigroup.com\\\/wp-content\\\/uploads\\\/2021\\\/05\\\/favicon-dark.png\",\"contentUrl\":\"https:\\\/\\\/madigroup.com\\\/wp-content\\\/uploads\\\/2021\\\/05\\\/favicon-dark.png\",\"width\":512,\"height\":512,\"caption\":\"Madi Group\"},\"image\":{\"@id\":\"https:\\\/\\\/madigroup.com\\\/#\\\/schema\\\/logo\\\/image\\\/\"},\"sameAs\":[\"https:\\\/\\\/www.facebook.com\\\/Madi.International\\\/\",\"https:\\\/\\\/www.instagram.com\\\/madi_intl\\\/\",\"https:\\\/\\\/www.linkedin.com\\\/company\\\/madi-international\\\/\"]},{\"@type\":\"Person\",\"@id\":\"https:\\\/\\\/madigroup.com\\\/#\\\/schema\\\/person\\\/11a3753e1909bdec36482681711ee73f\",\"name\":\"madi_admin\",\"image\":{\"@type\":\"ImageObject\",\"inLanguage\":\"de\",\"@id\":\"https:\\\/\\\/secure.gravatar.com\\\/avatar\\\/7367d1085462226c651b4faf7cb5d187a43c34bb78e0f7c7fb1a3f1e32cf8b46?s=96&d=mm&r=g\",\"url\":\"https:\\\/\\\/secure.gravatar.com\\\/avatar\\\/7367d1085462226c651b4faf7cb5d187a43c34bb78e0f7c7fb1a3f1e32cf8b46?s=96&d=mm&r=g\",\"contentUrl\":\"https:\\\/\\\/secure.gravatar.com\\\/avatar\\\/7367d1085462226c651b4faf7cb5d187a43c34bb78e0f7c7fb1a3f1e32cf8b46?s=96&d=mm&r=g\",\"caption\":\"madi_admin\"},\"sameAs\":[\"https:\\\/\\\/madigroup.com\"],\"url\":\"https:\\\/\\\/madigroup.com\\\/de\\\/author\\\/madi_admin\\\/\"}]}<\/script>\n<!-- \/ Yoast SEO plugin. -->","yoast_head_json":{"title":"Madi Group - Empowering Beauty, Innovation and Growth","description":"Discover Madi Group\u2019s legacy of innovation in beauty. Explore our dynamic ventures in distribution, retail, education, and manufacturing across the Middle East since 1991.","robots":{"index":"index","follow":"follow","max-snippet":"max-snippet:-1","max-image-preview":"max-image-preview:large","max-video-preview":"max-video-preview:-1"},"canonical":"https:\/\/madigroup.com\/de\/vertrieb\/madi-international\/salon-profi\/","og_locale":"de_DE","og_type":"article","og_title":"Madi Group - Empowering Beauty, Innovation and Growth","og_description":"Discover Madi Group\u2019s legacy of innovation in beauty. Explore our dynamic ventures in distribution, retail, education, and manufacturing across the Middle East since 1991.","og_url":"https:\/\/madigroup.com\/de\/vertrieb\/madi-international\/salon-profi\/","og_site_name":"MADI Gruppe","article_publisher":"https:\/\/www.facebook.com\/Madi.International\/","article_modified_time":"2024-09-13T03:36:35+00:00","og_image":[{"width":512,"height":512,"url":"https:\/\/madigroup.com\/wp-content\/uploads\/2021\/05\/cropped-favicon-dark.png","type":"image\/png"}],"twitter_card":"summary_large_image","twitter_misc":{"Gesch\u00e4tzte Lesezeit":"3\u00a0Minuten"},"schema":{"@context":"https:\/\/schema.org","@graph":[{"@type":"Article","@id":"https:\/\/madigroup.com\/de\/vertrieb\/madi-international\/salon-profi\/#article","isPartOf":{"@id":"https:\/\/madigroup.com\/de\/vertrieb\/madi-international\/salon-profi\/"},"author":{"name":"madi_admin","@id":"https:\/\/madigroup.com\/#\/schema\/person\/11a3753e1909bdec36482681711ee73f"},"headline":"Salon Profi","datePublished":"2023-10-24T06:19:20+00:00","dateModified":"2024-09-13T03:36:35+00:00","mainEntityOfPage":{"@id":"https:\/\/madigroup.com\/de\/vertrieb\/madi-international\/salon-profi\/"},"wordCount":513,"publisher":{"@id":"https:\/\/madigroup.com\/#organization"},"inLanguage":"de"},{"@type":"WebPage","@id":"https:\/\/madigroup.com\/de\/vertrieb\/madi-international\/salon-profi\/","url":"https:\/\/madigroup.com\/de\/vertrieb\/madi-international\/salon-profi\/","name":"Madi Group - Empowering Beauty, Innovation and Growth","isPartOf":{"@id":"https:\/\/madigroup.com\/#website"},"datePublished":"2023-10-24T06:19:20+00:00","dateModified":"2024-09-13T03:36:35+00:00","description":"Discover Madi Group\u2019s legacy of innovation in beauty. Explore our dynamic ventures in distribution, retail, education, and manufacturing across the Middle East since 1991.","breadcrumb":{"@id":"https:\/\/madigroup.com\/de\/vertrieb\/madi-international\/salon-profi\/#breadcrumb"},"inLanguage":"de","potentialAction":[{"@type":"ReadAction","target":["https:\/\/madigroup.com\/de\/vertrieb\/madi-international\/salon-profi\/"]}]},{"@type":"BreadcrumbList","@id":"https:\/\/madigroup.com\/de\/vertrieb\/madi-international\/salon-profi\/#breadcrumb","itemListElement":[{"@type":"ListItem","position":1,"name":"Home","item":"https:\/\/madigroup.com\/de\/heim\/"},{"@type":"ListItem","position":2,"name":"Vertrieb","item":"https:\/\/madigroup.com\/de\/vertrieb\/"},{"@type":"ListItem","position":3,"name":"MADI International","item":"https:\/\/madigroup.com\/de\/vertrieb\/madi-international\/"},{"@type":"ListItem","position":4,"name":"Salon Profi"}]},{"@type":"WebSite","@id":"https:\/\/madigroup.com\/#website","url":"https:\/\/madigroup.com\/","name":"https:\/\/madigroup.com\/","description":"Global Distributor of Professional Salon Products | Hair, Skin, and Nail Care Supplies","publisher":{"@id":"https:\/\/madigroup.com\/#organization"},"alternateName":"Madi Group","potentialAction":[{"@type":"SearchAction","target":{"@type":"EntryPoint","urlTemplate":"https:\/\/madigroup.com\/?s={search_term_string}"},"query-input":{"@type":"PropertyValueSpecification","valueRequired":true,"valueName":"search_term_string"}}],"inLanguage":"de"},{"@type":"Organization","@id":"https:\/\/madigroup.com\/#organization","name":"Madi Group","url":"https:\/\/madigroup.com\/","logo":{"@type":"ImageObject","inLanguage":"de","@id":"https:\/\/madigroup.com\/#\/schema\/logo\/image\/","url":"https:\/\/madigroup.com\/wp-content\/uploads\/2021\/05\/favicon-dark.png","contentUrl":"https:\/\/madigroup.com\/wp-content\/uploads\/2021\/05\/favicon-dark.png","width":512,"height":512,"caption":"Madi Group"},"image":{"@id":"https:\/\/madigroup.com\/#\/schema\/logo\/image\/"},"sameAs":["https:\/\/www.facebook.com\/Madi.International\/","https:\/\/www.instagram.com\/madi_intl\/","https:\/\/www.linkedin.com\/company\/madi-international\/"]},{"@type":"Person","@id":"https:\/\/madigroup.com\/#\/schema\/person\/11a3753e1909bdec36482681711ee73f","name":"madi_admin","image":{"@type":"ImageObject","inLanguage":"de","@id":"https:\/\/secure.gravatar.com\/avatar\/7367d1085462226c651b4faf7cb5d187a43c34bb78e0f7c7fb1a3f1e32cf8b46?s=96&d=mm&r=g","url":"https:\/\/secure.gravatar.com\/avatar\/7367d1085462226c651b4faf7cb5d187a43c34bb78e0f7c7fb1a3f1e32cf8b46?s=96&d=mm&r=g","contentUrl":"https:\/\/secure.gravatar.com\/avatar\/7367d1085462226c651b4faf7cb5d187a43c34bb78e0f7c7fb1a3f1e32cf8b46?s=96&d=mm&r=g","caption":"madi_admin"},"sameAs":["https:\/\/madigroup.com"],"url":"https:\/\/madigroup.com\/de\/author\/madi_admin\/"}]}},"_links":{"self":[{"href":"https:\/\/madigroup.com\/de\/wp-json\/wp\/v2\/pages\/10947","targetHints":{"allow":["GET"]}}],"collection":[{"href":"https:\/\/madigroup.com\/de\/wp-json\/wp\/v2\/pages"}],"about":[{"href":"https:\/\/madigroup.com\/de\/wp-json\/wp\/v2\/types\/page"}],"author":[{"embeddable":true,"href":"https:\/\/madigroup.com\/de\/wp-json\/wp\/v2\/users\/1"}],"replies":[{"embeddable":true,"href":"https:\/\/madigroup.com\/de\/wp-json\/wp\/v2\/comments?post=10947"}],"version-history":[{"count":0,"href":"https:\/\/madigroup.com\/de\/wp-json\/wp\/v2\/pages\/10947\/revisions"}],"up":[{"embeddable":true,"href":"https:\/\/madigroup.com\/de\/wp-json\/wp\/v2\/pages\/10924"}],"wp:attachment":[{"href":"https:\/\/madigroup.com\/de\/wp-json\/wp\/v2\/media?parent=10947"}],"curies":[{"name":"wp","href":"https:\/\/api.w.org\/{rel}","templated":true}]}}