{"id":10931,"date":"2023-10-23T07:29:10","date_gmt":"2023-10-23T07:29:10","guid":{"rendered":"https:\/\/madigroup.com\/vertrieb\/madi-international\/abteilung-b2b-e-commerce\/"},"modified":"2024-09-11T07:50:24","modified_gmt":"2024-09-11T07:50:24","slug":"abteilung-b2b-e-commerce","status":"publish","type":"page","link":"https:\/\/madigroup.com\/de\/vertrieb\/madi-international\/abteilung-b2b-e-commerce\/","title":{"rendered":"Abteilung B2B-E-Commerce"},"content":{"rendered":"\t\t<div data-elementor-type=\"wp-page\" data-elementor-id=\"10931\" class=\"elementor elementor-10931 elementor-3753\">\n\t\t\t\t<div class=\"elementor-element elementor-element-f27d8cc e-con-full e-flex e-con e-parent\" data-id=\"f27d8cc\" data-element_type=\"container\" data-e-type=\"container\" data-settings=\"{&quot;background_background&quot;:&quot;classic&quot;}\">\n\t\t<div class=\"elementor-element elementor-element-fcf24cd e-con-full e-flex e-con e-child\" data-id=\"fcf24cd\" data-element_type=\"container\" data-e-type=\"container\">\n\t\t\t\t<\/div>\n\t\t\t\t<\/div>\n\t\t<div class=\"elementor-element elementor-element-137d814 e-flex e-con-boxed e-con e-parent\" data-id=\"137d814\" data-element_type=\"container\" data-e-type=\"container\" data-settings=\"{&quot;background_background&quot;:&quot;classic&quot;}\">\n\t\t\t\t\t<div class=\"e-con-inner\">\n\t\t<div class=\"elementor-element elementor-element-1b041db e-con-full e-flex e-con e-child\" data-id=\"1b041db\" data-element_type=\"container\" data-e-type=\"container\">\n\t\t\t\t<div class=\"elementor-element elementor-element-581eb7c elementor-widget elementor-widget-heading\" data-id=\"581eb7c\" data-element_type=\"widget\" data-e-type=\"widget\" data-widget_type=\"heading.default\">\n\t\t\t\t<div class=\"elementor-widget-container\">\n\t\t\t\t\t<h2 class=\"elementor-heading-title elementor-size-default\">Gesch\u00e4ftsbereich E-Commerce<\/h2>\t\t\t\t<\/div>\n\t\t\t\t<\/div>\n\t\t\t\t<div class=\"elementor-element elementor-element-278d067 elementor-widget elementor-widget-text-editor\" data-id=\"278d067\" data-element_type=\"widget\" data-e-type=\"widget\" data-widget_type=\"text-editor.default\">\n\t\t\t\t<div class=\"elementor-widget-container\">\n\t\t\t\t\t\t\t\t\t<p>Die E-Commerce-Abteilung von Madi International ist eine wichtige Komponente unseres umfassenden Ansatzes f\u00fcr den Beauty-Markt und strategisch positioniert, um von der digitalen Transformation zu profitieren und die Einkaufsgewohnheiten der Verbraucher neu zu gestalten.\nDiese Abteilung stellt sicher, dass wir unsere Reichweite, Effizienz und Innovation auf den digitalen Bereich ausdehnen und den Verbrauchern ein nahtloses Online-Einkaufserlebnis bieten, das unsere physische Einzelhandelspr\u00e4senz erg\u00e4nzt. <\/p><p><br><\/p>\n<p>Unsere E-Commerce-Aktivit\u00e4ten sind \u00fcber gro\u00dfe Online-Plattformen wie Amazon, Noon, Ounass, Namshi, Boutiqaat und andere sowie \u00fcber unsere speziellen Markenwebsites integriert.\nDiese Multi-Plattform-Strategie stellt sicher, dass unsere Produkte f\u00fcr ein breites Publikum zug\u00e4nglich sind und den unterschiedlichen Verbraucherpr\u00e4ferenzen beim Online-Shopping gerecht werden. <\/p><p><br><\/p>\n<p>Durch diese strategischen Initiativen erweitert die E-Commerce-Abteilung von Madi International nicht nur unsere Marktpr\u00e4senz, sondern st\u00e4rkt auch die Verbindung unserer Marke zu den Verbrauchern und bietet ihnen ein bequemes, zuverl\u00e4ssiges und angenehmes Online-Einkaufserlebnis.\nDiese Aufteilung ist ein Beweis f\u00fcr unser Engagement, uns an das digitale Zeitalter anzupassen und erfolgreich zu sein und sicherzustellen, dass wir die Erwartungen der versierten Online-Verbraucher von heute erf\u00fcllen und \u00fcbertreffen. <\/p>\t\t\t\t\t\t\t\t<\/div>\n\t\t\t\t<\/div>\n\t\t\t\t<\/div>\n\t\t\t\t\t<\/div>\n\t\t\t\t<\/div>\n\t\t\t\t<\/div>\n\t\t","protected":false},"excerpt":{"rendered":"<p>Gesch\u00e4ftsbereich E-Commerce Die E-Commerce-Abteilung von Madi International ist eine wichtige Komponente unseres umfassenden Ansatzes f\u00fcr den Beauty-Markt und strategisch positioniert, um von der digitalen Transformation zu profitieren und die Einkaufsgewohnheiten der Verbraucher neu zu gestalten. Diese Abteilung stellt sicher, dass wir unsere Reichweite, Effizienz und Innovation auf den digitalen Bereich ausdehnen und den Verbrauchern ein [&hellip;]<\/p>\n","protected":false},"author":1,"featured_media":0,"parent":10924,"menu_order":0,"comment_status":"closed","ping_status":"closed","template":"","meta":{"_acf_changed":false,"footnotes":""},"class_list":["post-10931","page","type-page","status-publish","hentry"],"acf":[],"yoast_head":"<!-- This site is optimized with the Yoast SEO plugin v27.4 - https:\/\/yoast.com\/product\/yoast-seo-wordpress\/ -->\n<title>Madi Group - Empowering Beauty, Innovation and Growth<\/title>\n<meta name=\"description\" content=\"Discover Madi Group\u2019s legacy of innovation in beauty. Explore our dynamic ventures in distribution, retail, education, and manufacturing across the Middle East since 1991.\" \/>\n<meta name=\"robots\" content=\"index, follow, max-snippet:-1, max-image-preview:large, max-video-preview:-1\" \/>\n<link rel=\"canonical\" href=\"https:\/\/madigroup.com\/de\/vertrieb\/madi-international\/abteilung-b2b-e-commerce\/\" \/>\n<meta property=\"og:locale\" content=\"de_DE\" \/>\n<meta property=\"og:type\" content=\"article\" \/>\n<meta property=\"og:title\" content=\"Madi Group - Empowering Beauty, Innovation and Growth\" \/>\n<meta property=\"og:description\" content=\"Discover Madi Group\u2019s legacy of innovation in beauty. Explore our dynamic ventures in distribution, retail, education, and manufacturing across the Middle East since 1991.\" \/>\n<meta property=\"og:url\" content=\"https:\/\/madigroup.com\/de\/vertrieb\/madi-international\/abteilung-b2b-e-commerce\/\" \/>\n<meta property=\"og:site_name\" content=\"MADI Gruppe\" \/>\n<meta property=\"article:publisher\" content=\"https:\/\/www.facebook.com\/Madi.International\/\" \/>\n<meta property=\"article:modified_time\" content=\"2024-09-11T07:50:24+00:00\" \/>\n<meta property=\"og:image\" content=\"https:\/\/madigroup.com\/wp-content\/uploads\/2021\/05\/cropped-favicon-dark.png\" \/>\n\t<meta property=\"og:image:width\" content=\"512\" \/>\n\t<meta property=\"og:image:height\" content=\"512\" \/>\n\t<meta property=\"og:image:type\" content=\"image\/png\" \/>\n<meta name=\"twitter:card\" content=\"summary_large_image\" \/>\n<meta name=\"twitter:label1\" content=\"Gesch\u00e4tzte Lesezeit\" \/>\n\t<meta name=\"twitter:data1\" content=\"1\u00a0Minute\" \/>\n<script type=\"application\/ld+json\" class=\"yoast-schema-graph\">{\"@context\":\"https:\\\/\\\/schema.org\",\"@graph\":[{\"@type\":\"Article\",\"@id\":\"https:\\\/\\\/madigroup.com\\\/de\\\/vertrieb\\\/madi-international\\\/abteilung-b2b-e-commerce\\\/#article\",\"isPartOf\":{\"@id\":\"https:\\\/\\\/madigroup.com\\\/de\\\/vertrieb\\\/madi-international\\\/abteilung-b2b-e-commerce\\\/\"},\"author\":{\"name\":\"madi_admin\",\"@id\":\"https:\\\/\\\/madigroup.com\\\/#\\\/schema\\\/person\\\/11a3753e1909bdec36482681711ee73f\"},\"headline\":\"Abteilung B2B-E-Commerce\",\"datePublished\":\"2023-10-23T07:29:10+00:00\",\"dateModified\":\"2024-09-11T07:50:24+00:00\",\"mainEntityOfPage\":{\"@id\":\"https:\\\/\\\/madigroup.com\\\/de\\\/vertrieb\\\/madi-international\\\/abteilung-b2b-e-commerce\\\/\"},\"wordCount\":186,\"publisher\":{\"@id\":\"https:\\\/\\\/madigroup.com\\\/#organization\"},\"inLanguage\":\"de\"},{\"@type\":\"WebPage\",\"@id\":\"https:\\\/\\\/madigroup.com\\\/de\\\/vertrieb\\\/madi-international\\\/abteilung-b2b-e-commerce\\\/\",\"url\":\"https:\\\/\\\/madigroup.com\\\/de\\\/vertrieb\\\/madi-international\\\/abteilung-b2b-e-commerce\\\/\",\"name\":\"Madi Group - Empowering Beauty, Innovation and Growth\",\"isPartOf\":{\"@id\":\"https:\\\/\\\/madigroup.com\\\/#website\"},\"datePublished\":\"2023-10-23T07:29:10+00:00\",\"dateModified\":\"2024-09-11T07:50:24+00:00\",\"description\":\"Discover Madi Group\u2019s legacy of innovation in beauty. Explore our dynamic ventures in distribution, retail, education, and manufacturing across the Middle East since 1991.\",\"breadcrumb\":{\"@id\":\"https:\\\/\\\/madigroup.com\\\/de\\\/vertrieb\\\/madi-international\\\/abteilung-b2b-e-commerce\\\/#breadcrumb\"},\"inLanguage\":\"de\",\"potentialAction\":[{\"@type\":\"ReadAction\",\"target\":[\"https:\\\/\\\/madigroup.com\\\/de\\\/vertrieb\\\/madi-international\\\/abteilung-b2b-e-commerce\\\/\"]}]},{\"@type\":\"BreadcrumbList\",\"@id\":\"https:\\\/\\\/madigroup.com\\\/de\\\/vertrieb\\\/madi-international\\\/abteilung-b2b-e-commerce\\\/#breadcrumb\",\"itemListElement\":[{\"@type\":\"ListItem\",\"position\":1,\"name\":\"Home\",\"item\":\"https:\\\/\\\/madigroup.com\\\/de\\\/heim\\\/\"},{\"@type\":\"ListItem\",\"position\":2,\"name\":\"Vertrieb\",\"item\":\"https:\\\/\\\/madigroup.com\\\/de\\\/vertrieb\\\/\"},{\"@type\":\"ListItem\",\"position\":3,\"name\":\"MADI International\",\"item\":\"https:\\\/\\\/madigroup.com\\\/de\\\/vertrieb\\\/madi-international\\\/\"},{\"@type\":\"ListItem\",\"position\":4,\"name\":\"Abteilung B2B-E-Commerce\"}]},{\"@type\":\"WebSite\",\"@id\":\"https:\\\/\\\/madigroup.com\\\/#website\",\"url\":\"https:\\\/\\\/madigroup.com\\\/\",\"name\":\"https:\\\/\\\/madigroup.com\\\/\",\"description\":\"Global Distributor of Professional Salon Products | Hair, Skin, and Nail Care Supplies\",\"publisher\":{\"@id\":\"https:\\\/\\\/madigroup.com\\\/#organization\"},\"alternateName\":\"Madi Group\",\"potentialAction\":[{\"@type\":\"SearchAction\",\"target\":{\"@type\":\"EntryPoint\",\"urlTemplate\":\"https:\\\/\\\/madigroup.com\\\/?s={search_term_string}\"},\"query-input\":{\"@type\":\"PropertyValueSpecification\",\"valueRequired\":true,\"valueName\":\"search_term_string\"}}],\"inLanguage\":\"de\"},{\"@type\":\"Organization\",\"@id\":\"https:\\\/\\\/madigroup.com\\\/#organization\",\"name\":\"Madi Group\",\"url\":\"https:\\\/\\\/madigroup.com\\\/\",\"logo\":{\"@type\":\"ImageObject\",\"inLanguage\":\"de\",\"@id\":\"https:\\\/\\\/madigroup.com\\\/#\\\/schema\\\/logo\\\/image\\\/\",\"url\":\"https:\\\/\\\/madigroup.com\\\/wp-content\\\/uploads\\\/2021\\\/05\\\/favicon-dark.png\",\"contentUrl\":\"https:\\\/\\\/madigroup.com\\\/wp-content\\\/uploads\\\/2021\\\/05\\\/favicon-dark.png\",\"width\":512,\"height\":512,\"caption\":\"Madi Group\"},\"image\":{\"@id\":\"https:\\\/\\\/madigroup.com\\\/#\\\/schema\\\/logo\\\/image\\\/\"},\"sameAs\":[\"https:\\\/\\\/www.facebook.com\\\/Madi.International\\\/\",\"https:\\\/\\\/www.instagram.com\\\/madi_intl\\\/\",\"https:\\\/\\\/www.linkedin.com\\\/company\\\/madi-international\\\/\"]},{\"@type\":\"Person\",\"@id\":\"https:\\\/\\\/madigroup.com\\\/#\\\/schema\\\/person\\\/11a3753e1909bdec36482681711ee73f\",\"name\":\"madi_admin\",\"image\":{\"@type\":\"ImageObject\",\"inLanguage\":\"de\",\"@id\":\"https:\\\/\\\/secure.gravatar.com\\\/avatar\\\/7367d1085462226c651b4faf7cb5d187a43c34bb78e0f7c7fb1a3f1e32cf8b46?s=96&d=mm&r=g\",\"url\":\"https:\\\/\\\/secure.gravatar.com\\\/avatar\\\/7367d1085462226c651b4faf7cb5d187a43c34bb78e0f7c7fb1a3f1e32cf8b46?s=96&d=mm&r=g\",\"contentUrl\":\"https:\\\/\\\/secure.gravatar.com\\\/avatar\\\/7367d1085462226c651b4faf7cb5d187a43c34bb78e0f7c7fb1a3f1e32cf8b46?s=96&d=mm&r=g\",\"caption\":\"madi_admin\"},\"sameAs\":[\"https:\\\/\\\/madigroup.com\"],\"url\":\"https:\\\/\\\/madigroup.com\\\/de\\\/author\\\/madi_admin\\\/\"}]}<\/script>\n<!-- \/ Yoast SEO plugin. -->","yoast_head_json":{"title":"Madi Group - Empowering Beauty, Innovation and Growth","description":"Discover Madi Group\u2019s legacy of innovation in beauty. Explore our dynamic ventures in distribution, retail, education, and manufacturing across the Middle East since 1991.","robots":{"index":"index","follow":"follow","max-snippet":"max-snippet:-1","max-image-preview":"max-image-preview:large","max-video-preview":"max-video-preview:-1"},"canonical":"https:\/\/madigroup.com\/de\/vertrieb\/madi-international\/abteilung-b2b-e-commerce\/","og_locale":"de_DE","og_type":"article","og_title":"Madi Group - Empowering Beauty, Innovation and Growth","og_description":"Discover Madi Group\u2019s legacy of innovation in beauty. Explore our dynamic ventures in distribution, retail, education, and manufacturing across the Middle East since 1991.","og_url":"https:\/\/madigroup.com\/de\/vertrieb\/madi-international\/abteilung-b2b-e-commerce\/","og_site_name":"MADI Gruppe","article_publisher":"https:\/\/www.facebook.com\/Madi.International\/","article_modified_time":"2024-09-11T07:50:24+00:00","og_image":[{"width":512,"height":512,"url":"https:\/\/madigroup.com\/wp-content\/uploads\/2021\/05\/cropped-favicon-dark.png","type":"image\/png"}],"twitter_card":"summary_large_image","twitter_misc":{"Gesch\u00e4tzte Lesezeit":"1\u00a0Minute"},"schema":{"@context":"https:\/\/schema.org","@graph":[{"@type":"Article","@id":"https:\/\/madigroup.com\/de\/vertrieb\/madi-international\/abteilung-b2b-e-commerce\/#article","isPartOf":{"@id":"https:\/\/madigroup.com\/de\/vertrieb\/madi-international\/abteilung-b2b-e-commerce\/"},"author":{"name":"madi_admin","@id":"https:\/\/madigroup.com\/#\/schema\/person\/11a3753e1909bdec36482681711ee73f"},"headline":"Abteilung B2B-E-Commerce","datePublished":"2023-10-23T07:29:10+00:00","dateModified":"2024-09-11T07:50:24+00:00","mainEntityOfPage":{"@id":"https:\/\/madigroup.com\/de\/vertrieb\/madi-international\/abteilung-b2b-e-commerce\/"},"wordCount":186,"publisher":{"@id":"https:\/\/madigroup.com\/#organization"},"inLanguage":"de"},{"@type":"WebPage","@id":"https:\/\/madigroup.com\/de\/vertrieb\/madi-international\/abteilung-b2b-e-commerce\/","url":"https:\/\/madigroup.com\/de\/vertrieb\/madi-international\/abteilung-b2b-e-commerce\/","name":"Madi Group - Empowering Beauty, Innovation and Growth","isPartOf":{"@id":"https:\/\/madigroup.com\/#website"},"datePublished":"2023-10-23T07:29:10+00:00","dateModified":"2024-09-11T07:50:24+00:00","description":"Discover Madi Group\u2019s legacy of innovation in beauty. Explore our dynamic ventures in distribution, retail, education, and manufacturing across the Middle East since 1991.","breadcrumb":{"@id":"https:\/\/madigroup.com\/de\/vertrieb\/madi-international\/abteilung-b2b-e-commerce\/#breadcrumb"},"inLanguage":"de","potentialAction":[{"@type":"ReadAction","target":["https:\/\/madigroup.com\/de\/vertrieb\/madi-international\/abteilung-b2b-e-commerce\/"]}]},{"@type":"BreadcrumbList","@id":"https:\/\/madigroup.com\/de\/vertrieb\/madi-international\/abteilung-b2b-e-commerce\/#breadcrumb","itemListElement":[{"@type":"ListItem","position":1,"name":"Home","item":"https:\/\/madigroup.com\/de\/heim\/"},{"@type":"ListItem","position":2,"name":"Vertrieb","item":"https:\/\/madigroup.com\/de\/vertrieb\/"},{"@type":"ListItem","position":3,"name":"MADI International","item":"https:\/\/madigroup.com\/de\/vertrieb\/madi-international\/"},{"@type":"ListItem","position":4,"name":"Abteilung B2B-E-Commerce"}]},{"@type":"WebSite","@id":"https:\/\/madigroup.com\/#website","url":"https:\/\/madigroup.com\/","name":"https:\/\/madigroup.com\/","description":"Global Distributor of Professional Salon Products | Hair, Skin, and Nail Care Supplies","publisher":{"@id":"https:\/\/madigroup.com\/#organization"},"alternateName":"Madi Group","potentialAction":[{"@type":"SearchAction","target":{"@type":"EntryPoint","urlTemplate":"https:\/\/madigroup.com\/?s={search_term_string}"},"query-input":{"@type":"PropertyValueSpecification","valueRequired":true,"valueName":"search_term_string"}}],"inLanguage":"de"},{"@type":"Organization","@id":"https:\/\/madigroup.com\/#organization","name":"Madi Group","url":"https:\/\/madigroup.com\/","logo":{"@type":"ImageObject","inLanguage":"de","@id":"https:\/\/madigroup.com\/#\/schema\/logo\/image\/","url":"https:\/\/madigroup.com\/wp-content\/uploads\/2021\/05\/favicon-dark.png","contentUrl":"https:\/\/madigroup.com\/wp-content\/uploads\/2021\/05\/favicon-dark.png","width":512,"height":512,"caption":"Madi Group"},"image":{"@id":"https:\/\/madigroup.com\/#\/schema\/logo\/image\/"},"sameAs":["https:\/\/www.facebook.com\/Madi.International\/","https:\/\/www.instagram.com\/madi_intl\/","https:\/\/www.linkedin.com\/company\/madi-international\/"]},{"@type":"Person","@id":"https:\/\/madigroup.com\/#\/schema\/person\/11a3753e1909bdec36482681711ee73f","name":"madi_admin","image":{"@type":"ImageObject","inLanguage":"de","@id":"https:\/\/secure.gravatar.com\/avatar\/7367d1085462226c651b4faf7cb5d187a43c34bb78e0f7c7fb1a3f1e32cf8b46?s=96&d=mm&r=g","url":"https:\/\/secure.gravatar.com\/avatar\/7367d1085462226c651b4faf7cb5d187a43c34bb78e0f7c7fb1a3f1e32cf8b46?s=96&d=mm&r=g","contentUrl":"https:\/\/secure.gravatar.com\/avatar\/7367d1085462226c651b4faf7cb5d187a43c34bb78e0f7c7fb1a3f1e32cf8b46?s=96&d=mm&r=g","caption":"madi_admin"},"sameAs":["https:\/\/madigroup.com"],"url":"https:\/\/madigroup.com\/de\/author\/madi_admin\/"}]}},"_links":{"self":[{"href":"https:\/\/madigroup.com\/de\/wp-json\/wp\/v2\/pages\/10931","targetHints":{"allow":["GET"]}}],"collection":[{"href":"https:\/\/madigroup.com\/de\/wp-json\/wp\/v2\/pages"}],"about":[{"href":"https:\/\/madigroup.com\/de\/wp-json\/wp\/v2\/types\/page"}],"author":[{"embeddable":true,"href":"https:\/\/madigroup.com\/de\/wp-json\/wp\/v2\/users\/1"}],"replies":[{"embeddable":true,"href":"https:\/\/madigroup.com\/de\/wp-json\/wp\/v2\/comments?post=10931"}],"version-history":[{"count":0,"href":"https:\/\/madigroup.com\/de\/wp-json\/wp\/v2\/pages\/10931\/revisions"}],"up":[{"embeddable":true,"href":"https:\/\/madigroup.com\/de\/wp-json\/wp\/v2\/pages\/10924"}],"wp:attachment":[{"href":"https:\/\/madigroup.com\/de\/wp-json\/wp\/v2\/media?parent=10931"}],"curies":[{"name":"wp","href":"https:\/\/api.w.org\/{rel}","templated":true}]}}