{"id":10887,"date":"2023-10-24T06:20:37","date_gmt":"2023-10-24T06:20:37","guid":{"rendered":"https:\/\/madigroup.com\/konsumgueter\/"},"modified":"2024-09-13T03:02:17","modified_gmt":"2024-09-13T03:02:17","slug":"konsumgueter","status":"publish","type":"page","link":"https:\/\/madigroup.com\/de\/vertrieb\/madi-international\/konsumgueter\/","title":{"rendered":"Konsumg\u00fcter"},"content":{"rendered":"\t\t<div data-elementor-type=\"wp-page\" data-elementor-id=\"10887\" class=\"elementor elementor-10887 elementor-3868\">\n\t\t\t\t\t\t<section class=\"elementor-section elementor-top-section elementor-element elementor-element-88c2206 elementor-section-height-min-height elementor-section-full_width elementor-section-items-top elementor-section-height-default\" data-id=\"88c2206\" data-element_type=\"section\" data-e-type=\"section\" data-settings=\"{&quot;background_background&quot;:&quot;classic&quot;}\">\n\t\t\t\t\t\t<div class=\"elementor-container elementor-column-gap-extended\">\n\t\t\t\t\t<div class=\"elementor-column elementor-col-100 elementor-top-column elementor-element elementor-element-e9db7aa\" data-id=\"e9db7aa\" data-element_type=\"column\" data-e-type=\"column\">\n\t\t\t<div class=\"elementor-widget-wrap\">\n\t\t\t\t\t\t\t<\/div>\n\t\t<\/div>\n\t\t\t\t\t<\/div>\n\t\t<\/section>\n\t\t        <div class=\"elementor-element elementor-element-b5cc506 e-flex e-con-boxed e-con e-parent\" data-id=\"b5cc506\" data-element_type=\"container\" data-e-type=\"container\" data-settings=\"{&quot;background_background&quot;:&quot;classic&quot;}\">\n\t\t\t\t\t<div class=\"e-con-inner\">\n\t\t\t\t<div class=\"elementor-element elementor-element-5df46e0 elementor-widget elementor-widget-heading\" data-id=\"5df46e0\" data-element_type=\"widget\" data-e-type=\"widget\" data-widget_type=\"heading.default\">\n\t\t\t\t<div class=\"elementor-widget-container\">\n\t\t\t\t\t<h2 class=\"elementor-heading-title elementor-size-default\">Unternehmensbereich Konsumg\u00fcter<\/h2>\t\t\t\t<\/div>\n\t\t\t\t<\/div>\n\t\t\t\t<div class=\"elementor-element elementor-element-b32eb7b elementor-widget elementor-widget-text-editor\" data-id=\"b32eb7b\" data-element_type=\"widget\" data-e-type=\"widget\" data-widget_type=\"text-editor.default\">\n\t\t\t\t<div class=\"elementor-widget-container\">\n\t\t\t\t\t\t\t\t\t<p class=\"MsoNormal\">Die Consumer Products Division (CPD) von Madi International erweitert unsere Reichweite gekonnt \u00fcber professionelle Salonkan\u00e4le hinaus und spricht Endverbraucher durch eine vielschichtige Einzelhandelsstrategie an. Wir arbeiten mit einer Vielzahl von Einzelhandelskan\u00e4len zusammen, darunter Apotheken, Sch\u00f6nheitssalons, Einzelhandelsgesch\u00e4fte, Kaufh\u00e4user, Elektronikgesch\u00e4fte, Superm\u00e4rkte, Hyperm\u00e4rkte und Fachboutiquen. Dieses umfangreiche Netzwerk erm\u00f6glicht es uns, eine breite Verbraucherbasis zu bedienen und sicherzustellen, dass unsere Sch\u00f6nheitsprodukte \u00fcberall dort erh\u00e4ltlich sind, wo Verbraucher einkaufen.<\/p> <p class=\"MsoNormal\"><br><\/p> <p class=\"MsoNormal\"><b>Warum Einzelhandelskan\u00e4le mit uns zusammenarbeiten sollten:<\/b> Einzelhandelskan\u00e4le profitieren erheblich von einer Partnerschaft mit Madi International aufgrund unserer umfassenden Unterst\u00fctzung und unseres etablierten Rufs in der Sch\u00f6nheitsbranche. Unsere Erfahrung im Salonumfeld gibt uns einzigartige Einblicke in Verbraucherpr\u00e4ferenzen und Produktwirksamkeit, sodass wir Einzelhandelspartnern Produkte anbieten k\u00f6nnen, die nicht nur gefragt sind, sondern sich auch im professionellen Umfeld bew\u00e4hrt haben. Diese salongepr\u00fcfte Zulassung tr\u00e4gt dazu bei, das Vertrauen der Verbraucher in die Produkte zu st\u00e4rken und ihre Attraktivit\u00e4t zu steigern.<\/p> <p class=\"MsoNormal\"><br><\/p> <p class=\"MsoNormal\"><b>Was wir Einzelhandelspartnern bieten:<\/b><\/p> <ol style=\"margin-top: 0cm;\" start=\"1\" type=\"1\"> <li class=\"MsoNormal\"><b>In-Store-Marketing:<\/b> Wir bieten eine umfassende In-Store-Marketingunterst\u00fctzung, die auff\u00e4llige Displays, Schulungsmaterialien und Werbeveranstaltungen umfasst, die darauf ausgelegt sind, Kunden einzubeziehen und die Produktsichtbarkeit zu erh\u00f6hen. Unsere Marketingstrategien sind auf jede Einzelhandelsumgebung zugeschnitten und stellen sicher, dass die Produktplatzierung und Werbetaktiken f\u00fcr jeden spezifischen Kanal optimiert sind.<\/li> <li class=\"MsoNormal\"><b>Digitales Marketing:<\/b> Im heutigen digitalen Zeitalter ist die Online-Pr\u00e4senz von entscheidender Bedeutung. Madi International unterst\u00fctzt seine Einzelhandelspartner mit umfassenden digitalen Marketingstrategien, darunter SEO-optimierte Inhalte, Social-Media-Kampagnen, Influencer-Partnerschaften und gezielte Online-Werbung. Diese Ma\u00dfnahmen sollen sowohl den Online- als auch den Ladenverkehr ankurbeln und so die Markenbekanntheit und den Umsatz steigern.<\/li> <li class=\"MsoNormal\"><b>Schulung von Promotern und Mitarbeitern:<\/b> Wir erweitern unsere Bildungskompetenz vom Salon auf den Verkaufsraum, indem wir geschulte Promoter bereitstellen, die sich mit unseren Produkten gut auskennen. Diese Promoter sind in der Lage, Verbraucher \u00fcber Produktvorteile und -verwendung aufzukl\u00e4ren und so den Umsatz zu steigern und die Kundenzufriedenheit zu verbessern. Dar\u00fcber hinaus bieten wir Schulungen f\u00fcr Einzelhandelsmitarbeiter an, um sicherzustellen, dass sie \u00fcber unsere Marken Bescheid wissen, was ihre F\u00e4higkeit verbessert, effektiv zu verkaufen.<\/li> <li class=\"MsoNormal\"><b>Individuelle Marketinginitiativen:<\/b> Abh\u00e4ngig von den Anforderungen jedes Einzelhandelspartners entwickeln wir individuelle Marketinginitiativen, die exklusive Produkteinf\u00fchrungen, Sonderaktionen, Treueprogramme und Co-Branding-Aktivit\u00e4ten umfassen k\u00f6nnen. Diese Initiativen sollen Begeisterung und Engagement f\u00fcr unsere Marken wecken und eine st\u00e4rkere Verbindung zwischen Verbraucher und Produkt f\u00f6rdern.<\/li> <\/ol><div><br><\/div> <p class=\"MsoNormal\"><b>Der Vorteil von Salonerfahrung:<\/b> Unsere tiefen Wurzeln in der Salonbranche verschaffen uns einen Wettbewerbsvorteil im Einzelhandel. Diese Erfahrung stellt nicht nur sicher, dass wir dem Einzelhandelsmarkt qualitativ hochwertige, professionelle Produkte anbieten, sondern verleiht uns auch ein umfassendes Verst\u00e4ndnis von Verbrauchertrends und Sch\u00f6nheitsbed\u00fcrfnissen. Unser Hintergrund im Umgang mit einer professionellen Kundschaft erm\u00f6glicht es uns, Markttrends und Verbraucherverhalten genauer vorherzusehen und Einzelhandelspartner bei effektiven Strategien f\u00fcr Lagerauswahl, Marketing und Vertrieb zu beraten.<\/p> <p class=\"MsoNormal\"><br><\/p> <p class=\"MsoNormal\">Durch strategische Partnerschaften mit verschiedenen Einzelhandelskan\u00e4len nutzt die Consumer Products Division von Madi International ihre Branchenexpertise, um eine optimale Platzierung und F\u00f6rderung unserer Marken sicherzustellen, was zu einem erfolgreichen Abverkauf und zufriedenen Endverbrauchern f\u00fchrt.<\/p>\t\t\t\t\t\t\t\t<\/div>\n\t\t\t\t<\/div>\n\t\t\t\t\t<\/div>\n\t\t\t\t<\/div>\n\t\t\t\t<\/div>\n\t\t","protected":false},"excerpt":{"rendered":"<p>Unternehmensbereich Konsumg\u00fcter Die Consumer Products Division (CPD) von Madi International erweitert unsere Reichweite gekonnt \u00fcber professionelle Salonkan\u00e4le hinaus und spricht Endverbraucher durch eine vielschichtige Einzelhandelsstrategie an. Wir arbeiten mit einer Vielzahl von Einzelhandelskan\u00e4len zusammen, darunter Apotheken, Sch\u00f6nheitssalons, Einzelhandelsgesch\u00e4fte, Kaufh\u00e4user, Elektronikgesch\u00e4fte, Superm\u00e4rkte, Hyperm\u00e4rkte und Fachboutiquen. Dieses umfangreiche Netzwerk erm\u00f6glicht es uns, eine breite Verbraucherbasis zu bedienen [&hellip;]<\/p>\n","protected":false},"author":1,"featured_media":0,"parent":10924,"menu_order":0,"comment_status":"closed","ping_status":"closed","template":"","meta":{"_acf_changed":false,"footnotes":""},"class_list":["post-10887","page","type-page","status-publish","hentry"],"acf":[],"yoast_head":"<!-- This site is optimized with the Yoast SEO plugin v27.4 - https:\/\/yoast.com\/product\/yoast-seo-wordpress\/ -->\n<title>Madi Group - Empowering Beauty, Innovation and Growth<\/title>\n<meta name=\"description\" content=\"Discover Madi Group\u2019s legacy of innovation in beauty. Explore our dynamic ventures in distribution, retail, education, and manufacturing across the Middle East since 1991.\" \/>\n<meta name=\"robots\" content=\"index, follow, max-snippet:-1, max-image-preview:large, max-video-preview:-1\" \/>\n<link rel=\"canonical\" href=\"https:\/\/madigroup.com\/de\/vertrieb\/madi-international\/konsumgueter\/\" \/>\n<meta property=\"og:locale\" content=\"de_DE\" \/>\n<meta property=\"og:type\" content=\"article\" \/>\n<meta property=\"og:title\" content=\"Madi Group - Empowering Beauty, Innovation and Growth\" \/>\n<meta property=\"og:description\" content=\"Discover Madi Group\u2019s legacy of innovation in beauty. Explore our dynamic ventures in distribution, retail, education, and manufacturing across the Middle East since 1991.\" \/>\n<meta property=\"og:url\" content=\"https:\/\/madigroup.com\/de\/vertrieb\/madi-international\/konsumgueter\/\" \/>\n<meta property=\"og:site_name\" content=\"MADI Gruppe\" \/>\n<meta property=\"article:publisher\" content=\"https:\/\/www.facebook.com\/Madi.International\/\" \/>\n<meta property=\"article:modified_time\" content=\"2024-09-13T03:02:17+00:00\" \/>\n<meta property=\"og:image\" content=\"https:\/\/madigroup.com\/wp-content\/uploads\/2021\/05\/cropped-favicon-dark.png\" \/>\n\t<meta property=\"og:image:width\" content=\"512\" \/>\n\t<meta property=\"og:image:height\" content=\"512\" \/>\n\t<meta property=\"og:image:type\" content=\"image\/png\" \/>\n<meta name=\"twitter:card\" content=\"summary_large_image\" \/>\n<meta name=\"twitter:label1\" content=\"Gesch\u00e4tzte Lesezeit\" \/>\n\t<meta name=\"twitter:data1\" content=\"3\u00a0Minuten\" \/>\n<script type=\"application\/ld+json\" class=\"yoast-schema-graph\">{\"@context\":\"https:\\\/\\\/schema.org\",\"@graph\":[{\"@type\":\"Article\",\"@id\":\"https:\\\/\\\/madigroup.com\\\/de\\\/vertrieb\\\/madi-international\\\/konsumgueter\\\/#article\",\"isPartOf\":{\"@id\":\"https:\\\/\\\/madigroup.com\\\/de\\\/vertrieb\\\/madi-international\\\/konsumgueter\\\/\"},\"author\":{\"name\":\"madi_admin\",\"@id\":\"https:\\\/\\\/madigroup.com\\\/#\\\/schema\\\/person\\\/11a3753e1909bdec36482681711ee73f\"},\"headline\":\"Konsumg\u00fcter\",\"datePublished\":\"2023-10-24T06:20:37+00:00\",\"dateModified\":\"2024-09-13T03:02:17+00:00\",\"mainEntityOfPage\":{\"@id\":\"https:\\\/\\\/madigroup.com\\\/de\\\/vertrieb\\\/madi-international\\\/konsumgueter\\\/\"},\"wordCount\":509,\"publisher\":{\"@id\":\"https:\\\/\\\/madigroup.com\\\/#organization\"},\"inLanguage\":\"de\"},{\"@type\":\"WebPage\",\"@id\":\"https:\\\/\\\/madigroup.com\\\/de\\\/vertrieb\\\/madi-international\\\/konsumgueter\\\/\",\"url\":\"https:\\\/\\\/madigroup.com\\\/de\\\/vertrieb\\\/madi-international\\\/konsumgueter\\\/\",\"name\":\"Madi Group - Empowering Beauty, Innovation and Growth\",\"isPartOf\":{\"@id\":\"https:\\\/\\\/madigroup.com\\\/#website\"},\"datePublished\":\"2023-10-24T06:20:37+00:00\",\"dateModified\":\"2024-09-13T03:02:17+00:00\",\"description\":\"Discover Madi Group\u2019s legacy of innovation in beauty. Explore our dynamic ventures in distribution, retail, education, and manufacturing across the Middle East since 1991.\",\"breadcrumb\":{\"@id\":\"https:\\\/\\\/madigroup.com\\\/de\\\/vertrieb\\\/madi-international\\\/konsumgueter\\\/#breadcrumb\"},\"inLanguage\":\"de\",\"potentialAction\":[{\"@type\":\"ReadAction\",\"target\":[\"https:\\\/\\\/madigroup.com\\\/de\\\/vertrieb\\\/madi-international\\\/konsumgueter\\\/\"]}]},{\"@type\":\"BreadcrumbList\",\"@id\":\"https:\\\/\\\/madigroup.com\\\/de\\\/vertrieb\\\/madi-international\\\/konsumgueter\\\/#breadcrumb\",\"itemListElement\":[{\"@type\":\"ListItem\",\"position\":1,\"name\":\"Home\",\"item\":\"https:\\\/\\\/madigroup.com\\\/de\\\/heim\\\/\"},{\"@type\":\"ListItem\",\"position\":2,\"name\":\"Vertrieb\",\"item\":\"https:\\\/\\\/madigroup.com\\\/de\\\/vertrieb\\\/\"},{\"@type\":\"ListItem\",\"position\":3,\"name\":\"MADI International\",\"item\":\"https:\\\/\\\/madigroup.com\\\/de\\\/vertrieb\\\/madi-international\\\/\"},{\"@type\":\"ListItem\",\"position\":4,\"name\":\"Konsumg\u00fcter\"}]},{\"@type\":\"WebSite\",\"@id\":\"https:\\\/\\\/madigroup.com\\\/#website\",\"url\":\"https:\\\/\\\/madigroup.com\\\/\",\"name\":\"https:\\\/\\\/madigroup.com\\\/\",\"description\":\"Global Distributor of Professional Salon Products | Hair, Skin, and Nail Care Supplies\",\"publisher\":{\"@id\":\"https:\\\/\\\/madigroup.com\\\/#organization\"},\"alternateName\":\"Madi Group\",\"potentialAction\":[{\"@type\":\"SearchAction\",\"target\":{\"@type\":\"EntryPoint\",\"urlTemplate\":\"https:\\\/\\\/madigroup.com\\\/?s={search_term_string}\"},\"query-input\":{\"@type\":\"PropertyValueSpecification\",\"valueRequired\":true,\"valueName\":\"search_term_string\"}}],\"inLanguage\":\"de\"},{\"@type\":\"Organization\",\"@id\":\"https:\\\/\\\/madigroup.com\\\/#organization\",\"name\":\"Madi Group\",\"url\":\"https:\\\/\\\/madigroup.com\\\/\",\"logo\":{\"@type\":\"ImageObject\",\"inLanguage\":\"de\",\"@id\":\"https:\\\/\\\/madigroup.com\\\/#\\\/schema\\\/logo\\\/image\\\/\",\"url\":\"https:\\\/\\\/madigroup.com\\\/wp-content\\\/uploads\\\/2021\\\/05\\\/favicon-dark.png\",\"contentUrl\":\"https:\\\/\\\/madigroup.com\\\/wp-content\\\/uploads\\\/2021\\\/05\\\/favicon-dark.png\",\"width\":512,\"height\":512,\"caption\":\"Madi Group\"},\"image\":{\"@id\":\"https:\\\/\\\/madigroup.com\\\/#\\\/schema\\\/logo\\\/image\\\/\"},\"sameAs\":[\"https:\\\/\\\/www.facebook.com\\\/Madi.International\\\/\",\"https:\\\/\\\/www.instagram.com\\\/madi_intl\\\/\",\"https:\\\/\\\/www.linkedin.com\\\/company\\\/madi-international\\\/\"]},{\"@type\":\"Person\",\"@id\":\"https:\\\/\\\/madigroup.com\\\/#\\\/schema\\\/person\\\/11a3753e1909bdec36482681711ee73f\",\"name\":\"madi_admin\",\"image\":{\"@type\":\"ImageObject\",\"inLanguage\":\"de\",\"@id\":\"https:\\\/\\\/secure.gravatar.com\\\/avatar\\\/7367d1085462226c651b4faf7cb5d187a43c34bb78e0f7c7fb1a3f1e32cf8b46?s=96&d=mm&r=g\",\"url\":\"https:\\\/\\\/secure.gravatar.com\\\/avatar\\\/7367d1085462226c651b4faf7cb5d187a43c34bb78e0f7c7fb1a3f1e32cf8b46?s=96&d=mm&r=g\",\"contentUrl\":\"https:\\\/\\\/secure.gravatar.com\\\/avatar\\\/7367d1085462226c651b4faf7cb5d187a43c34bb78e0f7c7fb1a3f1e32cf8b46?s=96&d=mm&r=g\",\"caption\":\"madi_admin\"},\"sameAs\":[\"https:\\\/\\\/madigroup.com\"],\"url\":\"https:\\\/\\\/madigroup.com\\\/de\\\/author\\\/madi_admin\\\/\"}]}<\/script>\n<!-- \/ Yoast SEO plugin. -->","yoast_head_json":{"title":"Madi Group - Empowering Beauty, Innovation and Growth","description":"Discover Madi Group\u2019s legacy of innovation in beauty. Explore our dynamic ventures in distribution, retail, education, and manufacturing across the Middle East since 1991.","robots":{"index":"index","follow":"follow","max-snippet":"max-snippet:-1","max-image-preview":"max-image-preview:large","max-video-preview":"max-video-preview:-1"},"canonical":"https:\/\/madigroup.com\/de\/vertrieb\/madi-international\/konsumgueter\/","og_locale":"de_DE","og_type":"article","og_title":"Madi Group - Empowering Beauty, Innovation and Growth","og_description":"Discover Madi Group\u2019s legacy of innovation in beauty. Explore our dynamic ventures in distribution, retail, education, and manufacturing across the Middle East since 1991.","og_url":"https:\/\/madigroup.com\/de\/vertrieb\/madi-international\/konsumgueter\/","og_site_name":"MADI Gruppe","article_publisher":"https:\/\/www.facebook.com\/Madi.International\/","article_modified_time":"2024-09-13T03:02:17+00:00","og_image":[{"width":512,"height":512,"url":"https:\/\/madigroup.com\/wp-content\/uploads\/2021\/05\/cropped-favicon-dark.png","type":"image\/png"}],"twitter_card":"summary_large_image","twitter_misc":{"Gesch\u00e4tzte Lesezeit":"3\u00a0Minuten"},"schema":{"@context":"https:\/\/schema.org","@graph":[{"@type":"Article","@id":"https:\/\/madigroup.com\/de\/vertrieb\/madi-international\/konsumgueter\/#article","isPartOf":{"@id":"https:\/\/madigroup.com\/de\/vertrieb\/madi-international\/konsumgueter\/"},"author":{"name":"madi_admin","@id":"https:\/\/madigroup.com\/#\/schema\/person\/11a3753e1909bdec36482681711ee73f"},"headline":"Konsumg\u00fcter","datePublished":"2023-10-24T06:20:37+00:00","dateModified":"2024-09-13T03:02:17+00:00","mainEntityOfPage":{"@id":"https:\/\/madigroup.com\/de\/vertrieb\/madi-international\/konsumgueter\/"},"wordCount":509,"publisher":{"@id":"https:\/\/madigroup.com\/#organization"},"inLanguage":"de"},{"@type":"WebPage","@id":"https:\/\/madigroup.com\/de\/vertrieb\/madi-international\/konsumgueter\/","url":"https:\/\/madigroup.com\/de\/vertrieb\/madi-international\/konsumgueter\/","name":"Madi Group - Empowering Beauty, Innovation and Growth","isPartOf":{"@id":"https:\/\/madigroup.com\/#website"},"datePublished":"2023-10-24T06:20:37+00:00","dateModified":"2024-09-13T03:02:17+00:00","description":"Discover Madi Group\u2019s legacy of innovation in beauty. Explore our dynamic ventures in distribution, retail, education, and manufacturing across the Middle East since 1991.","breadcrumb":{"@id":"https:\/\/madigroup.com\/de\/vertrieb\/madi-international\/konsumgueter\/#breadcrumb"},"inLanguage":"de","potentialAction":[{"@type":"ReadAction","target":["https:\/\/madigroup.com\/de\/vertrieb\/madi-international\/konsumgueter\/"]}]},{"@type":"BreadcrumbList","@id":"https:\/\/madigroup.com\/de\/vertrieb\/madi-international\/konsumgueter\/#breadcrumb","itemListElement":[{"@type":"ListItem","position":1,"name":"Home","item":"https:\/\/madigroup.com\/de\/heim\/"},{"@type":"ListItem","position":2,"name":"Vertrieb","item":"https:\/\/madigroup.com\/de\/vertrieb\/"},{"@type":"ListItem","position":3,"name":"MADI International","item":"https:\/\/madigroup.com\/de\/vertrieb\/madi-international\/"},{"@type":"ListItem","position":4,"name":"Konsumg\u00fcter"}]},{"@type":"WebSite","@id":"https:\/\/madigroup.com\/#website","url":"https:\/\/madigroup.com\/","name":"https:\/\/madigroup.com\/","description":"Global Distributor of Professional Salon Products | Hair, Skin, and Nail Care Supplies","publisher":{"@id":"https:\/\/madigroup.com\/#organization"},"alternateName":"Madi Group","potentialAction":[{"@type":"SearchAction","target":{"@type":"EntryPoint","urlTemplate":"https:\/\/madigroup.com\/?s={search_term_string}"},"query-input":{"@type":"PropertyValueSpecification","valueRequired":true,"valueName":"search_term_string"}}],"inLanguage":"de"},{"@type":"Organization","@id":"https:\/\/madigroup.com\/#organization","name":"Madi Group","url":"https:\/\/madigroup.com\/","logo":{"@type":"ImageObject","inLanguage":"de","@id":"https:\/\/madigroup.com\/#\/schema\/logo\/image\/","url":"https:\/\/madigroup.com\/wp-content\/uploads\/2021\/05\/favicon-dark.png","contentUrl":"https:\/\/madigroup.com\/wp-content\/uploads\/2021\/05\/favicon-dark.png","width":512,"height":512,"caption":"Madi Group"},"image":{"@id":"https:\/\/madigroup.com\/#\/schema\/logo\/image\/"},"sameAs":["https:\/\/www.facebook.com\/Madi.International\/","https:\/\/www.instagram.com\/madi_intl\/","https:\/\/www.linkedin.com\/company\/madi-international\/"]},{"@type":"Person","@id":"https:\/\/madigroup.com\/#\/schema\/person\/11a3753e1909bdec36482681711ee73f","name":"madi_admin","image":{"@type":"ImageObject","inLanguage":"de","@id":"https:\/\/secure.gravatar.com\/avatar\/7367d1085462226c651b4faf7cb5d187a43c34bb78e0f7c7fb1a3f1e32cf8b46?s=96&d=mm&r=g","url":"https:\/\/secure.gravatar.com\/avatar\/7367d1085462226c651b4faf7cb5d187a43c34bb78e0f7c7fb1a3f1e32cf8b46?s=96&d=mm&r=g","contentUrl":"https:\/\/secure.gravatar.com\/avatar\/7367d1085462226c651b4faf7cb5d187a43c34bb78e0f7c7fb1a3f1e32cf8b46?s=96&d=mm&r=g","caption":"madi_admin"},"sameAs":["https:\/\/madigroup.com"],"url":"https:\/\/madigroup.com\/de\/author\/madi_admin\/"}]}},"_links":{"self":[{"href":"https:\/\/madigroup.com\/de\/wp-json\/wp\/v2\/pages\/10887","targetHints":{"allow":["GET"]}}],"collection":[{"href":"https:\/\/madigroup.com\/de\/wp-json\/wp\/v2\/pages"}],"about":[{"href":"https:\/\/madigroup.com\/de\/wp-json\/wp\/v2\/types\/page"}],"author":[{"embeddable":true,"href":"https:\/\/madigroup.com\/de\/wp-json\/wp\/v2\/users\/1"}],"replies":[{"embeddable":true,"href":"https:\/\/madigroup.com\/de\/wp-json\/wp\/v2\/comments?post=10887"}],"version-history":[{"count":0,"href":"https:\/\/madigroup.com\/de\/wp-json\/wp\/v2\/pages\/10887\/revisions"}],"up":[{"embeddable":true,"href":"https:\/\/madigroup.com\/de\/wp-json\/wp\/v2\/pages\/10924"}],"wp:attachment":[{"href":"https:\/\/madigroup.com\/de\/wp-json\/wp\/v2\/media?parent=10887"}],"curies":[{"name":"wp","href":"https:\/\/api.w.org\/{rel}","templated":true}]}}