{"id":10776,"date":"2023-11-21T05:30:40","date_gmt":"2023-11-21T05:30:40","guid":{"rendered":"https:\/\/madigroup.com\/quattro\/"},"modified":"2024-09-13T07:33:05","modified_gmt":"2024-09-13T07:33:05","slug":"quattro","status":"publish","type":"page","link":"https:\/\/madigroup.com\/de\/marken-inkubator\/quattro\/","title":{"rendered":"Quattro"},"content":{"rendered":"\t\t<div data-elementor-type=\"wp-page\" data-elementor-id=\"10776\" class=\"elementor elementor-10776 elementor-4813\">\n\t\t\t\t<div class=\"elementor-element elementor-element-719b253 e-con-full e-flex e-con e-parent\" data-id=\"719b253\" data-element_type=\"container\" data-e-type=\"container\" data-settings=\"{&quot;background_background&quot;:&quot;classic&quot;}\">\n\t\t<div class=\"elementor-element elementor-element-48e351d e-con-full e-flex e-con e-child\" data-id=\"48e351d\" data-element_type=\"container\" data-e-type=\"container\">\n\t\t\t\t<\/div>\n\t\t\t\t<\/div>\n\t\t<div class=\"elementor-element elementor-element-58b0ce3 e-flex e-con-boxed e-con e-parent\" data-id=\"58b0ce3\" data-element_type=\"container\" data-e-type=\"container\" data-settings=\"{&quot;background_background&quot;:&quot;classic&quot;}\">\n\t\t\t\t\t<div class=\"e-con-inner\">\n\t\t<div class=\"elementor-element elementor-element-850a72a e-con-full e-grid e-con e-child\" data-id=\"850a72a\" data-element_type=\"container\" data-e-type=\"container\">\n\t\t<div class=\"elementor-element elementor-element-08d376c e-con-full e-flex e-con e-child\" data-id=\"08d376c\" data-element_type=\"container\" data-e-type=\"container\">\n\t\t\t\t<div class=\"elementor-element elementor-element-33c9e4a elementor-widget elementor-widget-heading\" data-id=\"33c9e4a\" data-element_type=\"widget\" data-e-type=\"widget\" data-widget_type=\"heading.default\">\n\t\t\t\t<div class=\"elementor-widget-container\">\n\t\t\t\t\t<h2 class=\"elementor-heading-title elementor-size-default\">Quattro Professional<\/h2>\t\t\t\t<\/div>\n\t\t\t\t<\/div>\n\t\t\t\t<div class=\"elementor-element elementor-element-9197d22 elementor-widget elementor-widget-text-editor\" data-id=\"9197d22\" data-element_type=\"widget\" data-e-type=\"widget\" data-widget_type=\"text-editor.default\">\n\t\t\t\t<div class=\"elementor-widget-container\">\n\t\t\t\t\t\t\t\t\t<p>Bei &#8218;Quattro Professional&#8216; ist das Haar unsere Pflege.<br \/>\nEs wurde entwickelt und hergestellt, um die hohen Standards von Fachleuten und Verbrauchern zu erf\u00fcllen, die zertifizierte Produkte verlangen.<br \/>\nDie Marke wurde entwickelt, um die neueste Technologie, die beeindruckendsten Designs und hochwertige Haarger\u00e4te anzubieten.<br \/>\nUnser Hauptziel ist es, neue Stile zu kreieren und die Bed\u00fcrfnisse von professionellen Friseuren und Verbrauchern auf der ganzen Welt zu erf\u00fcllen.   <\/p>\n<p>Die Produkte werden von erfahrenen Fachleuten in der Haarpflegebranche getestet, um ihre hohe Qualit\u00e4t und die neuesten Trends sicherzustellen.<\/p>\n<p>Quattro Professional verf\u00fcgt \u00fcber ein umfassendes Sortiment an fortschrittlichen, innovativen und zuverl\u00e4ssigen Produkten, darunter Handhaartrockner, Haargl\u00e4tter, Lockenwickler, Haarschneidemaschinen, Haarschneider, Haarschneider, Haarwerkzeuge und Zubeh\u00f6r.<\/p>\n\t\t\t\t\t\t\t\t<\/div>\n\t\t\t\t<\/div>\n\t\t\t\t<div class=\"elementor-element elementor-element-053c4bf elementor-widget elementor-widget-fs-button\" data-id=\"053c4bf\" data-element_type=\"widget\" data-e-type=\"widget\" data-widget_type=\"fs-button.default\">\n\t\t\t\t<div class=\"elementor-widget-container\">\n\t\t\t\t\t\r\n            <div class=\"button-wrapper\">\r\n\r\n                <a href=\"https:\/\/www.quattroprofessional.com\/\"\r\n                   class=\"fs-button dark-border-style\"\r\n                   target=\"_blank\">\r\n\r\n                    Onze website\r\n                <\/a>\r\n\r\n            <\/div>\r\n\r\n        \t\t\t\t<\/div>\n\t\t\t\t<\/div>\n\t\t\t\t<\/div>\n\t\t\t\t<div class=\"elementor-element elementor-element-59e822d elementor-widget elementor-widget-image\" data-id=\"59e822d\" data-element_type=\"widget\" data-e-type=\"widget\" data-widget_type=\"image.default\">\n\t\t\t\t<div class=\"elementor-widget-container\">\n\t\t\t\t\t\t\t\t\t\t\t\t\t\t\t<img fetchpriority=\"high\" decoding=\"async\" width=\"475\" height=\"575\" src=\"https:\/\/madigroup.com\/wp-content\/uploads\/2024\/01\/Quattro-475x575-1.jpg\" class=\"attachment-medium_large size-medium_large wp-image-7664\" alt=\"\" srcset=\"https:\/\/madigroup.com\/wp-content\/uploads\/2024\/01\/Quattro-475x575-1.jpg 475w, https:\/\/madigroup.com\/wp-content\/uploads\/2024\/01\/Quattro-475x575-1-248x300.jpg 248w\" sizes=\"(max-width: 475px) 100vw, 475px\" \/>\t\t\t\t\t\t\t\t\t\t\t\t\t\t\t<\/div>\n\t\t\t\t<\/div>\n\t\t\t\t<\/div>\n\t\t\t\t\t<\/div>\n\t\t\t\t<\/div>\n\t\t\t\t<\/div>\n\t\t","protected":false},"excerpt":{"rendered":"<p>Quattro Professional Bei &#8218;Quattro Professional&#8216; ist das Haar unsere Pflege. Es wurde entwickelt und hergestellt, um die hohen Standards von Fachleuten und Verbrauchern zu erf\u00fcllen, die zertifizierte Produkte verlangen. Die Marke wurde entwickelt, um die neueste Technologie, die beeindruckendsten Designs und hochwertige Haarger\u00e4te anzubieten. Unser Hauptziel ist es, neue Stile zu kreieren und die Bed\u00fcrfnisse [&hellip;]<\/p>\n","protected":false},"author":1,"featured_media":0,"parent":10792,"menu_order":0,"comment_status":"closed","ping_status":"closed","template":"","meta":{"_acf_changed":false,"footnotes":""},"class_list":["post-10776","page","type-page","status-publish","hentry"],"acf":[],"yoast_head":"<!-- This site is optimized with the Yoast SEO plugin v27.4 - https:\/\/yoast.com\/product\/yoast-seo-wordpress\/ -->\n<title>Madi Group - Empowering Beauty, Innovation and Growth<\/title>\n<meta name=\"description\" content=\"Discover Madi Group\u2019s legacy of innovation in beauty. Explore our dynamic ventures in distribution, retail, education, and manufacturing across the Middle East since 1991.\" \/>\n<meta name=\"robots\" content=\"index, follow, max-snippet:-1, max-image-preview:large, max-video-preview:-1\" \/>\n<link rel=\"canonical\" href=\"https:\/\/madigroup.com\/de\/marken-inkubator\/quattro\/\" \/>\n<meta property=\"og:locale\" content=\"de_DE\" \/>\n<meta property=\"og:type\" content=\"article\" \/>\n<meta property=\"og:title\" content=\"Madi Group - Empowering Beauty, Innovation and Growth\" \/>\n<meta property=\"og:description\" content=\"Discover Madi Group\u2019s legacy of innovation in beauty. Explore our dynamic ventures in distribution, retail, education, and manufacturing across the Middle East since 1991.\" \/>\n<meta property=\"og:url\" content=\"https:\/\/madigroup.com\/de\/marken-inkubator\/quattro\/\" \/>\n<meta property=\"og:site_name\" content=\"MADI Gruppe\" \/>\n<meta property=\"article:publisher\" content=\"https:\/\/www.facebook.com\/Madi.International\/\" \/>\n<meta property=\"article:modified_time\" content=\"2024-09-13T07:33:05+00:00\" \/>\n<meta property=\"og:image\" content=\"https:\/\/madigroup.com\/wp-content\/uploads\/2024\/01\/Quattro-475x575-1.jpg\" \/>\n<meta name=\"twitter:card\" content=\"summary_large_image\" \/>\n<meta name=\"twitter:label1\" content=\"Gesch\u00e4tzte Lesezeit\" \/>\n\t<meta name=\"twitter:data1\" content=\"1\u00a0Minute\" \/>\n<script type=\"application\/ld+json\" class=\"yoast-schema-graph\">{\"@context\":\"https:\\\/\\\/schema.org\",\"@graph\":[{\"@type\":\"Article\",\"@id\":\"https:\\\/\\\/madigroup.com\\\/de\\\/marken-inkubator\\\/quattro\\\/#article\",\"isPartOf\":{\"@id\":\"https:\\\/\\\/madigroup.com\\\/de\\\/marken-inkubator\\\/quattro\\\/\"},\"author\":{\"name\":\"madi_admin\",\"@id\":\"https:\\\/\\\/madigroup.com\\\/#\\\/schema\\\/person\\\/11a3753e1909bdec36482681711ee73f\"},\"headline\":\"Quattro\",\"datePublished\":\"2023-11-21T05:30:40+00:00\",\"dateModified\":\"2024-09-13T07:33:05+00:00\",\"mainEntityOfPage\":{\"@id\":\"https:\\\/\\\/madigroup.com\\\/de\\\/marken-inkubator\\\/quattro\\\/\"},\"wordCount\":120,\"publisher\":{\"@id\":\"https:\\\/\\\/madigroup.com\\\/#organization\"},\"image\":{\"@id\":\"https:\\\/\\\/madigroup.com\\\/de\\\/marken-inkubator\\\/quattro\\\/#primaryimage\"},\"thumbnailUrl\":\"https:\\\/\\\/madigroup.com\\\/wp-content\\\/uploads\\\/2024\\\/01\\\/Quattro-475x575-1.jpg\",\"inLanguage\":\"de\"},{\"@type\":\"WebPage\",\"@id\":\"https:\\\/\\\/madigroup.com\\\/de\\\/marken-inkubator\\\/quattro\\\/\",\"url\":\"https:\\\/\\\/madigroup.com\\\/de\\\/marken-inkubator\\\/quattro\\\/\",\"name\":\"Madi Group - Empowering Beauty, Innovation and Growth\",\"isPartOf\":{\"@id\":\"https:\\\/\\\/madigroup.com\\\/#website\"},\"primaryImageOfPage\":{\"@id\":\"https:\\\/\\\/madigroup.com\\\/de\\\/marken-inkubator\\\/quattro\\\/#primaryimage\"},\"image\":{\"@id\":\"https:\\\/\\\/madigroup.com\\\/de\\\/marken-inkubator\\\/quattro\\\/#primaryimage\"},\"thumbnailUrl\":\"https:\\\/\\\/madigroup.com\\\/wp-content\\\/uploads\\\/2024\\\/01\\\/Quattro-475x575-1.jpg\",\"datePublished\":\"2023-11-21T05:30:40+00:00\",\"dateModified\":\"2024-09-13T07:33:05+00:00\",\"description\":\"Discover Madi Group\u2019s legacy of innovation in beauty. Explore our dynamic ventures in distribution, retail, education, and manufacturing across the Middle East since 1991.\",\"breadcrumb\":{\"@id\":\"https:\\\/\\\/madigroup.com\\\/de\\\/marken-inkubator\\\/quattro\\\/#breadcrumb\"},\"inLanguage\":\"de\",\"potentialAction\":[{\"@type\":\"ReadAction\",\"target\":[\"https:\\\/\\\/madigroup.com\\\/de\\\/marken-inkubator\\\/quattro\\\/\"]}]},{\"@type\":\"ImageObject\",\"inLanguage\":\"de\",\"@id\":\"https:\\\/\\\/madigroup.com\\\/de\\\/marken-inkubator\\\/quattro\\\/#primaryimage\",\"url\":\"https:\\\/\\\/madigroup.com\\\/wp-content\\\/uploads\\\/2024\\\/01\\\/Quattro-475x575-1.jpg\",\"contentUrl\":\"https:\\\/\\\/madigroup.com\\\/wp-content\\\/uploads\\\/2024\\\/01\\\/Quattro-475x575-1.jpg\"},{\"@type\":\"BreadcrumbList\",\"@id\":\"https:\\\/\\\/madigroup.com\\\/de\\\/marken-inkubator\\\/quattro\\\/#breadcrumb\",\"itemListElement\":[{\"@type\":\"ListItem\",\"position\":1,\"name\":\"Home\",\"item\":\"https:\\\/\\\/madigroup.com\\\/de\\\/heim\\\/\"},{\"@type\":\"ListItem\",\"position\":2,\"name\":\"Marken-Inkubator\",\"item\":\"https:\\\/\\\/madigroup.com\\\/de\\\/marken-inkubator\\\/\"},{\"@type\":\"ListItem\",\"position\":3,\"name\":\"Quattro\"}]},{\"@type\":\"WebSite\",\"@id\":\"https:\\\/\\\/madigroup.com\\\/#website\",\"url\":\"https:\\\/\\\/madigroup.com\\\/\",\"name\":\"https:\\\/\\\/madigroup.com\\\/\",\"description\":\"Global Distributor of Professional Salon Products | Hair, Skin, and Nail Care Supplies\",\"publisher\":{\"@id\":\"https:\\\/\\\/madigroup.com\\\/#organization\"},\"alternateName\":\"Madi Group\",\"potentialAction\":[{\"@type\":\"SearchAction\",\"target\":{\"@type\":\"EntryPoint\",\"urlTemplate\":\"https:\\\/\\\/madigroup.com\\\/?s={search_term_string}\"},\"query-input\":{\"@type\":\"PropertyValueSpecification\",\"valueRequired\":true,\"valueName\":\"search_term_string\"}}],\"inLanguage\":\"de\"},{\"@type\":\"Organization\",\"@id\":\"https:\\\/\\\/madigroup.com\\\/#organization\",\"name\":\"Madi Group\",\"url\":\"https:\\\/\\\/madigroup.com\\\/\",\"logo\":{\"@type\":\"ImageObject\",\"inLanguage\":\"de\",\"@id\":\"https:\\\/\\\/madigroup.com\\\/#\\\/schema\\\/logo\\\/image\\\/\",\"url\":\"https:\\\/\\\/madigroup.com\\\/wp-content\\\/uploads\\\/2021\\\/05\\\/favicon-dark.png\",\"contentUrl\":\"https:\\\/\\\/madigroup.com\\\/wp-content\\\/uploads\\\/2021\\\/05\\\/favicon-dark.png\",\"width\":512,\"height\":512,\"caption\":\"Madi Group\"},\"image\":{\"@id\":\"https:\\\/\\\/madigroup.com\\\/#\\\/schema\\\/logo\\\/image\\\/\"},\"sameAs\":[\"https:\\\/\\\/www.facebook.com\\\/Madi.International\\\/\",\"https:\\\/\\\/www.instagram.com\\\/madi_intl\\\/\",\"https:\\\/\\\/www.linkedin.com\\\/company\\\/madi-international\\\/\"]},{\"@type\":\"Person\",\"@id\":\"https:\\\/\\\/madigroup.com\\\/#\\\/schema\\\/person\\\/11a3753e1909bdec36482681711ee73f\",\"name\":\"madi_admin\",\"image\":{\"@type\":\"ImageObject\",\"inLanguage\":\"de\",\"@id\":\"https:\\\/\\\/secure.gravatar.com\\\/avatar\\\/7367d1085462226c651b4faf7cb5d187a43c34bb78e0f7c7fb1a3f1e32cf8b46?s=96&d=mm&r=g\",\"url\":\"https:\\\/\\\/secure.gravatar.com\\\/avatar\\\/7367d1085462226c651b4faf7cb5d187a43c34bb78e0f7c7fb1a3f1e32cf8b46?s=96&d=mm&r=g\",\"contentUrl\":\"https:\\\/\\\/secure.gravatar.com\\\/avatar\\\/7367d1085462226c651b4faf7cb5d187a43c34bb78e0f7c7fb1a3f1e32cf8b46?s=96&d=mm&r=g\",\"caption\":\"madi_admin\"},\"sameAs\":[\"https:\\\/\\\/madigroup.com\"],\"url\":\"https:\\\/\\\/madigroup.com\\\/de\\\/author\\\/madi_admin\\\/\"}]}<\/script>\n<!-- \/ Yoast SEO plugin. -->","yoast_head_json":{"title":"Madi Group - Empowering Beauty, Innovation and Growth","description":"Discover Madi Group\u2019s legacy of innovation in beauty. Explore our dynamic ventures in distribution, retail, education, and manufacturing across the Middle East since 1991.","robots":{"index":"index","follow":"follow","max-snippet":"max-snippet:-1","max-image-preview":"max-image-preview:large","max-video-preview":"max-video-preview:-1"},"canonical":"https:\/\/madigroup.com\/de\/marken-inkubator\/quattro\/","og_locale":"de_DE","og_type":"article","og_title":"Madi Group - Empowering Beauty, Innovation and Growth","og_description":"Discover Madi Group\u2019s legacy of innovation in beauty. Explore our dynamic ventures in distribution, retail, education, and manufacturing across the Middle East since 1991.","og_url":"https:\/\/madigroup.com\/de\/marken-inkubator\/quattro\/","og_site_name":"MADI Gruppe","article_publisher":"https:\/\/www.facebook.com\/Madi.International\/","article_modified_time":"2024-09-13T07:33:05+00:00","og_image":[{"url":"https:\/\/madigroup.com\/wp-content\/uploads\/2024\/01\/Quattro-475x575-1.jpg","type":"","width":"","height":""}],"twitter_card":"summary_large_image","twitter_misc":{"Gesch\u00e4tzte Lesezeit":"1\u00a0Minute"},"schema":{"@context":"https:\/\/schema.org","@graph":[{"@type":"Article","@id":"https:\/\/madigroup.com\/de\/marken-inkubator\/quattro\/#article","isPartOf":{"@id":"https:\/\/madigroup.com\/de\/marken-inkubator\/quattro\/"},"author":{"name":"madi_admin","@id":"https:\/\/madigroup.com\/#\/schema\/person\/11a3753e1909bdec36482681711ee73f"},"headline":"Quattro","datePublished":"2023-11-21T05:30:40+00:00","dateModified":"2024-09-13T07:33:05+00:00","mainEntityOfPage":{"@id":"https:\/\/madigroup.com\/de\/marken-inkubator\/quattro\/"},"wordCount":120,"publisher":{"@id":"https:\/\/madigroup.com\/#organization"},"image":{"@id":"https:\/\/madigroup.com\/de\/marken-inkubator\/quattro\/#primaryimage"},"thumbnailUrl":"https:\/\/madigroup.com\/wp-content\/uploads\/2024\/01\/Quattro-475x575-1.jpg","inLanguage":"de"},{"@type":"WebPage","@id":"https:\/\/madigroup.com\/de\/marken-inkubator\/quattro\/","url":"https:\/\/madigroup.com\/de\/marken-inkubator\/quattro\/","name":"Madi Group - Empowering Beauty, Innovation and Growth","isPartOf":{"@id":"https:\/\/madigroup.com\/#website"},"primaryImageOfPage":{"@id":"https:\/\/madigroup.com\/de\/marken-inkubator\/quattro\/#primaryimage"},"image":{"@id":"https:\/\/madigroup.com\/de\/marken-inkubator\/quattro\/#primaryimage"},"thumbnailUrl":"https:\/\/madigroup.com\/wp-content\/uploads\/2024\/01\/Quattro-475x575-1.jpg","datePublished":"2023-11-21T05:30:40+00:00","dateModified":"2024-09-13T07:33:05+00:00","description":"Discover Madi Group\u2019s legacy of innovation in beauty. Explore our dynamic ventures in distribution, retail, education, and manufacturing across the Middle East since 1991.","breadcrumb":{"@id":"https:\/\/madigroup.com\/de\/marken-inkubator\/quattro\/#breadcrumb"},"inLanguage":"de","potentialAction":[{"@type":"ReadAction","target":["https:\/\/madigroup.com\/de\/marken-inkubator\/quattro\/"]}]},{"@type":"ImageObject","inLanguage":"de","@id":"https:\/\/madigroup.com\/de\/marken-inkubator\/quattro\/#primaryimage","url":"https:\/\/madigroup.com\/wp-content\/uploads\/2024\/01\/Quattro-475x575-1.jpg","contentUrl":"https:\/\/madigroup.com\/wp-content\/uploads\/2024\/01\/Quattro-475x575-1.jpg"},{"@type":"BreadcrumbList","@id":"https:\/\/madigroup.com\/de\/marken-inkubator\/quattro\/#breadcrumb","itemListElement":[{"@type":"ListItem","position":1,"name":"Home","item":"https:\/\/madigroup.com\/de\/heim\/"},{"@type":"ListItem","position":2,"name":"Marken-Inkubator","item":"https:\/\/madigroup.com\/de\/marken-inkubator\/"},{"@type":"ListItem","position":3,"name":"Quattro"}]},{"@type":"WebSite","@id":"https:\/\/madigroup.com\/#website","url":"https:\/\/madigroup.com\/","name":"https:\/\/madigroup.com\/","description":"Global Distributor of Professional Salon Products | Hair, Skin, and Nail Care Supplies","publisher":{"@id":"https:\/\/madigroup.com\/#organization"},"alternateName":"Madi Group","potentialAction":[{"@type":"SearchAction","target":{"@type":"EntryPoint","urlTemplate":"https:\/\/madigroup.com\/?s={search_term_string}"},"query-input":{"@type":"PropertyValueSpecification","valueRequired":true,"valueName":"search_term_string"}}],"inLanguage":"de"},{"@type":"Organization","@id":"https:\/\/madigroup.com\/#organization","name":"Madi Group","url":"https:\/\/madigroup.com\/","logo":{"@type":"ImageObject","inLanguage":"de","@id":"https:\/\/madigroup.com\/#\/schema\/logo\/image\/","url":"https:\/\/madigroup.com\/wp-content\/uploads\/2021\/05\/favicon-dark.png","contentUrl":"https:\/\/madigroup.com\/wp-content\/uploads\/2021\/05\/favicon-dark.png","width":512,"height":512,"caption":"Madi Group"},"image":{"@id":"https:\/\/madigroup.com\/#\/schema\/logo\/image\/"},"sameAs":["https:\/\/www.facebook.com\/Madi.International\/","https:\/\/www.instagram.com\/madi_intl\/","https:\/\/www.linkedin.com\/company\/madi-international\/"]},{"@type":"Person","@id":"https:\/\/madigroup.com\/#\/schema\/person\/11a3753e1909bdec36482681711ee73f","name":"madi_admin","image":{"@type":"ImageObject","inLanguage":"de","@id":"https:\/\/secure.gravatar.com\/avatar\/7367d1085462226c651b4faf7cb5d187a43c34bb78e0f7c7fb1a3f1e32cf8b46?s=96&d=mm&r=g","url":"https:\/\/secure.gravatar.com\/avatar\/7367d1085462226c651b4faf7cb5d187a43c34bb78e0f7c7fb1a3f1e32cf8b46?s=96&d=mm&r=g","contentUrl":"https:\/\/secure.gravatar.com\/avatar\/7367d1085462226c651b4faf7cb5d187a43c34bb78e0f7c7fb1a3f1e32cf8b46?s=96&d=mm&r=g","caption":"madi_admin"},"sameAs":["https:\/\/madigroup.com"],"url":"https:\/\/madigroup.com\/de\/author\/madi_admin\/"}]}},"_links":{"self":[{"href":"https:\/\/madigroup.com\/de\/wp-json\/wp\/v2\/pages\/10776","targetHints":{"allow":["GET"]}}],"collection":[{"href":"https:\/\/madigroup.com\/de\/wp-json\/wp\/v2\/pages"}],"about":[{"href":"https:\/\/madigroup.com\/de\/wp-json\/wp\/v2\/types\/page"}],"author":[{"embeddable":true,"href":"https:\/\/madigroup.com\/de\/wp-json\/wp\/v2\/users\/1"}],"replies":[{"embeddable":true,"href":"https:\/\/madigroup.com\/de\/wp-json\/wp\/v2\/comments?post=10776"}],"version-history":[{"count":0,"href":"https:\/\/madigroup.com\/de\/wp-json\/wp\/v2\/pages\/10776\/revisions"}],"up":[{"embeddable":true,"href":"https:\/\/madigroup.com\/de\/wp-json\/wp\/v2\/pages\/10792"}],"wp:attachment":[{"href":"https:\/\/madigroup.com\/de\/wp-json\/wp\/v2\/media?parent=10776"}],"curies":[{"name":"wp","href":"https:\/\/api.w.org\/{rel}","templated":true}]}}