{"id":10652,"date":"2023-10-23T07:47:03","date_gmt":"2023-10-23T07:47:03","guid":{"rendered":"https:\/\/madigroup.com\/wer-wir-sind\/"},"modified":"2024-09-06T03:36:16","modified_gmt":"2024-09-06T03:36:16","slug":"wer-wir-sind","status":"publish","type":"page","link":"https:\/\/madigroup.com\/de\/wer-wir-sind\/","title":{"rendered":"Wer wir sind"},"content":{"rendered":"\t\t<div data-elementor-type=\"wp-page\" data-elementor-id=\"10652\" class=\"elementor elementor-10652 elementor-3784\">\n\t\t\t\t\t\t<section class=\"elementor-section elementor-top-section elementor-element elementor-element-82972c5 elementor-section-height-min-height elementor-section-full_width elementor-section-height-default elementor-section-items-middle\" data-id=\"82972c5\" data-element_type=\"section\" data-e-type=\"section\" data-settings=\"{&quot;background_background&quot;:&quot;classic&quot;}\">\n\t\t\t\t\t\t<div class=\"elementor-container elementor-column-gap-extended\">\n\t\t\t\t\t<div class=\"elementor-column elementor-col-100 elementor-top-column elementor-element elementor-element-cd294c3\" data-id=\"cd294c3\" data-element_type=\"column\" data-e-type=\"column\">\n\t\t\t<div class=\"elementor-widget-wrap\">\n\t\t\t\t\t\t\t<\/div>\n\t\t<\/div>\n\t\t\t\t\t<\/div>\n\t\t<\/section>\n\t\t        <div class=\"elementor-element elementor-element-3c8c28e e-flex e-con-boxed e-con e-parent\" data-id=\"3c8c28e\" data-element_type=\"container\" data-e-type=\"container\" data-settings=\"{&quot;background_background&quot;:&quot;classic&quot;}\">\n\t\t\t\t\t<div class=\"e-con-inner\">\n\t\t<div class=\"elementor-element elementor-element-8475871 e-flex e-con-boxed e-con e-child\" data-id=\"8475871\" data-element_type=\"container\" data-e-type=\"container\">\n\t\t\t\t\t<div class=\"e-con-inner\">\n\t\t\t\t<div class=\"elementor-element elementor-element-3dc194d elementor-widget__width-initial elementor-widget elementor-widget-heading\" data-id=\"3dc194d\" data-element_type=\"widget\" data-e-type=\"widget\" data-widget_type=\"heading.default\">\n\t\t\t\t<div class=\"elementor-widget-container\">\n\t\t\t\t\t<h2 class=\"elementor-heading-title elementor-size-default\">WER WIR SIND<\/h2>\t\t\t\t<\/div>\n\t\t\t\t<\/div>\n\t\t\t\t<div class=\"elementor-element elementor-element-a9351db elementor-widget elementor-widget-text-editor\" data-id=\"a9351db\" data-element_type=\"widget\" data-e-type=\"widget\" data-widget_type=\"text-editor.default\">\n\t\t\t\t<div class=\"elementor-widget-container\">\n\t\t\t\t\t\t\t\t\t<p class=\"MsoNormal\"><span lang=\"EN-US\">Die Madi Group verk\u00f6rpert eine Sammlung von dynamischen Unternehmen, die durch ein gemeinsames Ethos in verschiedenen Branchen wie Vertrieb, Einzelhandel, Bildung, Dienstleistungen, Markeninkubation und Produktion vereint sind.<br \/>\nUnser synergetischer Ansatz zieht sich durch alle Facetten unserer Gesch\u00e4ftst\u00e4tigkeit und stellt sicher, dass unsere Mission und unsere Kernwerte in allen Bereichen zum Tragen kommen.<br \/>\nDie 1991 gegr\u00fcndete Madi Group hat im Laufe der Jahre ihre Reichweite erweitert und ihr Angebot diversifiziert, indem sie verschiedene Gesch\u00e4ftsbereiche ins Leben gerufen hat, die den sich entwickelnden Bed\u00fcrfnissen der Sch\u00f6nheitsindustrie gerecht werden.<br \/>\nIn den Vereinigten Arabischen Emiraten, Saudi-Arabien, Katar, Oman und Bahrain unterst\u00fctzt jeder Gesch\u00e4ftsbereich der Gruppe die anderen und schafft so ein robustes \u00d6kosystem, das auf Marktver\u00e4nderungen reagiert und sich eng an den Bed\u00fcrfnissen und Erwartungen der Verbraucher orientiert.<br \/>\nZusammen veranschaulichen diese Segmente die Breite und Tiefe des Engagements der Madi Group in der Sch\u00f6nheitsindustrie.<br \/>\nAls familiengef\u00fchrtes Unternehmen baut die Madi Group nicht nur Unternehmen auf, sondern pflegt ein Erbe der Sch\u00f6nheit, Innovation und Exzellenz, das neue Ma\u00dfst\u00e4be in der Branche setzt.     <\/span><\/p>\n\t\t\t\t\t\t\t\t<\/div>\n\t\t\t\t<\/div>\n\t\t\t\t\t<\/div>\n\t\t\t\t<\/div>\n\t\t\t\t\t<\/div>\n\t\t\t\t<\/div>\n\t\t<div class=\"elementor-element elementor-element-f20b4ba e-flex e-con-boxed e-con e-parent\" data-id=\"f20b4ba\" data-element_type=\"container\" data-e-type=\"container\" data-settings=\"{&quot;background_background&quot;:&quot;classic&quot;}\">\n\t\t\t\t\t<div class=\"e-con-inner\">\n\t\t<div class=\"elementor-element elementor-element-aef1341 e-con-full e-flex e-con e-child\" data-id=\"aef1341\" data-element_type=\"container\" data-e-type=\"container\">\n\t\t\t\t<div class=\"elementor-element elementor-element-d42d724 elementor-widget elementor-widget-heading\" data-id=\"d42d724\" data-element_type=\"widget\" data-e-type=\"widget\" data-widget_type=\"heading.default\">\n\t\t\t\t<div class=\"elementor-widget-container\">\n\t\t\t\t\t<h1 class=\"elementor-heading-title elementor-size-default\">Ein Verm\u00e4chtnis der Innovation: Eine Nachricht von der Familie Madi<\/h1>\t\t\t\t<\/div>\n\t\t\t\t<\/div>\n\t\t\t\t<div class=\"elementor-element elementor-element-787b819 elementor-widget__width-inherit elementor-widget elementor-widget-image\" data-id=\"787b819\" data-element_type=\"widget\" data-e-type=\"widget\" data-widget_type=\"image.default\">\n\t\t\t\t<div class=\"elementor-widget-container\">\n\t\t\t\t\t\t\t\t\t\t\t\t\t\t\t<img fetchpriority=\"high\" decoding=\"async\" width=\"1920\" height=\"768\" src=\"https:\/\/madigroup.com\/wp-content\/uploads\/2024\/07\/Madi-Group-website-copy.jpg\" class=\"attachment-fs-wide-size-ultra-full size-fs-wide-size-ultra-full wp-image-10393\" alt=\"\" srcset=\"https:\/\/madigroup.com\/wp-content\/uploads\/2024\/07\/Madi-Group-website-copy.jpg 1920w, https:\/\/madigroup.com\/wp-content\/uploads\/2024\/07\/Madi-Group-website-copy-300x120.jpg 300w, https:\/\/madigroup.com\/wp-content\/uploads\/2024\/07\/Madi-Group-website-copy-1024x410.jpg 1024w, https:\/\/madigroup.com\/wp-content\/uploads\/2024\/07\/Madi-Group-website-copy-768x307.jpg 768w, https:\/\/madigroup.com\/wp-content\/uploads\/2024\/07\/Madi-Group-website-copy-1536x614.jpg 1536w, https:\/\/madigroup.com\/wp-content\/uploads\/2024\/07\/Madi-Group-website-copy-600x240.jpg 600w\" sizes=\"(max-width: 1920px) 100vw, 1920px\" \/>\t\t\t\t\t\t\t\t\t\t\t\t\t\t\t<\/div>\n\t\t\t\t<\/div>\n\t\t\t\t<div class=\"elementor-element elementor-element-367ea06 elementor-widget elementor-widget-text-editor\" data-id=\"367ea06\" data-element_type=\"widget\" data-e-type=\"widget\" data-widget_type=\"text-editor.default\">\n\t\t\t\t<div class=\"elementor-widget-container\">\n\t\t\t\t\t\t\t\t\t<p><em>Als Madi-Familie sind wir zutiefst privilegiert, die Madi Group gemeinsam zu leiten, aufbauend auf einem Fundament, das vor \u00fcber drei Jahrzehnten gelegt wurde.<br \/>\nUnser Weg, der im Pioniergeist unseres Pr\u00e4sidenten Mohamad Madi verwurzelt ist, gedeiht weiterhin unter der gemeinsamen F\u00fchrung seiner Kinder Rabih und Yara Madi an seiner Seite.<br \/>\nDiese nahtlose Mischung aus Erfahrung und neuen Perspektiven stellt sicher, dass wir unsere Kernaufgabe weiterhin erf\u00fcllen: unerm\u00fcdlich innovativ zu sein und gleichzeitig unsere Reichweite und unseren Einfluss in der Sch\u00f6nheitsindustrie zu vergr\u00f6\u00dfern.  <\/em><\/p>\n<p><em>Wir sind stolz auf unseren Wachstumskurs, der von unserem Ehrgeiz angetrieben wird, neue M\u00e4rkte zu erschlie\u00dfen, erstklassige Chancen zu nutzen und unverzichtbare Produkte zu entwickeln.<br \/>\nW\u00e4hrend wir das digitale Zeitalter und die pulsierenden Wege der aufstrebenden M\u00e4rkte navigieren, bleibt unser Fokus unersch\u00fctterlich: Der Endkunde steht im Mittelpunkt unserer Bem\u00fchungen und wird es immer bleiben. <\/em><\/p>\n<p><em>Die Madi Group ist ein Leuchtturm f\u00fcr kreativit\u00e4tsgetriebene und verbraucherorientierte Spitzenleistungen.<br \/>\nUnsere kreativen Talente lassen sich von unseren Kunden inspirieren und sorgen daf\u00fcr, dass jedes Produkt die Spitze der Innovation und Qualit\u00e4t widerspiegelt.<br \/>\nDar\u00fcber hinaus \u00fcberschreitet unser Engagement f\u00fcr einen erstklassigen Service die traditionellen Grenzen und passt sich den verschiedenen Vertriebskan\u00e4len und demografischen Merkmalen der Verbraucher an, um ein unvergleichliches Engagement zu f\u00f6rdern.  <\/em><\/p>\n<p><em>Als familiengef\u00fchrtes Unternehmen sind wir mehr als nur ein Unternehmen; wir sind ein Verm\u00e4chtnis in Bewegung, das sich in jeder Facette unserer T\u00e4tigkeit f\u00fcr Spitzenleistungen und Innovation einsetzt.<\/em><\/p>\n<p><em>Wir danken Ihnen von ganzem Herzen f\u00fcr Ihre anhaltende Unterst\u00fctzung und Ihr Interesse an der Madi Group, unseren Marken und unseren Produkten.<br \/>\nGemeinsam setzen wir neue Ma\u00dfst\u00e4be, nehmen Herausforderungen an und feiern die Sch\u00f6nheit der Innovation. <\/em><\/p>\n\t\t\t\t\t\t\t\t<\/div>\n\t\t\t\t<\/div>\n\t\t<div class=\"elementor-element elementor-element-621c825 e-flex e-con-boxed e-con e-child\" data-id=\"621c825\" data-element_type=\"container\" data-e-type=\"container\">\n\t\t\t\t\t<div class=\"e-con-inner\">\n\t\t\t\t\t<\/div>\n\t\t\t\t<\/div>\n\t\t\t\t<\/div>\n\t\t\t\t\t<\/div>\n\t\t\t\t<\/div>\n\t\t\t\t<\/div>\n\t\t","protected":false},"excerpt":{"rendered":"<p>WER WIR SIND Die Madi Group verk\u00f6rpert eine Sammlung von dynamischen Unternehmen, die durch ein gemeinsames Ethos in verschiedenen Branchen wie Vertrieb, Einzelhandel, Bildung, Dienstleistungen, Markeninkubation und Produktion vereint sind. Unser synergetischer Ansatz zieht sich durch alle Facetten unserer Gesch\u00e4ftst\u00e4tigkeit und stellt sicher, dass unsere Mission und unsere Kernwerte in allen Bereichen zum Tragen kommen. [&hellip;]<\/p>\n","protected":false},"author":1,"featured_media":0,"parent":0,"menu_order":0,"comment_status":"closed","ping_status":"closed","template":"","meta":{"_acf_changed":false,"footnotes":""},"class_list":["post-10652","page","type-page","status-publish","hentry"],"acf":[],"yoast_head":"<!-- This site is optimized with the Yoast SEO plugin v27.4 - https:\/\/yoast.com\/product\/yoast-seo-wordpress\/ -->\n<title>Madi Group - Empowering Beauty, Innovation and Growth<\/title>\n<meta name=\"description\" content=\"Discover Madi Group\u2019s legacy of innovation in beauty. Explore our dynamic ventures in distribution, retail, education, and manufacturing across the Middle East since 1991.\" \/>\n<meta name=\"robots\" content=\"index, follow, max-snippet:-1, max-image-preview:large, max-video-preview:-1\" \/>\n<link rel=\"canonical\" href=\"https:\/\/madigroup.com\/de\/wer-wir-sind\/\" \/>\n<meta property=\"og:locale\" content=\"de_DE\" \/>\n<meta property=\"og:type\" content=\"article\" \/>\n<meta property=\"og:title\" content=\"Madi Group - Empowering Beauty, Innovation and Growth\" \/>\n<meta property=\"og:description\" content=\"Discover Madi Group\u2019s legacy of innovation in beauty. Explore our dynamic ventures in distribution, retail, education, and manufacturing across the Middle East since 1991.\" \/>\n<meta property=\"og:url\" content=\"https:\/\/madigroup.com\/de\/wer-wir-sind\/\" \/>\n<meta property=\"og:site_name\" content=\"MADI Gruppe\" \/>\n<meta property=\"article:publisher\" content=\"https:\/\/www.facebook.com\/Madi.International\/\" \/>\n<meta property=\"article:modified_time\" content=\"2024-09-06T03:36:16+00:00\" \/>\n<meta property=\"og:image\" content=\"https:\/\/madigroup.com\/wp-content\/uploads\/2024\/07\/Madi-Group-website-copy.jpg\" \/>\n<meta name=\"twitter:card\" content=\"summary_large_image\" \/>\n<meta name=\"twitter:label1\" content=\"Gesch\u00e4tzte Lesezeit\" \/>\n\t<meta name=\"twitter:data1\" content=\"2\u00a0Minuten\" \/>\n<script type=\"application\/ld+json\" class=\"yoast-schema-graph\">{\"@context\":\"https:\\\/\\\/schema.org\",\"@graph\":[{\"@type\":\"Article\",\"@id\":\"https:\\\/\\\/madigroup.com\\\/de\\\/wer-wir-sind\\\/#article\",\"isPartOf\":{\"@id\":\"https:\\\/\\\/madigroup.com\\\/de\\\/wer-wir-sind\\\/\"},\"author\":{\"name\":\"madi_admin\",\"@id\":\"https:\\\/\\\/madigroup.com\\\/#\\\/schema\\\/person\\\/11a3753e1909bdec36482681711ee73f\"},\"headline\":\"Wer wir sind\",\"datePublished\":\"2023-10-23T07:47:03+00:00\",\"dateModified\":\"2024-09-06T03:36:16+00:00\",\"mainEntityOfPage\":{\"@id\":\"https:\\\/\\\/madigroup.com\\\/de\\\/wer-wir-sind\\\/\"},\"wordCount\":490,\"publisher\":{\"@id\":\"https:\\\/\\\/madigroup.com\\\/#organization\"},\"image\":{\"@id\":\"https:\\\/\\\/madigroup.com\\\/de\\\/wer-wir-sind\\\/#primaryimage\"},\"thumbnailUrl\":\"https:\\\/\\\/madigroup.com\\\/wp-content\\\/uploads\\\/2024\\\/07\\\/Madi-Group-website-copy.jpg\",\"inLanguage\":\"de\"},{\"@type\":\"WebPage\",\"@id\":\"https:\\\/\\\/madigroup.com\\\/de\\\/wer-wir-sind\\\/\",\"url\":\"https:\\\/\\\/madigroup.com\\\/de\\\/wer-wir-sind\\\/\",\"name\":\"Madi Group - Empowering Beauty, Innovation and Growth\",\"isPartOf\":{\"@id\":\"https:\\\/\\\/madigroup.com\\\/#website\"},\"primaryImageOfPage\":{\"@id\":\"https:\\\/\\\/madigroup.com\\\/de\\\/wer-wir-sind\\\/#primaryimage\"},\"image\":{\"@id\":\"https:\\\/\\\/madigroup.com\\\/de\\\/wer-wir-sind\\\/#primaryimage\"},\"thumbnailUrl\":\"https:\\\/\\\/madigroup.com\\\/wp-content\\\/uploads\\\/2024\\\/07\\\/Madi-Group-website-copy.jpg\",\"datePublished\":\"2023-10-23T07:47:03+00:00\",\"dateModified\":\"2024-09-06T03:36:16+00:00\",\"description\":\"Discover Madi Group\u2019s legacy of innovation in beauty. Explore our dynamic ventures in distribution, retail, education, and manufacturing across the Middle East since 1991.\",\"breadcrumb\":{\"@id\":\"https:\\\/\\\/madigroup.com\\\/de\\\/wer-wir-sind\\\/#breadcrumb\"},\"inLanguage\":\"de\",\"potentialAction\":[{\"@type\":\"ReadAction\",\"target\":[\"https:\\\/\\\/madigroup.com\\\/de\\\/wer-wir-sind\\\/\"]}]},{\"@type\":\"ImageObject\",\"inLanguage\":\"de\",\"@id\":\"https:\\\/\\\/madigroup.com\\\/de\\\/wer-wir-sind\\\/#primaryimage\",\"url\":\"https:\\\/\\\/madigroup.com\\\/wp-content\\\/uploads\\\/2024\\\/07\\\/Madi-Group-website-copy.jpg\",\"contentUrl\":\"https:\\\/\\\/madigroup.com\\\/wp-content\\\/uploads\\\/2024\\\/07\\\/Madi-Group-website-copy.jpg\"},{\"@type\":\"BreadcrumbList\",\"@id\":\"https:\\\/\\\/madigroup.com\\\/de\\\/wer-wir-sind\\\/#breadcrumb\",\"itemListElement\":[{\"@type\":\"ListItem\",\"position\":1,\"name\":\"Home\",\"item\":\"https:\\\/\\\/madigroup.com\\\/de\\\/heim\\\/\"},{\"@type\":\"ListItem\",\"position\":2,\"name\":\"Wer wir sind\"}]},{\"@type\":\"WebSite\",\"@id\":\"https:\\\/\\\/madigroup.com\\\/#website\",\"url\":\"https:\\\/\\\/madigroup.com\\\/\",\"name\":\"https:\\\/\\\/madigroup.com\\\/\",\"description\":\"Global Distributor of Professional Salon Products | Hair, Skin, and Nail Care Supplies\",\"publisher\":{\"@id\":\"https:\\\/\\\/madigroup.com\\\/#organization\"},\"alternateName\":\"Madi Group\",\"potentialAction\":[{\"@type\":\"SearchAction\",\"target\":{\"@type\":\"EntryPoint\",\"urlTemplate\":\"https:\\\/\\\/madigroup.com\\\/?s={search_term_string}\"},\"query-input\":{\"@type\":\"PropertyValueSpecification\",\"valueRequired\":true,\"valueName\":\"search_term_string\"}}],\"inLanguage\":\"de\"},{\"@type\":\"Organization\",\"@id\":\"https:\\\/\\\/madigroup.com\\\/#organization\",\"name\":\"Madi Group\",\"url\":\"https:\\\/\\\/madigroup.com\\\/\",\"logo\":{\"@type\":\"ImageObject\",\"inLanguage\":\"de\",\"@id\":\"https:\\\/\\\/madigroup.com\\\/#\\\/schema\\\/logo\\\/image\\\/\",\"url\":\"https:\\\/\\\/madigroup.com\\\/wp-content\\\/uploads\\\/2021\\\/05\\\/favicon-dark.png\",\"contentUrl\":\"https:\\\/\\\/madigroup.com\\\/wp-content\\\/uploads\\\/2021\\\/05\\\/favicon-dark.png\",\"width\":512,\"height\":512,\"caption\":\"Madi Group\"},\"image\":{\"@id\":\"https:\\\/\\\/madigroup.com\\\/#\\\/schema\\\/logo\\\/image\\\/\"},\"sameAs\":[\"https:\\\/\\\/www.facebook.com\\\/Madi.International\\\/\",\"https:\\\/\\\/www.instagram.com\\\/madi_intl\\\/\",\"https:\\\/\\\/www.linkedin.com\\\/company\\\/madi-international\\\/\"]},{\"@type\":\"Person\",\"@id\":\"https:\\\/\\\/madigroup.com\\\/#\\\/schema\\\/person\\\/11a3753e1909bdec36482681711ee73f\",\"name\":\"madi_admin\",\"image\":{\"@type\":\"ImageObject\",\"inLanguage\":\"de\",\"@id\":\"https:\\\/\\\/secure.gravatar.com\\\/avatar\\\/7367d1085462226c651b4faf7cb5d187a43c34bb78e0f7c7fb1a3f1e32cf8b46?s=96&d=mm&r=g\",\"url\":\"https:\\\/\\\/secure.gravatar.com\\\/avatar\\\/7367d1085462226c651b4faf7cb5d187a43c34bb78e0f7c7fb1a3f1e32cf8b46?s=96&d=mm&r=g\",\"contentUrl\":\"https:\\\/\\\/secure.gravatar.com\\\/avatar\\\/7367d1085462226c651b4faf7cb5d187a43c34bb78e0f7c7fb1a3f1e32cf8b46?s=96&d=mm&r=g\",\"caption\":\"madi_admin\"},\"sameAs\":[\"https:\\\/\\\/madigroup.com\"],\"url\":\"https:\\\/\\\/madigroup.com\\\/de\\\/author\\\/madi_admin\\\/\"}]}<\/script>\n<!-- \/ Yoast SEO plugin. -->","yoast_head_json":{"title":"Madi Group - Empowering Beauty, Innovation and Growth","description":"Discover Madi Group\u2019s legacy of innovation in beauty. Explore our dynamic ventures in distribution, retail, education, and manufacturing across the Middle East since 1991.","robots":{"index":"index","follow":"follow","max-snippet":"max-snippet:-1","max-image-preview":"max-image-preview:large","max-video-preview":"max-video-preview:-1"},"canonical":"https:\/\/madigroup.com\/de\/wer-wir-sind\/","og_locale":"de_DE","og_type":"article","og_title":"Madi Group - Empowering Beauty, Innovation and Growth","og_description":"Discover Madi Group\u2019s legacy of innovation in beauty. Explore our dynamic ventures in distribution, retail, education, and manufacturing across the Middle East since 1991.","og_url":"https:\/\/madigroup.com\/de\/wer-wir-sind\/","og_site_name":"MADI Gruppe","article_publisher":"https:\/\/www.facebook.com\/Madi.International\/","article_modified_time":"2024-09-06T03:36:16+00:00","og_image":[{"url":"https:\/\/madigroup.com\/wp-content\/uploads\/2024\/07\/Madi-Group-website-copy.jpg","type":"","width":"","height":""}],"twitter_card":"summary_large_image","twitter_misc":{"Gesch\u00e4tzte Lesezeit":"2\u00a0Minuten"},"schema":{"@context":"https:\/\/schema.org","@graph":[{"@type":"Article","@id":"https:\/\/madigroup.com\/de\/wer-wir-sind\/#article","isPartOf":{"@id":"https:\/\/madigroup.com\/de\/wer-wir-sind\/"},"author":{"name":"madi_admin","@id":"https:\/\/madigroup.com\/#\/schema\/person\/11a3753e1909bdec36482681711ee73f"},"headline":"Wer wir sind","datePublished":"2023-10-23T07:47:03+00:00","dateModified":"2024-09-06T03:36:16+00:00","mainEntityOfPage":{"@id":"https:\/\/madigroup.com\/de\/wer-wir-sind\/"},"wordCount":490,"publisher":{"@id":"https:\/\/madigroup.com\/#organization"},"image":{"@id":"https:\/\/madigroup.com\/de\/wer-wir-sind\/#primaryimage"},"thumbnailUrl":"https:\/\/madigroup.com\/wp-content\/uploads\/2024\/07\/Madi-Group-website-copy.jpg","inLanguage":"de"},{"@type":"WebPage","@id":"https:\/\/madigroup.com\/de\/wer-wir-sind\/","url":"https:\/\/madigroup.com\/de\/wer-wir-sind\/","name":"Madi Group - Empowering Beauty, Innovation and Growth","isPartOf":{"@id":"https:\/\/madigroup.com\/#website"},"primaryImageOfPage":{"@id":"https:\/\/madigroup.com\/de\/wer-wir-sind\/#primaryimage"},"image":{"@id":"https:\/\/madigroup.com\/de\/wer-wir-sind\/#primaryimage"},"thumbnailUrl":"https:\/\/madigroup.com\/wp-content\/uploads\/2024\/07\/Madi-Group-website-copy.jpg","datePublished":"2023-10-23T07:47:03+00:00","dateModified":"2024-09-06T03:36:16+00:00","description":"Discover Madi Group\u2019s legacy of innovation in beauty. Explore our dynamic ventures in distribution, retail, education, and manufacturing across the Middle East since 1991.","breadcrumb":{"@id":"https:\/\/madigroup.com\/de\/wer-wir-sind\/#breadcrumb"},"inLanguage":"de","potentialAction":[{"@type":"ReadAction","target":["https:\/\/madigroup.com\/de\/wer-wir-sind\/"]}]},{"@type":"ImageObject","inLanguage":"de","@id":"https:\/\/madigroup.com\/de\/wer-wir-sind\/#primaryimage","url":"https:\/\/madigroup.com\/wp-content\/uploads\/2024\/07\/Madi-Group-website-copy.jpg","contentUrl":"https:\/\/madigroup.com\/wp-content\/uploads\/2024\/07\/Madi-Group-website-copy.jpg"},{"@type":"BreadcrumbList","@id":"https:\/\/madigroup.com\/de\/wer-wir-sind\/#breadcrumb","itemListElement":[{"@type":"ListItem","position":1,"name":"Home","item":"https:\/\/madigroup.com\/de\/heim\/"},{"@type":"ListItem","position":2,"name":"Wer wir sind"}]},{"@type":"WebSite","@id":"https:\/\/madigroup.com\/#website","url":"https:\/\/madigroup.com\/","name":"https:\/\/madigroup.com\/","description":"Global Distributor of Professional Salon Products | Hair, Skin, and Nail Care Supplies","publisher":{"@id":"https:\/\/madigroup.com\/#organization"},"alternateName":"Madi Group","potentialAction":[{"@type":"SearchAction","target":{"@type":"EntryPoint","urlTemplate":"https:\/\/madigroup.com\/?s={search_term_string}"},"query-input":{"@type":"PropertyValueSpecification","valueRequired":true,"valueName":"search_term_string"}}],"inLanguage":"de"},{"@type":"Organization","@id":"https:\/\/madigroup.com\/#organization","name":"Madi Group","url":"https:\/\/madigroup.com\/","logo":{"@type":"ImageObject","inLanguage":"de","@id":"https:\/\/madigroup.com\/#\/schema\/logo\/image\/","url":"https:\/\/madigroup.com\/wp-content\/uploads\/2021\/05\/favicon-dark.png","contentUrl":"https:\/\/madigroup.com\/wp-content\/uploads\/2021\/05\/favicon-dark.png","width":512,"height":512,"caption":"Madi Group"},"image":{"@id":"https:\/\/madigroup.com\/#\/schema\/logo\/image\/"},"sameAs":["https:\/\/www.facebook.com\/Madi.International\/","https:\/\/www.instagram.com\/madi_intl\/","https:\/\/www.linkedin.com\/company\/madi-international\/"]},{"@type":"Person","@id":"https:\/\/madigroup.com\/#\/schema\/person\/11a3753e1909bdec36482681711ee73f","name":"madi_admin","image":{"@type":"ImageObject","inLanguage":"de","@id":"https:\/\/secure.gravatar.com\/avatar\/7367d1085462226c651b4faf7cb5d187a43c34bb78e0f7c7fb1a3f1e32cf8b46?s=96&d=mm&r=g","url":"https:\/\/secure.gravatar.com\/avatar\/7367d1085462226c651b4faf7cb5d187a43c34bb78e0f7c7fb1a3f1e32cf8b46?s=96&d=mm&r=g","contentUrl":"https:\/\/secure.gravatar.com\/avatar\/7367d1085462226c651b4faf7cb5d187a43c34bb78e0f7c7fb1a3f1e32cf8b46?s=96&d=mm&r=g","caption":"madi_admin"},"sameAs":["https:\/\/madigroup.com"],"url":"https:\/\/madigroup.com\/de\/author\/madi_admin\/"}]}},"_links":{"self":[{"href":"https:\/\/madigroup.com\/de\/wp-json\/wp\/v2\/pages\/10652","targetHints":{"allow":["GET"]}}],"collection":[{"href":"https:\/\/madigroup.com\/de\/wp-json\/wp\/v2\/pages"}],"about":[{"href":"https:\/\/madigroup.com\/de\/wp-json\/wp\/v2\/types\/page"}],"author":[{"embeddable":true,"href":"https:\/\/madigroup.com\/de\/wp-json\/wp\/v2\/users\/1"}],"replies":[{"embeddable":true,"href":"https:\/\/madigroup.com\/de\/wp-json\/wp\/v2\/comments?post=10652"}],"version-history":[{"count":0,"href":"https:\/\/madigroup.com\/de\/wp-json\/wp\/v2\/pages\/10652\/revisions"}],"wp:attachment":[{"href":"https:\/\/madigroup.com\/de\/wp-json\/wp\/v2\/media?parent=10652"}],"curies":[{"name":"wp","href":"https:\/\/api.w.org\/{rel}","templated":true}]}}